{"id":7127,"date":"2024-09-02T03:06:58","date_gmt":"2024-09-02T03:06:58","guid":{"rendered":"https:\/\/rental-car.company\/?page_id=7127"},"modified":"2024-09-02T03:06:58","modified_gmt":"2024-09-02T03:06:58","slug":"unternehmen-sedona","status":"publish","type":"page","link":"https:\/\/rental-car.company\/de\/unternehmen-sedona\/","title":{"rendered":"Unternehmen Sedona: Erkunden Sie die Red Rock City mit Stil"},"content":{"rendered":"<div class=\"wpb-content-wrapper\"><p>Wenn Sie eine Reise nach Arizona planen, sollte Sedona auf Ihrer Liste stehen. Diese Stadt ist bekannt f\u00fcr ihre atemberaubenden roten Felsformationen und malerischen Landschaften und ist ein beliebter Ort f\u00fcr Outdoor-Fans und Naturliebhaber. Und was gibt es Besseres, als mit einem Enterprise Sedona-Mietwagen von rental-car.company all das zu erkunden, was Sedona zu bieten hat? In diesem Artikel gehen wir n\u00e4her darauf ein, was Enterprise Sedona zur ersten Wahl f\u00fcr Reisende in dieser sch\u00f6nen Stadt macht.<\/p>\n<div class=\"vc_row wpb_row vc_row-fluid\"><div class=\"wpb_column vc_column_container vc_col-sm-12\"><div class=\"vc_column-inner\"><div class=\"wpb_wrapper\">\n\t<div class=\"wpb_text_column wpb_content_element\" >\n\t\t<div class=\"wpb_wrapper\">\n\t\t\t<p><script id=\"dchwidget\" src=\"https:\/\/www.discovercars.com\/wg.js\" async=\"\" data-dev-env=\"com\" data-location=\"\" data-lang=\"en\" data-utm-source=\"malina\" data-utm-medium=\"widget\" data-aff-code=\"a_aid\" data-autocomplete=\"on\" data-style-submit-bg-color=\"00A200\" data-style-submit-font-color=\"white\" data-style-form-bg-color=\"FAD130\" data-style-form-font-color=\"333\" data-style-submit-text=\"Search now\"><\/script><\/p>\n\n\t\t<\/div>\n\t<\/div>\n<\/div><\/div><\/div><\/div>\n<p>&nbsp;<\/p>\n<h2>Erleben Sie Enterprise Sedona mit Rental-Car.Company<\/h2>\n<p><img loading=\"lazy\" decoding=\"async\" class=\"alignleft\" src=\"\/wp-content\/uploads\/images\/rent_car_252.png\" alt=\"unternehmen sedona\" width=\"350\" height=\"350\" \/><\/p>\n<p>Wir von Rental-Car.Company wissen, wie wichtig Bequemlichkeit und Komfort sind, wenn es darum geht, ein Auto f\u00fcr Ihre Reisen anzumieten. Aus diesem Grund haben wir uns mit Enterprise zusammengetan, um Ihnen erstklassige Mietwagen in Sedona anbieten zu k\u00f6nnen. Mit unserer benutzerfreundlichen Website und dem einfachen Buchungsprozess k\u00f6nnen Sie ganz einfach ein Enterprise-Fahrzeug mieten, das Ihren Bed\u00fcrfnissen und Ihrem Budget entspricht.<\/p>\n<h3>Mieten Sie Ihr Traumauto mit Rental-Car.Company<\/h3>\n<p>Mit einer umfangreichen Fahrzeugflotte, die von Kleinwagen bis hin zu Luxus-SUVs reicht, hat Rental-Car.Company das perfekte Fahrzeug f\u00fcr Ihre Reise. Und wenn Sie auf der Suche nach etwas ganz Besonderem sind, k\u00f6nnen wir Ihnen dank unserer Partnerschaft mit Enterprise exklusive Modelle wie Cabriolets und Sportwagen anbieten, die Ihre Reise durch Sedona noch unvergesslicher machen werden.<\/p>\n<h3>Die Bequemlichkeit von Abhol- und Bringdiensten<\/h3>\n<p>Wenn man an einen neuen Ort reist, ist Bequemlichkeit der Schl\u00fcssel. Deshalb bieten wir Abhol- und R\u00fcckgabeservices an mehreren Standorten in der ganzen Stadt an, damit Sie Ihre Erkundungstour sofort und unkompliziert beginnen k\u00f6nnen. Mit nur wenigen Klicks auf unserer Website oder \u00fcber unsere mobile App k\u00f6nnen Sie den bequemsten Standort f\u00fcr die Abholung und R\u00fcckgabe Ihres Enterprise Sedona-Mietwagens w\u00e4hlen.<\/p>\n<h3>Unbegrenzte Meilen f\u00fcr ultimative Freiheit<\/h3>\n<p>Wir von Rental-Car.Company m\u00f6chten, dass Sie die Freiheit haben, jeden Winkel von Sedona zu erkunden, ohne sich Gedanken \u00fcber Kilometerbegrenzungen machen zu m\u00fcssen. Deshalb haben alle unsere Enterprise Sedona-Mietwagen eine unbegrenzte Kilometerzahl, so dass Sie ohne zus\u00e4tzliche Kosten so weit fahren k\u00f6nnen, wie es Ihr Herz begehrt.<\/p>\n<h4>Vor- und Nachteile der Anmietung eines Enterprise Sedona Autos<\/h4>\n<p><img loading=\"lazy\" decoding=\"async\" class=\"alignright\" src=\"\/wp-content\/uploads\/images\/rent_car_884.png\" alt=\"unternehmen sedona\" width=\"350\" height=\"350\" \/><\/p>\n<p><strong>Vorteile:<\/strong><\/p>\n<ul>\n<li>Gro\u00dfe Auswahl an Fahrzeugen zur Auswahl<\/li>\n<li>Bequeme Abhol- und Bringservices an mehreren Standorten<\/li>\n<li>Keine Kilometerbegrenzung f\u00fcr unbegrenzte Erkundung<\/li>\n<li>Erschwingliche Preise f\u00fcr alle Budgets<\/li>\n<li>Erstklassiger Kundenservice sowohl von Rental-Car.Company als auch von Enterprise<\/li>\n<\/ul>\n<p><strong>Nachteile:<\/strong><\/p>\n<ul>\n<li>Die Mietgeb\u00fchren k\u00f6nnen je nach Saison und Verf\u00fcgbarkeit der Fahrzeuge variieren.<\/li>\n<li>Wenn Sie sich in der Stadt nicht auskennen, kann es schwierig sein, sich in einigen Bereichen zurechtzufinden.<\/li>\n<p>  <\n<\/p>\n<\/div>","protected":false},"excerpt":{"rendered":"<p>If you&#8217;re planning a trip to Arizona, one destination that should be on your list is Sedona. Known for its stunning red rock formations and scenic landscapes, this city is a popular spot for outdoor enthusiasts and nature lovers. And what better way to explore all that Sedona has to offer than with an Enterprise [&hellip;]<\/p>\n","protected":false},"author":1,"featured_media":3758,"parent":0,"menu_order":0,"comment_status":"closed","ping_status":"closed","template":"","meta":{"rs_blank_template":"","rs_page_bg_color":"","slide_template_v7":"","footnotes":""},"categories":[1],"tags":[],"class_list":["post-7127","page","type-page","status-publish","has-post-thumbnail","hentry","category-blog"],"_links":{"self":[{"href":"https:\/\/rental-car.company\/de\/wp-json\/wp\/v2\/pages\/7127","targetHints":{"allow":["GET"]}}],"collection":[{"href":"https:\/\/rental-car.company\/de\/wp-json\/wp\/v2\/pages"}],"about":[{"href":"https:\/\/rental-car.company\/de\/wp-json\/wp\/v2\/types\/page"}],"author":[{"embeddable":true,"href":"https:\/\/rental-car.company\/de\/wp-json\/wp\/v2\/users\/1"}],"replies":[{"embeddable":true,"href":"https:\/\/rental-car.company\/de\/wp-json\/wp\/v2\/comments?post=7127"}],"version-history":[{"count":0,"href":"https:\/\/rental-car.company\/de\/wp-json\/wp\/v2\/pages\/7127\/revisions"}],"wp:featuredmedia":[{"embeddable":true,"href":"https:\/\/rental-car.company\/de\/wp-json\/wp\/v2\/media\/3758"}],"wp:attachment":[{"href":"https:\/\/rental-car.company\/de\/wp-json\/wp\/v2\/media?parent=7127"}],"wp:term":[{"taxonomy":"category","embeddable":true,"href":"https:\/\/rental-car.company\/de\/wp-json\/wp\/v2\/categories?post=7127"},{"taxonomy":"post_tag","embeddable":true,"href":"https:\/\/rental-car.company\/de\/wp-json\/wp\/v2\/tags?post=7127"}],"curies":[{"name":"wp","href":"https:\/\/api.w.org\/{rel}","templated":true}]}}