{"id":7268,"date":"2024-09-03T12:06:31","date_gmt":"2024-09-03T12:06:31","guid":{"rendered":"https:\/\/rental-car.company\/?page_id=7268"},"modified":"2024-09-03T12:06:31","modified_gmt":"2024-09-03T12:06:31","slug":"fayetteville-autovermietung","status":"publish","type":"page","link":"https:\/\/rental-car.company\/de\/fayetteville-autovermietung\/","title":{"rendered":"Fayetteville Autovermietung: Der beste Weg, um die Stadt zu erkunden"},"content":{"rendered":"<div class=\"wpb-content-wrapper\"><h2>Fayetteville Autovermietung: Der Schl\u00fcssel zu einer unvergesslichen Reise<\/h2>\n<p>Wenn Sie eine Reise nach Fayetteville, North Carolina, planen, ist eine der wichtigsten Entscheidungen, die Sie treffen m\u00fcssen, wie Sie sich in der Stadt fortbewegen werden. \u00d6ffentliche Verkehrsmittel scheinen zwar eine bequeme Option zu sein, aber sie k\u00f6nnen Ihre Flexibilit\u00e4t einschr\u00e4nken und es schwierig machen, alles zu erkunden, was diese charmante Stadt zu bieten hat. Hier kommt die Autovermietung in Fayetteville ins Spiel.<\/p>\n<div class=\"vc_row wpb_row vc_row-fluid\"><div class=\"wpb_column vc_column_container vc_col-sm-12\"><div class=\"vc_column-inner\"><div class=\"wpb_wrapper\">\n\t<div class=\"wpb_text_column wpb_content_element\" >\n\t\t<div class=\"wpb_wrapper\">\n\t\t\t<p><script id=\"dchwidget\" src=\"https:\/\/www.discovercars.com\/wg.js\" async=\"\" data-dev-env=\"com\" data-location=\"\" data-lang=\"en\" data-utm-source=\"malina\" data-utm-medium=\"widget\" data-aff-code=\"a_aid\" data-autocomplete=\"on\" data-style-submit-bg-color=\"00A200\" data-style-submit-font-color=\"white\" data-style-form-bg-color=\"FAD130\" data-style-form-font-color=\"333\" data-style-submit-text=\"Search now\"><\/script><\/p>\n\n\t\t<\/div>\n\t<\/div>\n<\/div><\/div><\/div><\/div>\n<p>&nbsp;<\/p>\n<h2>Fayetteville Autovermietung entdecken<\/h2>\n<p><img loading=\"lazy\" decoding=\"async\" class=\"alignleft\" src=\"\/wp-content\/uploads\/images\/rent_car_440.png\" alt=\"fayetteville autovermietung\" width=\"350\" height=\"350\" \/><\/p>\n<p>Mit einer Autovermietung in Fayetteville haben Sie die Freiheit und den Komfort, die Stadt in Ihrem eigenen Tempo zu erkunden. Egal, ob Sie gesch\u00e4ftlich oder zum Vergn\u00fcgen unterwegs sind, mit einem Mietwagen k\u00f6nnen Sie ganz einfach durch die Stra\u00dfen von Fayetteville navigieren und versteckte Juwelen entdecken, die vielleicht abseits der ausgetretenen Pfade liegen.<\/p>\n<p>Bei rental-car.company bieten wir Ihnen eine gro\u00dfe Auswahl an Fahrzeugen bew\u00e4hrter Marken wie Hertz, Enterprise und Avis. Von Kleinwagen, die sich perfekt f\u00fcr Alleinreisende oder Paare eignen, bis hin zu ger\u00e4umigen SUVs, die Platz f\u00fcr gr\u00f6\u00dfere Gruppen oder Familien bieten - wir haben f\u00fcr jeden etwas dabei.<\/p>\n<p>Wenn Sie bei uns ein Fahrzeug mieten, k\u00f6nnen Sie zwischen verschiedenen Abholorten in Fayetteville w\u00e4hlen, unter anderem am Flughafen und im Stadtzentrum. Unser einfaches Online-Buchungssystem macht die Reservierung Ihres Fahrzeugs schnell und problemlos.<\/p>\n<h3>Vorteile eines Mietwagens in Fayetteville<\/h3>\n<p>- Flexibilit\u00e4t: Mit einer Autovermietung in Fayetteville haben Sie die Kontrolle \u00fcber Ihre Reiseroute. Sie k\u00f6nnen Ihre eigenen Routen planen und anhalten, wann und wo immer Sie wollen, ohne an die Fahrpl\u00e4ne der \u00f6ffentlichen Verkehrsmittel gebunden zu sein.<br \/>\n- Bequemlichkeit: Ein Mietwagen bedeutet, dass Sie nicht auf Taxis oder Mitfahrgelegenheiten angewiesen sind, die teuer und zeitaufw\u00e4ndig sein k\u00f6nnen.<br \/>\n- Kosteng\u00fcnstig: Wenn Sie ein Auto mieten, k\u00f6nnen Sie im Vergleich zu anderen Verkehrsmitteln tats\u00e4chlich Geld sparen. Und unsere wettbewerbsf\u00e4higen Preise und verschiedenen Rabatte machen es noch erschwinglicher.<br \/>\n- Komfort: Wenn Sie eine neue Stadt erkunden, ist Komfort das A und O. Mit Ihrem eigenen Mietwagen k\u00f6nnen Sie eine bequeme Fahrt genie\u00dfen, ohne sich Gedanken \u00fcber \u00fcberf\u00fcllte \u00f6ffentliche Verkehrsmittel machen zu m\u00fcssen.<br \/>\n- Erreichbarkeit: Mit einem Auto k\u00f6nnen Sie alle Bereiche von Fayetteville leicht erreichen, einschlie\u00dflich Attraktionen, die mit anderen Mitteln nicht so leicht zu erreichen sind.<\/p>\n<h3>Nachteile einer Autovermietung in Fayetteville<\/h3>\n<p>- Zus\u00e4tzliche Kosten: Achten Sie bei der Anmietung eines Autos auf eventuelle Zusatzkosten wie Versicherung oder Benzinkosten. Lesen Sie den Mietvertrag sorgf\u00e4ltig durch, bevor Sie ihn unterschreiben.<br \/>\n- Einschr\u00e4nkungen beim Parken: Je nachdem, wo Sie in Fayetteville \u00fcbernachten, kann das Parken begrenzt oder teuer sein. Informieren Sie sich im Voraus \u00fcber die Parkm\u00f6glichkeiten.<\/p>\n<h4>Pro \/ Kontra<\/h4>\n<p>Vorteile:<br \/>\n- Flexibilit\u00e4t<br \/>\n- Bequemlichkeit<br \/>\n- Kosteng\u00fcnstig<br \/>\n- Komfort<br \/>\n- Zug\u00e4nglichkeit<\/p>\n<p>Nachteile:<br \/>\n- Zus\u00e4tzliche Kosten<br \/>\n- Einschr\u00e4nkungen beim Parken<\/p>\n<h4>H\u00e4ufig gestellte Fragen (FAQ)<\/h4>\n<p><img loading=\"lazy\" decoding=\"async\" class=\"alignright\" src=\"\/wp-content\/uploads\/images\/rent_car_1137.png\" alt=\"fayetteville autovermietung\" width=\"350\" height=\"350\" \/><\/p>\n<p>F: Brauche ich einen internationalen F\u00fchrerschein, um in Fayetteville ein Auto zu mieten?<br \/>\nA: Nein, solange Ihr F\u00fchrerschein g\u00fcltig und in englischer Sprache ist, brauchen Sie keinen internationalen F\u00fchrerschein, um in Fayetteville ein Auto zu mieten.<\/p>\n<p>F: Kann ich einen zus\u00e4tzlichen Fahrer zu meinem Mietvertrag hinzuf\u00fcgen?<br \/>\nA: Ja, die meisten Autovermietungen erlauben zus\u00e4tzliche Fahrer gegen eine zus\u00e4tzliche Geb\u00fchr. Erkundigen Sie sich bei dem jeweiligen Unternehmen nach dessen Richtlinien und Geb\u00fchren.<\/p>\n<p>F: Was passiert, wenn ich mit meinem Mietwagen einen Unfall habe?<br \/>\nA: Wenn Sie eine Versicherung \u00fcber den Autovermieter abgeschlossen haben, wird dieser die Situation gem\u00e4\u00df seinen Richtlinien behandeln. Wenn nicht, sollte Ihre pers\u00f6nliche Versicherung alle Sch\u00e4den oder Verletzungen abdecken.<\/p>\n<p>F: Gibt es irgendwelche Altersbeschr\u00e4nkungen f\u00fcr die Anmietung eines Autos in Fayetteville?<br \/>\nA: Die meisten Autovermietungen verlangen, dass die Fahrer mindestens 21 Jahre alt sind, wobei f\u00fcr Fahrer unter 25 Jahren zus\u00e4tzliche Geb\u00fchren anfallen. Erkundigen Sie sich bei der jeweiligen Firma nach deren Richtlinien.<\/p>\n<p>Zusammenfassend l\u00e4sst sich sagen, dass eine Autovermietung in Fayetteville der beste Weg ist, diese charmante Stadt zu erkunden. Mit seinen zahlreichen Vorteilen wie Flexibilit\u00e4t, Bequemlichkeit und Kosteneffizienz ist es kein Wunder, dass sich immer mehr Besucher w\u00e4hrend ihrer Reise f\u00fcr einen Mietwagen entscheiden. Bei rental-car.company machen wir es Ihnen leicht, das perfekte Fahrzeug f\u00fcr Ihre Bed\u00fcrfnisse zu einem g\u00fcnstigen Preis zu finden. Buchen Sie noch heute Ihren Mietwagen in Fayetteville und machen Sie sich bereit f\u00fcr eine unvergessliche Reise in Fayetteville!<\/p>\n<\/div>","protected":false},"excerpt":{"rendered":"<p>Fayetteville Car Hire: The Key to a Memorable Trip When planning a trip to Fayetteville, North Carolina, one of the most important decisions you&#8217;ll have to make is how you&#8217;ll get around the city. While public transportation may seem like a convenient option, it can limit your flexibility and make it difficult to fully explore [&hellip;]<\/p>\n","protected":false},"author":1,"featured_media":6937,"parent":0,"menu_order":0,"comment_status":"closed","ping_status":"closed","template":"","meta":{"rs_blank_template":"","rs_page_bg_color":"","slide_template_v7":"","footnotes":""},"categories":[1],"tags":[],"class_list":["post-7268","page","type-page","status-publish","has-post-thumbnail","hentry","category-blog"],"_links":{"self":[{"href":"https:\/\/rental-car.company\/de\/wp-json\/wp\/v2\/pages\/7268","targetHints":{"allow":["GET"]}}],"collection":[{"href":"https:\/\/rental-car.company\/de\/wp-json\/wp\/v2\/pages"}],"about":[{"href":"https:\/\/rental-car.company\/de\/wp-json\/wp\/v2\/types\/page"}],"author":[{"embeddable":true,"href":"https:\/\/rental-car.company\/de\/wp-json\/wp\/v2\/users\/1"}],"replies":[{"embeddable":true,"href":"https:\/\/rental-car.company\/de\/wp-json\/wp\/v2\/comments?post=7268"}],"version-history":[{"count":0,"href":"https:\/\/rental-car.company\/de\/wp-json\/wp\/v2\/pages\/7268\/revisions"}],"wp:featuredmedia":[{"embeddable":true,"href":"https:\/\/rental-car.company\/de\/wp-json\/wp\/v2\/media\/6937"}],"wp:attachment":[{"href":"https:\/\/rental-car.company\/de\/wp-json\/wp\/v2\/media?parent=7268"}],"wp:term":[{"taxonomy":"category","embeddable":true,"href":"https:\/\/rental-car.company\/de\/wp-json\/wp\/v2\/categories?post=7268"},{"taxonomy":"post_tag","embeddable":true,"href":"https:\/\/rental-car.company\/de\/wp-json\/wp\/v2\/tags?post=7268"}],"curies":[{"name":"wp","href":"https:\/\/api.w.org\/{rel}","templated":true}]}}