{"id":7324,"date":"2024-09-04T08:05:45","date_gmt":"2024-09-04T08:05:45","guid":{"rendered":"https:\/\/rental-car.company\/?page_id=7324"},"modified":"2024-09-04T08:05:45","modified_gmt":"2024-09-04T08:05:45","slug":"buffalo-flughafen-mietwagen","status":"publish","type":"page","link":"https:\/\/rental-car.company\/de\/buffalo-flughafen-mietwagen\/","title":{"rendered":"Buffalo Flughafen Mietwagen - Ihr Leitfaden f\u00fcr die Anmietung eines Fahrzeugs am BUF Flughafen"},"content":{"rendered":"<div class=\"wpb-content-wrapper\"><div class=\"vc_row wpb_row vc_row-fluid\"><div class=\"wpb_column vc_column_container vc_col-sm-12\"><div class=\"vc_column-inner\"><div class=\"wpb_wrapper\">\n\t<div class=\"wpb_text_column wpb_content_element\" >\n\t\t<div class=\"wpb_wrapper\">\n\t\t\t<p><script id=\"dchwidget\" src=\"https:\/\/www.discovercars.com\/wg.js\" async=\"\" data-dev-env=\"com\" data-location=\"\" data-lang=\"en\" data-utm-source=\"malina\" data-utm-medium=\"widget\" data-aff-code=\"a_aid\" data-autocomplete=\"on\" data-style-submit-bg-color=\"00A200\" data-style-submit-font-color=\"white\" data-style-form-bg-color=\"FAD130\" data-style-form-font-color=\"333\" data-style-submit-text=\"Search now\"><\/script><\/p>\n\n\t\t<\/div>\n\t<\/div>\n<\/div><\/div><\/div><\/div>\n<p>&nbsp;<\/p>\n<h2>Erkunden Sie Buffalo mit Leichtigkeit: Mietwagen am Flughafen Buffalo<\/h2>\n<p><img loading=\"lazy\" decoding=\"async\" class=\"alignleft\" src=\"\/wp-content\/uploads\/images\/rent_car_943.png\" alt=\"buffalo flughafen mietwagen\" width=\"350\" height=\"350\" \/><\/p>\n<p>Wenn Sie eine Reise nach Buffalo, New York, planen, sollte eines der ersten Dinge auf Ihrer Checkliste die Sicherung eines zuverl\u00e4ssigen Transportmittels sein. Es gibt zwar verschiedene M\u00f6glichkeiten, sich in der Stadt fortzubewegen, aber die Anmietung eines Autos am Buffalo Niagara International Airport (BUF) ist oft die bequemste und effizienteste Wahl. In diesem Leitfaden erfahren Sie alles, was Sie \u00fcber die Anmietung eines Fahrzeugs am Flughafen BUF wissen m\u00fcssen.<\/p>\n<h3>Warum sollten Sie sich f\u00fcr einen Mietwagen am Flughafen Buffalo entscheiden?<\/h3>\n<p>Als einer der verkehrsreichsten Flugh\u00e4fen im Bundesstaat New York bietet BUF eine Reihe von Mietwagenfirmen, die bequem im Flughafenterminal zu finden sind. Das bedeutet, dass Sie Ihren Mietwagen gleich nach der Landung abholen und ohne Verz\u00f6gerung alles erkunden k\u00f6nnen, was Buffalo zu bieten hat.<\/p>\n<p>Zu den beliebtesten Autovermietungen am BUF geh\u00f6ren Avis, Budget, Enterprise, Hertz, National und Thrifty. Jedes Unternehmen bietet eine gro\u00dfe Auswahl an Fahrzeugen an, die von Kleinwagen bis hin zu Luxus-SUVs reichen, um Ihren speziellen Bed\u00fcrfnissen gerecht zu werden.<\/p>\n<h3>Die Vor- und Nachteile einer Autovermietung am Flughafen Buffalo<\/h3>\n<p>Die Anmietung eines Autos am Flughafen BUFF hat mehrere Vorteile:<\/p>\n<p>- Bequemlichkeit: Wie bereits erw\u00e4hnt, ist der Zugang zu mehreren Autovermietungen innerhalb des Flughafens f\u00fcr die Reisenden unglaublich bequem.<br \/>\n- Flexibilit\u00e4t: Mit Ihrem eigenen Mietwagen haben Sie die volle Kontrolle \u00fcber Ihre Reiseroute und k\u00f6nnen problemlos verschiedene Gebiete in Buffalo bereisen, ohne sich um die Fahrpl\u00e4ne der \u00f6ffentlichen Verkehrsmittel k\u00fcmmern zu m\u00fcssen.<br \/>\n- Zeitersparnis: Wenn Sie ein Auto mieten, m\u00fcssen Sie nicht in langen Schlangen auf Taxis oder Mitfahrgelegenheiten warten.<br \/>\n- Kosteng\u00fcnstig: Je nachdem, wie lange Sie in Buffalo bleiben und wie viele Sehensw\u00fcrdigkeiten Sie au\u00dferhalb des Stadtzentrums besichtigen m\u00f6chten, kann es g\u00fcnstiger sein, ein Auto zu mieten als andere Verkehrsmittel zu benutzen.<\/p>\n<p>Allerdings gibt es auch einige Nachteile zu beachten:<\/p>\n<p>- Zus\u00e4tzliche Geb\u00fchren: Einige Autovermietungen k\u00f6nnen zus\u00e4tzliche Geb\u00fchren f\u00fcr die \u00dcbernahme oder Abgabe des Fahrzeugs am Flughafen verlangen.<br \/>\n- Parken kostet: Wenn Sie in der Innenstadt von Buffalo \u00fcbernachten m\u00f6chten, sollten Sie wissen, dass das Parken teuer sein kann. Informieren Sie sich im Voraus \u00fcber die Parkm\u00f6glichkeiten und -kosten.<br \/>\n- Verkehr: Wie in jeder gr\u00f6\u00dferen Stadt kann der Verkehr w\u00e4hrend der Hauptverkehrszeiten sehr stark sein, daher sollten Sie Ihre Route entsprechend planen.<\/p>\n<h3>H\u00e4ufig gestellte Fragen<\/h3>\n<h4>Wie alt muss ich sein, um in Buffalo Flughafen ein Auto zu mieten?<\/h4>\n<p>Bei den meisten Autovermietungen m\u00fcssen die Fahrer mindestens 21 Jahre alt sein, bei einigen ist jedoch ein Mindestalter von 25 Jahren vorgeschrieben. Au\u00dferdem m\u00fcssen Fahrer unter 25 Jahren unter Umst\u00e4nden einen Zuschlag f\u00fcr junge Fahrer zahlen.<\/p>\n<h4>Brauche ich eine Versicherung, wenn ich am Flughafen BUF ein Auto miete?<\/h4>\n<p>Es wird empfohlen, bei der Anmietung eines Autos eine Versicherung abzuschlie\u00dfen. Die meisten Autovermietungen bieten eigene Versicherungsoptionen an, aber Sie k\u00f6nnen auch Ihre pers\u00f6nliche Autoversicherung oder die Leistungen Ihrer Kreditkarte nutzen, wenn diese Mietwagen abdeckt.<\/p>\n<h4>Kann ich meinen Mietwagen au\u00dferhalb der Gesch\u00e4ftszeiten zur\u00fcckgeben?<\/h4>\n<p><img loading=\"lazy\" decoding=\"async\" class=\"alignright\" src=\"\/wp-content\/uploads\/images\/rent_car_666.png\" alt=\"buffalo flughafen mietwagen\" width=\"350\" height=\"350\" \/><\/p>\n<p>Ja, viele Autovermietungen am Flughafen BUF bieten f\u00fcr zus\u00e4tzlichen Komfort einen R\u00fcckgabeservice nach Gesch\u00e4ftsschluss an. Erkundigen Sie sich bei der von Ihnen gew\u00e4hlten Firma nach deren spezifischen Richtlinien und Verfahren.<\/p>\n<p>Zusammenfassend l\u00e4sst sich sagen, dass die Anmietung eines Fahrzeugs am Buffalo Niagara International Airport eine hervorragende Option f\u00fcr Reisende ist, die w\u00e4hrend ihres Aufenthalts in Buffalo Komfort und Flexibilit\u00e4t suchen. Mit mehreren seri\u00f6sen Unternehmen und verschiedenen Fahrzeugoptionen, die direkt im Flughafenterminal zur Verf\u00fcgung stehen, war es noch nie so einfach, die Stadt zu erkunden. Wenn Sie also das n\u00e4chste Mal Buffalo besuchen, denken Sie daran, Ihren Mietwagen am Flughafen Buffalo im Voraus zu buchen, und genie\u00dfen Sie es, alles zu erkunden, was diese pulsierende Stadt zu bieten hat!<\/p>\n<\/div>","protected":false},"excerpt":{"rendered":"<p>&nbsp; Explore Buffalo with Ease: Buffalo Airport Rental Car When planning a trip to Buffalo, New York, one of the first things on your checklist should be securing reliable transportation. While there are various options for getting around the city, renting a car from Buffalo Niagara International Airport (BUF) is often the most convenient and [&hellip;]<\/p>\n","protected":false},"author":1,"featured_media":3916,"parent":0,"menu_order":0,"comment_status":"closed","ping_status":"closed","template":"","meta":{"rs_blank_template":"","rs_page_bg_color":"","slide_template_v7":"","footnotes":""},"categories":[1],"tags":[],"class_list":["post-7324","page","type-page","status-publish","has-post-thumbnail","hentry","category-blog"],"_links":{"self":[{"href":"https:\/\/rental-car.company\/de\/wp-json\/wp\/v2\/pages\/7324","targetHints":{"allow":["GET"]}}],"collection":[{"href":"https:\/\/rental-car.company\/de\/wp-json\/wp\/v2\/pages"}],"about":[{"href":"https:\/\/rental-car.company\/de\/wp-json\/wp\/v2\/types\/page"}],"author":[{"embeddable":true,"href":"https:\/\/rental-car.company\/de\/wp-json\/wp\/v2\/users\/1"}],"replies":[{"embeddable":true,"href":"https:\/\/rental-car.company\/de\/wp-json\/wp\/v2\/comments?post=7324"}],"version-history":[{"count":0,"href":"https:\/\/rental-car.company\/de\/wp-json\/wp\/v2\/pages\/7324\/revisions"}],"wp:featuredmedia":[{"embeddable":true,"href":"https:\/\/rental-car.company\/de\/wp-json\/wp\/v2\/media\/3916"}],"wp:attachment":[{"href":"https:\/\/rental-car.company\/de\/wp-json\/wp\/v2\/media?parent=7324"}],"wp:term":[{"taxonomy":"category","embeddable":true,"href":"https:\/\/rental-car.company\/de\/wp-json\/wp\/v2\/categories?post=7324"},{"taxonomy":"post_tag","embeddable":true,"href":"https:\/\/rental-car.company\/de\/wp-json\/wp\/v2\/tags?post=7324"}],"curies":[{"name":"wp","href":"https:\/\/api.w.org\/{rel}","templated":true}]}}