{"id":7344,"date":"2024-09-04T13:09:01","date_gmt":"2024-09-04T13:09:01","guid":{"rendered":"https:\/\/rental-car.company\/?page_id=7344"},"modified":"2024-09-04T13:09:01","modified_gmt":"2024-09-04T13:09:01","slug":"kaution-fur-mietauto","status":"publish","type":"page","link":"https:\/\/rental-car.company\/de\/kaution-fur-mietauto\/","title":{"rendered":"Kaution f\u00fcr Mietwagen - Einf\u00fchrung"},"content":{"rendered":"<div class=\"wpb-content-wrapper\"><p>Wenn Sie planen, f\u00fcr Ihre bevorstehende Reise ein Auto zu mieten, sind Sie vielleicht schon auf den Begriff \"Kaution f\u00fcr Mietwagen\" gesto\u00dfen. Dies ist eine g\u00e4ngige Praxis in der Autovermietungsbranche, bei der die Kunden eine Kaution hinterlegen m\u00fcssen, bevor sie mit dem gew\u00e4hlten Mietwagen losfahren k\u00f6nnen. Auch wenn manche Leute dies als unn\u00f6tige Ausgabe betrachten, hat die Hinterlegung einer Kaution f\u00fcr einen Mietwagen tats\u00e4chlich mehrere Vorteile.<\/p>\n<h2>Die Bedeutung der Kaution f\u00fcr Mietwagen<\/h2>\n<p>Eine Kaution f\u00fcr einen Mietwagen ist im Wesentlichen eine Sicherheitsma\u00dfnahme, mit der der Vermieter sicherstellen will, dass das Fahrzeug in gutem Zustand zur\u00fcckgegeben wird. Sie dient auch als Versicherung im Falle von Sch\u00e4den oder Unf\u00e4llen, die w\u00e4hrend der Mietzeit auftreten k\u00f6nnen. Die meisten seri\u00f6sen und etablierten Autovermietungen verlangen von ihren Kunden eine Kaution, bevor sie eines ihrer Fahrzeuge mieten k\u00f6nnen.<\/p>\n<div class=\"vc_row wpb_row vc_row-fluid\"><div class=\"wpb_column vc_column_container vc_col-sm-12\"><div class=\"vc_column-inner\"><div class=\"wpb_wrapper\">\n\t<div class=\"wpb_text_column wpb_content_element\" >\n\t\t<div class=\"wpb_wrapper\">\n\t\t\t<p><script id=\"dchwidget\" src=\"https:\/\/www.discovercars.com\/wg.js\" async=\"\" data-dev-env=\"com\" data-location=\"\" data-lang=\"en\" data-utm-source=\"malina\" data-utm-medium=\"widget\" data-aff-code=\"a_aid\" data-autocomplete=\"on\" data-style-submit-bg-color=\"00A200\" data-style-submit-font-color=\"white\" data-style-form-bg-color=\"FAD130\" data-style-form-font-color=\"333\" data-style-submit-text=\"Search now\"><\/script><\/p>\n\n\t\t<\/div>\n\t<\/div>\n<\/div><\/div><\/div><\/div>\n<p>&nbsp;<\/p>\n<h2>Discover Kaution f\u00fcr Mietwagen<\/h2>\n<p><img loading=\"lazy\" decoding=\"async\" class=\"alignleft\" src=\"\/wp-content\/uploads\/images\/rent_car_838.png\" alt=\"Kaution f\u00fcr Mietauto\" width=\"350\" height=\"350\" \/><\/p>\n<p>Die H\u00f6he der Kaution, die von den einzelnen Autovermietungen verlangt wird, ist unterschiedlich, liegt aber in der Regel zwischen $200 und $500. Der genaue Betrag h\u00e4ngt von Faktoren wie der Art des angemieteten Fahrzeugs, der Dauer der Anmietung und der Frage ab, ob eine zus\u00e4tzliche Versicherung abgeschlossen wurde.<\/p>\n<p>Ein gro\u00dfer Vorteil einer Kaution f\u00fcr Ihren Mietwagen ist die Gewissheit, dass Sie bei Unf\u00e4llen oder Sch\u00e4den w\u00e4hrend Ihrer Reise nicht finanziell zur Verantwortung gezogen werden. Wenn Sie also in einen Unfall verwickelt werden oder einen Schaden am Fahrzeug verursachen, m\u00fcssen Sie nicht aus eigener Tasche zahlen, da die Kaution die Kosten abdeckt.<\/p>\n<h3>Pro \/ Kontra<\/h3>\n<p>Es gibt sowohl Vor- als auch Nachteile, wenn Sie eine Kaution f\u00fcr Ihren Mietwagen hinterlegen. Einige m\u00f6gliche Vorteile sind:<\/p>\n<p>- Schutz vor unerwarteten Ausgaben: Wie bereits erw\u00e4hnt, bedeutet eine Kaution, dass Sie sich keine Sorgen machen m\u00fcssen, dass Sie aus der Tasche zahlen m\u00fcssen, wenn etwas mit dem Mietwagen passiert.<br \/>\n- Mehr Optionen f\u00fcr Fahrzeuge: Manche Autovermietungen verlangen f\u00fcr teurere oder luxuri\u00f6se Fahrzeuge eine h\u00f6here Kaution, aber das bedeutet auch, dass Sie aus einer gr\u00f6\u00dferen Auswahl an Fahrzeugen w\u00e4hlen k\u00f6nnen.<br \/>\n- Schafft Vertrauen bei der Vermietungsfirma: Die Zahlung einer Kaution zeigt, dass Sie ein verantwortungsbewusster und vertrauensw\u00fcrdiger Kunde sind, was zu einem besseren Service und m\u00f6glicherweise sogar zu Rabatten in der Zukunft f\u00fchren kann.<\/p>\n<p>Auf der anderen Seite gibt es einige m\u00f6gliche Nachteile, die mit einer Kaution f\u00fcr Ihren Mietwagen verbunden sind:<\/p>\n<p>- Sie binden Ihr Geld: Die geforderte Kaution kann recht hoch sein, vor allem, wenn Sie \u00fcber ein knappes Budget verf\u00fcgen. Das bedeutet, dass Ihr Geld gebunden ist, bis Sie das Fahrzeug zur\u00fcckgeben und Ihre Kaution zur\u00fcckbekommen.<br \/>\n- Zus\u00e4tzliche Geb\u00fchren: Manche Autovermietungen erheben zus\u00e4tzlich zur Kaution eine weitere Geb\u00fchr. Lesen Sie alle Bedingungen und Konditionen sorgf\u00e4ltig durch, bevor Sie Zahlungen leisten.<\/p>\n<h3>FAQ<\/h3>\n<p><img loading=\"lazy\" decoding=\"async\" class=\"alignright\" src=\"\/wp-content\/uploads\/images\/rent_car_1195.png\" alt=\"Kaution f\u00fcr Mietauto\" width=\"350\" height=\"350\" \/><\/p>\n<p>Hier finden Sie einige h\u00e4ufig gestellte Fragen zu Kautionen f\u00fcr Mietautos:<\/p>\n<p>F: Wie zahle ich meine Kaution?<br \/>\nA: Die meisten Unternehmen akzeptieren Kreditkartenzahlungen oder Bargeld als Kaution. Erkundigen Sie sich bei Ihrem Vermieter nach den akzeptierten Zahlungsarten.<\/p>\n<p>F: Wann bekomme ich meine Kaution zur\u00fcck?<br \/>\nA: Ihre Kaution wird normalerweise zur\u00fcckerstattet, wenn Sie das Fahrzeug am Ende Ihrer Reise in gutem Zustand zur\u00fcckgeben. Es kann jedoch einige Tage dauern, bis der Betrag auf Ihrem Konto erscheint.<\/p>\n<p>F: Kann ich meine eigene Versicherung nutzen, anstatt eine Kaution zu zahlen?<br \/>\nA: Das h\u00e4ngt von den spezifischen Richtlinien der einzelnen Autovermietungen ab. Einige erlauben Ihnen, Ihre eigene Versicherung als Alternative zur Kaution zu verwenden, w\u00e4hrend andere beides verlangen k\u00f6nnen.<\/p>\n<p>Zusammenfassend l\u00e4sst sich sagen, dass die Hinterlegung einer Kaution f\u00fcr Ihren Mietwagen zwar wie eine zus\u00e4tzliche Ausgabe erscheinen mag, in Wirklichkeit aber viele Vorteile bietet, wie z. B. Schutz vor unerwarteten Ausgaben und Aufbau von Vertrauen in den Vermieter. Achten Sie darauf, dass Sie alle Bedingungen und Konditionen sorgf\u00e4ltig durchlesen, bevor Sie eine Zahlung leisten, um eine reibungslose und problemlose Anmietung zu gew\u00e4hrleisten.<\/p>\n<\/div>","protected":false},"excerpt":{"rendered":"<p>If you&#8217;re planning on renting a car for your upcoming trip, you may have come across the term &#8220;deposit for rental car&#8221;. This is a common practice in the car rental industry where customers are required to make a deposit before they can drive off with their chosen rental car. While some people may see [&hellip;]<\/p>\n","protected":false},"author":1,"featured_media":2938,"parent":0,"menu_order":0,"comment_status":"closed","ping_status":"closed","template":"","meta":{"rs_blank_template":"","rs_page_bg_color":"","slide_template_v7":"","footnotes":""},"categories":[1],"tags":[],"class_list":["post-7344","page","type-page","status-publish","has-post-thumbnail","hentry","category-blog"],"_links":{"self":[{"href":"https:\/\/rental-car.company\/de\/wp-json\/wp\/v2\/pages\/7344","targetHints":{"allow":["GET"]}}],"collection":[{"href":"https:\/\/rental-car.company\/de\/wp-json\/wp\/v2\/pages"}],"about":[{"href":"https:\/\/rental-car.company\/de\/wp-json\/wp\/v2\/types\/page"}],"author":[{"embeddable":true,"href":"https:\/\/rental-car.company\/de\/wp-json\/wp\/v2\/users\/1"}],"replies":[{"embeddable":true,"href":"https:\/\/rental-car.company\/de\/wp-json\/wp\/v2\/comments?post=7344"}],"version-history":[{"count":0,"href":"https:\/\/rental-car.company\/de\/wp-json\/wp\/v2\/pages\/7344\/revisions"}],"wp:featuredmedia":[{"embeddable":true,"href":"https:\/\/rental-car.company\/de\/wp-json\/wp\/v2\/media\/2938"}],"wp:attachment":[{"href":"https:\/\/rental-car.company\/de\/wp-json\/wp\/v2\/media?parent=7344"}],"wp:term":[{"taxonomy":"category","embeddable":true,"href":"https:\/\/rental-car.company\/de\/wp-json\/wp\/v2\/categories?post=7344"},{"taxonomy":"post_tag","embeddable":true,"href":"https:\/\/rental-car.company\/de\/wp-json\/wp\/v2\/tags?post=7344"}],"curies":[{"name":"wp","href":"https:\/\/api.w.org\/{rel}","templated":true}]}}