{"id":7411,"date":"2024-09-05T04:06:21","date_gmt":"2024-09-05T04:06:21","guid":{"rendered":"https:\/\/rental-car.company\/?page_id=7411"},"modified":"2024-09-05T04:06:21","modified_gmt":"2024-09-05T04:06:21","slug":"unternehmen-fitchburg","status":"publish","type":"page","link":"https:\/\/rental-car.company\/de\/unternehmen-fitchburg\/","title":{"rendered":"Enterprise Fitchburg: Ihre Autovermietung der ersten Wahl"},"content":{"rendered":"<div class=\"wpb-content-wrapper\"><h2>Die beste Wahl f\u00fcr Ihre n\u00e4chste Reise - Enterprise Fitchburg<\/h2>\n<div class=\"vc_row wpb_row vc_row-fluid\"><div class=\"wpb_column vc_column_container vc_col-sm-12\"><div class=\"vc_column-inner\"><div class=\"wpb_wrapper\">\n\t<div class=\"wpb_text_column wpb_content_element\" >\n\t\t<div class=\"wpb_wrapper\">\n\t\t\t<p><script id=\"dchwidget\" src=\"https:\/\/www.discovercars.com\/wg.js\" async=\"\" data-dev-env=\"com\" data-location=\"\" data-lang=\"en\" data-utm-source=\"malina\" data-utm-medium=\"widget\" data-aff-code=\"a_aid\" data-autocomplete=\"on\" data-style-submit-bg-color=\"00A200\" data-style-submit-font-color=\"white\" data-style-form-bg-color=\"FAD130\" data-style-form-font-color=\"333\" data-style-submit-text=\"Search now\"><\/script><\/p>\n\n\t\t<\/div>\n\t<\/div>\n<\/div><\/div><\/div><\/div>\n<p>&nbsp;<\/p>\n<h2>Unternehmen Fitchburg entdecken<\/h2>\n<p><img loading=\"lazy\" decoding=\"async\" class=\"alignleft\" src=\"\/wp-content\/uploads\/images\/rent_car_835.png\" alt=\"unternehmen fitchburg\" width=\"350\" height=\"350\" \/><\/p>\n<p>Wenn Sie eine Reise nach Fitchburg, Massachusetts, planen, steht die Suche nach einem zuverl\u00e4ssigen Transportmittel wahrscheinlich ganz oben auf Ihrer Liste der zu erledigenden Aufgaben. Bei Enterprise Fitchburg, dem f\u00fchrenden Mietwagenunternehmen in der Region, werden Sie f\u00fcndig.<\/p>\n<p>Mit einer gro\u00dfen Auswahl an Fahrzeugen und einem au\u00dfergew\u00f6hnlichen Kundenservice ist Enterprise Fitchburg bestrebt, Ihre Reise so reibungslos und bequem wie m\u00f6glich zu gestalten. Egal, ob Sie gesch\u00e4ftlich oder privat in der Stadt sind, die umfangreiche Flotte gepflegter Fahrzeuge bietet f\u00fcr jeden etwas.<\/p>\n<h3>Bequeme Standorte<\/h3>\n<p>Einer der gr\u00f6\u00dften Vorteile, wenn Sie sich f\u00fcr Enterprise Fitchburg entscheiden, sind die g\u00fcnstigen Standorte in der Stadt. Mehrere Niederlassungen befinden sich in der N\u00e4he beliebter Touristenattraktionen und wichtiger Verkehrsknotenpunkte, sodass Sie Ihren Mietwagen problemlos abholen oder abgeben k\u00f6nnen.<\/p>\n<p>Die Hauptniederlassung in der 810 Main St. ist nur eine kurze Fahrt von wichtigen Autobahnen wie der I-190 und der Route 12 entfernt und somit von \u00fcberall in der Stadt aus leicht zu erreichen. Au\u00dferdem gibt es weitere Niederlassungen in der Boston Road und der Lunenburg Street, so dass Sie leicht einen Enterprise-Standort in der N\u00e4he Ihres Hotels oder Reiseziels finden k\u00f6nnen.<\/p>\n<h3>Breite Palette von Fahrzeugen<\/h3>\n<p>Bei Enterprise Fitchburg wei\u00df man, dass jeder Reisende andere Bed\u00fcrfnisse hat, wenn es um den Transport geht. Deshalb bieten sie eine gro\u00dfe Auswahl an Fahrzeugen an.<\/p>\n<p>Wenn Sie allein oder mit einer kleinen Gruppe unterwegs sind, entscheiden Sie sich f\u00fcr einen der sparsamen Kleinwagen. F\u00fcr gr\u00f6\u00dfere Gruppen oder Familien mit viel Gep\u00e4ck sind die ger\u00e4umigen SUVs und Minivans die perfekte Wahl. Und wenn Sie Ihre Reise etwas luxuri\u00f6ser gestalten m\u00f6chten, sollten Sie sich die Premium-Auswahl von Marken wie Mercedes-Benz und BMW ansehen.<\/p>\n<h3>Flexible Mietoptionen<\/h3>\n<p>Ganz gleich, ob Sie ein Auto f\u00fcr einen Tag, eine Woche oder l\u00e4nger ben\u00f6tigen, Enterprise Fitchburg bietet flexible Mietoptionen f\u00fcr Ihre Bed\u00fcrfnisse. Sie k\u00f6nnen Ihren Mietwagen im Voraus bezahlen oder sich f\u00fcr die bequeme Option \"Bezahlung bei Abholung\" entscheiden. Dar\u00fcber hinaus bietet Enterprise Fitchburg wettbewerbsf\u00e4hige Tarife und regelm\u00e4\u00dfige Sonderangebote, mit denen Sie bei Ihrer Anmietung Geld sparen k\u00f6nnen.<\/p>\n<h4>Profis<\/h4>\n<ul>\n<li>Bequeme Standorte in ganz Fitchburg<\/li>\n<li>Breite Palette an Fahrzeugen zur Auswahl<\/li>\n<li>Flexible Mietoptionen und wettbewerbsf\u00e4hige Preise<\/li>\n<li>Sonderangebote und Rabatte verf\u00fcgbar<\/li>\n<li>Freundliche und hilfsbereite Kundenbetreuung<\/li>\n<\/ul>\n<h4>Nachteile<\/h4>\n<ul>\n<li>Keine Option f\u00fcr Einwegmieten innerhalb der Stadt Fitchburg (Fahrzeug muss am urspr\u00fcnglichen Abholort zur\u00fcckgegeben werden)<\/li>\n<li>Eingeschr\u00e4nkte \u00d6ffnungszeiten an den Wochenenden (Samstag: 9-12 Uhr; Sonntag: geschlossen)<\/<lil\n\/ul><br \/>\n<h4>H\u00e4ufig gestellte Fragen zu Enterprise Fitchburg:<\/h4>\n<p><img loading=\"lazy\" decoding=\"async\" class=\"alignright\" src=\"\/wp-content\/uploads\/images\/rent_car_1152.png\" alt=\"unternehmen fitchburg\" width=\"350\" height=\"350\" \/><\/p>\n<p><strong>F: Wie alt muss ich sein, um ein Auto bei Enterprise Fitchburg zu mieten?<\/strong><br \/>\nA: Das Mindestalter betr\u00e4gt in der Regel 21 Jahre, kann aber je nach Art des Fahrzeugs, das Sie mieten m\u00f6chten, variieren. F\u00fcr Fahrer unter 25 Jahren k\u00f6nnen zus\u00e4tzliche Geb\u00fchren anfallen.<\/p>\n<p><strong>F: Kann ich einen zus\u00e4tzlichen Fahrer zu meiner Anmietung hinzuf\u00fcgen?<\/strong><br \/>\nA: Ja, Sie k\u00f6nnen zus\u00e4tzliche Fahrer hinzuf\u00fcgen, sofern diese die gleichen Anforderungen wie der Hauptfahrer erf\u00fcllen und zum Zeitpunkt der Abholung anwesend sind.<\/p>\n<p><strong>F: Kann ich \u00c4nderungen vornehmen oder meine Reservierung stornieren?<\/strong><br \/>\nA: Ja, \u00c4nderungen und Stornierungen k\u00f6nnen bis zum Zeitpunkt der Abholung vorgenommen werden. Allerdings k\u00f6nnen je nach Art der \u00c4nderungen und des Zeitpunkts Geb\u00fchren anfallen.<\/p>\n<p><strong>F: Brauche ich eine Versicherung, um ein Auto von Enterprise Fitchburg zu mieten?<\/strong><br \/>\nA: Es ist zwar nicht vorgeschrieben, aber sehr empfehlenswert, dass Sie eine Versicherung f\u00fcr Ihren Mietwagen abschlie\u00dfen. Sie k\u00f6nnen entweder einen optionalen Schutzplan abschlie\u00dfen oder Ihre eigene Versicherung nutzen.<\/p>\n<p>Mit seinen g\u00fcnstigen Standorten, der gro\u00dfen Auswahl an Fahrzeugen und den flexiblen Mietoptionen ist Enterprise Fitchburg die erste Wahl f\u00fcr alle Ihre Transportanforderungen in der Stadt. Warum also warten? Mieten Sie ein Auto bei Enterprise Fitchburg und entdecken Sie alles, was diese charmante Stadt zu bieten hat!<\/p>\n<\/div>","protected":false},"excerpt":{"rendered":"<p>The Best Choice for Your Next Trip &#8211; Enterprise Fitchburg &nbsp; Discover Enterprise Fitchburg If you&#8217;re planning a trip to Fitchburg, Massachusetts, one of the top things on your to-do list is most likely finding reliable transportation. Look no further than Enterprise Fitchburg &#8211; the leading rental car company in the area. With a wide [&hellip;]<\/p>\n","protected":false},"author":1,"featured_media":3032,"parent":0,"menu_order":0,"comment_status":"closed","ping_status":"closed","template":"","meta":{"rs_blank_template":"","rs_page_bg_color":"","slide_template_v7":"","footnotes":""},"categories":[1],"tags":[],"class_list":["post-7411","page","type-page","status-publish","has-post-thumbnail","hentry","category-blog"],"_links":{"self":[{"href":"https:\/\/rental-car.company\/de\/wp-json\/wp\/v2\/pages\/7411","targetHints":{"allow":["GET"]}}],"collection":[{"href":"https:\/\/rental-car.company\/de\/wp-json\/wp\/v2\/pages"}],"about":[{"href":"https:\/\/rental-car.company\/de\/wp-json\/wp\/v2\/types\/page"}],"author":[{"embeddable":true,"href":"https:\/\/rental-car.company\/de\/wp-json\/wp\/v2\/users\/1"}],"replies":[{"embeddable":true,"href":"https:\/\/rental-car.company\/de\/wp-json\/wp\/v2\/comments?post=7411"}],"version-history":[{"count":0,"href":"https:\/\/rental-car.company\/de\/wp-json\/wp\/v2\/pages\/7411\/revisions"}],"wp:featuredmedia":[{"embeddable":true,"href":"https:\/\/rental-car.company\/de\/wp-json\/wp\/v2\/media\/3032"}],"wp:attachment":[{"href":"https:\/\/rental-car.company\/de\/wp-json\/wp\/v2\/media?parent=7411"}],"wp:term":[{"taxonomy":"category","embeddable":true,"href":"https:\/\/rental-car.company\/de\/wp-json\/wp\/v2\/categories?post=7411"},{"taxonomy":"post_tag","embeddable":true,"href":"https:\/\/rental-car.company\/de\/wp-json\/wp\/v2\/tags?post=7411"}],"curies":[{"name":"wp","href":"https:\/\/api.w.org\/{rel}","templated":true}]}}