{"id":7555,"date":"2024-09-06T15:06:10","date_gmt":"2024-09-06T15:06:10","guid":{"rendered":"https:\/\/rental-car.company\/?page_id=7555"},"modified":"2024-09-06T15:06:10","modified_gmt":"2024-09-06T15:06:10","slug":"enterprise-rent-a-car-fotos","status":"publish","type":"page","link":"https:\/\/rental-car.company\/de\/enterprise-rent-a-car-fotos\/","title":{"rendered":"Enterprise Rent-A-Car Fotos - ein Muss f\u00fcr Ihr n\u00e4chstes Mietwagenerlebnis"},"content":{"rendered":"<div class=\"wpb-content-wrapper\"><h2>Erleben Sie das Beste mit Enterprise Rent-A-Car Fotos<\/h2>\n<p>Wenn es darum geht, ein Auto zu mieten, wollen wir alle das bestm\u00f6gliche Erlebnis. Wir wollen ein zuverl\u00e4ssiges und erschwingliches Auto, das uns ohne Probleme an unsere gew\u00fcnschten Ziele bringt. Aber wie k\u00f6nnen wir sicherstellen, dass wir genau das bekommen, was wir wollen? Hier kommen die Fotos von Enterprise Rent-a-Car ins Spiel.<\/p>\n<p>Wir von rental-car.company wissen, wie wichtig visuelle Hilfsmittel bei der Entscheidungsfindung f\u00fcr unsere Reisepl\u00e4ne sind. Deshalb empfehlen wir Ihnen, sich vor der Buchung Ihres n\u00e4chsten Mietwagens die Fotos von enterprise rent-a-car anzusehen. Diese Fotos bieten Ihnen eine genaue Darstellung des Fahrzeugs, das Sie anmieten werden, und geben Ihnen Sicherheit und Vertrauen in Ihre Entscheidung.<\/p>\n<div class=\"vc_row wpb_row vc_row-fluid\"><div class=\"wpb_column vc_column_container vc_col-sm-12\"><div class=\"vc_column-inner\"><div class=\"wpb_wrapper\">\n\t<div class=\"wpb_text_column wpb_content_element\" >\n\t\t<div class=\"wpb_wrapper\">\n\t\t\t<p><script id=\"dchwidget\" src=\"https:\/\/www.discovercars.com\/wg.js\" async=\"\" data-dev-env=\"com\" data-location=\"\" data-lang=\"en\" data-utm-source=\"malina\" data-utm-medium=\"widget\" data-aff-code=\"a_aid\" data-autocomplete=\"on\" data-style-submit-bg-color=\"00A200\" data-style-submit-font-color=\"white\" data-style-form-bg-color=\"FAD130\" data-style-form-font-color=\"333\" data-style-submit-text=\"Search now\"><\/script><\/p>\n\n\t\t<\/div>\n\t<\/div>\n<\/div><\/div><\/div><\/div>\n<p>&nbsp;<\/p>\n<h2>Entdecken Sie Enterprise Rent-A-Car Fotos<\/h2>\n<p><img loading=\"lazy\" decoding=\"async\" class=\"alignleft\" src=\"\/wp-content\/uploads\/images\/rent_car_450.png\" alt=\"enterprise rent-a-car fotos\" width=\"350\" height=\"350\" \/><\/p>\n<p>Enterprise Rent-A-Car ist ein weltweit anerkanntes Unternehmen, das f\u00fcr seinen au\u00dfergew\u00f6hnlichen Service und seine breite Palette an Mietfahrzeugen bekannt ist. Mit \u00fcber 7.800 Standorten weltweit bietet Enterprise Rent-A-Car bequeme Optionen f\u00fcr Kunden, die ein Auto f\u00fcr gesch\u00e4ftliche oder private Zwecke mieten m\u00f6chten.<\/p>\n<p>Die Website bietet eine benutzerfreundliche Oberfl\u00e4che, auf der Sie die verschiedenen Fahrzeugmodelle und -merkmale durchsuchen k\u00f6nnen. Neben detaillierten Beschreibungen und Spezifikationen finden Sie auch hochwertige Fotos von jedem Fahrzeug aus verschiedenen Blickwinkeln. Diese Fotos von Enterprise Rent-a-Car geben Ihnen einen Einblick in das Innere und \u00c4u\u00dfere des Fahrzeugs, so dass Sie eine fundierte Entscheidung auf der Grundlage Ihrer Pr\u00e4ferenzen treffen k\u00f6nnen.<\/p>\n<p>Aber es geht nicht nur darum, zu sehen, wie das Auto aussieht; diese Fotos zeigen auch die gut gewartete Fahrzeugflotte. Sie k\u00f6nnen sehen, wie sauber und gepflegt die Fahrzeuge sind, um sicherzustellen, dass Ihre Anmietung bequem und problemlos ist.<\/p>\n<h3>Die Vorteile der Nutzung von Enterprise Rent-A-Car Fotos<\/h3>\n<p>- Genaue Darstellung: Bei den Fotos von Enterprise Rent-a-Car ist das, was Sie sehen, auch das, was Sie bekommen. Diese Fotos werden von Fachleuten aufgenommen und bieten eine genaue Darstellung des Fahrzeugs, so dass Sie sich bei Ihrer Anmietungsentscheidung sicher sein k\u00f6nnen.<\/p>\n<p>- Seelenfrieden: Wenn Sie das Fahrzeug vorher sehen, k\u00f6nnen Sie sicher sein, dass es Ihren Erwartungen und Bed\u00fcrfnissen entspricht. Dadurch werden m\u00f6gliche \u00dcberraschungen oder Entt\u00e4uschungen bei der Abholung des Fahrzeugs vermieden.<\/p>\n<p>- Einfacher Vergleich: Mit den Fotos von enterprise rent-a-car k\u00f6nnen Sie ganz einfach verschiedene Fahrzeuge und ihre Eigenschaften vergleichen, um das perfekte Fahrzeug f\u00fcr Ihre Reise zu finden. Das spart Zeit und M\u00fche und macht Ihre Anmietung effizienter.<\/p>\n<h3>Die Nachteile der Nutzung von Enterprise Rent-A-Car Fotos<\/h3>\n<p>- Begrenzte Verf\u00fcgbarkeit: Enterprise Rent-a-Car bietet zwar eine breite Palette von Fahrzeugen zur Miete an, aber nicht f\u00fcr alle Modelle sind Fotos auf der Website verf\u00fcgbar. In solchen F\u00e4llen wenden Sie sich am besten direkt an das Unternehmen, um weitere Informationen zu erhalten.<\/p>\n<p>- Beleuchtungsunterschiede: Beachten Sie, dass die Beleuchtung das Aussehen eines Fahrzeugs auf Fotos beeinflussen kann. Das tats\u00e4chliche Auto kann aufgrund von nat\u00fcrlicher Beleuchtung oder Bearbeitungseffekten etwas anders aussehen als auf den Fotos dargestellt.<\/p>\n<h4>FAQ<\/h4>\n<p><img loading=\"lazy\" decoding=\"async\" class=\"alignright\" src=\"\/wp-content\/uploads\/images\/rent_car_1088.png\" alt=\"enterprise rent-a-car fotos\" width=\"350\" height=\"350\" \/><\/p>\n<p>F: Werden diese Fotos regelm\u00e4\u00dfig aktualisiert?<br \/>\nA: Ja, enterprise rent-a-car stellt sicher, dass die Fotos regelm\u00e4\u00dfig aktualisiert werden, um den Kunden eine genaue Darstellung der aktuellen Fahrzeugflotte zu bieten.<\/p>\n<p>F: Kann ich vor der Buchung bestimmte Fotos anfordern?<br \/>\nA: Leider nimmt enterprise rent-a-car keine Anfragen f\u00fcr spezielle Fotos entgegen. Sie bieten jedoch eine Vielzahl von Blickwinkeln und Ansichten f\u00fcr jedes Fahrzeug auf ihrer Website.<\/p>\n<p>F: Wie kann ich sicher sein, dass das Auto, das ich buche, auch so aussieht wie auf dem Foto?<br \/>\nA: Enterprise Rent-A-Car ist stolz darauf, seinen Kunden einen zuverl\u00e4ssigen Service zu bieten und seine Fahrzeuge durch qualitativ hochwertige Fotos genau zu repr\u00e4sentieren. Sie k\u00f6nnen sicher sein, dass das von Ihnen gebuchte Fahrzeug mit seinem Foto \u00fcbereinstimmt.<\/p>\n<p>Wenn Sie eine reibungslose und sorgenfreie Anmietung w\u00fcnschen, sollten Sie sich vor der Buchung Ihres n\u00e4chsten Mietwagens die Fotos von enterprise rent-a-car ansehen. Diese Fotos bieten Ihnen einen Einblick in das Fahrzeug, geben Ihnen Sicherheit bei Ihrer Entscheidung und sorgen daf\u00fcr, dass Sie eine angenehme Reise haben. Vertrauen Sie uns, die Fotos von enterprise rent-a-car sind ein Muss f\u00fcr Ihre n\u00e4chste Mietwagenbuchung.<\/p>\n<\/div>","protected":false},"excerpt":{"rendered":"<p>Experience the Best with Enterprise Rent-A-Car Fotos When it comes to renting a car, we all want the best possible experience. We want a reliable and affordable car that will take us to our desired destinations without any hassle. But how do we ensure that we are getting exactly what we want? This is where [&hellip;]<\/p>\n","protected":false},"author":1,"featured_media":5599,"parent":0,"menu_order":0,"comment_status":"closed","ping_status":"closed","template":"","meta":{"rs_blank_template":"","rs_page_bg_color":"","slide_template_v7":"","footnotes":""},"categories":[1],"tags":[],"class_list":["post-7555","page","type-page","status-publish","has-post-thumbnail","hentry","category-blog"],"_links":{"self":[{"href":"https:\/\/rental-car.company\/de\/wp-json\/wp\/v2\/pages\/7555","targetHints":{"allow":["GET"]}}],"collection":[{"href":"https:\/\/rental-car.company\/de\/wp-json\/wp\/v2\/pages"}],"about":[{"href":"https:\/\/rental-car.company\/de\/wp-json\/wp\/v2\/types\/page"}],"author":[{"embeddable":true,"href":"https:\/\/rental-car.company\/de\/wp-json\/wp\/v2\/users\/1"}],"replies":[{"embeddable":true,"href":"https:\/\/rental-car.company\/de\/wp-json\/wp\/v2\/comments?post=7555"}],"version-history":[{"count":0,"href":"https:\/\/rental-car.company\/de\/wp-json\/wp\/v2\/pages\/7555\/revisions"}],"wp:featuredmedia":[{"embeddable":true,"href":"https:\/\/rental-car.company\/de\/wp-json\/wp\/v2\/media\/5599"}],"wp:attachment":[{"href":"https:\/\/rental-car.company\/de\/wp-json\/wp\/v2\/media?parent=7555"}],"wp:term":[{"taxonomy":"category","embeddable":true,"href":"https:\/\/rental-car.company\/de\/wp-json\/wp\/v2\/categories?post=7555"},{"taxonomy":"post_tag","embeddable":true,"href":"https:\/\/rental-car.company\/de\/wp-json\/wp\/v2\/tags?post=7555"}],"curies":[{"name":"wp","href":"https:\/\/api.w.org\/{rel}","templated":true}]}}