{"id":7781,"date":"2024-09-09T05:05:32","date_gmt":"2024-09-09T05:05:32","guid":{"rendered":"https:\/\/rental-car.company\/?page_id=7781"},"modified":"2024-09-09T05:05:32","modified_gmt":"2024-09-09T05:05:32","slug":"little-rock-autovermietung","status":"publish","type":"page","link":"https:\/\/rental-car.company\/de\/little-rock-autovermietung\/","title":{"rendered":"Autovermietung Little Rock - Entdecken Sie die Hauptstadt von Arkansas mit Leichtigkeit"},"content":{"rendered":"<div class=\"wpb-content-wrapper\"><h2>Erkunden Sie Little Rock mit dem Komfort einer Autovermietung<\/h2>\n<p>Planen Sie eine Reise nach Little Rock, der Hauptstadt von Arkansas? Dann sollten Sie sich \u00fcberlegen, wie Sie sich fortbewegen wollen. \u00d6ffentliche Verkehrsmittel sind zwar vorhanden, aber vielleicht nicht die bequemste Option, um alles zu erkunden, was diese pulsierende Stadt zu bieten hat. Das ist, wo Little Rock Autovermietung kommt in.<\/p>\n<p>Mit einer Autovermietung von rental-car.company k\u00f6nnen Sie Little Rock und seine Umgebung in Ihrem eigenen Tempo durchqueren. Egal, ob Sie gesch\u00e4ftlich oder zum Vergn\u00fcgen hier sind, Ihr eigenes Fahrzeug gibt Ihnen die Freiheit, alles, was diese Stadt zu bieten hat, zu Ihren eigenen Bedingungen zu erkunden.<\/p>\n<div class=\"vc_row wpb_row vc_row-fluid\"><div class=\"wpb_column vc_column_container vc_col-sm-12\"><div class=\"vc_column-inner\"><div class=\"wpb_wrapper\">\n\t<div class=\"wpb_text_column wpb_content_element\" >\n\t\t<div class=\"wpb_wrapper\">\n\t\t\t<p><script id=\"dchwidget\" src=\"https:\/\/www.discovercars.com\/wg.js\" async=\"\" data-dev-env=\"com\" data-location=\"\" data-lang=\"en\" data-utm-source=\"malina\" data-utm-medium=\"widget\" data-aff-code=\"a_aid\" data-autocomplete=\"on\" data-style-submit-bg-color=\"00A200\" data-style-submit-font-color=\"white\" data-style-form-bg-color=\"FAD130\" data-style-form-font-color=\"333\" data-style-submit-text=\"Search now\"><\/script><\/p>\n\n\t\t<\/div>\n\t<\/div>\n<\/div><\/div><\/div><\/div>\n<p>&nbsp;<\/p>\n<h2>Entdecken Sie Little Rock Autovermietung Optionen<\/h2>\n<p><img loading=\"lazy\" decoding=\"async\" class=\"alignleft\" src=\"\/wp-content\/uploads\/images\/rent_car_820.png\" alt=\"little rock autovermietung\" width=\"350\" height=\"350\" \/><\/p>\n<p>Bei rental-car.company bieten wir eine Vielzahl von Mietwagenoptionen in Little Rock an, die Ihren Bed\u00fcrfnissen und Ihrem Budget entsprechen. Von Economy Cars f\u00fcr Alleinreisende oder Paare bis hin zu SUVs und Minivans f\u00fcr Familien oder gr\u00f6\u00dfere Gruppen - wir haben f\u00fcr jeden etwas dabei.<\/p>\n<p>Unsere Fahrzeugflotte wird regelm\u00e4\u00dfig gewartet und aktualisiert, damit Sie w\u00e4hrend Ihres Aufenthalts in Little Rock sicher und zuverl\u00e4ssig unterwegs sind. Au\u00dferdem sind wir dank unserer g\u00fcnstigen Preise die erste Wahl f\u00fcr erschwingliche Autovermietungen in der Region.<\/p>\n<h3>Mieten Sie ein preiswertes Auto f\u00fcr eine preisg\u00fcnstige Reise<\/h3>\n<p>Wenn budgetfreundliches Reisen f\u00fcr Sie oberste Priorit\u00e4t hat, dann sind unsere Economy Cars genau das Richtige f\u00fcr Sie. Diese kleineren Fahrzeuge sind nicht nur kraftstoffsparend, sondern lassen sich auch leicht durch die belebten Stra\u00dfen der Stadt man\u00f6vrieren. Sie sind ideal f\u00fcr Alleinreisende oder Paare, die Little Rock auf g\u00fcnstige Weise erkunden m\u00f6chten.<\/p>\n<h3>Mit einem SUV oder Minivan durch die Stadt cruisen<\/h3>\n<p>F\u00fcr Familien oder gr\u00f6\u00dfere Gruppen, die mehr Platz und Komfort auf ihren Reisen suchen, sind unsere SUVs und Minivans eine gute Wahl. Mit viel Platz f\u00fcr Passagiere und Gep\u00e4ck sind diese Fahrzeuge perfekt f\u00fcr l\u00e4ngere Fahrten oder Erkundungen au\u00dferhalb der Stadt. Au\u00dferdem bietet die erh\u00f6hte Sitzposition einen besseren Blick auf die wundersch\u00f6ne Landschaft von Little Rock.<\/p>\n<h3>Fahren Sie mit Stil mit einer Luxus-Autovermietung<\/h3>\n<p>Wenn Sie Ihrer Reise einen Hauch von Luxus verleihen m\u00f6chten, dann sollten Sie eines unserer Premium-Fahrzeuge anmieten. Von schnittigen Sportwagen bis hin zu luxuri\u00f6sen Limousinen haben wir eine Reihe von Optionen, die Ihren Aufenthalt in Little Rock noch unvergesslicher machen werden.<\/p>\n<h4>Pro \/ Kontra<\/h4>\n<p>Vorteile:<br \/>\n- Freiheit zur Erkundung in Ihrem eigenen Tempo<br \/>\n- Erschwingliche Preise<br \/>\n- Vielf\u00e4ltige Fahrzeugoptionen<br \/>\n- Regelm\u00e4\u00dfig gewartete und aktualisierte Flotte<\/p>\n<p>Nachteile:<br \/>\n- Zus\u00e4tzliche Kosten wie Versicherung und Gas k\u00f6nnen anfallen.<br \/>\n- Begrenzte Parkm\u00f6glichkeiten in belebten Gebieten<\/p>\n<h4>H\u00e4ufig gestellte Fragen zur Autovermietung in Little Rock<\/h4>\n<p><img loading=\"lazy\" decoding=\"async\" class=\"alignright\" src=\"\/wp-content\/uploads\/images\/rent_car_212.png\" alt=\"little rock autovermietung\" width=\"350\" height=\"350\" \/><\/p>\n<p>F: Wie alt muss ich sein, um ein Auto in Little Rock zu mieten?<br \/>\nA: Das Mindestalter f\u00fcr die Anmietung eines Fahrzeugs in Arkansas betr\u00e4gt 21 Jahre. F\u00fcr Fahrer unter 25 Jahren k\u00f6nnen jedoch zus\u00e4tzliche Geb\u00fchren anfallen.<\/p>\n<p>F: Kann ich meinen Mietwagen an einem anderen Ort zur\u00fcckgeben?<br \/>\nA: Ja, wir bieten die M\u00f6glichkeit einer Einwegmiete, bei der Sie Ihr Fahrzeug an einem anderen Ort als dem Abholort zur\u00fcckgeben k\u00f6nnen. Hierf\u00fcr k\u00f6nnen zus\u00e4tzliche Geb\u00fchren anfallen.<\/p>\n<p>F: Brauche ich eine Versicherung, wenn ich ein Auto miete?<br \/>\nA: Auch wenn es nicht vorgeschrieben ist, empfehlen wir Ihnen dringend, eine Versicherung abzuschlie\u00dfen, wenn Sie ein Auto mieten. Diese sch\u00fctzt Sie vor unerwarteten Kosten im Falle von Unf\u00e4llen oder Sch\u00e4den.<\/p>\n<p>Zusammenfassend l\u00e4sst sich sagen, dass eine Autovermietung in Little Rock die bequemste und flexibelste Art ist, die Hauptstadt von Arkansas zu erkunden. Mit der Vielfalt an Fahrzeugoptionen und den wettbewerbsf\u00e4higen Preisen von rental-car.company k\u00f6nnen Sie problemlos durch Little Rock und seine Umgebung navigieren und dabei Ihr Budget einhalten. Warum also warten? Buchen Sie Ihre Autovermietung in Little Rock noch heute und machen Sie sich bereit f\u00fcr eine unvergessliche Reise.<\/p>\n<\/div>","protected":false},"excerpt":{"rendered":"<p>Explore Little Rock with the Convenience of a Car Rental Are you planning a trip to Little Rock, the capital city of Arkansas? If so, then one thing you&#8217;ll need to consider is how you&#8217;ll get around. While public transportation is available, it may not be the most convenient option for exploring all that this [&hellip;]<\/p>\n","protected":false},"author":1,"featured_media":3776,"parent":0,"menu_order":0,"comment_status":"closed","ping_status":"closed","template":"","meta":{"rs_blank_template":"","rs_page_bg_color":"","slide_template_v7":"","footnotes":""},"categories":[1],"tags":[],"class_list":["post-7781","page","type-page","status-publish","has-post-thumbnail","hentry","category-blog"],"_links":{"self":[{"href":"https:\/\/rental-car.company\/de\/wp-json\/wp\/v2\/pages\/7781","targetHints":{"allow":["GET"]}}],"collection":[{"href":"https:\/\/rental-car.company\/de\/wp-json\/wp\/v2\/pages"}],"about":[{"href":"https:\/\/rental-car.company\/de\/wp-json\/wp\/v2\/types\/page"}],"author":[{"embeddable":true,"href":"https:\/\/rental-car.company\/de\/wp-json\/wp\/v2\/users\/1"}],"replies":[{"embeddable":true,"href":"https:\/\/rental-car.company\/de\/wp-json\/wp\/v2\/comments?post=7781"}],"version-history":[{"count":0,"href":"https:\/\/rental-car.company\/de\/wp-json\/wp\/v2\/pages\/7781\/revisions"}],"wp:featuredmedia":[{"embeddable":true,"href":"https:\/\/rental-car.company\/de\/wp-json\/wp\/v2\/media\/3776"}],"wp:attachment":[{"href":"https:\/\/rental-car.company\/de\/wp-json\/wp\/v2\/media?parent=7781"}],"wp:term":[{"taxonomy":"category","embeddable":true,"href":"https:\/\/rental-car.company\/de\/wp-json\/wp\/v2\/categories?post=7781"},{"taxonomy":"post_tag","embeddable":true,"href":"https:\/\/rental-car.company\/de\/wp-json\/wp\/v2\/tags?post=7781"}],"curies":[{"name":"wp","href":"https:\/\/api.w.org\/{rel}","templated":true}]}}