{"id":1389,"date":"2023-08-20T17:40:24","date_gmt":"2023-08-20T17:40:24","guid":{"rendered":"https:\/\/rental-car.company\/?page_id=1389"},"modified":"2024-03-29T16:34:14","modified_gmt":"2024-03-29T16:34:14","slug":"confidentialite","status":"publish","type":"page","link":"https:\/\/rental-car.company\/fr\/confidentialite\/","title":{"rendered":"Confidentialit\u00e9"},"content":{"rendered":"<p>Informations g\u00e9n\u00e9rales<br>Cette politique de confidentialit\u00e9 d\u00e9finit les proc\u00e9dures de traitement et de protection des informations sur les personnes qui utilisent le service de r\u00e9servation d&#039;h\u00f4tels et de voitures de&nbsp;<a href=\"https:\/\/rentcars.buzz\/\">https:\/\/rentcars.buzz<\/a><\/p>\n\n\n\n<p>Donn\u00e9es que nous collectons<br>Lors de la r\u00e9servation ou de l&#039;inscription sur notre site, il peut vous \u00eatre demand\u00e9 de saisir votre nom, votre adresse e-mail, votre num\u00e9ro de t\u00e9l\u00e9phone, votre adresse physique, les d\u00e9tails de votre carte de cr\u00e9dit et d&#039;autres informations.<\/p>\n\n\n\n<p>Comment nous utilisons vos donn\u00e9es<br>\u2022 Pour traiter votre commande.<br>\u2022 Pour personnaliser votre exp\u00e9rience.<br>\u2022 Pour am\u00e9liorer notre site Web.<br>\u2022 Pour communiquer avec vous par courrier \u00e9lectronique.<\/p>\n\n\n\n<p>Protection de vos informations<br>Nous mettons en \u0153uvre une s\u00e9rie de mesures de s\u00e9curit\u00e9 pour garantir la s\u00e9curit\u00e9 de vos informations personnelles lorsque vous passez une commande ou que vous saisissez, transmettez ou acc\u00e9dez \u00e0 vos informations personnelles.<\/p>\n\n\n\n<p>Utilisation des cookies<br>Nous utilisons des cookies pour stocker des informations sur vos pr\u00e9f\u00e9rences et votre historique afin de mieux vous servir \u00e0 l&#039;avenir.<br>Se d\u00e9sinscrire des listes de diffusion<br>Si vous souhaitez vous d\u00e9sinscrire de notre newsletter, vous pouvez le faire en utilisant le lien sp\u00e9cifique pr\u00e9sent en bas de chaque email.<\/p>\n\n\n\n<p>Tiers<br>Nous ne vendons, n\u2019\u00e9changeons ni ne transf\u00e9rons vos donn\u00e9es personnelles \u00e0 des organisations externes.<\/p>\n\n\n\n<p>Consentement<br>En utilisant notre site Web, vous acceptez notre politique de confidentialit\u00e9.<\/p>\n\n\n\n<p>Modifications de la politique de confidentialit\u00e9<br>Toute modification de la politique de confidentialit\u00e9 sera publi\u00e9e sur cette page.<\/p>","protected":false},"excerpt":{"rendered":"<p>General InformationThis privacy policy sets out the procedures for processing and protecting information about individuals who use the hotel and car booking service at&nbsp;https:\/\/rentcars.buzz Data We CollectWhen booking or registering on our site, you may be asked to enter your name, email address, phone number, physical address, credit card details, and other information. How We [&hellip;]<\/p>\n","protected":false},"author":1,"featured_media":0,"parent":0,"menu_order":0,"comment_status":"closed","ping_status":"closed","template":"","meta":{"rs_blank_template":"","rs_page_bg_color":"","slide_template_v7":"","footnotes":""},"categories":[1],"tags":[],"class_list":["post-1389","page","type-page","status-publish","hentry","category-blog"],"_links":{"self":[{"href":"https:\/\/rental-car.company\/fr\/wp-json\/wp\/v2\/pages\/1389","targetHints":{"allow":["GET"]}}],"collection":[{"href":"https:\/\/rental-car.company\/fr\/wp-json\/wp\/v2\/pages"}],"about":[{"href":"https:\/\/rental-car.company\/fr\/wp-json\/wp\/v2\/types\/page"}],"author":[{"embeddable":true,"href":"https:\/\/rental-car.company\/fr\/wp-json\/wp\/v2\/users\/1"}],"replies":[{"embeddable":true,"href":"https:\/\/rental-car.company\/fr\/wp-json\/wp\/v2\/comments?post=1389"}],"version-history":[{"count":0,"href":"https:\/\/rental-car.company\/fr\/wp-json\/wp\/v2\/pages\/1389\/revisions"}],"wp:attachment":[{"href":"https:\/\/rental-car.company\/fr\/wp-json\/wp\/v2\/media?parent=1389"}],"wp:term":[{"taxonomy":"category","embeddable":true,"href":"https:\/\/rental-car.company\/fr\/wp-json\/wp\/v2\/categories?post=1389"},{"taxonomy":"post_tag","embeddable":true,"href":"https:\/\/rental-car.company\/fr\/wp-json\/wp\/v2\/tags?post=1389"}],"curies":[{"name":"wp","href":"https:\/\/api.w.org\/{rel}","templated":true}]}}