{"id":1392,"date":"2023-08-20T18:18:03","date_gmt":"2023-08-20T18:18:03","guid":{"rendered":"https:\/\/rental-car.company\/?page_id=1392"},"modified":"2024-03-29T16:34:14","modified_gmt":"2024-03-29T16:34:14","slug":"a-propos-de-nous","status":"publish","type":"page","link":"https:\/\/rental-car.company\/fr\/a-propos-de-nous\/","title":{"rendered":"\u00c0 propos de nous"},"content":{"rendered":"<h1 class=\"wp-block-heading\"><strong>\u00c0 propos de nous\u00a0: R\u00e9servation d&#039;h\u00f4tel et de voiture<\/strong><\/h1>\n\n\n\n<p>Au c\u0153ur de <strong>Entreprise de location de voitures<\/strong> est une philosophie de service client exceptionnel. Notre attention port\u00e9e au service client et notre flotte de v\u00e9hicules de location de haute qualit\u00e9 aident nos clients \u00e0 faciliter leurs vacances et leurs voyages d&#039;affaires.<\/p>\n\n\n\n<p>Nos offres sp\u00e9ciales de location de voitures et nos tarifs journaliers bas vous aident \u00e0 maintenir vos projets de voyage dans les limites de votre budget. <strong>Entreprise de location de voitures<\/strong> dispose d&#039;agences de location de voitures nationales et internationales pratiques pour vous servir. De plus, notre <strong>R\u00e9compenses express des soci\u00e9t\u00e9s de location de voitures<\/strong> Le programme offre des avantages suppl\u00e9mentaires pour simplifier vos projets de voyage actuels et vous aide \u00e9galement \u00e0 gagner des r\u00e9compenses pour vos futures locations\u00a0!<\/p>\n\n\n\n<p><strong>Emplacements de location de voitures \u00e0 l&#039;a\u00e9roport et \u00e0 proximit\u00e9<\/strong> <strong>Entreprise de location de voitures<\/strong> dispose de points de location de voitures \u00e0 proximit\u00e9 et dans les a\u00e9roports de toutes les grandes villes des \u00c9tats-Unis. Le nom <strong>Entreprise de location de voitures<\/strong> est devenu synonyme de valeur et de commodit\u00e9.<\/p>\n\n\n\n<p><strong>Coussins gonflables<\/strong> Tous <strong>Entreprise de location de voitures<\/strong> les points de location sont \u00e9quip\u00e9s d&#039;airbags. La National Highway Traffic Safety Administration recommande aux enfants de moins de 12 ans de s&#039;asseoir sur la banquette arri\u00e8re. De plus, les si\u00e8ges enfants dos \u00e0 la route ne doivent jamais \u00eatre plac\u00e9s sur le si\u00e8ge avant d&#039;un v\u00e9hicule \u00e9quip\u00e9 d&#039;un airbag passager avant.<\/p>\n\n\n\n<p><strong>Si\u00e8ges enfants<\/strong> L&#039;entreprise <strong><a href=\"https:\/\/rental-car.company\/fr\/\">https:\/\/rental-car.company<\/a> Companie automobile<\/strong> propose des si\u00e8ges enfants en location pour les tout-petits et les nourrissons lorsque vous les r\u00e9servez sur le <strong>Entreprise de location de voitures<\/strong> site web. Pour plus d&#039;informations, vous pouvez contacter le <strong>Entreprise de location de voitures<\/strong> d\u00e9partement o\u00f9 vous<\/p>","protected":false},"excerpt":{"rendered":"<p>About Us: Hotel and Car Booking At the core of Rental Car Company is a philosophy of exceptional customer service. Our attention to customer care and our high-quality fleet of rental vehicles help our clients ease both their vacation and business travels. Our special car rental offers and low daily rates help you keep your [&hellip;]<\/p>\n","protected":false},"author":1,"featured_media":0,"parent":0,"menu_order":0,"comment_status":"closed","ping_status":"closed","template":"","meta":{"rs_blank_template":"","rs_page_bg_color":"","slide_template_v7":"","footnotes":""},"categories":[1],"tags":[],"class_list":["post-1392","page","type-page","status-publish","hentry","category-blog"],"_links":{"self":[{"href":"https:\/\/rental-car.company\/fr\/wp-json\/wp\/v2\/pages\/1392","targetHints":{"allow":["GET"]}}],"collection":[{"href":"https:\/\/rental-car.company\/fr\/wp-json\/wp\/v2\/pages"}],"about":[{"href":"https:\/\/rental-car.company\/fr\/wp-json\/wp\/v2\/types\/page"}],"author":[{"embeddable":true,"href":"https:\/\/rental-car.company\/fr\/wp-json\/wp\/v2\/users\/1"}],"replies":[{"embeddable":true,"href":"https:\/\/rental-car.company\/fr\/wp-json\/wp\/v2\/comments?post=1392"}],"version-history":[{"count":0,"href":"https:\/\/rental-car.company\/fr\/wp-json\/wp\/v2\/pages\/1392\/revisions"}],"wp:attachment":[{"href":"https:\/\/rental-car.company\/fr\/wp-json\/wp\/v2\/media?parent=1392"}],"wp:term":[{"taxonomy":"category","embeddable":true,"href":"https:\/\/rental-car.company\/fr\/wp-json\/wp\/v2\/categories?post=1392"},{"taxonomy":"post_tag","embeddable":true,"href":"https:\/\/rental-car.company\/fr\/wp-json\/wp\/v2\/tags?post=1392"}],"curies":[{"name":"wp","href":"https:\/\/api.w.org\/{rel}","templated":true}]}}