{"id":1395,"date":"2023-08-20T18:20:19","date_gmt":"2023-08-20T18:20:19","guid":{"rendered":"https:\/\/rental-car.company\/?page_id=1395"},"modified":"2024-03-29T16:34:14","modified_gmt":"2024-03-29T16:34:14","slug":"methodes-de-payement","status":"publish","type":"page","link":"https:\/\/rental-car.company\/fr\/methodes-de-payement\/","title":{"rendered":"m\u00e9thodes de payement"},"content":{"rendered":"<div class=\"wpb-content-wrapper\"><div class=\"vc_row wpb_row vc_row-fluid\"><div class=\"wpb_column vc_column_container vc_col-sm-12\"><div class=\"vc_column-inner\"><div class=\"wpb_wrapper\">\n\t<div class=\"wpb_text_column wpb_content_element\" >\n\t\t<div class=\"wpb_wrapper\">\n\t\t\t<p>\u00c0 <a href=\"https:\/\/rental-car.company\/fr\/\">Soci\u00e9t\u00e9 de location de voitures<\/a>, nous croyons en un voyage qui ne consiste pas seulement \u00e0 atteindre votre destination, mais \u00e9galement \u00e0 vivre un processus de location fluide. D\u00e9couvrez nos diverses m\u00e9thodes de paiement con\u00e7ues pour votre commodit\u00e9.<\/p>\n<hr class=\"wp-block-separator has-alpha-channel-opacity\" \/>\n<h3 id=\"h-card-payments\" class=\"wp-block-heading\"><strong>Paiements par carte<\/strong><\/h3>\n<p><strong>Visa\/MasterCard\u00a0:<\/strong> Leader mondial des paiements par carte, facilitant des transactions rapides pour vos aventures de location.<\/p>\n<p><strong>American Express:<\/strong> Am\u00e9liorez votre exp\u00e9rience de location et profitez des avantages exclusifs Amex.<\/p>\n<p><strong>D\u00e9couvrir:<\/strong> Con\u00e7u pour notre client\u00e8le estim\u00e9e des \u00c9tats-Unis<\/p>\n<hr class=\"wp-block-separator has-alpha-channel-opacity\" \/>\n<h3 id=\"h-direct-bank-transfers\" class=\"wp-block-heading\"><strong>Virements bancaires directs<\/strong><\/h3>\n<p>Connectez-vous directement aux principales banques mondiales, garantissant une passerelle de paiement s\u00e9curis\u00e9e et directe pour vos locations.<\/p>\n<hr class=\"wp-block-separator has-alpha-channel-opacity\" \/>\n<h3 id=\"h-swift-e-wallets\" class=\"wp-block-heading\"><strong>Portefeuilles \u00e9lectroniques Swift<\/strong><\/h3>\n<p><strong>Pay Pal:<\/strong> Un nom synonyme de confiance, facilitant des paiements rapides.<\/p>\n<p><strong>Apple Pay et Google Portefeuille\u00a0:<\/strong> Des solutions modernes pour le voyageur moderne, facilitant les paiements mobiles.<\/p>\n<hr class=\"wp-block-separator has-alpha-channel-opacity\" \/>\n<h3 id=\"h-future-ready-cryptocurrencies\" class=\"wp-block-heading\"><strong>Crypto-monnaies pr\u00eates pour l\u2019avenir<\/strong><\/h3>\n<p>Rejoignez l\u2019avenir des paiements avec nous. Nous acceptons les principales crypto-monnaies comme Bitcoin et Ethereum, ce qui vous garantit une longueur d&#039;avance.<\/p>\n<hr class=\"wp-block-separator has-alpha-channel-opacity\" \/>\n<h3 id=\"h-convenient-pay-on-arrival\" class=\"wp-block-heading\"><strong>Paiement pratique \u00e0 l&#039;arriv\u00e9e<\/strong><\/h3>\n<p>Profitez de la flexibilit\u00e9 gr\u00e2ce \u00e0 notre option permettant de finaliser votre paiement lorsque vous r\u00e9cup\u00e9rez votre v\u00e9hicule, en vous adaptant aux projets de voyage spontan\u00e9s.<\/p>\n<hr class=\"wp-block-separator has-alpha-channel-opacity\" \/>\n<h3 id=\"h-committed-to-your-security\" class=\"wp-block-heading\"><strong>Engag\u00e9 pour votre s\u00e9curit\u00e9<\/strong><\/h3>\n<p>Rassurez-vous, <a href=\"https:\/\/rental-car.company\/fr\/\">Soci\u00e9t\u00e9 de location de voitures<\/a> met l&#039;accent sur la protection des donn\u00e9es. Notre cryptage SSL de pointe garantit la s\u00e9curit\u00e9 de vos informations transactionnelles.<\/p>\n\n\t\t<\/div>\n\t<\/div>\n<\/div><\/div><\/div><\/div>\n<\/div>","protected":false},"excerpt":{"rendered":"At Rental-Car.Company, we believe in a journey that's not just about reaching your destination but also about experiencing a seamless rental process. Dive into our diverse payment methods designed with your convenience in mind. Card Payments Visa\/MasterCard: Global leaders in card payments, facilitating swift transactions for your rental adventures. American Express: Elevate your rental experience [...]","protected":false},"author":1,"featured_media":0,"parent":0,"menu_order":0,"comment_status":"closed","ping_status":"closed","template":"","meta":{"rs_blank_template":"","rs_page_bg_color":"","slide_template_v7":"","footnotes":""},"categories":[1],"tags":[],"class_list":["post-1395","page","type-page","status-publish","hentry","category-blog"],"_links":{"self":[{"href":"https:\/\/rental-car.company\/fr\/wp-json\/wp\/v2\/pages\/1395","targetHints":{"allow":["GET"]}}],"collection":[{"href":"https:\/\/rental-car.company\/fr\/wp-json\/wp\/v2\/pages"}],"about":[{"href":"https:\/\/rental-car.company\/fr\/wp-json\/wp\/v2\/types\/page"}],"author":[{"embeddable":true,"href":"https:\/\/rental-car.company\/fr\/wp-json\/wp\/v2\/users\/1"}],"replies":[{"embeddable":true,"href":"https:\/\/rental-car.company\/fr\/wp-json\/wp\/v2\/comments?post=1395"}],"version-history":[{"count":0,"href":"https:\/\/rental-car.company\/fr\/wp-json\/wp\/v2\/pages\/1395\/revisions"}],"wp:attachment":[{"href":"https:\/\/rental-car.company\/fr\/wp-json\/wp\/v2\/media?parent=1395"}],"wp:term":[{"taxonomy":"category","embeddable":true,"href":"https:\/\/rental-car.company\/fr\/wp-json\/wp\/v2\/categories?post=1395"},{"taxonomy":"post_tag","embeddable":true,"href":"https:\/\/rental-car.company\/fr\/wp-json\/wp\/v2\/tags?post=1395"}],"curies":[{"name":"wp","href":"https:\/\/api.w.org\/{rel}","templated":true}]}}