{"id":1398,"date":"2023-08-20T18:21:20","date_gmt":"2023-08-20T18:21:20","guid":{"rendered":"https:\/\/rental-car.company\/?page_id=1398"},"modified":"2024-03-29T16:34:14","modified_gmt":"2024-03-29T16:34:14","slug":"notre-garantie","status":"publish","type":"page","link":"https:\/\/rental-car.company\/fr\/notre-garantie\/","title":{"rendered":"Notre Garantie"},"content":{"rendered":"<div class=\"wpb-content-wrapper\"><div class=\"vc_row wpb_row vc_row-fluid\"><div class=\"wpb_column vc_column_container vc_col-sm-12\"><div class=\"vc_column-inner\"><div class=\"wpb_wrapper\">\n\t<div class=\"wpb_text_column wpb_content_element\" >\n\t\t<div class=\"wpb_wrapper\">\n\t\t\t<h1 class=\"wp-block-heading\">Votre tranquillit\u00e9 d&#039;esprit est notre priorit\u00e9<\/h1>\n<p>\u00c0\u00a0<a href=\"https:\/\/rental-car.company\/fr\/\" target=\"_blank\" rel=\"noreferrer noopener\">soci\u00e9t\u00e9-de-location.com<\/a>, nous comprenons l&#039;importance de la confiance. Que vous r\u00e9serviez une auberge confortable pour une escapade d&#039;un week-end ou une voiture pour un voyage \u00e0 travers le pays, nous nous engageons \u00e0 garantir une exp\u00e9rience sans tracas.<\/p>\n<h4 id=\"h-transparent-pricing\" class=\"wp-block-heading\"><strong>Tarification transparente<\/strong><\/h4>\n<p>Pas de frais cach\u00e9s, pas de frais surprises. Le prix que vous voyez est le prix que vous payez. P\u00e9riode.<\/p>\n<h4 id=\"h-flexible-cancellation-policies\" class=\"wp-block-heading\"><strong>Politiques d&#039;annulation flexibles<\/strong><\/h4>\n<p>Les plans changent, et ce n&#039;est pas grave ! Nous proposons des options d\u2019annulation flexibles pour vous offrir tranquillit\u00e9 d\u2019esprit et adaptabilit\u00e9.<\/p>\n<h4 id=\"h-safe-secure-transactions\" class=\"wp-block-heading\"><strong>Transactions s\u00fbres et s\u00e9curis\u00e9es<\/strong><\/h4>\n<p>La s\u00e9curit\u00e9 de vos donn\u00e9es est notre principale pr\u00e9occupation. Notre plateforme utilise un cryptage de bout en bout pour garantir la protection de vos informations personnelles et de paiement.<\/p>\n<h4 id=\"h-24-7-customer-support\" class=\"wp-block-heading\"><strong>Assistance client 24h\/24 et 7j\/7<\/strong><\/h4>\n<p>Des questions? Des inqui\u00e9tudes ? Besoin d&#039;un changement de derni\u00e8re minute ? Notre \u00e9quipe d\u00e9vou\u00e9e est l\u00e0 24 heures sur 24 pour vous aider \u00e0 chaque \u00e9tape du processus.<\/p>\n<h4 id=\"h-handpicked-properties-vehicles\" class=\"wp-block-heading\"><strong>Propri\u00e9t\u00e9s et v\u00e9hicules tri\u00e9s sur le volet<\/strong><\/h4>\n<p>L\u2019assurance qualit\u00e9 est primordiale. Chaque service d&#039;h\u00f4tel et de location de voitures sur notre plateforme est soumis \u00e0 un processus de v\u00e9rification rigoureux pour r\u00e9pondre \u00e0 nos normes \u00e9lev\u00e9es.<\/p>\n<h4 id=\"h-genuine-reviews\" class=\"wp-block-heading\"><strong>Avis authentiques<\/strong><\/h4>\n<p>Faites des choix \u00e9clair\u00e9s. Chaque avis sur notre plateforme provient d&#039;un voyageur v\u00e9rifi\u00e9, vous garantissant ainsi une perspective authentique.<\/p>\n<h4 id=\"h-booking-guarantee\" class=\"wp-block-heading\"><strong>Garantie de r\u00e9servation<\/strong><\/h4>\n<p>Dans les rares cas d&#039;incident de r\u00e9servation, nous nous engageons \u00e0 vous proposer une option alternative de valeur \u00e9gale ou sup\u00e9rieure, sans frais suppl\u00e9mentaires pour vous.<\/p>\n<h3 id=\"h-we-re-here-for-you\" class=\"wp-block-heading\">Nous sommes l\u00e0 pour VOUS\u00a0!<\/h3>\n<p>Votre voyage, qu&#039;il s&#039;agisse d&#039;un voyage d&#039;affaires, de vacances en famille ou d&#039;une aventure en solo, est important pour nous. Nous nous engageons \u00e0 le rendre parfait. \u00c0 <a href=\"https:\/\/rental-car.company\/fr\/\">soci\u00e9t\u00e9 de location de voitures,<\/a> votre satisfaction n&#039;est pas seulement une garantie, c&#039;est notre promesse !<\/p>\n\n\t\t<\/div>\n\t<\/div>\n<\/div><\/div><\/div><\/div>\n<\/div>","protected":false},"excerpt":{"rendered":"Your Peace of Mind is Our Priority At\u00a0rental-car.company, we understand the significance of trust. Whether you\u2019re booking a cozy inn for a weekend getaway or a car for a cross-country road trip, we pledge to ensure a hassle-free experience. Transparent Pricing No hidden fees, no surprise charges. The price you see is the price you [...]","protected":false},"author":1,"featured_media":0,"parent":0,"menu_order":0,"comment_status":"closed","ping_status":"closed","template":"","meta":{"rs_blank_template":"","rs_page_bg_color":"","slide_template_v7":"","footnotes":""},"categories":[1],"tags":[],"class_list":["post-1398","page","type-page","status-publish","hentry","category-blog"],"_links":{"self":[{"href":"https:\/\/rental-car.company\/fr\/wp-json\/wp\/v2\/pages\/1398","targetHints":{"allow":["GET"]}}],"collection":[{"href":"https:\/\/rental-car.company\/fr\/wp-json\/wp\/v2\/pages"}],"about":[{"href":"https:\/\/rental-car.company\/fr\/wp-json\/wp\/v2\/types\/page"}],"author":[{"embeddable":true,"href":"https:\/\/rental-car.company\/fr\/wp-json\/wp\/v2\/users\/1"}],"replies":[{"embeddable":true,"href":"https:\/\/rental-car.company\/fr\/wp-json\/wp\/v2\/comments?post=1398"}],"version-history":[{"count":0,"href":"https:\/\/rental-car.company\/fr\/wp-json\/wp\/v2\/pages\/1398\/revisions"}],"wp:attachment":[{"href":"https:\/\/rental-car.company\/fr\/wp-json\/wp\/v2\/media?parent=1398"}],"wp:term":[{"taxonomy":"category","embeddable":true,"href":"https:\/\/rental-car.company\/fr\/wp-json\/wp\/v2\/categories?post=1398"},{"taxonomy":"post_tag","embeddable":true,"href":"https:\/\/rental-car.company\/fr\/wp-json\/wp\/v2\/tags?post=1398"}],"curies":[{"name":"wp","href":"https:\/\/api.w.org\/{rel}","templated":true}]}}