{"id":1401,"date":"2023-08-20T18:24:42","date_gmt":"2023-08-20T18:24:42","guid":{"rendered":"https:\/\/rental-car.company\/?page_id=1401"},"modified":"2024-03-29T16:34:14","modified_gmt":"2024-03-29T16:34:14","slug":"politique-en-matiere-de-cookies","status":"publish","type":"page","link":"https:\/\/rental-car.company\/fr\/politique-en-matiere-de-cookies\/","title":{"rendered":"Politique en mati\u00e8re de cookies"},"content":{"rendered":"<p><strong>Politique en mati\u00e8re de cookies pour le site Web de r\u00e9servation d&#039;h\u00f4tels et de voitures<\/strong><\/p>\n\n\n\n<p>Cette politique en mati\u00e8re de cookies explique comment nous, notre site Web de r\u00e9servation d&#039;h\u00f4tels et de voitures, utilisons les cookies et les technologies similaires. En lisant cette politique, vous comprendrez les informations que nous collectons lorsque vous utilisez notre site Web.<\/p>\n\n\n\n<p><strong>1. Que sont les cookies ?<\/strong><\/p>\n\n\n\n<p>Les cookies sont de petits fichiers stock\u00e9s sur votre ordinateur ou appareil mobile lorsque vous visitez notre site Web.<\/p>\n\n\n\n<p><strong>2. Comment utilisons-nous les cookies ?<\/strong><\/p>\n\n\n\n<p>Nous utilisons des cookies pour plusieurs raisons, telles que :<\/p>\n\n\n\n<ul class=\"wp-block-list\">\n<li>M\u00e9morisation de vos param\u00e8tres et pr\u00e9f\u00e9rences lors des r\u00e9servations.<\/li>\n\n\n\n<li>Analyser le trafic du site pour am\u00e9liorer l&#039;exp\u00e9rience utilisateur.<\/li>\n\n\n\n<li>Personnaliser le contenu publicitaire et assurer le fonctionnement des campagnes publicitaires.<\/li>\n<\/ul>\n\n\n\n<p><strong>3. Quels types de cookies utilisons-nous ?<\/strong><\/p>\n\n\n\n<ul class=\"wp-block-list\">\n<li><strong>Cookies de session\u00a0:<\/strong>&nbsp;Cookies temporaires qui sont stock\u00e9s uniquement lors de votre visite.<\/li>\n\n\n\n<li><strong>Cookies persistants\u00a0:<\/strong>&nbsp;Stock\u00e9 sur votre appareil pendant une p\u00e9riode de temps d\u00e9finie.<\/li>\n\n\n\n<li><strong>Cookies tiers :<\/strong>&nbsp;Cookies d\u00e9finis par d&#039;autres sites Web ou services, tels que des analyses ou des annonceurs.<\/li>\n<\/ul>\n\n\n\n<p><strong>4. Comment puis-je contr\u00f4ler ou supprimer les cookies ?<\/strong><\/p>\n\n\n\n<p>La plupart des navigateurs Web vous permettent de choisir vos param\u00e8tres de cookies. Vous pouvez bloquer le stockage automatique des cookies ou supprimer tous les cookies de votre navigateur.<\/p>\n\n\n\n<p><strong>5. Modifications de cette politique<\/strong><\/p>\n\n\n\n<p>Nous pouvons p\u00e9riodiquement mettre \u00e0 jour cette politique en mati\u00e8re de cookies. Tous les changements seront publi\u00e9s sur cette page.<\/p>","protected":false},"excerpt":{"rendered":"<p>Cookie Policy for the Hotel and Car Booking Website This Cookie Policy explains how we, our hotel and car booking website, use cookies and similar technologies. By reading this policy, you\u2019ll understand the information we collect when you use our website. 1. What are cookies? Cookies are small files that are stored on your computer [&hellip;]<\/p>\n","protected":false},"author":1,"featured_media":0,"parent":0,"menu_order":0,"comment_status":"closed","ping_status":"closed","template":"","meta":{"rs_blank_template":"","rs_page_bg_color":"","slide_template_v7":"","footnotes":""},"categories":[1],"tags":[],"class_list":["post-1401","page","type-page","status-publish","hentry","category-blog"],"_links":{"self":[{"href":"https:\/\/rental-car.company\/fr\/wp-json\/wp\/v2\/pages\/1401","targetHints":{"allow":["GET"]}}],"collection":[{"href":"https:\/\/rental-car.company\/fr\/wp-json\/wp\/v2\/pages"}],"about":[{"href":"https:\/\/rental-car.company\/fr\/wp-json\/wp\/v2\/types\/page"}],"author":[{"embeddable":true,"href":"https:\/\/rental-car.company\/fr\/wp-json\/wp\/v2\/users\/1"}],"replies":[{"embeddable":true,"href":"https:\/\/rental-car.company\/fr\/wp-json\/wp\/v2\/comments?post=1401"}],"version-history":[{"count":0,"href":"https:\/\/rental-car.company\/fr\/wp-json\/wp\/v2\/pages\/1401\/revisions"}],"wp:attachment":[{"href":"https:\/\/rental-car.company\/fr\/wp-json\/wp\/v2\/media?parent=1401"}],"wp:term":[{"taxonomy":"category","embeddable":true,"href":"https:\/\/rental-car.company\/fr\/wp-json\/wp\/v2\/categories?post=1401"},{"taxonomy":"post_tag","embeddable":true,"href":"https:\/\/rental-car.company\/fr\/wp-json\/wp\/v2\/tags?post=1401"}],"curies":[{"name":"wp","href":"https:\/\/api.w.org\/{rel}","templated":true}]}}