{"id":1404,"date":"2023-08-20T18:25:35","date_gmt":"2023-08-20T18:25:35","guid":{"rendered":"https:\/\/rental-car.company\/?page_id=1404"},"modified":"2024-03-29T16:34:14","modified_gmt":"2024-03-29T16:34:14","slug":"termes-conditions-du-site-web-de-reservation-dhotel-et-de-voiture","status":"publish","type":"page","link":"https:\/\/rental-car.company\/fr\/termes-conditions-du-site-web-de-reservation-dhotel-et-de-voiture\/","title":{"rendered":"Conditions g\u00e9n\u00e9rales du site Web de r\u00e9servation d&#039;h\u00f4tels et de voitures"},"content":{"rendered":"<ol class=\"wp-block-list\">\n<li><strong>Introduction<\/strong>\n<ul class=\"wp-block-list\">\n<li>En utilisant ce site Web, vous acceptez les termes et conditions suivants. Si vous n&#039;\u00eates pas d&#039;accord avec l&#039;une de ces conditions, veuillez vous abstenir d&#039;utiliser le site.<\/li>\n<\/ul>\n<\/li>\n\n\n\n<li><strong>R\u00e9servations<\/strong>\n<ul class=\"wp-block-list\">\n<li>Les utilisateurs ont le droit de r\u00e9server un h\u00f4tel ou une voiture via le formulaire de r\u00e9servation en ligne.<\/li>\n\n\n\n<li>Toutes les r\u00e9servations sont soumises \u00e0 confirmation de l\u2019h\u00f4tel ou du loueur.<\/li>\n<\/ul>\n<\/li>\n\n\n\n<li><strong>Paiements<\/strong>\n<ul class=\"wp-block-list\">\n<li>Les paiements sont trait\u00e9s via des passerelles de paiement s\u00e9curis\u00e9es. Vos informations de paiement sont prot\u00e9g\u00e9es et ne seront pas partag\u00e9es avec des tiers.<\/li>\n<\/ul>\n<\/li>\n\n\n\n<li><strong>Politique d&#039;annulation<\/strong>\n<ul class=\"wp-block-list\">\n<li>Les r\u00e9servations peuvent \u00eatre annul\u00e9es sans frais jusqu&#039;\u00e0 une p\u00e9riode sp\u00e9cifique avant la date d&#039;arriv\u00e9e (g\u00e9n\u00e9ralement 48 \u00e0 72 heures). Les conditions d&#039;annulation sp\u00e9cifiques sont d\u00e9termin\u00e9es par chaque h\u00f4tel et entreprise.<\/li>\n<\/ul>\n<\/li>\n\n\n\n<li><strong>Responsabilit\u00e9<\/strong>\n<ul class=\"wp-block-list\">\n<li>Ce site Web n&#039;est pas responsable des dommages pouvant survenir en raison d&#039;informations incorrectes ou de probl\u00e8mes de r\u00e9servation.<\/li>\n<\/ul>\n<\/li>\n\n\n\n<li><strong>Confidentialit\u00e9<\/strong>\n<ul class=\"wp-block-list\">\n<li>Nous respectons votre vie priv\u00e9e. Vos informations personnelles ne seront utilis\u00e9es que pour le traitement des r\u00e9servations.<\/li>\n<\/ul>\n<\/li>\n\n\n\n<li><strong>Modifications des conditions<\/strong>\n<ul class=\"wp-block-list\">\n<li>Nous nous r\u00e9servons le droit de modifier ces termes et conditions \u00e0 tout moment.<\/li>\n<\/ul>\n<\/li>\n<\/ol>","protected":false},"excerpt":{"rendered":"Introduction By using this website, you agree to the following terms and conditions. If you disagree with any of these terms, please refrain from using the site. Reservations Users are entitled to make reservations for a hotel or car via the online booking form. All reservations are subject to confirmation from the hotel or rental [...]","protected":false},"author":1,"featured_media":0,"parent":0,"menu_order":0,"comment_status":"closed","ping_status":"closed","template":"","meta":{"rs_blank_template":"","rs_page_bg_color":"","slide_template_v7":"","footnotes":""},"categories":[1],"tags":[],"class_list":["post-1404","page","type-page","status-publish","hentry","category-blog"],"_links":{"self":[{"href":"https:\/\/rental-car.company\/fr\/wp-json\/wp\/v2\/pages\/1404","targetHints":{"allow":["GET"]}}],"collection":[{"href":"https:\/\/rental-car.company\/fr\/wp-json\/wp\/v2\/pages"}],"about":[{"href":"https:\/\/rental-car.company\/fr\/wp-json\/wp\/v2\/types\/page"}],"author":[{"embeddable":true,"href":"https:\/\/rental-car.company\/fr\/wp-json\/wp\/v2\/users\/1"}],"replies":[{"embeddable":true,"href":"https:\/\/rental-car.company\/fr\/wp-json\/wp\/v2\/comments?post=1404"}],"version-history":[{"count":0,"href":"https:\/\/rental-car.company\/fr\/wp-json\/wp\/v2\/pages\/1404\/revisions"}],"wp:attachment":[{"href":"https:\/\/rental-car.company\/fr\/wp-json\/wp\/v2\/media?parent=1404"}],"wp:term":[{"taxonomy":"category","embeddable":true,"href":"https:\/\/rental-car.company\/fr\/wp-json\/wp\/v2\/categories?post=1404"},{"taxonomy":"post_tag","embeddable":true,"href":"https:\/\/rental-car.company\/fr\/wp-json\/wp\/v2\/tags?post=1404"}],"curies":[{"name":"wp","href":"https:\/\/api.w.org\/{rel}","templated":true}]}}