{"id":1407,"date":"2023-08-20T18:26:13","date_gmt":"2023-08-20T18:26:13","guid":{"rendered":"https:\/\/rental-car.company\/?page_id=1407"},"modified":"2024-03-29T16:34:14","modified_gmt":"2024-03-29T16:34:14","slug":"aide-faq","status":"publish","type":"page","link":"https:\/\/rental-car.company\/fr\/aide-faq\/","title":{"rendered":"AIDE"},"content":{"rendered":"<p><strong>Information essentielle<\/strong><\/p>\n\n\n\n<ol class=\"wp-block-list\">\n<li><strong>Comment fonctionne votre plateforme ?<\/strong> Notre service en ligne offre un moyen simple et rapide de r\u00e9server des chambres d&#039;h\u00f4tel et des v\u00e9hicules dans le monde entier. Pr\u00e9cisez simplement vos crit\u00e8res souhait\u00e9s, choisissez la meilleure option disponible et finalisez la r\u00e9servation.<\/li>\n\n\n\n<li><strong>Puis-je faire confiance \u00e0 ce site Web avec mes coordonn\u00e9es\u00a0?<\/strong> Absolument! Nous utilisons des mesures de s\u00e9curit\u00e9 de pointe pour garantir la confidentialit\u00e9 de vos donn\u00e9es.<\/li>\n<\/ol>\n\n\n\n<p><strong>R\u00e9servations de chambres<\/strong><\/p>\n\n\n\n<ol class=\"wp-block-list\">\n<li><strong>Comment annuler ma r\u00e9servation de chambre ?<\/strong> Acc\u00e9dez \u00e0 la section \u00ab Mon accord \u00bb, localisez la r\u00e9servation concern\u00e9e et cliquez sur \u00ab Annuler \u00bb.<\/li>\n\n\n\n<li><strong>Est-il possible d&#039;ajuster la date d&#039;arriv\u00e9e ?<\/strong> Certes, mais les conditions peuvent \u00eatre sp\u00e9cifiques \u00e0 chaque h\u00f4tel. Nous vous sugg\u00e9rons de contacter directement la direction de l&#039;h\u00f4tel ou de consulter notre service conseil.<\/li>\n\n\n\n<li><strong>Y a-t-il des frais cach\u00e9s impliqu\u00e9s ?<\/strong> Notre portail ne facture aucun suppl\u00e9ment pour effectuer des r\u00e9servations. Cependant, il est conseill\u00e9 de v\u00e9rifier aupr\u00e8s de l&#039;h\u00f4tel les \u00e9ventuels frais suppl\u00e9mentaires.<\/li>\n<\/ol>\n\n\n\n<p><strong>Location de voitures<\/strong><\/p>\n\n\n\n<ol class=\"wp-block-list\">\n<li><strong>Quels sont les crit\u00e8res pour louer une voiture ?<\/strong> En r\u00e8gle g\u00e9n\u00e9rale, les soci\u00e9t\u00e9s de location exigent que les locataires soient \u00e2g\u00e9s d&#039;au moins 21 ans. Cependant, les crit\u00e8res peuvent varier selon les r\u00e9gions.<\/li>\n\n\n\n<li><strong>Un permis de conduire international est-il obligatoire ?<\/strong> Dans de nombreuses r\u00e9gions, oui, surtout si le permis de conduire original n&#039;est pas en anglais. Il est conseill\u00e9 d&#039;avoir sur soi une version internationale du permis.<\/li>\n\n\n\n<li><strong>Comment dois-je proc\u00e9der pour restituer le v\u00e9hicule lou\u00e9 ?<\/strong> La voiture doit \u00eatre restitu\u00e9e \u00e0 l&#039;endroit convenu \u00e0 l&#039;avance. Respectez les d\u00e9lais stipul\u00e9s pour \u00e9viter tout frais suppl\u00e9mentaire.<\/li>\n<\/ol>","protected":false},"excerpt":{"rendered":"<p>Informations essentielles R\u00e9servations de chambres Location de voitures<\/p>","protected":false},"author":1,"featured_media":0,"parent":0,"menu_order":0,"comment_status":"closed","ping_status":"closed","template":"","meta":{"rs_blank_template":"","rs_page_bg_color":"","slide_template_v7":"","footnotes":""},"categories":[1],"tags":[],"class_list":["post-1407","page","type-page","status-publish","hentry","category-blog"],"_links":{"self":[{"href":"https:\/\/rental-car.company\/fr\/wp-json\/wp\/v2\/pages\/1407","targetHints":{"allow":["GET"]}}],"collection":[{"href":"https:\/\/rental-car.company\/fr\/wp-json\/wp\/v2\/pages"}],"about":[{"href":"https:\/\/rental-car.company\/fr\/wp-json\/wp\/v2\/types\/page"}],"author":[{"embeddable":true,"href":"https:\/\/rental-car.company\/fr\/wp-json\/wp\/v2\/users\/1"}],"replies":[{"embeddable":true,"href":"https:\/\/rental-car.company\/fr\/wp-json\/wp\/v2\/comments?post=1407"}],"version-history":[{"count":0,"href":"https:\/\/rental-car.company\/fr\/wp-json\/wp\/v2\/pages\/1407\/revisions"}],"wp:attachment":[{"href":"https:\/\/rental-car.company\/fr\/wp-json\/wp\/v2\/media?parent=1407"}],"wp:term":[{"taxonomy":"category","embeddable":true,"href":"https:\/\/rental-car.company\/fr\/wp-json\/wp\/v2\/categories?post=1407"},{"taxonomy":"post_tag","embeddable":true,"href":"https:\/\/rental-car.company\/fr\/wp-json\/wp\/v2\/tags?post=1407"}],"curies":[{"name":"wp","href":"https:\/\/api.w.org\/{rel}","templated":true}]}}