{"id":17,"date":"2022-08-14T21:11:26","date_gmt":"2022-08-14T21:11:26","guid":{"rendered":"https:\/\/rental-car.company\/?page_id=17"},"modified":"2024-03-29T16:34:14","modified_gmt":"2024-03-29T16:34:14","slug":"17-2","status":"publish","type":"page","link":"https:\/\/rental-car.company\/fr\/17-2\/","title":{"rendered":"Meilleures offres de location de voiture avec annulation gratuite"},"content":{"rendered":"<div class=\"wpb-content-wrapper\"><div class=\"vc_row wpb_row vc_row-fluid\"><div class=\"wpb_column vc_column_container vc_col-sm-12\"><div class=\"vc_column-inner\"><div class=\"wpb_wrapper\">\n\t<div class=\"wpb_text_column wpb_content_element\" >\n\t\t<div class=\"wpb_wrapper\">\n\t\t\t<p><script id=\"dchwidget\" src=\"https:\/\/www.discovercars.com\/wg.js\" data-dev-env=\"com\" data-location=\"\" data-lang=\"en\" data-utm-source=\"malina\" data-utm-medium=\"widget\" data-aff-code=\"a_aid\" data-autocomplete=\"on\" data-style-submit-bg-color=\"00A200\" data-style-submit-font-color=\"white\" data-style-form-bg-color=\"FAD130\" data-style-form-font-color=\"333\" data-style-submit-text=\"Search now\" async=\"\"><\/script><\/p>\n\n\t\t<\/div>\n\t<\/div>\n<\/div><\/div><\/div><\/div><div class=\"vc_row wpb_row vc_row-fluid vc_custom_1660518743960\"><div class=\"wpb_column vc_column_container vc_col-sm-12\"><div class=\"vc_column-inner\"><div class=\"wpb_wrapper\">\n\t<div class=\"wpb_text_column wpb_content_element vc_custom_1660518182144\" >\n\t\t<div class=\"wpb_wrapper\">\n\t\t\t<h3 class=\"we-work-title\">Plus de 500\u00a0fournisseurs de confiance\u00a0: <img loading=\"lazy\" decoding=\"async\" class=\"alignnone wp-image-31 size-full\" src=\"https:\/\/rental-car.company\/wp-content\/uploads\/2022\/08\/suppliers.png\" alt=\"\" width=\"630\" height=\"35\" srcset=\"https:\/\/rental-car.company\/wp-content\/uploads\/2022\/08\/suppliers.png 630w, https:\/\/rental-car.company\/wp-content\/uploads\/2022\/08\/suppliers-300x17.png 300w, https:\/\/rental-car.company\/wp-content\/uploads\/2022\/08\/suppliers-600x33.png 600w\" sizes=\"auto, (max-width: 630px) 100vw, 630px\" \/><\/h3>\n\n\t\t<\/div>\n\t<\/div>\n<\/div><\/div><\/div><\/div><div class=\"vc_row wpb_row vc_row-fluid vc_custom_1660518750982\"><div class=\"wpb_column vc_column_container vc_col-sm-12\"><div class=\"vc_column-inner\"><div class=\"wpb_wrapper\">\n\t<div class=\"wpb_text_column wpb_content_element\" >\n\t\t<div class=\"wpb_wrapper\">\n\t\t\t<h2>Nous comparons les meilleurs prix de location de voiture, vous \u00e9conomisez !<\/h2>\n\n\t\t<\/div>\n\t<\/div>\n<\/div><\/div><\/div><\/div><div class=\"vc_row wpb_row vc_row-fluid\"><div class=\"wpb_column vc_column_container vc_col-sm-4\"><div class=\"vc_column-inner\"><div class=\"wpb_wrapper\">\n\t<div class=\"wpb_text_column wpb_content_element vc_custom_1660518389112\" >\n\t\t<div class=\"wpb_wrapper\">\n\t\t\t<h3 class=\"strong\">Trouvez la voiture de location id\u00e9ale pour votre voyage<\/h3>\n<p>Rental-car.company est une meilleure location de voiture dans les r\u00e9servations de location de voiture en ligne ; nous comparons les offres de location de voitures de nombreuses entreprises afin que vous puissiez choisir celle qui convient le mieux \u00e0 votre voyage.<\/p>\n<p>De nombreux autres sites Web vous cachent des frais et des co\u00fbts suppl\u00e9mentaires. Rental-car.company inclut tous les frais obligatoires, les taxes et les extras dans le prix indiqu\u00e9 afin qu&#039;il n&#039;y ait pas de surprises lorsque vous arriverez au bureau de location.<\/p>\n\n\t\t<\/div>\n\t<\/div>\n<\/div><\/div><\/div><div class=\"wpb_column vc_column_container vc_col-sm-4\"><div class=\"vc_column-inner\"><div class=\"wpb_wrapper\">\n\t<div class=\"wpb_text_column wpb_content_element vc_custom_1660518480368\" >\n\t\t<div class=\"wpb_wrapper\">\n\t\t\t<h3 class=\"strong\">Pourquoi devriez-vous r\u00e9server avec nous?<\/h3>\n<p>&nbsp;<\/p>\n<ul>\n<li>Pas de frais cach\u00e9s<\/li>\n<li>Service client multilingue 24h\/24 et 7j\/7<\/li>\n<li>Annulation gratuite<\/li>\n<li>Des informations fiables<\/li>\n<\/ul>\n\n\t\t<\/div>\n\t<\/div>\n<\/div><\/div><\/div><div class=\"wpb_column vc_column_container vc_col-sm-4\"><div class=\"vc_column-inner\"><div class=\"wpb_wrapper\">\n\t<div class=\"wpb_text_column wpb_content_element vc_custom_1660518435333\" >\n\t\t<div class=\"wpb_wrapper\">\n\t\t\t<h3 class=\"strong\">Pourquoi nos prix sont-ils plus bas ?<\/h3>\n<p>\u00c9tant donn\u00e9 que nous n\u00e9gocions les prix de nombreuses voitures de location \u00e0 la fois directement avec les soci\u00e9t\u00e9s de location de voitures, nous sommes en mesure d&#039;obtenir des prix plus bas pour nos clients.<\/p>\n\n\t\t<\/div>\n\t<\/div>\n<\/div><\/div><\/div><\/div>\n<\/div>","protected":false},"excerpt":{"rendered":"500+ Trusted Providers: We compare best car rental prices, you save! Find the perfect rental car for your trip Rental-car.company is a best car rental in online car rental reservations; we compare car rental deals from many companies so that you can choose which is best for your trip. Many other websites hide fees and [...]","protected":false},"author":1,"featured_media":31,"parent":0,"menu_order":0,"comment_status":"closed","ping_status":"closed","template":"","meta":{"rs_blank_template":"","rs_page_bg_color":"","slide_template_v7":"","footnotes":""},"categories":[1],"tags":[29],"class_list":["post-17","page","type-page","status-publish","has-post-thumbnail","hentry","category-blog","tag-rent-car"],"_links":{"self":[{"href":"https:\/\/rental-car.company\/fr\/wp-json\/wp\/v2\/pages\/17","targetHints":{"allow":["GET"]}}],"collection":[{"href":"https:\/\/rental-car.company\/fr\/wp-json\/wp\/v2\/pages"}],"about":[{"href":"https:\/\/rental-car.company\/fr\/wp-json\/wp\/v2\/types\/page"}],"author":[{"embeddable":true,"href":"https:\/\/rental-car.company\/fr\/wp-json\/wp\/v2\/users\/1"}],"replies":[{"embeddable":true,"href":"https:\/\/rental-car.company\/fr\/wp-json\/wp\/v2\/comments?post=17"}],"version-history":[{"count":0,"href":"https:\/\/rental-car.company\/fr\/wp-json\/wp\/v2\/pages\/17\/revisions"}],"wp:featuredmedia":[{"embeddable":true,"href":"https:\/\/rental-car.company\/fr\/wp-json\/wp\/v2\/media\/31"}],"wp:attachment":[{"href":"https:\/\/rental-car.company\/fr\/wp-json\/wp\/v2\/media?parent=17"}],"wp:term":[{"taxonomy":"category","embeddable":true,"href":"https:\/\/rental-car.company\/fr\/wp-json\/wp\/v2\/categories?post=17"},{"taxonomy":"post_tag","embeddable":true,"href":"https:\/\/rental-car.company\/fr\/wp-json\/wp\/v2\/tags?post=17"}],"curies":[{"name":"wp","href":"https:\/\/api.w.org\/{rel}","templated":true}]}}