{"id":2372,"date":"2024-07-23T14:10:38","date_gmt":"2024-07-23T14:10:38","guid":{"rendered":"https:\/\/rental-car.company\/?page_id=2372"},"modified":"2024-07-23T14:10:38","modified_gmt":"2024-07-23T14:10:38","slug":"location-de-voiture-madison-wi","status":"publish","type":"page","link":"https:\/\/rental-car.company\/fr\/location-de-voiture-madison-wi\/","title":{"rendered":"Location de voiture Madison WI - Votre guide ultime"},"content":{"rendered":"<div class=\"wpb-content-wrapper\"><p>Les services de location de voitures sont devenus un \u00e9l\u00e9ment essentiel des voyages, en particulier dans des villes comme Madison, WI. Avec ses lacs magnifiques, sa culture dynamique et ses sites historiques, Madison est une destination touristique populaire tout au long de l'ann\u00e9e. Et quel meilleur moyen d'explorer cette ville que de louer une voiture ? Dans ce guide, nous allons plonger dans le monde de la location de voitures \u00e0 Madison et vous donner toutes les informations dont vous avez besoin pour une exp\u00e9rience agr\u00e9able et sans tracas.<\/p>\n<h2>Variante de \"location de voiture \u00e0 Madison\" : Louer une voiture \u00e0 Madison<\/h2>\n<p>Lorsque vous planifiez votre voyage \u00e0 Madison, l'une des premi\u00e8res choses \u00e0 prendre en compte est la fa\u00e7on dont vous vous d\u00e9placerez. Si les transports en commun sont pratiques pour certains voyageurs, ils peuvent limiter vos possibilit\u00e9s d'exploration. C'est l\u00e0 que la location d'une voiture s'av\u00e8re utile. Avec la large gamme de voitures abordables et fiables de rental-car.company, vous pouvez facilement louer une voiture \u00e0 Madison et avoir la libert\u00e9 de d\u00e9couvrir la ville \u00e0 votre propre rythme.<\/p>\n<div class=\"vc_row wpb_row vc_row-fluid\"><div class=\"wpb_column vc_column_container vc_col-sm-12\"><div class=\"vc_column-inner\"><div class=\"wpb_wrapper\">\n\t<div class=\"wpb_text_column wpb_content_element\" >\n\t\t<div class=\"wpb_wrapper\">\n\t\t\t<p><script id=\"dchwidget\" src=\"https:\/\/www.discovercars.com\/wg.js\" async=\"\" data-dev-env=\"com\" data-location=\"\" data-lang=\"en\" data-utm-source=\"malina\" data-utm-medium=\"widget\" data-aff-code=\"a_aid\" data-autocomplete=\"on\" data-style-submit-bg-color=\"00A200\" data-style-submit-font-color=\"white\" data-style-form-bg-color=\"FAD130\" data-style-form-font-color=\"333\" data-style-submit-text=\"Search now\"><\/script><\/p>\n\n\t\t<\/div>\n\t<\/div>\n<\/div><\/div><\/div><\/div>\n<p>&nbsp;<\/p>\n<h2>Discover Car Rental Madison WI<\/h2>\n<p><img loading=\"lazy\" decoding=\"async\" class=\"alignleft\" src=\"\/wp-content\/uploads\/images\/rent_car_1510.png\" alt=\"location de voiture madison wi\" width=\"350\" height=\"350\" \/><\/p>\n<p>Si vous n'avez jamais lou\u00e9 de voiture ou si vous n'\u00eates jamais all\u00e9 \u00e0 Madison, il y a plusieurs choses que vous devez savoir avant de faire votre r\u00e9servation.<\/p>\n<h3>Le processus<\/h3>\n<p>La proc\u00e9dure de location d'une voiture \u00e0 Madison est simple. Vous pouvez r\u00e9server en ligne ou vous rendre dans l'une de nos nombreuses agences r\u00e9parties dans toute la ville. Lorsque vous r\u00e9servez en ligne sur rental-car.company, assurez-vous d'entrer correctement vos dates et heures de prise en charge et de restitution, ainsi que vos pr\u00e9f\u00e9rences suppl\u00e9mentaires telles que le type de v\u00e9hicule ou la couverture d'assurance.<\/p>\n<p>Une fois sur place, pr\u00e9sentez votre permis de conduire valide et votre carte de cr\u00e9dit (pour le paiement), ainsi que tous les documents n\u00e9cessaires tels que la preuve d'assurance si vous utilisez votre propre police. Apr\u00e8s avoir sign\u00e9 le contrat de location et inspect\u00e9 le v\u00e9hicule pour v\u00e9rifier qu'il n'y a pas de dommages ou de probl\u00e8mes, vous serez en route !<\/p>\n<h3>Types de v\u00e9hicules disponibles<\/h3>\n<p>Chez rental-car.company, nous proposons une vari\u00e9t\u00e9 de v\u00e9hicules pour r\u00e9pondre \u00e0 vos besoins et \u00e0 vos pr\u00e9f\u00e9rences. Des voitures compactes pour les voyageurs solitaires aux SUV pour les familles ou les groupes, nous avons tout ce qu'il faut. Vous pouvez \u00e9galement choisir parmi diff\u00e9rentes marques et diff\u00e9rents mod\u00e8les, ce qui vous permet de trouver le v\u00e9hicule id\u00e9al pour votre voyage.<\/p>\n<h3>Avantages \/ inconv\u00e9nients<\/h4>\n<p>Pour :<br \/>\n- Commodit\u00e9 : Le fait d'avoir votre propre voiture vous donne la libert\u00e9 d'explorer Madison \u00e0 votre rythme et \u00e0 votre convenance.<br \/>\n- Rentabilit\u00e9 : La location d'une voiture peut s'av\u00e9rer plus rentable que l'utilisation d'autres modes de transport, surtout si vous pr\u00e9voyez de visiter plusieurs endroits pendant votre s\u00e9jour.<br \/>\n- Le confort : Avec une voiture de location, vous pouvez profiter d'une conduite confortable avec la climatisation et d'autres \u00e9quipements.<br \/>\n- Flexibilit\u00e9 : Vous avez la possibilit\u00e9 de modifier vos plans et de faire des arr\u00eats spontan\u00e9s sans vous soucier des horaires ou des itin\u00e9raires.<\/p>\n<p>Cons :<br \/>\n- Frais suppl\u00e9mentaires : En fonction du type de v\u00e9hicule et de la couverture d'assurance choisie, il peut y avoir des frais suppl\u00e9mentaires.<br \/>\n- Frais de stationnement : Certains quartiers populaires de Madison peuvent facturer des frais de stationnement qui doivent \u00eatre pris en compte lors de l'\u00e9tablissement du budget de votre voyage.<\/p>\n<h4>FAQ<\/h4>\n<p><img loading=\"lazy\" decoding=\"async\" class=\"alignright\" src=\"\/wp-content\/uploads\/images\/rent_car_330.png\" alt=\"location de voiture madison wi\" width=\"350\" height=\"350\" \/><\/p>\n<p><strong>Q : Quel \u00e2ge dois-je avoir pour louer une voiture \u00e0 Madison ?<\/strong><br \/>\nR : L'\u00e2ge minimum requis est de 21 ans. Toutefois, les conducteurs de moins de 25 ans peuvent \u00eatre soumis \u00e0 des frais suppl\u00e9mentaires.<\/p>\n<p><strong>Q : Puis-je utiliser ma propre police d'assurance pour louer une voiture ?<\/strong><br \/>\nR : Oui, mais veillez \u00e0 nous en informer \u00e0 l'avance afin que nous puissions adapter le contrat de location en cons\u00e9quence.<\/p>\n<p><strong>Q\u00a0: Y a-t-il des restrictions quant \u00e0 l&#039;endroit o\u00f9 je peux prendre la voiture de location\u00a0?<\/strong><br \/>\nR : En r\u00e8gle g\u00e9n\u00e9rale, nos voitures ne sont autoris\u00e9es qu'\u00e0 l'int\u00e9rieur des fronti\u00e8res de l'\u00c9tat du Wisconsin. Si vous pr\u00e9voyez de franchir les fronti\u00e8res de l'\u00c9tat ou de vous rendre \u00e0 l'\u00e9tranger, veuillez nous en informer \u00e0 l'avance.<\/p>\n<p>Avec ce guide ultime de la location de voiture \u00e0 Madison WI par rental-car.company, vous \u00eates maintenant \u00e9quip\u00e9 de toutes les informations n\u00e9cessaires pour une exp\u00e9rience fluide et agr\u00e9able. Alors, qu'attendez-vous ? Louez une voiture \u00e0 Madison et commencez \u00e0 explorer cette belle ville d\u00e8s aujourd'hui !<\/p>\n<\/div>","protected":false},"excerpt":{"rendered":"<p>Car rental services have become an essential part of travel, especially in cities like Madison, WI. With its beautiful lakes, vibrant culture, and historic landmarks, Madison is a popular tourist destination all year round. And what better way to explore this city than by renting a car? In this guide, we will dive into the [&hellip;]<\/p>\n","protected":false},"author":1,"featured_media":2374,"parent":0,"menu_order":0,"comment_status":"closed","ping_status":"closed","template":"","meta":{"rs_blank_template":"","rs_page_bg_color":"","slide_template_v7":"","footnotes":""},"categories":[1],"tags":[],"class_list":["post-2372","page","type-page","status-publish","has-post-thumbnail","hentry","category-blog"],"_links":{"self":[{"href":"https:\/\/rental-car.company\/fr\/wp-json\/wp\/v2\/pages\/2372","targetHints":{"allow":["GET"]}}],"collection":[{"href":"https:\/\/rental-car.company\/fr\/wp-json\/wp\/v2\/pages"}],"about":[{"href":"https:\/\/rental-car.company\/fr\/wp-json\/wp\/v2\/types\/page"}],"author":[{"embeddable":true,"href":"https:\/\/rental-car.company\/fr\/wp-json\/wp\/v2\/users\/1"}],"replies":[{"embeddable":true,"href":"https:\/\/rental-car.company\/fr\/wp-json\/wp\/v2\/comments?post=2372"}],"version-history":[{"count":0,"href":"https:\/\/rental-car.company\/fr\/wp-json\/wp\/v2\/pages\/2372\/revisions"}],"wp:featuredmedia":[{"embeddable":true,"href":"https:\/\/rental-car.company\/fr\/wp-json\/wp\/v2\/media\/2374"}],"wp:attachment":[{"href":"https:\/\/rental-car.company\/fr\/wp-json\/wp\/v2\/media?parent=2372"}],"wp:term":[{"taxonomy":"category","embeddable":true,"href":"https:\/\/rental-car.company\/fr\/wp-json\/wp\/v2\/categories?post=2372"},{"taxonomy":"post_tag","embeddable":true,"href":"https:\/\/rental-car.company\/fr\/wp-json\/wp\/v2\/tags?post=2372"}],"curies":[{"name":"wp","href":"https:\/\/api.w.org\/{rel}","templated":true}]}}