{"id":2545,"date":"2024-07-24T09:10:06","date_gmt":"2024-07-24T09:10:06","guid":{"rendered":"https:\/\/rental-car.company\/?page_id=2545"},"modified":"2024-07-24T09:10:06","modified_gmt":"2024-07-24T09:10:06","slug":"entreprise-aeroport-de-las-vegas","status":"publish","type":"page","link":"https:\/\/rental-car.company\/fr\/entreprise-aeroport-de-las-vegas\/","title":{"rendered":"Enterprise Las Vegas Airport : Votre guide ultime"},"content":{"rendered":"<div class=\"wpb-content-wrapper\"><h2>Enterprise Rental Car \u00e0 l'a\u00e9roport de Las Vegas<\/h2>\n<p>Si vous pr\u00e9voyez de vous rendre \u00e0 Las Vegas, il y a de fortes chances que vous arriviez \u00e0 l'a\u00e9roport international McCarran. Cet a\u00e9roport \u00e9tant l'un des plus fr\u00e9quent\u00e9s au monde, il peut \u00eatre difficile de s'y retrouver. Cependant, gr\u00e2ce aux services de location de voitures Enterprise situ\u00e9s \u00e0 proximit\u00e9 de l'a\u00e9roport, votre exp\u00e9rience de voyage vient d'\u00eatre facilit\u00e9e.<\/p>\n<div class=\"vc_row wpb_row vc_row-fluid\"><div class=\"wpb_column vc_column_container vc_col-sm-12\"><div class=\"vc_column-inner\"><div class=\"wpb_wrapper\">\n\t<div class=\"wpb_text_column wpb_content_element\" >\n\t\t<div class=\"wpb_wrapper\">\n\t\t\t<p><script id=\"dchwidget\" src=\"https:\/\/www.discovercars.com\/wg.js\" async=\"\" data-dev-env=\"com\" data-location=\"\" data-lang=\"en\" data-utm-source=\"malina\" data-utm-medium=\"widget\" data-aff-code=\"a_aid\" data-autocomplete=\"on\" data-style-submit-bg-color=\"00A200\" data-style-submit-font-color=\"white\" data-style-form-bg-color=\"FAD130\" data-style-form-font-color=\"333\" data-style-submit-text=\"Search now\"><\/script><\/p>\n\n\t\t<\/div>\n\t<\/div>\n<\/div><\/div><\/div><\/div>\n<p>&nbsp;<\/p>\n<h2>D\u00e9couvrez Enterprise Las Vegas Airport<\/h2>\n<p><img loading=\"lazy\" decoding=\"async\" class=\"alignleft\" src=\"\/wp-content\/uploads\/images\/rent_car_653.png\" alt=\"entreprise a\u00e9roport de las vegas\" width=\"350\" height=\"350\" \/><\/p>\n<p>Enterprise est un nom connu et reconnu dans le secteur de la location de voitures. Avec plus de 60 ans d'exp\u00e9rience et plus de 7 600 agences dans le monde, il n'est pas surprenant qu'Enterprise se soit impos\u00e9 comme un choix de premier ordre pour les voyageurs. Et lorsqu'il s'agit de louer une voiture \u00e0 l'a\u00e9roport de Las Vegas, Enterprise ne fait pas exception.<\/p>\n<p>\u00c0 l'a\u00e9roport international McCarran, Enterprise propose un large choix de v\u00e9hicules, notamment des voitures \u00e9conomiques, des SUV, des voitures de luxe et bien plus encore. Gr\u00e2ce \u00e0 leur emplacement pratique au Terminal 1 et au Rent-A-Car Center du Terminal 3, il n'a jamais \u00e9t\u00e9 aussi facile de prendre votre voiture de location.<\/p>\n<h3>Les pros<\/h3>\n<p>- Emplacement pratique : Gr\u00e2ce \u00e0 leur pr\u00e9sence dans les terminaux de l'a\u00e9roport, vous n'avez pas besoin de transport suppl\u00e9mentaire pour r\u00e9cup\u00e9rer votre voiture de location.<br \/>\n- Large choix de v\u00e9hicules : Que vous voyagiez seul ou en groupe, Enterprise a un v\u00e9hicule pour chaque type de voyageur.<br \/>\n- Des tarifs abordables : Par rapport \u00e0 d'autres soci\u00e9t\u00e9s de location de voitures situ\u00e9es \u00e0 l'a\u00e9roport, Enterprise propose des prix comp\u00e9titifs qui ne gr\u00e8veront pas votre budget.<br \/>\n- Un excellent service client : Connue pour son service client\u00e8le exceptionnel et ses politiques sans tracas, la location aupr\u00e8s d'Enterprise est toujours une exp\u00e9rience agr\u00e9able.<\/p>\n<h3>Les inconv\u00e9nients<\/h3>\n<p>- Temps d'attente prolong\u00e9s pendant la haute saison : En raison de la forte demande pendant la haute saison \u00e0 Las Vegas (comme les vacances ou les grands \u00e9v\u00e9nements), il peut y avoir des temps d'attente plus longs pour prendre votre voiture de location.<br \/>\n- Options limit\u00e9es pour les locations \u00e0 sens unique : Si vous pr\u00e9voyez de d\u00e9poser votre voiture de location \u00e0 un autre endroit, les options sont limit\u00e9es avec Enterprise \u00e0 l'a\u00e9roport de Las Vegas.<\/p>\n<h4>Questions fr\u00e9quemment pos\u00e9es<\/h4>\n<h4>Q : Puis-je louer une voiture chez Enterprise sans carte de cr\u00e9dit ?<\/h4>\n<p>R : Oui, Enterprise accepte les cartes de d\u00e9bit comme mode de paiement. Toutefois, des conditions suppl\u00e9mentaires peuvent s'appliquer.<\/p>\n<h4>Q : Y a-t-il une limite d'\u00e2ge pour louer aupr\u00e8s d'Enterprise \u00e0 l'a\u00e9roport de Las Vegas ?<\/h4>\n<p>R : Oui, l'\u00e2ge minimum pour louer une voiture chez Enterprise est de 21 ans. Les conducteurs \u00e2g\u00e9s de 21 \u00e0 24 ans peuvent \u00eatre soumis \u00e0 des frais suppl\u00e9mentaires.<\/p>\n<h4>Q : Puis-je ajouter des conducteurs suppl\u00e9mentaires \u00e0 ma voiture de location ?<\/h4>\n<p><img loading=\"lazy\" decoding=\"async\" class=\"alignright\" src=\"\/wp-content\/uploads\/images\/rent_car_1150.png\" alt=\"entreprise a\u00e9roport de las vegas\" width=\"350\" height=\"350\" \/><\/p>\n<p>R : Oui, vous pouvez ajouter des conducteurs suppl\u00e9mentaires moyennant un suppl\u00e9ment. Tous les conducteurs doivent avoir les m\u00eames qualifications que le conducteur principal et \u00eatre pr\u00e9sents au moment de la prise en charge.<\/p>\n<p>En gardant \u00e0 l'esprit ces questions fr\u00e9quemment pos\u00e9es, la location aupr\u00e8s d'Enterprise \u00e0 l'a\u00e9roport de Las Vegas est simple et sans tracas.<\/p>\n<p>En conclusion, si vous recherchez des services de location de voitures fiables et pratiques \u00e0 l'a\u00e9roport international McCarran, ne cherchez pas plus loin qu'Enterprise. Avec leur large s\u00e9lection de v\u00e9hicules et leur excellent service client, votre exp\u00e9rience de voyage sera fluide et sans stress. R\u00e9servez d\u00e8s maintenant votre prochaine voiture de location aupr\u00e8s d'Enterprise Las Vegas Airport !<\/p>\n<\/div>","protected":false},"excerpt":{"rendered":"<p>Enterprise Rental Car at Las Vegas Airport If you&#8217;re planning a trip to Las Vegas, chances are you&#8217;ll be arriving at the McCarran International Airport. As one of the busiest airports in the world, navigating through this massive airport can be overwhelming. However, with Enterprise rental car services conveniently located at the airport, your travel [&hellip;]<\/p>\n","protected":false},"author":1,"featured_media":2547,"parent":0,"menu_order":0,"comment_status":"closed","ping_status":"closed","template":"","meta":{"rs_blank_template":"","rs_page_bg_color":"","slide_template_v7":"","footnotes":""},"categories":[1],"tags":[],"class_list":["post-2545","page","type-page","status-publish","has-post-thumbnail","hentry","category-blog"],"_links":{"self":[{"href":"https:\/\/rental-car.company\/fr\/wp-json\/wp\/v2\/pages\/2545","targetHints":{"allow":["GET"]}}],"collection":[{"href":"https:\/\/rental-car.company\/fr\/wp-json\/wp\/v2\/pages"}],"about":[{"href":"https:\/\/rental-car.company\/fr\/wp-json\/wp\/v2\/types\/page"}],"author":[{"embeddable":true,"href":"https:\/\/rental-car.company\/fr\/wp-json\/wp\/v2\/users\/1"}],"replies":[{"embeddable":true,"href":"https:\/\/rental-car.company\/fr\/wp-json\/wp\/v2\/comments?post=2545"}],"version-history":[{"count":0,"href":"https:\/\/rental-car.company\/fr\/wp-json\/wp\/v2\/pages\/2545\/revisions"}],"wp:featuredmedia":[{"embeddable":true,"href":"https:\/\/rental-car.company\/fr\/wp-json\/wp\/v2\/media\/2547"}],"wp:attachment":[{"href":"https:\/\/rental-car.company\/fr\/wp-json\/wp\/v2\/media?parent=2545"}],"wp:term":[{"taxonomy":"category","embeddable":true,"href":"https:\/\/rental-car.company\/fr\/wp-json\/wp\/v2\/categories?post=2545"},{"taxonomy":"post_tag","embeddable":true,"href":"https:\/\/rental-car.company\/fr\/wp-json\/wp\/v2\/tags?post=2545"}],"curies":[{"name":"wp","href":"https:\/\/api.w.org\/{rel}","templated":true}]}}