{"id":2743,"date":"2024-07-25T20:05:51","date_gmt":"2024-07-25T20:05:51","guid":{"rendered":"https:\/\/rental-car.company\/?page_id=2743"},"modified":"2024-07-25T20:05:51","modified_gmt":"2024-07-25T20:05:51","slug":"location-de-voiture-norfolk-va","status":"publish","type":"page","link":"https:\/\/rental-car.company\/fr\/location-de-voiture-norfolk-va\/","title":{"rendered":"Location de voiture Norfolk VA : Votre guide pour explorer la ville c\u00f4ti\u00e8re"},"content":{"rendered":"<div class=\"wpb-content-wrapper\"><h2>Louer une voiture \u00e0 Norfolk VA : Ce qu'il faut savoir<\/h2>\n<p>Vous pr\u00e9voyez de vous rendre \u00e0 Norfolk, en Virginie ? Si c'est le cas, l'une des premi\u00e8res choses \u00e0 envisager est de louer une voiture. Avec ses plages magnifiques, ses sites historiques et sa culture dynamique, cette ville c\u00f4ti\u00e8re a beaucoup \u00e0 offrir aux voyageurs. En louant une voiture \u00e0 Norfolk VA, vous aurez la libert\u00e9 et la flexibilit\u00e9 d'explorer tout ce que cette charmante ville a \u00e0 offrir \u00e0 votre propre rythme.<\/p>\n<div class=\"vc_row wpb_row vc_row-fluid\"><div class=\"wpb_column vc_column_container vc_col-sm-12\"><div class=\"vc_column-inner\"><div class=\"wpb_wrapper\">\n\t<div class=\"wpb_text_column wpb_content_element\" >\n\t\t<div class=\"wpb_wrapper\">\n\t\t\t<p><script id=\"dchwidget\" src=\"https:\/\/www.discovercars.com\/wg.js\" async=\"\" data-dev-env=\"com\" data-location=\"\" data-lang=\"en\" data-utm-source=\"malina\" data-utm-medium=\"widget\" data-aff-code=\"a_aid\" data-autocomplete=\"on\" data-style-submit-bg-color=\"00A200\" data-style-submit-font-color=\"white\" data-style-form-bg-color=\"FAD130\" data-style-form-font-color=\"333\" data-style-submit-text=\"Search now\"><\/script><\/p>\n\n\t\t<\/div>\n\t<\/div>\n<\/div><\/div><\/div><\/div>\n<p>&nbsp;<\/p>\n<h2>Discover Car Rental Norfolk VA<\/h2>\n<p><img loading=\"lazy\" decoding=\"async\" class=\"alignleft\" src=\"\/wp-content\/uploads\/images\/rent_car_646.png\" alt=\"location de voiture norfolk va\" width=\"350\" height=\"350\" \/><\/p>\n<p>Norfolk est situ\u00e9e sur la c\u00f4te sud-est de la Virginie et est connue pour sa riche histoire et ses magnifiques vues sur le front de mer. Elle abrite \u00e9galement plusieurs bases militaires et est une importante ville portuaire. Il y a tant de choses \u00e0 voir et \u00e0 faire \u00e0 Norfolk que le fait d'avoir votre propre voiture de location vous permettra de tout d\u00e9couvrir.<\/p>\n<p>Si vous arrivez \u00e0 l'a\u00e9roport international de Norfolk (ORF), vous trouverez plusieurs soci\u00e9t\u00e9s de location de voitures \u00e0 l'a\u00e9roport. Il s'agit notamment de marques connues telles que Hertz, Avis, Enterprise, Budget, etc. Vous pouvez \u00e9galement trouver des options de location de voitures dans toute la ville, notamment dans le centre-ville et \u00e0 proximit\u00e9 des attractions touristiques les plus populaires.<\/p>\n<h3>Mots-cl\u00e9s connexes pour Location de voitures Norfolk VA :<\/h3>\n<ul>\n<li>Location de voitures \u00e0 Norfolk VA<\/li>\n<li>Louer une voiture \u00e0 Norfolk<\/li>\n<li>Location de voitures \u00e0 Norfolk<\/li>\n<li>Location de voiture \u00e0 Norfolk VA<\/li>\n<li>Soci\u00e9t\u00e9s de location de voitures \u00e0 Norfolk<\/li>\n<li>Location de voitures \u00e0 proximit\u00e9 de l'a\u00e9roport ORF<\/li>\n<li>Meilleures offres pour la location d'une voiture \u00e0 Norfolk<\/li>\n<ul>\n<h4>Avantages de la location d'une voiture \u00e0 Norfolk VA :<\/h4>\n<ul>\n<li>Acc\u00e8s pratique \u00e0 plusieurs sites dans le Norfolk et les r\u00e9gions avoisinantes<\/li>\n<li>Libert\u00e9 de cr\u00e9er son propre itin\u00e9raire et d'explorer \u00e0 son rythme<\/li>\n<li>Plus rentable que les taxis ou les transports en commun<\/li>\n<li>Possibilit\u00e9 de conduire le long de la c\u00f4te pittoresque de la Virginie<\/li>\n<ul>\n<h4>Les inconv\u00e9nients de la location de voiture \u00e0 Norfolk VA :<\/h4>\n<ul>\n<li>Possibilit\u00e9 de frais suppl\u00e9mentaires tels que l'assurance, l'essence et les p\u00e9ages<\/li>\n<li>Pour certains conducteurs, il peut \u00eatre difficile de s'orienter sur des routes et dans un trafic qu'ils ne connaissent pas.<\/li>\n<ul>\n<h4>Questions fr\u00e9quemment pos\u00e9es sur la location de voiture Norfolk VA :<\/h4>\n<p><img loading=\"lazy\" decoding=\"async\" class=\"alignright\" src=\"\/wp-content\/uploads\/images\/rent_car_1058.png\" alt=\"location de voiture norfolk va\" width=\"350\" height=\"350\" \/><\/p>\n<p><strong>Q : Quel \u00e2ge dois-je avoir pour louer une voiture \u00e0 Norfolk VA ?<\/strong><br \/>\nR : L'\u00e2ge minimum requis pour louer une voiture \u00e0 Norfolk est g\u00e9n\u00e9ralement compris entre 21 et 25 ans, selon la soci\u00e9t\u00e9 de location. Les conducteurs de moins de 25 ans peuvent \u00eatre soumis \u00e0 des frais suppl\u00e9mentaires.<\/p>\n<p><strong>Q : De quel type de permis de conduire ai-je besoin pour louer une voiture \u00e0 Norfolk VA ?<\/strong><br \/>\nR : Vous aurez besoin d'un permis de conduire valide de votre pays d'origine ou de votre \u00c9tat. Les conducteurs internationaux peuvent \u00e9galement avoir besoin d'un permis de conduire international.<\/p>\n<p><strong>Q : Y a-t-il des restrictions sur les endroits o\u00f9 je peux conduire ma voiture de location \u00e0 Norfolk VA ?<\/strong><br \/>\nR : La plupart des soci\u00e9t\u00e9s de location vous permettent de conduire en Virginie et dans les \u00c9tats voisins sans frais suppl\u00e9mentaires. Cependant, certaines soci\u00e9t\u00e9s peuvent imposer des restrictions sur la conduite au Canada ou au Mexique.<\/p>\n<p><strong>Q : Ai-je besoin d'une assurance pour louer une voiture \u00e0 Norfolk VA ?<\/strong><br \/>\nR : La plupart des soci\u00e9t\u00e9s de location proposent des options d'assurance moyennant un suppl\u00e9ment. Votre assurance automobile personnelle peut \u00e9galement fournir une couverture, il est donc pr\u00e9f\u00e9rable de v\u00e9rifier aupr\u00e8s de votre fournisseur avant de souscrire une assurance par l'interm\u00e9diaire de la soci\u00e9t\u00e9 de location.<\/p>\n<h2>Louez une voiture et explorez Norfolk VA d\u00e8s aujourd'hui !<\/h2>\n<p>Ne manquez pas tout ce que Norfolk a \u00e0 offrir. Avec une voiture de location, vous pouvez facilement visiter les principales attractions telles que le Virginia Zoo, le Nauticus Maritime Museum et le c\u00e9l\u00e8bre Battleship Wisconsin. Vous pouvez \u00e9galement faire une promenade pittoresque le long de la baie de Chesapeake et profiter des plus belles plages de Virginie.<\/p>\n<p>Alors pourquoi attendre ? Louez une voiture \u00e0 Norfolk VA aujourd'hui et d\u00e9couvrez cette charmante ville c\u00f4ti\u00e8re par vous-m\u00eame. Avec ses emplacements pratiques, ses prix abordables et ses innombrables possibilit\u00e9s d'aventure, la location d'une voiture est le meilleur moyen d'explorer Norfolk lors de votre prochain voyage.<\/p>\n<\/div>","protected":false},"excerpt":{"rendered":"<p>Renting a Car in Norfolk VA: What You Need to Know Are you planning a trip to Norfolk, Virginia? If so, one of the first things you should consider is renting a car. With its beautiful beaches, historic sites, and vibrant culture, this coastal city has plenty to offer for travelers. By renting a car [&hellip;]<\/p>\n","protected":false},"author":1,"featured_media":2745,"parent":0,"menu_order":0,"comment_status":"closed","ping_status":"closed","template":"","meta":{"rs_blank_template":"","rs_page_bg_color":"","slide_template_v7":"","footnotes":""},"categories":[1],"tags":[],"class_list":["post-2743","page","type-page","status-publish","has-post-thumbnail","hentry","category-blog"],"_links":{"self":[{"href":"https:\/\/rental-car.company\/fr\/wp-json\/wp\/v2\/pages\/2743","targetHints":{"allow":["GET"]}}],"collection":[{"href":"https:\/\/rental-car.company\/fr\/wp-json\/wp\/v2\/pages"}],"about":[{"href":"https:\/\/rental-car.company\/fr\/wp-json\/wp\/v2\/types\/page"}],"author":[{"embeddable":true,"href":"https:\/\/rental-car.company\/fr\/wp-json\/wp\/v2\/users\/1"}],"replies":[{"embeddable":true,"href":"https:\/\/rental-car.company\/fr\/wp-json\/wp\/v2\/comments?post=2743"}],"version-history":[{"count":0,"href":"https:\/\/rental-car.company\/fr\/wp-json\/wp\/v2\/pages\/2743\/revisions"}],"wp:featuredmedia":[{"embeddable":true,"href":"https:\/\/rental-car.company\/fr\/wp-json\/wp\/v2\/media\/2745"}],"wp:attachment":[{"href":"https:\/\/rental-car.company\/fr\/wp-json\/wp\/v2\/media?parent=2743"}],"wp:term":[{"taxonomy":"category","embeddable":true,"href":"https:\/\/rental-car.company\/fr\/wp-json\/wp\/v2\/categories?post=2743"},{"taxonomy":"post_tag","embeddable":true,"href":"https:\/\/rental-car.company\/fr\/wp-json\/wp\/v2\/tags?post=2743"}],"curies":[{"name":"wp","href":"https:\/\/api.w.org\/{rel}","templated":true}]}}