{"id":2760,"date":"2024-07-25T23:14:31","date_gmt":"2024-07-25T23:14:31","guid":{"rendered":"https:\/\/rental-car.company\/?page_id=2760"},"modified":"2024-07-25T23:14:31","modified_gmt":"2024-07-25T23:14:31","slug":"peut-on-louer-une-voiture-pour-quelquun-dautre","status":"publish","type":"page","link":"https:\/\/rental-car.company\/fr\/peut-on-louer-une-voiture-pour-quelquun-dautre\/","title":{"rendered":"Pouvez-vous louer une voiture pour quelqu'un d'autre ? - Comprendre la proc\u00e9dure"},"content":{"rendered":"<div class=\"wpb-content-wrapper\"><h2>Louer une voiture pour quelqu'un d'autre : comment cela fonctionne-t-il ?<\/h2>\n<p>Si vous avez d\u00e9j\u00e0 eu besoin de louer une voiture pour quelqu'un d'autre, que ce soit pour un membre de votre famille, un ami ou un coll\u00e8gue, vous vous \u00eates peut-\u00eatre demand\u00e9 si c'\u00e9tait possible et comment la proc\u00e9dure se d\u00e9roulait. La bonne nouvelle est que oui, vous pouvez louer une voiture pour quelqu'un d'autre. De nombreuses soci\u00e9t\u00e9s de location de voitures autorisent ce service \u00e0 condition que certaines conditions soient remplies.<\/p>\n<div class=\"vc_row wpb_row vc_row-fluid\"><div class=\"wpb_column vc_column_container vc_col-sm-12\"><div class=\"vc_column-inner\"><div class=\"wpb_wrapper\">\n\t<div class=\"wpb_text_column wpb_content_element\" >\n\t\t<div class=\"wpb_wrapper\">\n\t\t\t<p><script id=\"dchwidget\" src=\"https:\/\/www.discovercars.com\/wg.js\" async=\"\" data-dev-env=\"com\" data-location=\"\" data-lang=\"en\" data-utm-source=\"malina\" data-utm-medium=\"widget\" data-aff-code=\"a_aid\" data-autocomplete=\"on\" data-style-submit-bg-color=\"00A200\" data-style-submit-font-color=\"white\" data-style-form-bg-color=\"FAD130\" data-style-form-font-color=\"333\" data-style-submit-text=\"Search now\"><\/script><\/p>\n\n\t\t<\/div>\n\t<\/div>\n<\/div><\/div><\/div><\/div>\n<p>&nbsp;<\/p>\n<h2>D\u00e9couvrez si vous pouvez louer une voiture pour quelqu'un d'autre<\/h2>\n<p><img loading=\"lazy\" decoding=\"async\" class=\"alignleft\" src=\"\/wp-content\/uploads\/images\/rent_car_1495.png\" alt=\"Peut-on louer une voiture pour quelqu&#039;un d&#039;autre ?\" width=\"350\" height=\"350\" \/><\/p>\n<p>Il existe plusieurs cas de figure o\u00f9 la location d'une voiture pour quelqu'un d'autre peut s'av\u00e9rer n\u00e9cessaire. Par exemple, si vos parents \u00e2g\u00e9s sont en visite et ont besoin d'un moyen de transport pendant leur s\u00e9jour, ou si votre ami vient de l'ext\u00e9rieur de la ville et a besoin d'une voiture pour se d\u00e9placer. Dans ces situations, louer une voiture pour eux peut leur faire gagner du temps et leur \u00e9pargner des tracas.<\/p>\n<h3>Conditions pour louer une voiture pour quelqu'un d'autre<\/h3>\n<p>Avant de commencer \u00e0 louer une voiture pour quelqu'un d'autre, n'oubliez pas de vous renseigner sur les politiques et les exigences de l'entreprise de location de voitures. D'une mani\u00e8re g\u00e9n\u00e9rale, voici quelques exigences communes \u00e0 la plupart des soci\u00e9t\u00e9s de location :<\/p>\n<p>- Le locataire doit \u00eatre \u00e2g\u00e9 d'au moins 21 ans (ou 25 ans dans certains \u00c9tats) et poss\u00e9der un permis de conduire valide.<br \/>\n- La personne qui vient chercher la voiture doit pr\u00e9senter son permis de conduire au moment de la prise en charge.<br \/>\n- Une carte de cr\u00e9dit au nom du locataire sera exig\u00e9e pour le paiement de tous les frais ou dommages li\u00e9s \u00e0 la location.<\/p>\n<p>Il est important de noter que certaines soci\u00e9t\u00e9s de location peuvent \u00e9galement exiger des documents suppl\u00e9mentaires tels qu'une preuve d'assurance ou un formulaire suppl\u00e9mentaire rempli par les deux parties concern\u00e9es.<\/p>\n<h3>Les avantages et les inconv\u00e9nients de la location d'une voiture pour quelqu'un d'autre<\/h3>\n<p>Comme pour tout autre service ou arrangement, il y a des avantages et des inconv\u00e9nients \u00e0 louer une voiture pour quelqu'un d'autre.<\/p>\n<p>Pour :<br \/>\n- Commodit\u00e9 pour la personne qui utilise la voiture de location<br \/>\n- Peut faire gagner du temps et de l'argent par rapport \u00e0 d'autres moyens de transport<br \/>\n- Permet d'aider un ami ou un membre de la famille dans le besoin<\/p>\n<p>Cons :<br \/>\n- Responsabilit\u00e9 suppl\u00e9mentaire du locataire en cas de dommages ou de frais.<br \/>\n- Peut n\u00e9cessiter un surcro\u00eet de travail administratif et de communication entre toutes les parties concern\u00e9es.<br \/>\n- Peut \u00eatre plus cher si des conducteurs suppl\u00e9mentaires sont ajout\u00e9s au contrat de location.<\/p>\n<h4>Questions fr\u00e9quemment pos\u00e9es<\/h4>\n<p><img loading=\"lazy\" decoding=\"async\" class=\"alignright\" src=\"\/wp-content\/uploads\/images\/rent_car_555.png\" alt=\"Peut-on louer une voiture pour quelqu&#039;un d&#039;autre ?\" width=\"350\" height=\"350\" \/><\/p>\n<p>Voici quelques questions courantes sur la location d'une voiture pour quelqu'un d'autre :<\/p>\n<p>Q : Puis-je ajouter un conducteur suppl\u00e9mentaire \u00e0 mon contrat de location ?<br \/>\nR : Oui, la plupart des soci\u00e9t\u00e9s de location vous permettent d'ajouter un conducteur suppl\u00e9mentaire, \u00e0 condition qu'il remplisse les conditions requises.<\/p>\n<p>Q : Ai-je besoin d'une assurance lorsque je loue une voiture pour quelqu'un d'autre ?<br \/>\nR : Cela d\u00e9pend de l'entreprise de location. Certains peuvent exiger une preuve d'assurance des deux parties, tandis que d'autres peuvent fournir leur propre couverture d'assurance.<\/p>\n<p>Q : Que se passe-t-il si la voiture est endommag\u00e9e pendant la p\u00e9riode de location ?<br \/>\nR : Le locataire est responsable de tous les dommages ou frais li\u00e9s \u00e0 la location. Il est important d'en discuter avec les deux parties avant d'accepter de louer une voiture pour quelqu'un d'autre.<\/p>\n<p>En conclusion, il est possible et relativement facile de louer une voiture pour quelqu'un d'autre. Veillez simplement \u00e0 vous renseigner au pr\u00e9alable aupr\u00e8s de la soci\u00e9t\u00e9 de location de voitures de votre choix sur ses politiques et exigences sp\u00e9cifiques. Avec une communication et une documentation ad\u00e9quates, cette option peut s'av\u00e9rer pratique et b\u00e9n\u00e9fique pour toutes les parties concern\u00e9es.<\/p>\n<\/div>","protected":false},"excerpt":{"rendered":"<p>Renting a Car for Someone Else: How Does it Work? If you&#8217;ve ever needed to rent a car for someone else, whether it&#8217;s for a family member, friend, or colleague, you may have wondered if it&#8217;s possible and how the process works. The good news is that yes, you can indeed rent a car for [&hellip;]<\/p>\n","protected":false},"author":1,"featured_media":2762,"parent":0,"menu_order":0,"comment_status":"closed","ping_status":"closed","template":"","meta":{"rs_blank_template":"","rs_page_bg_color":"","slide_template_v7":"","footnotes":""},"categories":[1],"tags":[],"class_list":["post-2760","page","type-page","status-publish","has-post-thumbnail","hentry","category-blog"],"_links":{"self":[{"href":"https:\/\/rental-car.company\/fr\/wp-json\/wp\/v2\/pages\/2760","targetHints":{"allow":["GET"]}}],"collection":[{"href":"https:\/\/rental-car.company\/fr\/wp-json\/wp\/v2\/pages"}],"about":[{"href":"https:\/\/rental-car.company\/fr\/wp-json\/wp\/v2\/types\/page"}],"author":[{"embeddable":true,"href":"https:\/\/rental-car.company\/fr\/wp-json\/wp\/v2\/users\/1"}],"replies":[{"embeddable":true,"href":"https:\/\/rental-car.company\/fr\/wp-json\/wp\/v2\/comments?post=2760"}],"version-history":[{"count":0,"href":"https:\/\/rental-car.company\/fr\/wp-json\/wp\/v2\/pages\/2760\/revisions"}],"wp:featuredmedia":[{"embeddable":true,"href":"https:\/\/rental-car.company\/fr\/wp-json\/wp\/v2\/media\/2762"}],"wp:attachment":[{"href":"https:\/\/rental-car.company\/fr\/wp-json\/wp\/v2\/media?parent=2760"}],"wp:term":[{"taxonomy":"category","embeddable":true,"href":"https:\/\/rental-car.company\/fr\/wp-json\/wp\/v2\/categories?post=2760"},{"taxonomy":"post_tag","embeddable":true,"href":"https:\/\/rental-car.company\/fr\/wp-json\/wp\/v2\/tags?post=2760"}],"curies":[{"name":"wp","href":"https:\/\/api.w.org\/{rel}","templated":true}]}}