{"id":2793,"date":"2024-07-26T05:05:37","date_gmt":"2024-07-26T05:05:37","guid":{"rendered":"https:\/\/rental-car.company\/?page_id=2793"},"modified":"2024-07-26T05:05:37","modified_gmt":"2024-07-26T05:05:37","slug":"location-dun-vehicule-denfer","status":"publish","type":"page","link":"https:\/\/rental-car.company\/fr\/location-dun-vehicule-denfer\/","title":{"rendered":"Location d'un Hellcat - Le guide ultime de la location d'un Hellcat"},"content":{"rendered":"<div class=\"wpb-content-wrapper\"><h2>Les tenants et les aboutissants de la location de Hellcat<\/h2>\n<p>Si vous \u00eates un passionn\u00e9 d'automobile, il y a de fortes chances que vous ayez entendu parler de la tristement c\u00e9l\u00e8bre Dodge Challenger SRT Hellcat. Avec son moteur puissant et son design embl\u00e9matique, cette voiture est devenue un symbole des muscle cars am\u00e9ricaines. Et maintenant, gr\u00e2ce \u00e0 rental-car.company, vous pouvez vivre le frisson de la conduite d'une Hellcat sans vous ruiner. Dans ce guide, nous vous expliquons tout ce que vous devez savoir sur la location d'une Hellcat.<\/p>\n<div class=\"vc_row wpb_row vc_row-fluid\"><div class=\"wpb_column vc_column_container vc_col-sm-12\"><div class=\"vc_column-inner\"><div class=\"wpb_wrapper\">\n\t<div class=\"wpb_text_column wpb_content_element\" >\n\t\t<div class=\"wpb_wrapper\">\n\t\t\t<p><script id=\"dchwidget\" src=\"https:\/\/www.discovercars.com\/wg.js\" async=\"\" data-dev-env=\"com\" data-location=\"\" data-lang=\"en\" data-utm-source=\"malina\" data-utm-medium=\"widget\" data-aff-code=\"a_aid\" data-autocomplete=\"on\" data-style-submit-bg-color=\"00A200\" data-style-submit-font-color=\"white\" data-style-form-bg-color=\"FAD130\" data-style-form-font-color=\"333\" data-style-submit-text=\"Search now\"><\/script><\/p>\n\n\t\t<\/div>\n\t<\/div>\n<\/div><\/div><\/div><\/div>\n<p>&nbsp;<\/p>\n<h2>D\u00e9couvrez la location de Hellcat<\/h2>\n<p><img loading=\"lazy\" decoding=\"async\" class=\"alignleft\" src=\"\/wp-content\/uploads\/images\/rent_car_218.png\" alt=\"location d&#039;un v\u00e9hicule d&#039;enfer\" width=\"350\" height=\"350\" \/><\/p>\n<p>Chez rental-car.company, nous proposons une vaste gamme de voitures de luxe et exotiques \u00e0 louer, dont la Dodge Challenger SRT Hellcat. Nos Hellcats sont disponibles en location \u00e0 la journ\u00e9e ou \u00e0 la semaine, ce qui permet \u00e0 tout un chacun de d\u00e9couvrir la puissance et l'excitation de cette voiture embl\u00e9matique.<\/p>\n<p>Que vous planifiez une occasion sp\u00e9ciale ou que vous souhaitiez simplement vous offrir une exp\u00e9rience de conduite inoubliable, nos Hellcats ne manqueront pas d'impressionner. Avec leur ext\u00e9rieur accrocheur et leur moteur rugissant, ces voitures ne manqueront pas de faire tourner les t\u00eates sur la route.<\/p>\n<h3>Le processus - Comment cela fonctionne-t-il ?<\/h3>\n<p>Louer un Hellcat aupr\u00e8s de rental-car.company est simple et sans souci. Tout ce dont vous avez besoin, c'est d'un permis de conduire valide et d'une couverture d'assurance. Une fois votre r\u00e9servation confirm\u00e9e, il ne vous reste plus qu'\u00e0 r\u00e9cup\u00e9rer la voiture de vos r\u00eaves dans l'une de nos agences.<\/p>\n<p>L'\u00e9quipe de rental-car.company prend soin de maintenir ses v\u00e9hicules en parfait \u00e9tat afin que chaque client puisse profiter de son trajet sans aucun souci. Nous fournissons \u00e9galement une assistance routi\u00e8re 24 heures sur 24 et 7 jours sur 7 en cas de probl\u00e8mes inattendus pendant votre p\u00e9riode de location.<\/p>\n<h3>Avantages \/ inconv\u00e9nients<\/h3>\n<p>Pour :<br \/>\n- Une fa\u00e7on abordable de conduire une voiture de sport haut de gamme<br \/>\n- Pas d'engagement \u00e0 long terme<br \/>\n- Large disponibilit\u00e9 sur plusieurs sites<br \/>\n- Possibilit\u00e9 de louer \u00e0 la journ\u00e9e ou \u00e0 la semaine<br \/>\n- V\u00e9hicules bien entretenus et assistance routi\u00e8re 24 heures sur 24, 7 jours sur 7<\/p>\n<p>Cons :<br \/>\n- Le kilom\u00e9trage limit\u00e9 peut \u00eatre un inconv\u00e9nient pour les longs trajets.<br \/>\n- Peut ne pas convenir \u00e0 des groupes plus importants ou \u00e0 des familles<br \/>\n- Des frais suppl\u00e9mentaires peuvent s'appliquer (par exemple, assurance, retour tardif).<\/p>\n<h3>FAQ<\/h3>\n<p>Q : Peut-on louer un Hellcat aupr\u00e8s de rental-car.company ?<br \/>\nR : Oui, pour autant que vous remplissiez les conditions relatives \u00e0 un permis de conduire valide et \u00e0 une couverture d'assurance.<\/p>\n<p>Q : Combien co\u00fbte la location d'un Hellcat ?<br \/>\nR : Le co\u00fbt varie en fonction de la p\u00e9riode de location et du lieu. Veuillez consulter notre site web pour plus d'informations.<\/p>\n<p>Q : Y a-t-il une limite d'\u00e2ge pour louer un Hellcat ?<br \/>\nR : Oui, l'\u00e2ge minimum requis est de 25 ans. Toutefois, des exceptions peuvent \u00eatre faites moyennant des frais suppl\u00e9mentaires et une preuve d'assurance.<\/p>\n<p>Q : Dois-je remplir le r\u00e9servoir d'essence avant de rendre la voiture ?<br \/>\nR : Oui, nous exigeons que tous les v\u00e9hicules soient restitu\u00e9s avec un r\u00e9servoir d'essence plein. Dans le cas contraire, des frais suppl\u00e9mentaires seront appliqu\u00e9s.<\/p>\n<h4>En conclusion<\/h4>\n<p><img loading=\"lazy\" decoding=\"async\" class=\"alignright\" src=\"\/wp-content\/uploads\/images\/rent_car_1075.png\" alt=\"location d&#039;un v\u00e9hicule d&#039;enfer\" width=\"350\" height=\"350\" \/><\/p>\n<p>Louer une Hellcat chez rental-car.company est un excellent moyen de vivre l'exp\u00e9rience de la conduite de cette muscle car embl\u00e9matique sans grever votre budget. Gr\u00e2ce \u00e0 notre processus simple et \u00e0 nos v\u00e9hicules bien entretenus, vous pouvez profiter de votre voyage sans souci. Alors pourquoi attendre ? R\u00e9servez la voiture de vos r\u00eaves d\u00e8s aujourd'hui et prenez la route avec style !<\/p>\n<\/div>","protected":false},"excerpt":{"rendered":"<p>The Ins and Outs of Hellcat Rental If you&#8217;re a car enthusiast, chances are you&#8217;ve heard of the infamous Dodge Challenger SRT Hellcat. With its powerful engine and iconic design, this car has become a symbol of American muscle cars. And now, thanks to rental-car.company, you can experience the thrill of driving a hellcat without [&hellip;]<\/p>\n","protected":false},"author":1,"featured_media":2299,"parent":0,"menu_order":0,"comment_status":"closed","ping_status":"closed","template":"","meta":{"rs_blank_template":"","rs_page_bg_color":"","slide_template_v7":"","footnotes":""},"categories":[1],"tags":[],"class_list":["post-2793","page","type-page","status-publish","has-post-thumbnail","hentry","category-blog"],"_links":{"self":[{"href":"https:\/\/rental-car.company\/fr\/wp-json\/wp\/v2\/pages\/2793","targetHints":{"allow":["GET"]}}],"collection":[{"href":"https:\/\/rental-car.company\/fr\/wp-json\/wp\/v2\/pages"}],"about":[{"href":"https:\/\/rental-car.company\/fr\/wp-json\/wp\/v2\/types\/page"}],"author":[{"embeddable":true,"href":"https:\/\/rental-car.company\/fr\/wp-json\/wp\/v2\/users\/1"}],"replies":[{"embeddable":true,"href":"https:\/\/rental-car.company\/fr\/wp-json\/wp\/v2\/comments?post=2793"}],"version-history":[{"count":0,"href":"https:\/\/rental-car.company\/fr\/wp-json\/wp\/v2\/pages\/2793\/revisions"}],"wp:featuredmedia":[{"embeddable":true,"href":"https:\/\/rental-car.company\/fr\/wp-json\/wp\/v2\/media\/2299"}],"wp:attachment":[{"href":"https:\/\/rental-car.company\/fr\/wp-json\/wp\/v2\/media?parent=2793"}],"wp:term":[{"taxonomy":"category","embeddable":true,"href":"https:\/\/rental-car.company\/fr\/wp-json\/wp\/v2\/categories?post=2793"},{"taxonomy":"post_tag","embeddable":true,"href":"https:\/\/rental-car.company\/fr\/wp-json\/wp\/v2\/tags?post=2793"}],"curies":[{"name":"wp","href":"https:\/\/api.w.org\/{rel}","templated":true}]}}