{"id":2985,"date":"2024-07-27T16:05:18","date_gmt":"2024-07-27T16:05:18","guid":{"rendered":"https:\/\/rental-car.company\/?page_id=2985"},"modified":"2024-07-27T16:05:18","modified_gmt":"2024-07-27T16:05:18","slug":"location-de-voiture-yuma-az","status":"publish","type":"page","link":"https:\/\/rental-car.company\/fr\/location-de-voiture-yuma-az\/","title":{"rendered":"Location de voiture Yuma AZ - Le moyen id\u00e9al d'explorer la beaut\u00e9 du d\u00e9sert"},"content":{"rendered":"<div class=\"wpb-content-wrapper\"><h2>Louer une voiture \u00e0 Yuma AZ pour une aventure inoubliable<\/h2>\n<p>Vous pr\u00e9voyez de vous rendre dans la belle ville de Yuma, en Arizona ? Situ\u00e9e dans le sud-ouest de l'\u00c9tat, Yuma est connue pour son climat ensoleill\u00e9, son histoire riche et ses paysages d\u00e9sertiques \u00e9poustouflants. Et quel meilleur moyen d'explorer ce joyau que de louer une voiture ? Avec la location de voiture Yuma az, vous pouvez avoir la libert\u00e9 et la flexibilit\u00e9 de d\u00e9couvrir tout ce que cette ville a \u00e0 offrir \u00e0 votre propre rythme.<\/p>\n<div class=\"vc_row wpb_row vc_row-fluid\"><div class=\"wpb_column vc_column_container vc_col-sm-12\"><div class=\"vc_column-inner\"><div class=\"wpb_wrapper\">\n\t<div class=\"wpb_text_column wpb_content_element\" >\n\t\t<div class=\"wpb_wrapper\">\n\t\t\t<p><script id=\"dchwidget\" src=\"https:\/\/www.discovercars.com\/wg.js\" async=\"\" data-dev-env=\"com\" data-location=\"\" data-lang=\"en\" data-utm-source=\"malina\" data-utm-medium=\"widget\" data-aff-code=\"a_aid\" data-autocomplete=\"on\" data-style-submit-bg-color=\"00A200\" data-style-submit-font-color=\"white\" data-style-form-bg-color=\"FAD130\" data-style-form-font-color=\"333\" data-style-submit-text=\"Search now\"><\/script><\/p>\n\n\t\t<\/div>\n\t<\/div>\n<\/div><\/div><\/div><\/div>\n<p>&nbsp;<\/p>\n<h2>Discover Car Rental Yuma AZ<\/h2>\n<p><img loading=\"lazy\" decoding=\"async\" class=\"alignleft\" src=\"\/wp-content\/uploads\/images\/rent_car_294.png\" alt=\"location de voiture yuma az\" width=\"350\" height=\"350\" \/><\/p>\n<p>Lorsqu'il s'agit de louer une voiture \u00e0 Yuma Az, de nombreuses options s'offrent \u00e0 vous. Des voitures compactes parfaites pour naviguer dans les rues de la ville aux SUV spacieux id\u00e9aux pour les aventures tout-terrain, vous pouvez trouver le v\u00e9hicule parfait pour vos besoins.<\/p>\n<p>L'un des choix les plus populaires parmi les touristes est la location d'une voiture d\u00e9capotable. Avec son toit ouvert et son climat chaud tout au long de l'ann\u00e9e, la conduite d'une voiture d\u00e9capotable est une exp\u00e9rience inoubliable \u00e0 Yuma. Vous sentirez le vent dans vos cheveux tandis que vous roulerez en admirant le paysage d\u00e9sertique qui vous entoure.<\/p>\n<p>Une autre option int\u00e9ressante consiste \u00e0 louer une Jeep ou un autre v\u00e9hicule 4\u00d74. Vous pourrez ainsi vous aventurer hors des sentiers battus et explorer certaines des r\u00e9gions les plus pittoresques de l'Arizona, comme le Kofa National Wildlife Refuge ou l'Imperial Sand Dunes Recreation Area. Veillez simplement \u00e0 respecter toutes les consignes de s\u00e9curit\u00e9 et \u00e0 obtenir tous les permis n\u00e9cessaires avant de partir \u00e0 l'aventure.<\/p>\n<p>Quel que soit le type de v\u00e9hicule que vous choisissez, rental-car.company propose des tarifs comp\u00e9titifs et des points de ramassage pratiques dans tout Yuma.<\/p>\n<h3>Pourquoi louer une voiture \u00e0 Yuma AZ est b\u00e9n\u00e9fique<\/h3>\n<p>La location d'une voiture pr\u00e9sente de nombreux avantages lors d'une visite \u00e0 Yuma :<\/p>\n<p>- Commodit\u00e9 : Le fait de disposer de votre propre moyen de transport vous permet d'acc\u00e9der facilement \u00e0 toutes les attractions sans avoir \u00e0 recourir aux transports publics ou \u00e0 des courses de taxi co\u00fbteuses.<\/p>\n<p>- Flexibilit\u00e9 : Avec une voiture de location, vous avez la libert\u00e9 de cr\u00e9er votre propre itin\u00e9raire et d'explorer \u00e0 votre rythme. Vous pouvez \u00e9galement faire des arr\u00eats spontan\u00e9s en cours de route sans vous soucier de respecter un programme strict.<\/p>\n<p>- Le confort : La location d'une voiture vous permet de voyager confortablement, surtout par rapport aux transports publics bond\u00e9s.<\/p>\n<p>- Rentabilit\u00e9 : En fonction de vos projets de voyage, la location d'une voiture peut s'av\u00e9rer plus rentable que d'autres modes de transport. Cela vous \u00e9vite \u00e9galement d'avoir \u00e0 payer pour plusieurs trajets au cours de la journ\u00e9e.<\/p>\n<h3>Avantages et inconv\u00e9nients de la location d'une voiture \u00e0 Yuma AZ<\/h3>\n<p>Comme toute d\u00e9cision, il y a des avantages et des inconv\u00e9nients \u00e0 louer une voiture \u00e0 Yuma. Voici quelques avantages potentiels :<\/p>\n<p>- Commodit\u00e9 et flexibilit\u00e9<br \/>\n- Capacit\u00e9 \u00e0 explorer des destinations hors des sentiers battus<br \/>\n- Moyens de transport confortables<\/p>\n<p>Cependant, il y a aussi des inconv\u00e9nients \u00e0 prendre en compte :<\/p>\n<p>- Co\u00fbt suppl\u00e9mentaire pour les frais de location, l'assurance, l'essence, etc.<br \/>\n- Difficult\u00e9s de navigation si l'on n'est pas familier avec la r\u00e9gion<br \/>\n- Possibilit\u00e9 de fermetures de routes ou de retards impr\u00e9vus<\/p>\n<p>Avant de prendre votre d\u00e9cision, \u00e9valuez soigneusement ces facteurs et d\u00e9terminez si la location d'une voiture est la meilleure option pour votre voyage.<\/p>\n<h4>Questions fr\u00e9quemment pos\u00e9es sur la location de voiture \u00e0 Yuma AZ<\/h4>\n<p><img loading=\"lazy\" decoding=\"async\" class=\"alignright\" src=\"\/wp-content\/uploads\/images\/rent_car_737.png\" alt=\"location de voiture yuma az\" width=\"350\" height=\"350\" \/><\/p>\n<p>Q : De quoi ai-je besoin pour louer une voiture \u00e0 Yuma ?<br \/>\nR : Pour louer une voiture \u00e0 Yuma AZ, vous aurez besoin d'un permis de conduire valide et d'une carte de cr\u00e9dit. Certaines soci\u00e9t\u00e9s de location peuvent avoir des exigences suppl\u00e9mentaires telles qu'une restriction d'\u00e2ge ou un permis de conduire international.<\/p>\n<p>Q : Quel \u00e2ge dois-je avoir pour louer une voiture \u00e0 Yuma ?<br \/>\nR : La plupart des soci\u00e9t\u00e9s de location exigent que les conducteurs aient au moins 25 ans. Toutefois, certaines autorisent les conducteurs \u00e2g\u00e9s de 21 ans seulement, moyennant un suppl\u00e9ment.<\/p>\n<p>Q : Puis-je sortir de la route avec ma voiture de location ?<br \/>\nR : Ce n'est pas recommand\u00e9 si vous n'avez pas lou\u00e9 un v\u00e9hicule 4\u00d74 appropri\u00e9 et obtenu tous les permis n\u00e9cessaires. La pratique du hors-piste dans une zone non d\u00e9sign\u00e9e est ill\u00e9gale et peut donner lieu \u00e0 des amendes.<\/p>\n<p>Q\u00a0: Que se passe-t-il si j&#039;ai un accident avec ma voiture de location\u00a0?<br \/>\nR : Si vous avez souscrit une assurance pour le v\u00e9hicule de location, votre couverture d\u00e9pendra du type d'assurance que vous avez choisi. Si ce n'est pas le cas, vous pouvez \u00eatre tenu responsable des dommages caus\u00e9s au v\u00e9hicule.<\/p>\n<p>En conclusion, louer une voiture \u00e0 Yuma AZ est un excellent moyen d'explorer cette belle ville du d\u00e9sert. Gr\u00e2ce \u00e0 sa commodit\u00e9, sa flexibilit\u00e9 et son prix abordable, elle vous permet de profiter au maximum de votre voyage et de cr\u00e9er des souvenirs inoubliables. Alors pourquoi attendre ? Louez une voiture par l'interm\u00e9diaire de rental-car.company et pr\u00e9parez-vous \u00e0 vivre l'aventure de votre vie \u00e0 Yuma AZ !<\/p>\n<\/div>","protected":false},"excerpt":{"rendered":"<p>Rent a Car in Yuma AZ for an Unforgettable Adventure Are you planning a trip to the beautiful city of Yuma, Arizona? Located in the southwest corner of the state, Yuma is known for its sunny weather, rich history, and stunning desert landscapes. And what better way to explore this gem than by renting a [&hellip;]<\/p>\n","protected":false},"author":1,"featured_media":2987,"parent":0,"menu_order":0,"comment_status":"closed","ping_status":"closed","template":"","meta":{"rs_blank_template":"","rs_page_bg_color":"","slide_template_v7":"","footnotes":""},"categories":[1],"tags":[],"class_list":["post-2985","page","type-page","status-publish","has-post-thumbnail","hentry","category-blog"],"_links":{"self":[{"href":"https:\/\/rental-car.company\/fr\/wp-json\/wp\/v2\/pages\/2985","targetHints":{"allow":["GET"]}}],"collection":[{"href":"https:\/\/rental-car.company\/fr\/wp-json\/wp\/v2\/pages"}],"about":[{"href":"https:\/\/rental-car.company\/fr\/wp-json\/wp\/v2\/types\/page"}],"author":[{"embeddable":true,"href":"https:\/\/rental-car.company\/fr\/wp-json\/wp\/v2\/users\/1"}],"replies":[{"embeddable":true,"href":"https:\/\/rental-car.company\/fr\/wp-json\/wp\/v2\/comments?post=2985"}],"version-history":[{"count":0,"href":"https:\/\/rental-car.company\/fr\/wp-json\/wp\/v2\/pages\/2985\/revisions"}],"wp:featuredmedia":[{"embeddable":true,"href":"https:\/\/rental-car.company\/fr\/wp-json\/wp\/v2\/media\/2987"}],"wp:attachment":[{"href":"https:\/\/rental-car.company\/fr\/wp-json\/wp\/v2\/media?parent=2985"}],"wp:term":[{"taxonomy":"category","embeddable":true,"href":"https:\/\/rental-car.company\/fr\/wp-json\/wp\/v2\/categories?post=2985"},{"taxonomy":"post_tag","embeddable":true,"href":"https:\/\/rental-car.company\/fr\/wp-json\/wp\/v2\/tags?post=2985"}],"curies":[{"name":"wp","href":"https:\/\/api.w.org\/{rel}","templated":true}]}}