{"id":3042,"date":"2024-07-28T02:06:21","date_gmt":"2024-07-28T02:06:21","guid":{"rendered":"https:\/\/rental-car.company\/?page_id=3042"},"modified":"2024-07-28T02:06:21","modified_gmt":"2024-07-28T02:06:21","slug":"location-de-voitures-a-detroit","status":"publish","type":"page","link":"https:\/\/rental-car.company\/fr\/location-de-voitures-a-detroit\/","title":{"rendered":"Location de voitures \u00e0 D\u00e9troit - Explorez la Motor City sur roues"},"content":{"rendered":"<div class=\"wpb-content-wrapper\"><h2>Location de voitures \u00e0 D\u00e9troit : Un moyen pratique et abordable d'explorer la Motor City<\/h2>\n<p>D\u00e9troit, \u00e9galement connue sous le nom de \"Motor City\", est une ville dynamique du Michigan qui abrite plusieurs grands constructeurs automobiles. Avec une histoire riche dans l'industrie automobile, il n'est pas surprenant que les voitures soient une partie importante de la vie \u00e0 D\u00e9troit. Et quelle meilleure fa\u00e7on de d\u00e9couvrir cette ville que de louer une voiture et d'explorer tout ce qu'elle a \u00e0 offrir \u00e0 votre propre rythme ?<\/p>\n<div class=\"vc_row wpb_row vc_row-fluid\"><div class=\"wpb_column vc_column_container vc_col-sm-12\"><div class=\"vc_column-inner\"><div class=\"wpb_wrapper\">\n\t<div class=\"wpb_text_column wpb_content_element\" >\n\t\t<div class=\"wpb_wrapper\">\n\t\t\t<p><script id=\"dchwidget\" src=\"https:\/\/www.discovercars.com\/wg.js\" async=\"\" data-dev-env=\"com\" data-location=\"\" data-lang=\"en\" data-utm-source=\"malina\" data-utm-medium=\"widget\" data-aff-code=\"a_aid\" data-autocomplete=\"on\" data-style-submit-bg-color=\"00A200\" data-style-submit-font-color=\"white\" data-style-form-bg-color=\"FAD130\" data-style-form-font-color=\"333\" data-style-submit-text=\"Search now\"><\/script><\/p>\n\n\t\t<\/div>\n\t<\/div>\n<\/div><\/div><\/div><\/div>\n<p>&nbsp;<\/p>\n<h2>Discover Car Rentals Detroit<\/h2>\n<p><img loading=\"lazy\" decoding=\"async\" class=\"alignleft\" src=\"\/wp-content\/uploads\/images\/rent_car_720.png\" alt=\"Location de voitures \u00e0 D\u00e9troit\" width=\"350\" height=\"350\" \/><\/p>\n<p>Il existe de nombreuses soci\u00e9t\u00e9s de location de voitures \u00e0 D\u00e9troit, qui proposent une large gamme de v\u00e9hicules adapt\u00e9s \u00e0 vos besoins et \u00e0 votre budget. Des voitures \u00e9conomiques pour les voyageurs solitaires aux SUV spacieux pour les familles, vous trouverez la voiture de location id\u00e9ale pour votre voyage.<\/p>\n<p>Parmi les options les plus populaires, citons Hertz, Enterprise, Budget et Avis. Ces soci\u00e9t\u00e9s disposent de plusieurs agences dans la ville, notamment \u00e0 l'a\u00e9roport et dans le centre-ville. Vous pouvez facilement r\u00e9server votre voiture de location en ligne ou via leurs applications mobiles.<\/p>\n<h3>Pourquoi louer une voiture \u00e0 Detroit ?<\/h3>\n<p>Bien qu'il existe des options de transport public \u00e0 D\u00e9troit, comme les bus et les trains, la location d'une voiture vous donne plus de libert\u00e9 et de flexibilit\u00e9 pour explorer cette ville anim\u00e9e. Avec une voiture de location \u00e0 votre disposition, vous pouvez facilement vous rendre d'une attraction \u00e0 l'autre sans avoir \u00e0 vous fier aux horaires ou aux itin\u00e9raires.<\/p>\n<p>De plus, de nombreuses attractions de D\u00e9troit sont situ\u00e9es \u00e0 l'ext\u00e9rieur du centre-ville ou n\u00e9cessitent un peu de route pour les rejoindre. La location d'une voiture vous permet de visiter ces lieux sans probl\u00e8me.<\/p>\n<h3>Les avantages de la location d'une voiture \u00e0 D\u00e9troit<\/h3>\n<p>- Commodit\u00e9 : Avec votre propre voiture de location, vous avez le contr\u00f4le total de l'endroit et du moment o\u00f9 vous voulez aller.<br \/>\n- Flexibilit\u00e9 : Vous pouvez planifier votre propre itin\u00e9raire et faire des arr\u00eats spontan\u00e9s en cours de route.<br \/>\n- Le confort : Au lieu de naviguer dans les transports publics avec des sacs lourds, vous pouvez vous d\u00e9tendre et profiter du trajet dans une voiture de location.<br \/>\n- Rentabilit\u00e9 : Si vous voyagez en groupe, la location d'une voiture peut s'av\u00e9rer plus \u00e9conomique que l'achat de plusieurs billets pour les transports publics.<\/p>\n<h3>Les inconv\u00e9nients de la location d'une voiture \u00e0 D\u00e9troit<\/h3>\n<p>- La circulation : Comme dans toutes les grandes villes, la circulation peut \u00eatre dense et congestionn\u00e9e aux heures de pointe. Planifiez votre itin\u00e9raire en cons\u00e9quence pour \u00e9viter d'\u00eatre bloqu\u00e9 dans les embouteillages.<br \/>\n- Stationnement : Trouver un parking dans le centre-ville de D\u00e9troit peut s'av\u00e9rer difficile et co\u00fbteux. Renseignez-vous sur les possibilit\u00e9s de stationnement avant de partir.<br \/>\n- Frais suppl\u00e9mentaires : Certaines soci\u00e9t\u00e9s de location de voitures peuvent facturer des frais suppl\u00e9mentaires pour des services tels que la navigation GPS ou l'ajout d'un conducteur suppl\u00e9mentaire. Veillez \u00e0 lire attentivement les conditions g\u00e9n\u00e9rales avant de r\u00e9server.<\/p>\n<h4>FAQ sur la location de voitures \u00e0 Detroit<\/h4>\n<h5>1. Quel est l'\u00e2ge minimum pour louer une voiture \u00e0 Detroit ?<\/h5>\n<p>L'\u00e2ge minimum pour louer une voiture varie d'une compagnie \u00e0 l'autre, mais se situe g\u00e9n\u00e9ralement entre 21 et 25 ans. Certaines soci\u00e9t\u00e9s peuvent \u00e9galement facturer un suppl\u00e9ment pour les locataires de moins de 25 ans.<\/p>\n<h5>2. Ai-je besoin d'une assurance pour louer une voiture \u00e0 D\u00e9troit ?<\/h5>\n<p>Oui, la plupart des soci\u00e9t\u00e9s de location de voitures exigent que vous soyez couvert par une assurance lorsque vous louez un v\u00e9hicule. Vous pouvez soit souscrire une assurance aupr\u00e8s de la soci\u00e9t\u00e9, soit utiliser votre propre police d'assurance automobile.<\/p>\n<h5>3. Puis-je rendre mon v\u00e9hicule de location \u00e0 un autre endroit ?<\/h5>\n<p>Oui, de nombreuses soci\u00e9t\u00e9s de location de voitures offrent la possibilit\u00e9 de restituer votre v\u00e9hicule \u00e0 un autre endroit moyennant un suppl\u00e9ment. Renseignez-vous au pr\u00e9alable aupr\u00e8s de la compagnie.<\/p>\n<h5>4. Y a-t-il des routes ou des ponts \u00e0 p\u00e9age dont je dois tenir compte lorsque je conduis ma voiture de location ?<\/h5>\n<p>Oui, il y a des routes et des ponts \u00e0 p\u00e9age dans tout le Michigan qui peuvent n\u00e9cessiter un paiement en esp\u00e8ces ou un transpondeur \u00e9lectronique appel\u00e9 E-ZPass. Renseignez-vous aupr\u00e8s de votre soci\u00e9t\u00e9 de location sur sa politique en mati\u00e8re de p\u00e9ages avant d'entreprendre votre voyage.<\/p>\n<h5>5. Que se passe-t-il si j'ai un accident avec ma voiture de location ?<\/h5>\n<p>En cas d'accident, contactez imm\u00e9diatement la soci\u00e9t\u00e9 de location. Elle vous indiquera la marche \u00e0 suivre et pourra vous proposer un v\u00e9hicule de remplacement si n\u00e9cessaire.<\/p>\n<h4>Conclusion<\/h4>\n<p><img loading=\"lazy\" decoding=\"async\" class=\"alignright\" src=\"\/wp-content\/uploads\/images\/rent_car_941.png\" alt=\"Location de voitures \u00e0 D\u00e9troit\" width=\"350\" height=\"350\" \/><\/p>\n<p>Louer une voiture \u00e0 D\u00e9troit est un moyen pratique et abordable d'explorer la ville connue pour son amour des voitures. Gr\u00e2ce aux nombreuses options disponibles, vous trouverez facilement la voiture de location id\u00e9ale pour vos besoins et votre budget. N'oubliez pas de vous y prendre \u00e0 l'avance, de respecter le code de la route et de vous amuser en explorant la Motor City sur roues !<\/p>\n<\/div>","protected":false},"excerpt":{"rendered":"<p>Detroit Car Rentals: A Convenient and Affordable Way to Explore the Motor City Detroit, also known as the &#8220;Motor City&#8221;, is a vibrant city in Michigan that is home to several major car manufacturers. With a rich history in the automotive industry, it&#8217;s no surprise that cars are an important part of life in Detroit. [&hellip;]<\/p>\n","protected":false},"author":1,"featured_media":3044,"parent":0,"menu_order":0,"comment_status":"closed","ping_status":"closed","template":"","meta":{"rs_blank_template":"","rs_page_bg_color":"","slide_template_v7":"","footnotes":""},"categories":[1],"tags":[],"class_list":["post-3042","page","type-page","status-publish","has-post-thumbnail","hentry","category-blog"],"_links":{"self":[{"href":"https:\/\/rental-car.company\/fr\/wp-json\/wp\/v2\/pages\/3042","targetHints":{"allow":["GET"]}}],"collection":[{"href":"https:\/\/rental-car.company\/fr\/wp-json\/wp\/v2\/pages"}],"about":[{"href":"https:\/\/rental-car.company\/fr\/wp-json\/wp\/v2\/types\/page"}],"author":[{"embeddable":true,"href":"https:\/\/rental-car.company\/fr\/wp-json\/wp\/v2\/users\/1"}],"replies":[{"embeddable":true,"href":"https:\/\/rental-car.company\/fr\/wp-json\/wp\/v2\/comments?post=3042"}],"version-history":[{"count":0,"href":"https:\/\/rental-car.company\/fr\/wp-json\/wp\/v2\/pages\/3042\/revisions"}],"wp:featuredmedia":[{"embeddable":true,"href":"https:\/\/rental-car.company\/fr\/wp-json\/wp\/v2\/media\/3044"}],"wp:attachment":[{"href":"https:\/\/rental-car.company\/fr\/wp-json\/wp\/v2\/media?parent=3042"}],"wp:term":[{"taxonomy":"category","embeddable":true,"href":"https:\/\/rental-car.company\/fr\/wp-json\/wp\/v2\/categories?post=3042"},{"taxonomy":"post_tag","embeddable":true,"href":"https:\/\/rental-car.company\/fr\/wp-json\/wp\/v2\/tags?post=3042"}],"curies":[{"name":"wp","href":"https:\/\/api.w.org\/{rel}","templated":true}]}}