{"id":3053,"date":"2024-07-28T04:05:27","date_gmt":"2024-07-28T04:05:27","guid":{"rendered":"https:\/\/rental-car.company\/?page_id=3053"},"modified":"2024-07-28T04:05:27","modified_gmt":"2024-07-28T04:05:27","slug":"location-de-voiture-jacksonville-fl","status":"publish","type":"page","link":"https:\/\/rental-car.company\/fr\/location-de-voiture-jacksonville-fl\/","title":{"rendered":"Location de voiture Jacksonville FL : Votre guide pour explorer la ville dans le confort et le style"},"content":{"rendered":"<div class=\"wpb-content-wrapper\"><h2>Explorer Jacksonville avec une voiture de location<\/h2>\n<p>Lorsque vous planifiez un voyage \u00e0 Jacksonville, en Floride, vous devez tenir compte de nombreux \u00e9l\u00e9ments, qu'il s'agisse de trouver l'h\u00e9bergement id\u00e9al ou de choisir les attractions et les activit\u00e9s \u00e0 ajouter \u00e0 votre itin\u00e9raire. Cependant, un aspect qui est souvent n\u00e9glig\u00e9 est le transport. Bien que les transports publics soient pratiques, ils ne vous emm\u00e8nent pas toujours l\u00e0 o\u00f9 vous voulez aller. C'est l\u00e0 que la location d'une voiture \u00e0 Jacksonville fl entre en jeu.<\/p>\n<div class=\"vc_row wpb_row vc_row-fluid\"><div class=\"wpb_column vc_column_container vc_col-sm-12\"><div class=\"vc_column-inner\"><div class=\"wpb_wrapper\">\n\t<div class=\"wpb_text_column wpb_content_element\" >\n\t\t<div class=\"wpb_wrapper\">\n\t\t\t<p><script id=\"dchwidget\" src=\"https:\/\/www.discovercars.com\/wg.js\" async=\"\" data-dev-env=\"com\" data-location=\"\" data-lang=\"en\" data-utm-source=\"malina\" data-utm-medium=\"widget\" data-aff-code=\"a_aid\" data-autocomplete=\"on\" data-style-submit-bg-color=\"00A200\" data-style-submit-font-color=\"white\" data-style-form-bg-color=\"FAD130\" data-style-form-font-color=\"333\" data-style-submit-text=\"Search now\"><\/script><\/p>\n\n\t\t<\/div>\n\t<\/div>\n<\/div><\/div><\/div><\/div>\n<p>&nbsp;<\/p>\n<h2>Discover Rental Car Jacksonville FL<\/h2>\n<p><img loading=\"lazy\" decoding=\"async\" class=\"alignleft\" src=\"\/wp-content\/uploads\/images\/rent_car_365.png\" alt=\"location de voiture jacksonville fl\" width=\"350\" height=\"350\" \/><\/p>\n<p>Avec une voiture de location \u00e0 Jacksonville, vous avez la libert\u00e9 et la flexibilit\u00e9 d'explorer la ville \u00e0 votre propre rythme. Vous n'avez plus \u00e0 vous fier aux horaires des transports publics ou \u00e0 d\u00e9penser de l'argent dans des courses de taxi co\u00fbteuses. De plus, avec tant d'options disponibles \u00e0 des prix abordables, louer une voiture \u00e0 Jacksonville n'a jamais \u00e9t\u00e9 aussi facile.<\/p>\n<p>Si vous arrivez \u00e0 l'a\u00e9roport international de Jacksonville (JAX), vous trouverez plusieurs soci\u00e9t\u00e9s de location de voitures \u00e0 l'int\u00e9rieur du terminal de l'a\u00e9roport. Il s'agit notamment de marques populaires telles que Hertz, Avis, Enterprise et Budget. Par ailleurs, si vous s\u00e9journez dans le centre-ville ou dans un autre endroit de Jacksonville, de nombreuses soci\u00e9t\u00e9s de location de voitures sont diss\u00e9min\u00e9es dans la ville.<\/p>\n<h3>Les avantages de la location d'une voiture \u00e0 Jacksonville<\/h3>\n<p>Il y a plusieurs avantages \u00e0 choisir une voiture de location pour votre voyage \u00e0 Jacksonville :<\/p>\n<p>- Commodit\u00e9 : Avec une voiture de location jacksonville fl \u00e0 votre disposition, vous pouvez facilement visiter toutes les destinations souhait\u00e9es sans avoir \u00e0 vous soucier de naviguer dans des syst\u00e8mes de transport public peu familiers.<br \/>\n- Rentabilit\u00e9 : La location d'une voiture est souvent plus rentable que les taxis ou les services de covoiturage comme Uber ou Lyft.<br \/>\n- Confort et intimit\u00e9 : Une voiture de location offre confort et intimit\u00e9 \u00e0 vous et \u00e0 vos compagnons de voyage.<br \/>\n- Flexibilit\u00e9 : Vous avez un contr\u00f4le total sur votre emploi du temps lorsque vous voyagez en voiture de location, ce qui vous permet de faire des arr\u00eats spontan\u00e9s ou des d\u00e9tours \u00e0 votre guise.<br \/>\n- Un large \u00e9ventail de v\u00e9hicules : Les soci\u00e9t\u00e9s de location de voitures proposent une grande vari\u00e9t\u00e9 de v\u00e9hicules pour r\u00e9pondre \u00e0 vos besoins, que vous voyagiez seul ou en groupe.<\/p>\n<h3>Les inconv\u00e9nients de la location d'une voiture \u00e0 Jacksonville<\/h3>\n<p>Si la location d'une voiture \u00e0 Jacksonville pr\u00e9sente de nombreux avantages, il est \u00e9galement important de prendre en compte les inconv\u00e9nients potentiels :<\/p>\n<p>- Frais suppl\u00e9mentaires : Outre les frais de location de base, il peut y avoir des frais suppl\u00e9mentaires pour l'assurance, le carburant et les p\u00e9ages.<br \/>\n- Circulation et stationnement : Selon le moment et l'endroit o\u00f9 vous conduisez, la circulation peut \u00eatre un probl\u00e8me \u00e0 Jacksonville. En outre, il est parfois difficile de trouver un parking dans les quartiers populaires.<br \/>\n- Responsabilit\u00e9 en cas de dommages : En tant que locataire, vous \u00eates responsable de tout dommage survenu pendant la p\u00e9riode de location.<\/p>\n<h4>Avantages \/ inconv\u00e9nients<\/h4>\n<p>Pour :<\/p>\n<ul>\n<li>Pratique et rentable.<\/li>\n<li>Confort et intimit\u00e9.<\/li>\n<li>Flexibilit\u00e9.<\/li>\n<li>Large gamme d'options de v\u00e9hicules.<\/li>\n<\/ul>\n<p>Cons :<\/p>\n<ul>\n<li>Co\u00fbts suppl\u00e9mentaires pour l'assurance, le carburant et les p\u00e9ages.<\/li>\n<li>Probl\u00e8mes potentiels de circulation et de stationnement.<\/li>\n<li>Responsabilit\u00e9 pour les dommages survenus pendant la p\u00e9riode de location.<\/li>\n<\/ul>\n<h4>Foire aux questions (FAQ)<\/h4>\n<p><img loading=\"lazy\" decoding=\"async\" class=\"alignright\" src=\"\/wp-content\/uploads\/images\/rent_car_910.png\" alt=\"location de voiture jacksonville fl\" width=\"350\" height=\"350\" \/><\/p>\n<p>Q : Quel \u00e2ge dois-je avoir pour louer une voiture \u00e0 Jacksonville ?<br \/>\nR : L'\u00e2ge minimum requis est g\u00e9n\u00e9ralement de 21 ans. Toutefois, certaines soci\u00e9t\u00e9s de location de voitures peuvent exiger que les locataires soient \u00e2g\u00e9s d'au moins 25 ans.<\/p>\n<p>Q : Ai-je besoin d'un permis de conduire international ?<br \/>\nR : Si votre permis de conduire est r\u00e9dig\u00e9 en anglais ou s'il est accompagn\u00e9 d'une traduction officielle en anglais fournie par votre pays d'origine ou votre ambassade, un permis de conduire international n'est pas n\u00e9cessaire.<\/p>\n<p>Q : L'assurance est-elle incluse dans le prix de la location ?<br \/>\nR : La plupart des soci\u00e9t\u00e9s de location de voitures proposent des options d'assurance moyennant un suppl\u00e9ment. Il est important d'examiner attentivement et de comprendre votre couverture d'assurance avant de louer une voiture.<\/p>\n<p>Q : Puis-je d\u00e9poser la voiture de location \u00e0 un autre endroit ?<br \/>\nR : Certaines soci\u00e9t\u00e9s de location de voitures peuvent vous permettre de restituer la voiture \u00e0 un autre endroit, mais cela entra\u00eene souvent des frais suppl\u00e9mentaires. Il est pr\u00e9f\u00e9rable de s'en assurer au pr\u00e9alable aupr\u00e8s de la soci\u00e9t\u00e9.<\/p>\n<h2>Explorez Jacksonville avec votre voiture de location<\/h2>\n<p>Maintenant que vous avez toutes les informations n\u00e9cessaires sur la location d'une voiture \u00e0 Jacksonville, il est temps de prendre la route et de commencer \u00e0 explorer ! Des plages et parcs magnifiques aux quartiers anim\u00e9s et aux attractions culturelles, il y a tant \u00e0 voir et \u00e0 faire dans cette ville dynamique. Avec votre voiture de location Jacksonville fl \u00e0 vos c\u00f4t\u00e9s, vous pouvez profiter au maximum de votre voyage et cr\u00e9er des souvenirs inoubliables.<\/p>\n<\/div>","protected":false},"excerpt":{"rendered":"<p>Exploring Jacksonville with a Rental Car When planning a trip to Jacksonville, Florida, there are many things to consider &#8211; from finding the perfect accommodation to deciding which attractions and activities to add to your itinerary. However, one aspect that often gets overlooked is transportation. While public transportation can be convenient, it may not always [&hellip;]<\/p>\n","protected":false},"author":1,"featured_media":3055,"parent":0,"menu_order":0,"comment_status":"closed","ping_status":"closed","template":"","meta":{"rs_blank_template":"","rs_page_bg_color":"","slide_template_v7":"","footnotes":""},"categories":[1],"tags":[],"class_list":["post-3053","page","type-page","status-publish","has-post-thumbnail","hentry","category-blog"],"_links":{"self":[{"href":"https:\/\/rental-car.company\/fr\/wp-json\/wp\/v2\/pages\/3053","targetHints":{"allow":["GET"]}}],"collection":[{"href":"https:\/\/rental-car.company\/fr\/wp-json\/wp\/v2\/pages"}],"about":[{"href":"https:\/\/rental-car.company\/fr\/wp-json\/wp\/v2\/types\/page"}],"author":[{"embeddable":true,"href":"https:\/\/rental-car.company\/fr\/wp-json\/wp\/v2\/users\/1"}],"replies":[{"embeddable":true,"href":"https:\/\/rental-car.company\/fr\/wp-json\/wp\/v2\/comments?post=3053"}],"version-history":[{"count":0,"href":"https:\/\/rental-car.company\/fr\/wp-json\/wp\/v2\/pages\/3053\/revisions"}],"wp:featuredmedia":[{"embeddable":true,"href":"https:\/\/rental-car.company\/fr\/wp-json\/wp\/v2\/media\/3055"}],"wp:attachment":[{"href":"https:\/\/rental-car.company\/fr\/wp-json\/wp\/v2\/media?parent=3053"}],"wp:term":[{"taxonomy":"category","embeddable":true,"href":"https:\/\/rental-car.company\/fr\/wp-json\/wp\/v2\/categories?post=3053"},{"taxonomy":"post_tag","embeddable":true,"href":"https:\/\/rental-car.company\/fr\/wp-json\/wp\/v2\/tags?post=3053"}],"curies":[{"name":"wp","href":"https:\/\/api.w.org\/{rel}","templated":true}]}}