{"id":3197,"date":"2024-07-29T06:07:22","date_gmt":"2024-07-29T06:07:22","guid":{"rendered":"https:\/\/rental-car.company\/?page_id=3197"},"modified":"2024-07-29T06:07:22","modified_gmt":"2024-07-29T06:07:22","slug":"louer-une-voiture-tucson","status":"publish","type":"page","link":"https:\/\/rental-car.company\/fr\/louer-une-voiture-tucson\/","title":{"rendered":"Louer une voiture \u00e0 Tucson : Votre guide ultime pour explorer la ville du d\u00e9sert"},"content":{"rendered":"<div class=\"wpb-content-wrapper\"><h2>D\u00e9couvrez la libert\u00e9 de louer une voiture \u00e0 Tucson<\/h2>\n<p>Vous pr\u00e9voyez un voyage \u00e0 Tucson et vous cherchez le meilleur moyen d'explorer cette ville anim\u00e9e du d\u00e9sert ? Ne cherchez pas plus loin que la location d'une voiture. Avec ses paysages d\u00e9sertiques \u00e9poustouflants, son riche patrimoine culturel et ses innombrables activit\u00e9s de plein air, Tucson est vraiment une destination qui m\u00e9rite d'\u00eatre explor\u00e9e \u00e0 son propre rythme.<\/p>\n<div class=\"vc_row wpb_row vc_row-fluid\"><div class=\"wpb_column vc_column_container vc_col-sm-12\"><div class=\"vc_column-inner\"><div class=\"wpb_wrapper\">\n\t<div class=\"wpb_text_column wpb_content_element\" >\n\t\t<div class=\"wpb_wrapper\">\n\t\t\t<p><script id=\"dchwidget\" src=\"https:\/\/www.discovercars.com\/wg.js\" async=\"\" data-dev-env=\"com\" data-location=\"\" data-lang=\"en\" data-utm-source=\"malina\" data-utm-medium=\"widget\" data-aff-code=\"a_aid\" data-autocomplete=\"on\" data-style-submit-bg-color=\"00A200\" data-style-submit-font-color=\"white\" data-style-form-bg-color=\"FAD130\" data-style-form-font-color=\"333\" data-style-submit-text=\"Search now\"><\/script><\/p>\n\n\t\t<\/div>\n\t<\/div>\n<\/div><\/div><\/div><\/div>\n<p>&nbsp;<\/p>\n<h2>Discover Rent a Car Tucson<\/h2>\n<p><img loading=\"lazy\" decoding=\"async\" class=\"alignleft\" src=\"\/wp-content\/uploads\/images\/rent_car_495.png\" alt=\"louer une voiture tucson\" width=\"350\" height=\"350\" \/><\/p>\n<p>Lorsqu'il s'agit de louer une voiture \u00e0 Tucson, de nombreuses options s'offrent \u00e0 vous. Des grandes marques internationales comme Hertz et Avis aux soci\u00e9t\u00e9s de location locales comme Rent-A-Wreck, vous pouvez trouver le v\u00e9hicule id\u00e9al qui correspond \u00e0 vos besoins et \u00e0 votre budget.<\/p>\n<p>L'une des options les plus populaires pour la location de voitures \u00e0 Tucson est Enterprise Rent-A-Car. Avec plusieurs succursales dans la ville, ils offrent des options pratiques de prise en charge et de restitution et disposent d'une large gamme de v\u00e9hicules, y compris des voitures \u00e9conomiques, des SUV et des monospaces.<\/p>\n<p>Une autre option int\u00e9ressante est Alamo Rent A Car, qui propose des prix comp\u00e9titifs et des options de r\u00e9servation flexibles. Elle dispose \u00e9galement d'une flotte impressionnante de v\u00e9hicules allant des voitures compactes aux berlines de luxe.<\/p>\n<p>Pour ceux qui recherchent des options plus \u00e9conomiques, Thrifty Car Rental et Budget Car Rental sont d'excellents choix. Ils proposent des tarifs abordables sans faire de compromis sur la qualit\u00e9 ou le service \u00e0 la client\u00e8le.<\/p>\n<h3>Les avantages de la location d'une voiture \u00e0 Tucson<\/h3>\n<p>Louer une voiture \u00e0 Tucson offre de nombreux avantages par rapport \u00e0 d'autres modes de transport tels que les transports en commun ou les taxis. Voici quelques-uns des avantages dont vous pouvez b\u00e9n\u00e9ficier en choisissant de louer une voiture :<\/p>\n<p>- Flexibilit\u00e9 : Avec votre propre voiture de location, vous avez le contr\u00f4le total de votre itin\u00e9raire. Vous pouvez visiter les principales attractions \u00e0 votre rythme, sans avoir \u00e0 vous soucier des horaires ou des disponibilit\u00e9s.<br \/>\n- Commodit\u00e9 : Les transports publics \u00e0 Tucson ne sont pas toujours fiables, surtout si vous voyagez dans des zones plus \u00e9loign\u00e9es. Avec une voiture de location, vous avez la possibilit\u00e9 d'aller o\u00f9 vous voulez, quand vous voulez.<br \/>\n- Confort : Explorer Tucson peut \u00eatre fatigant, surtout pendant les mois chauds de l'\u00e9t\u00e9. La location d'une voiture vous permet de vous d\u00e9tendre dans un v\u00e9hicule climatis\u00e9 et de faire des pauses chaque fois que cela est n\u00e9cessaire.<br \/>\n- Rentable : En fonction de vos projets de voyage et de la taille de votre groupe, la location d'une voiture \u00e0 Tucson peut vous faire \u00e9conomiser de l'argent par rapport \u00e0 d'autres options de transport. De plus, gr\u00e2ce aux options de kilom\u00e9trage illimit\u00e9 propos\u00e9es par de nombreuses soci\u00e9t\u00e9s de location, vous n'aurez pas \u00e0 vous soucier de frais suppl\u00e9mentaires pour explorer l'ext\u00e9rieur de la ville.<\/p>\n<h3>Les inconv\u00e9nients de la location de voiture \u00e0 Tucson<\/h3>\n<p>Si la location d'une voiture \u00e0 Tucson pr\u00e9sente de nombreux avantages, il convient \u00e9galement de prendre en compte certains inconv\u00e9nients potentiels :<\/p>\n<p>- Frais suppl\u00e9mentaires : Certaines soci\u00e9t\u00e9s de location peuvent facturer des frais suppl\u00e9mentaires pour des services tels que la navigation GPS ou l'ajout d'un conducteur suppl\u00e9mentaire. Veillez \u00e0 lire attentivement les conditions g\u00e9n\u00e9rales avant d'effectuer votre r\u00e9servation.<br \/>\n- Circulation : Si la circulation \u00e0 Tucson n'est g\u00e9n\u00e9ralement pas trop mauvaise par rapport \u00e0 d'autres grandes villes, elle peut n\u00e9anmoins \u00eatre congestionn\u00e9e aux heures de pointe. Dans la mesure du possible, \u00e9vitez de conduire aux heures de pointe.<br \/>\n- Stationnement : Il peut \u00eatre difficile de trouver des places de parking dans certains quartiers de Tucson, en particulier dans le centre-ville. Pr\u00e9parez-vous \u00e0 tourner en rond ou \u00e0 payer pour vous garer \u00e0 certains endroits.<\/p>\n<h4>Avantages \/ inconv\u00e9nients<\/h4>\n<p><strong>Pour :<\/strong><\/p>\n<ul>\n<li>Flexibilit\u00e9<\/li>\n<li>Commodit\u00e9<\/li>\n<li>Confort<\/li>\n<li>Rentabilit\u00e9<\/li>\n<\/ul>\n<p><strong>Cons :<\/strong><\/p>\n<ul>\n<li>Frais suppl\u00e9mentaires<\/li>\n<li>Trafic<\/li>\n<li>Difficult\u00e9s de stationnement\/li&gt;<\/ul>\n<h4>Foire aux questions (FAQ)<\/h4>\n<p><img loading=\"lazy\" decoding=\"async\" class=\"alignright\" src=\"\/wp-content\/uploads\/images\/rent_car_1453.png\" alt=\"louer une voiture tucson\" width=\"350\" height=\"350\" \/><\/p>\n<p><strong>Q : Ai-je besoin d'un permis de conduire international pour louer une voiture \u00e0 Tucson ?<\/strong><br \/>\nR : Non, tant que vous avez un permis de conduire valide de votre pays d'origine, vous pouvez louer une voiture \u00e0 Tucson.<\/p>\n<p><strong>Q : Y a-t-il une limite d'\u00e2ge pour louer une voiture \u00e0 Tucson ?<\/strong><br \/>\nR : La plupart des soci\u00e9t\u00e9s de location exigent que le conducteur ait au moins 21 ans. Cependant, les conducteurs de moins de 25 ans peuvent \u00eatre soumis \u00e0 des frais suppl\u00e9mentaires.<\/p>\n<p><strong>Q : Puis-je conduire ma voiture de location en dehors de Tucson ?<\/strong><br \/>\nR : Oui, de nombreuses soci\u00e9t\u00e9s de location proposent des options de kilom\u00e9trage illimit\u00e9 qui vous permettent d'explorer l'ext\u00e9rieur de la ville. Veillez simplement \u00e0 v\u00e9rifier \u00e0 l'avance aupr\u00e8s de la soci\u00e9t\u00e9 de location s'il existe des restrictions quant aux endroits o\u00f9 vous pouvez emmener le v\u00e9hicule.<\/p>\n<h2>En conclusion<\/h2>\n<p>Louer une voiture \u00e0 Tucson est le moyen id\u00e9al pour d\u00e9couvrir tout ce que cette magnifique ville du d\u00e9sert a \u00e0 offrir. Avec ses paysages naturels \u00e9poustouflants et son riche patrimoine culturel, il n'y a pas de meilleur moyen d'explorer \u00e0 votre rythme et de cr\u00e9er des souvenirs inoubliables. Alors pourquoi attendre ? R\u00e9servez votre voiture de location d\u00e8s aujourd'hui et pr\u00e9parez-vous \u00e0 vivre une aventure \u00e0 Tucson !<\/p>\n<\/div>","protected":false},"excerpt":{"rendered":"<p>Experience the Freedom of Renting a Car in Tucson Are you planning a trip to Tucson and looking for the best way to explore this vibrant desert city? Look no further than renting a car. With its stunning desert landscapes, rich cultural heritage, and endless outdoor activities, Tucson is truly a destination that deserves to [&hellip;]<\/p>\n","protected":false},"author":1,"featured_media":2359,"parent":0,"menu_order":0,"comment_status":"closed","ping_status":"closed","template":"","meta":{"rs_blank_template":"","rs_page_bg_color":"","slide_template_v7":"","footnotes":""},"categories":[1],"tags":[],"class_list":["post-3197","page","type-page","status-publish","has-post-thumbnail","hentry","category-blog"],"_links":{"self":[{"href":"https:\/\/rental-car.company\/fr\/wp-json\/wp\/v2\/pages\/3197","targetHints":{"allow":["GET"]}}],"collection":[{"href":"https:\/\/rental-car.company\/fr\/wp-json\/wp\/v2\/pages"}],"about":[{"href":"https:\/\/rental-car.company\/fr\/wp-json\/wp\/v2\/types\/page"}],"author":[{"embeddable":true,"href":"https:\/\/rental-car.company\/fr\/wp-json\/wp\/v2\/users\/1"}],"replies":[{"embeddable":true,"href":"https:\/\/rental-car.company\/fr\/wp-json\/wp\/v2\/comments?post=3197"}],"version-history":[{"count":0,"href":"https:\/\/rental-car.company\/fr\/wp-json\/wp\/v2\/pages\/3197\/revisions"}],"wp:featuredmedia":[{"embeddable":true,"href":"https:\/\/rental-car.company\/fr\/wp-json\/wp\/v2\/media\/2359"}],"wp:attachment":[{"href":"https:\/\/rental-car.company\/fr\/wp-json\/wp\/v2\/media?parent=3197"}],"wp:term":[{"taxonomy":"category","embeddable":true,"href":"https:\/\/rental-car.company\/fr\/wp-json\/wp\/v2\/categories?post=3197"},{"taxonomy":"post_tag","embeddable":true,"href":"https:\/\/rental-car.company\/fr\/wp-json\/wp\/v2\/tags?post=3197"}],"curies":[{"name":"wp","href":"https:\/\/api.w.org\/{rel}","templated":true}]}}