{"id":3211,"date":"2024-07-29T09:08:00","date_gmt":"2024-07-29T09:08:00","guid":{"rendered":"https:\/\/rental-car.company\/?page_id=3211"},"modified":"2024-07-29T09:08:00","modified_gmt":"2024-07-29T09:08:00","slug":"location-de-voiture-cancun","status":"publish","type":"page","link":"https:\/\/rental-car.company\/fr\/location-de-voiture-cancun\/","title":{"rendered":"Location de voiture Cancun - Votre guide ultime pour explorer le paradis mexicain"},"content":{"rendered":"<div class=\"wpb-content-wrapper\"><h2>Explorer Cancun avec une voiture de location<\/h2>\n<p>Cancun, situ\u00e9e sur la p\u00e9ninsule du Yucatan au Mexique, est connue pour ses plages immacul\u00e9es, ses eaux cristallines et sa vie nocturne tr\u00e9pidante. C'est une destination touristique populaire pour ceux qui cherchent \u00e0 se d\u00e9tendre et \u00e0 profiter du soleil ou \u00e0 faire la f\u00eate jusqu'au bout de la nuit. Cependant, se d\u00e9placer \u00e0 Cancun peut s'av\u00e9rer difficile sans son propre moyen de transport. C'est l\u00e0 que la location d'une voiture \u00e0 Cancun entre en jeu.<\/p>\n<p>Avec une voiture de location \u00e0 Cancun, vous avez la libert\u00e9 d'explorer cette magnifique destination \u00e0 votre propre rythme. Vous pouvez facilement passer d'une plage \u00e0 l'autre ou visiter d'anciennes ruines mayas sans vous soucier des horaires des transports publics. Dans ce guide, nous vous expliquons tout ce que vous devez savoir sur la location d'une voiture \u00e0 Cancun.<\/p>\n<div class=\"vc_row wpb_row vc_row-fluid\"><div class=\"wpb_column vc_column_container vc_col-sm-12\"><div class=\"vc_column-inner\"><div class=\"wpb_wrapper\">\n\t<div class=\"wpb_text_column wpb_content_element\" >\n\t\t<div class=\"wpb_wrapper\">\n\t\t\t<p><script id=\"dchwidget\" src=\"https:\/\/www.discovercars.com\/wg.js\" async=\"\" data-dev-env=\"com\" data-location=\"\" data-lang=\"en\" data-utm-source=\"malina\" data-utm-medium=\"widget\" data-aff-code=\"a_aid\" data-autocomplete=\"on\" data-style-submit-bg-color=\"00A200\" data-style-submit-font-color=\"white\" data-style-form-bg-color=\"FAD130\" data-style-form-font-color=\"333\" data-style-submit-text=\"Search now\"><\/script><\/p>\n\n\t\t<\/div>\n\t<\/div>\n<\/div><\/div><\/div><\/div>\n<p>&nbsp;<\/p>\n<h2>Discover Rental Car Cancun<\/h2>\n<p><img loading=\"lazy\" decoding=\"async\" class=\"alignleft\" src=\"\/wp-content\/uploads\/images\/rent_car_955.png\" alt=\"location de voiture cancun\" width=\"350\" height=\"350\" \/><\/p>\n<p>Louer une voiture \u00e0 Cancun est facile et pratique avec rental-car.company. Ils offrent une large gamme de v\u00e9hicules, des voitures compactes aux SUV, \u00e0 des prix abordables. De plus, ils ont plusieurs points de ramassage dans la ville et \u00e0 l'a\u00e9roport pour votre commodit\u00e9.<\/p>\n<p>L'une des meilleures choses \u00e0 propos de la location avec rental-car.company est leur politique de prix tout compris. Cela signifie qu'il n'y a pas de frais cach\u00e9s - ce que vous voyez est ce que vous payez ! Ils offrent \u00e9galement une assistance \u00e0 la client\u00e8le 24 heures sur 24 et 7 jours sur 7, ce qui vous permet de voyager l'esprit tranquille en sachant qu'il suffit d'un coup de fil pour obtenir de l'aide.<\/p>\n<h3>Avantages de la location avec rental-car.company<\/h3>\n<ul>\n<li>Lieux de ramassage pratiques dans tout Cancun<\/li>\n<li>Politique de prix tout compris - pas de frais cach\u00e9s !<\/li>\n<li>Un large choix de v\u00e9hicules<\/li>\n<li>Assistance client\u00e8le 24h\/24 et 7j\/7 pour toute assistance n\u00e9cessaire pendant votre voyage<\/li>\n<li>Options de location flexibles - \u00e0 l'heure, \u00e0 la journ\u00e9e, \u00e0 la semaine ou au mois<\/li>\n<li>Processus de r\u00e9servation en ligne facile<\/li>\n<li>Aucune carte de cr\u00e9dit n'est requise pour la r\u00e9servation<\/li>\n<\/ul>\n<h3>Conseils pour louer une voiture \u00e0 Cancun<\/h3>\n<p>Si vous envisagez de louer une voiture \u00e0 Cancun, voici quelques conseils \u00e0 garder \u00e0 l'esprit :<\/p>\n<ul>\n<li>R\u00e9servez votre voiture de location \u00e0 l'avance pour obtenir les meilleures offres et vous assurer de la disponibilit\u00e9.<\/li>\n<li>Assurez-vous d'avoir un permis de conduire valide de votre pays d'origine.<\/li>\n<li>Cancun est connue pour ses rues \u00e9troites et sa circulation dense. Soyez prudent en conduisant et respectez le code de la route.<\/li>\n<li>Souscrivez une assurance pour vous prot\u00e9ger et prot\u00e9ger le v\u00e9hicule en cas d'accident ou de dommages.<\/li>\n<li>Familiarisez-vous avec les lois et r\u00e9glementations locales avant de prendre la route.<\/li>\n<\/ul>\n<h4>Avantages et inconv\u00e9nients de la location d'une voiture \u00e0 Cancun<\/h4>\n<p>Pour :<\/p>\n<ul>\n<li>La libert\u00e9 d'explorer \u00e0 votre rythme sans d\u00e9pendre des horaires des transports publics ou des taxis co\u00fbteux.<\/li>\n<li>Vous pouvez facilement visiter les attractions voisines telles que Tulum, Playa del Carmen et Cozumel avec votre propre v\u00e9hicule.<\/li>\n<li>Louer avec rental-car.company est abordable et pratique gr\u00e2ce \u00e0 leur politique de prix tout compris.<\/li>\n<p><\/li>Le service client\u00e8le, disponible 24 heures sur 24 et 7 jours sur 7, vous garantit une assistance tout au long de votre voyage si n\u00e9cessaire.\n <\/ul>\n<p>Cons :<\/p>\n<ul>\n<li>Les rues \u00e9troites et la circulation dense de Cancun peuvent poser des probl\u00e8mes aux conducteurs inexp\u00e9riment\u00e9s.\n <\/ul>\n<h4>Questions fr\u00e9quemment pos\u00e9es sur la location de voiture \u00e0 Cancun<\/h4>\n<p><img loading=\"lazy\" decoding=\"async\" class=\"alignright\" src=\"\/wp-content\/uploads\/images\/rent_car_1518.png\" alt=\"location de voiture cancun\" width=\"350\" height=\"350\" \/><\/p>\n<p>Q : Peut-on conduire en toute s\u00e9curit\u00e9 \u00e0 Cancun ?<br \/>\nR : Oui, il est g\u00e9n\u00e9ralement possible de conduire en toute s\u00e9curit\u00e9 \u00e0 Cancun. Veillez simplement \u00e0 respecter le code de la route.<\/p>\n<p>Q : Ai-je besoin d'un permis de conduire international pour louer une voiture \u00e0 Cancun ?<br \/>\nR : Non, un permis de conduire valide de votre pays d'origine suffit.<\/p>\n<p>Q : Puis-je passer la fronti\u00e8re avec d'autres pays avec ma voiture de location Cancun ?<br \/>\nR : Non, les soci\u00e9t\u00e9s de location de voitures ne permettent pas \u00e0 leurs v\u00e9hicules de franchir les fronti\u00e8res internationales.<\/p>\n<p>Q : L'assurance est-elle incluse dans le prix de la location ?<br \/>\nR : Non, la couverture d'assurance est un co\u00fbt suppl\u00e9mentaire, mais elle est fortement recommand\u00e9e pour votre s\u00e9curit\u00e9 et votre protection.<\/p>\n<h2>Conclusion<\/h2>\n<p>Avec ses plages magnifiques et son atmosph\u00e8re anim\u00e9e, Cancun est une destination incontournable pour tout voyageur. Et avec une location de voiture \u00e0 Cancun de la part de rental-car.company, vous pouvez profiter au maximum de votre voyage en ayant la libert\u00e9 d'explorer \u00e0 votre propre rythme. R\u00e9servez votre voiture d\u00e8s aujourd'hui et pr\u00e9parez-vous \u00e0 vivre une aventure inoubliable dans le paradis mexicain !<\/p>\n<\/div>","protected":false},"excerpt":{"rendered":"<p>Exploring Cancun with a Rental Car Cancun, located on the Yucatan Peninsula in Mexico, is known for its pristine beaches, crystal-clear waters, and vibrant nightlife. It&#8217;s a popular tourist destination for those looking to relax and soak up the sun or party the night away. However, getting around in Cancun can be a challenge without [&hellip;]<\/p>\n","protected":false},"author":1,"featured_media":3213,"parent":0,"menu_order":0,"comment_status":"closed","ping_status":"closed","template":"","meta":{"rs_blank_template":"","rs_page_bg_color":"","slide_template_v7":"","footnotes":""},"categories":[1],"tags":[],"class_list":["post-3211","page","type-page","status-publish","has-post-thumbnail","hentry","category-blog"],"_links":{"self":[{"href":"https:\/\/rental-car.company\/fr\/wp-json\/wp\/v2\/pages\/3211","targetHints":{"allow":["GET"]}}],"collection":[{"href":"https:\/\/rental-car.company\/fr\/wp-json\/wp\/v2\/pages"}],"about":[{"href":"https:\/\/rental-car.company\/fr\/wp-json\/wp\/v2\/types\/page"}],"author":[{"embeddable":true,"href":"https:\/\/rental-car.company\/fr\/wp-json\/wp\/v2\/users\/1"}],"replies":[{"embeddable":true,"href":"https:\/\/rental-car.company\/fr\/wp-json\/wp\/v2\/comments?post=3211"}],"version-history":[{"count":0,"href":"https:\/\/rental-car.company\/fr\/wp-json\/wp\/v2\/pages\/3211\/revisions"}],"wp:featuredmedia":[{"embeddable":true,"href":"https:\/\/rental-car.company\/fr\/wp-json\/wp\/v2\/media\/3213"}],"wp:attachment":[{"href":"https:\/\/rental-car.company\/fr\/wp-json\/wp\/v2\/media?parent=3211"}],"wp:term":[{"taxonomy":"category","embeddable":true,"href":"https:\/\/rental-car.company\/fr\/wp-json\/wp\/v2\/categories?post=3211"},{"taxonomy":"post_tag","embeddable":true,"href":"https:\/\/rental-car.company\/fr\/wp-json\/wp\/v2\/tags?post=3211"}],"curies":[{"name":"wp","href":"https:\/\/api.w.org\/{rel}","templated":true}]}}