{"id":3214,"date":"2024-07-29T09:08:00","date_gmt":"2024-07-29T09:08:00","guid":{"rendered":"https:\/\/rental-car.company\/?page_id=3214"},"modified":"2024-07-29T09:08:00","modified_gmt":"2024-07-29T09:08:00","slug":"location-de-voiture-brownsville-tx","status":"publish","type":"page","link":"https:\/\/rental-car.company\/fr\/location-de-voiture-brownsville-tx\/","title":{"rendered":"Location de voiture Brownsville TX - Votre guide pour louer une voiture au Texas"},"content":{"rendered":"<div class=\"wpb-content-wrapper\"><h2>Les meilleures options de location de voiture \u00e0 Brownsville, TX<\/h2>\n<p>Lorsque vous planifiez un voyage \u00e0 Brownsville, TX, l'une des premi\u00e8res choses qui vous vient \u00e0 l'esprit est sans doute le transport. Bien que la ville dispose d'options de transport public, rien ne vaut la commodit\u00e9 et la libert\u00e9 d'avoir sa propre voiture. C'est l\u00e0 que la location de voiture \u00e0 Brownsville TX entre en jeu.<\/p>\n<p>Chez rental-car.company, nous comprenons que chaque voyageur a des besoins et des pr\u00e9f\u00e9rences diff\u00e9rents en mati\u00e8re de location de voiture. C'est pourquoi nous offrons une large gamme d'options pour la location de voiture brownsville tx pour convenir \u00e0 tous les budgets et \u00e0 tous les objectifs.<\/p>\n<div class=\"vc_row wpb_row vc_row-fluid\"><div class=\"wpb_column vc_column_container vc_col-sm-12\"><div class=\"vc_column-inner\"><div class=\"wpb_wrapper\">\n\t<div class=\"wpb_text_column wpb_content_element\" >\n\t\t<div class=\"wpb_wrapper\">\n\t\t\t<p><script id=\"dchwidget\" src=\"https:\/\/www.discovercars.com\/wg.js\" async=\"\" data-dev-env=\"com\" data-location=\"\" data-lang=\"en\" data-utm-source=\"malina\" data-utm-medium=\"widget\" data-aff-code=\"a_aid\" data-autocomplete=\"on\" data-style-submit-bg-color=\"00A200\" data-style-submit-font-color=\"white\" data-style-form-bg-color=\"FAD130\" data-style-form-font-color=\"333\" data-style-submit-text=\"Search now\"><\/script><\/p>\n\n\t\t<\/div>\n\t<\/div>\n<\/div><\/div><\/div><\/div>\n<p>&nbsp;<\/p>\n<h2>Discover Car Rental Brownsville TX<\/h2>\n<p><img loading=\"lazy\" decoding=\"async\" class=\"alignleft\" src=\"\/wp-content\/uploads\/images\/rent_car_1039.png\" alt=\"location de voiture brownsville tx\" width=\"350\" height=\"350\" \/><\/p>\n<p>Lorsque vous choisissez de louer une voiture avec nous \u00e0 rental-car.company, vous pouvez vous attendre \u00e0 un service de premier ordre et \u00e0 des v\u00e9hicules fiables. Nous travaillons avec des soci\u00e9t\u00e9s de location de voitures r\u00e9put\u00e9es \u00e0 Brownsville, TX pour offrir \u00e0 nos clients une vari\u00e9t\u00e9 d'options pour leurs besoins sp\u00e9cifiques.<\/p>\n<p>Que vous recherchiez une voiture \u00e9conomique pour votre voyage en solo ou un SUV spacieux pour vos vacances en famille, nous avons ce qu'il vous faut. Nos partenaires proposent des v\u00e9hicules bien entretenus, r\u00e9guli\u00e8rement r\u00e9vis\u00e9s et dot\u00e9s de tous les \u00e9quipements n\u00e9cessaires \u00e0 une conduite confortable.<\/p>\n<h3>Mots cl\u00e9s associ\u00e9s : Location de voiture au Texas<\/h3>\n<p>- Location de voiture \u00e0 prix abordable \u00e0 Brownsville<br \/>\n- Location de voitures pas ch\u00e8res pr\u00e8s de chez moi<br \/>\n- Les meilleures voitures de location au Texas<br \/>\n- Offres de location de voitures pr\u00e8s de chez moi<\/p>\n<h4>Avantages \/ inconv\u00e9nients<\/h4>\n<p>Pour :<br \/>\n- Mode de transport pratique et flexible<br \/>\n- Libert\u00e9 d'explorer \u00e0 son rythme<br \/>\n- Large gamme d'options de v\u00e9hicules disponibles<br \/>\n- Des prix comp\u00e9titifs<br \/>\n- Possibilit\u00e9 d'ajouter des conducteurs suppl\u00e9mentaires <\/p>\n<p>Cons :<br \/>\n- Frais suppl\u00e9mentaires pour la couverture d'assurance<br \/>\n- Suppl\u00e9ment jeune conducteur (moins de 25 ans)<br \/>\n- Options de kilom\u00e9trage limit\u00e9es<br \/>\n- D\u00e9penses de gaz <\/p>\n<h4>FAQs sur la location de voiture Brownsville TX<\/h4>\n<p><img loading=\"lazy\" decoding=\"async\" class=\"alignright\" src=\"\/wp-content\/uploads\/images\/rent_car_1198.png\" alt=\"location de voiture brownsville tx\" width=\"350\" height=\"350\" \/><\/p>\n<p>Q : Quel \u00e2ge dois-je avoir pour louer une voiture \u00e0 Brownsville, TX ?<br \/>\nR : L'\u00e2ge minimum requis pour louer une voiture au Texas est de 21 ans. Toutefois, certaines soci\u00e9t\u00e9s de location peuvent facturer un suppl\u00e9ment jeune conducteur pour les conducteurs de moins de 25 ans.<\/p>\n<p>Q : Ai-je besoin d'une assurance pour louer une voiture \u00e0 Brownsville, TX ?<br \/>\nR : La plupart des soci\u00e9t\u00e9s de location exigent que vous soyez couvert par une assurance lorsque vous louez une voiture. Vous pouvez souscrire \u00e0 leur assurance ou utiliser votre propre police d'assurance. Veillez \u00e0 v\u00e9rifier aupr\u00e8s de votre fournisseur avant votre voyage.<\/p>\n<p>Q : Puis-je ajouter un conducteur suppl\u00e9mentaire \u00e0 mon contrat de location ?<br \/>\nR : Oui, la plupart des soci\u00e9t\u00e9s de location vous permettent d'ajouter un ou plusieurs conducteurs suppl\u00e9mentaires moyennant un suppl\u00e9ment.<\/p>\n<p>Q : Quels sont les modes de paiement accept\u00e9s pour les locations de voitures \u00e0 Brownsville, TX ?<br \/>\nR : La plupart des soci\u00e9t\u00e9s de location acceptent les cartes de cr\u00e9dit et de d\u00e9bit comme mode de paiement. Certaines acceptent \u00e9galement les paiements en esp\u00e8ces, mais il est pr\u00e9f\u00e9rable de v\u00e9rifier au pr\u00e9alable aupr\u00e8s de la soci\u00e9t\u00e9 concern\u00e9e.<\/p>\n<h2>Louez votre voiture aujourd'hui !<\/h2>\n<p>Pr\u00eat \u00e0 prendre la route et \u00e0 explorer tout ce que Brownsville a \u00e0 offrir ? Ne cherchez pas plus loin que la location de voiture brownsville tx \u00e0 rental-car.company. Avec notre processus de r\u00e9servation sans tracas et nos prix comp\u00e9titifs, nous vous permettons de trouver facilement le v\u00e9hicule id\u00e9al pour votre voyage. R\u00e9servez d\u00e8s maintenant et pr\u00e9parez-vous \u00e0 vivre une aventure inoubliable au Texas !<\/p>\n<\/div>","protected":false},"excerpt":{"rendered":"<p>The Best Car Rental Options in Brownsville, TX When planning a trip to Brownsville, TX, one of the first things on your mind may be transportation. While the city has public transportation options, nothing beats the convenience and freedom of having your own car. That&#8217;s where car rental brownsville tx comes in. At rental-car.company, we [&hellip;]<\/p>\n","protected":false},"author":1,"featured_media":3216,"parent":0,"menu_order":0,"comment_status":"closed","ping_status":"closed","template":"","meta":{"rs_blank_template":"","rs_page_bg_color":"","slide_template_v7":"","footnotes":""},"categories":[1],"tags":[],"class_list":["post-3214","page","type-page","status-publish","has-post-thumbnail","hentry","category-blog"],"_links":{"self":[{"href":"https:\/\/rental-car.company\/fr\/wp-json\/wp\/v2\/pages\/3214","targetHints":{"allow":["GET"]}}],"collection":[{"href":"https:\/\/rental-car.company\/fr\/wp-json\/wp\/v2\/pages"}],"about":[{"href":"https:\/\/rental-car.company\/fr\/wp-json\/wp\/v2\/types\/page"}],"author":[{"embeddable":true,"href":"https:\/\/rental-car.company\/fr\/wp-json\/wp\/v2\/users\/1"}],"replies":[{"embeddable":true,"href":"https:\/\/rental-car.company\/fr\/wp-json\/wp\/v2\/comments?post=3214"}],"version-history":[{"count":0,"href":"https:\/\/rental-car.company\/fr\/wp-json\/wp\/v2\/pages\/3214\/revisions"}],"wp:featuredmedia":[{"embeddable":true,"href":"https:\/\/rental-car.company\/fr\/wp-json\/wp\/v2\/media\/3216"}],"wp:attachment":[{"href":"https:\/\/rental-car.company\/fr\/wp-json\/wp\/v2\/media?parent=3214"}],"wp:term":[{"taxonomy":"category","embeddable":true,"href":"https:\/\/rental-car.company\/fr\/wp-json\/wp\/v2\/categories?post=3214"},{"taxonomy":"post_tag","embeddable":true,"href":"https:\/\/rental-car.company\/fr\/wp-json\/wp\/v2\/tags?post=3214"}],"curies":[{"name":"wp","href":"https:\/\/api.w.org\/{rel}","templated":true}]}}