{"id":3291,"date":"2024-07-29T23:05:32","date_gmt":"2024-07-29T23:05:32","guid":{"rendered":"https:\/\/rental-car.company\/?page_id=3291"},"modified":"2024-07-29T23:05:32","modified_gmt":"2024-07-29T23:05:32","slug":"location-de-voiture-a-nashville-tn","status":"publish","type":"page","link":"https:\/\/rental-car.company\/fr\/location-de-voiture-a-nashville-tn\/","title":{"rendered":"Location de voiture \u00e0 Nashville TN - Explorez la ville de la musique \u00e0 votre rythme"},"content":{"rendered":"<div class=\"wpb-content-wrapper\"><p>Nashville, \u00e9galement connue sous le nom de Music City, est une destination touristique tr\u00e8s pris\u00e9e dans le Tennessee. Avec sa sc\u00e8ne musicale vibrante, ses monuments historiques et sa d\u00e9licieuse cuisine du Sud, il n'est pas \u00e9tonnant que des millions de visiteurs affluent chaque ann\u00e9e dans cette ville. Et quel meilleur moyen d'explorer Nashville qu'avec une voiture de location ? La location d'une voiture \u00e0 Nashville TN vous donne la libert\u00e9 et la flexibilit\u00e9 de d\u00e9couvrir tout ce que cette ville a \u00e0 offrir \u00e0 votre propre rythme.<\/p>\n<div class=\"vc_row wpb_row vc_row-fluid\"><div class=\"wpb_column vc_column_container vc_col-sm-12\"><div class=\"vc_column-inner\"><div class=\"wpb_wrapper\">\n\t<div class=\"wpb_text_column wpb_content_element\" >\n\t\t<div class=\"wpb_wrapper\">\n\t\t\t<p><script id=\"dchwidget\" src=\"https:\/\/www.discovercars.com\/wg.js\" async=\"\" data-dev-env=\"com\" data-location=\"\" data-lang=\"en\" data-utm-source=\"malina\" data-utm-medium=\"widget\" data-aff-code=\"a_aid\" data-autocomplete=\"on\" data-style-submit-bg-color=\"00A200\" data-style-submit-font-color=\"white\" data-style-form-bg-color=\"FAD130\" data-style-form-font-color=\"333\" data-style-submit-text=\"Search now\"><\/script><\/p>\n\n\t\t<\/div>\n\t<\/div>\n<\/div><\/div><\/div><\/div>\n<p>&nbsp;<\/p>\n<h2>Faites l'exp\u00e9rience de la commodit\u00e9 de la location de voiture \u00e0 Nashville TN<\/h2>\n<p><img loading=\"lazy\" decoding=\"async\" class=\"alignleft\" src=\"\/wp-content\/uploads\/images\/rent_car_737.png\" alt=\"location de voiture \u00e0 nashville tn\" width=\"350\" height=\"350\" \/><\/p>\n<p>Lorsque vous planifiez votre voyage \u00e0 Nashville, il est important de prendre en compte les options de transport. Bien que les transports en commun soient disponibles, ils ne sont pas forc\u00e9ment la solution la plus pratique pour les touristes qui souhaitent explorer diff\u00e9rents quartiers de la ville. Les taxis peuvent \u00e9galement co\u00fbter cher et ne pas \u00eatre rentables pour les longs trajets.<\/p>\n<p>C'est l\u00e0 que la location de voitures \u00e0 Nashville TN s'av\u00e8re utile. Avec de nombreuses soci\u00e9t\u00e9s de location de voitures r\u00e9parties dans toute la ville, vous pouvez facilement trouver un v\u00e9hicule adapt\u00e9 \u00e0 vos besoins et \u00e0 votre budget. De plus, avec une voiture de location \u00e0 votre disposition, vous \u00e9viterez d'attendre les transports en commun ou de payer des frais de taxi on\u00e9reux.<\/p>\n<h3>Louer aupr\u00e8s d'entreprises de confiance<\/h3>\n<p>De nombreuses soci\u00e9t\u00e9s de location de voitures r\u00e9put\u00e9es op\u00e8rent \u00e0 Nashville. Parmi les plus connues, citons Hertz, Enterprise Rent-A-Car, Avis Rent-A-Car et Budget Car Rental. Ces soci\u00e9t\u00e9s fournissent des services fiables depuis des ann\u00e9es et disposent de plusieurs agences \u00e0 Nashville.<\/p>\n<p>Que vous ayez besoin d'une voiture compacte pour vous d\u00e9placer facilement dans le centre-ville ou d'un SUV pour explorer les attractions des environs comme le parc national des Great Smoky Mountains ou le parc national de Mammoth Cave, ces entreprises proposent un large choix de v\u00e9hicules.<\/p>\n<h3>Explorer au-del\u00e0 du centre-ville<\/h3>\n<p>Si le centre-ville de Nashville offre de nombreuses possibilit\u00e9s de divertissement, comme des salles de concert et des restaurants servant de d\u00e9licieux plats du Sud comme le poulet chaud et le barbecue, il y a bien d'autres choses \u00e0 explorer au-del\u00e0 du centre-ville. Avec une voiture de location, vous pouvez facilement vous rendre dans des quartiers voisins comme Franklin, connu pour son charmant centre-ville historique et son histoire li\u00e9e \u00e0 la guerre de S\u00e9cession.<\/p>\n<p>Vous pouvez \u00e9galement emprunter la Natchez Trace Parkway et visiter des villes pittoresques comme Leiper's Fork et Lynchburg. Et si vous \u00eates fan de musique country, vous pouvez m\u00eame vous rendre \u00e0 Memphis, o\u00f9 se trouve Graceland et o\u00f9 est n\u00e9 le rock n' roll.<\/p>\n<h4>Avantages \/ inconv\u00e9nients<\/h4>\n<p>Pour :<br \/>\n- Libert\u00e9 et flexibilit\u00e9 pour explorer Nashville \u00e0 votre rythme<br \/>\n- Option \u00e9conomique pour les voyages de longue dur\u00e9e ou les voyages en groupe<br \/>\n- Acc\u00e8s facile aux environs et aux attractions<\/p>\n<p>Cons :<br \/>\n- Le stationnement peut \u00eatre limit\u00e9 ou cher dans les zones touristiques populaires.<br \/>\n- Embouteillages aux heures de pointe dans le centre-ville de Nashville<br \/>\n- Frais suppl\u00e9mentaires pour les jeunes conducteurs ou les services suppl\u00e9mentaires tels que la navigation GPS<\/p>\n<h4>Questions fr\u00e9quemment pos\u00e9es sur la location de voitures \u00e0 Nashville TN<\/h4>\n<p><img loading=\"lazy\" decoding=\"async\" class=\"alignright\" src=\"\/wp-content\/uploads\/images\/rent_car_1347.png\" alt=\"location de voiture \u00e0 nashville tn\" width=\"350\" height=\"350\" \/><\/p>\n<p>Q : Ai-je besoin d'un permis de conduire international pour louer une voiture \u00e0 Nashville ?<br \/>\nR : Non, tant que vous avez un permis de conduire valide de votre pays d'origine, vous pouvez louer une voiture \u00e0 Nashville.<\/p>\n<p>Q : Est-il possible de louer une voiture pour un aller simple au d\u00e9part de Nashville ?<br \/>\nR : Oui, la plupart des soci\u00e9t\u00e9s de location de voitures proposent des locations aller simple moyennant un suppl\u00e9ment. Il est pr\u00e9f\u00e9rable de se renseigner aupr\u00e8s de la compagnie concern\u00e9e pour conna\u00eetre sa politique.<\/p>\n<p>Q : Quel est l'\u00e2ge minimum requis pour louer une voiture \u00e0 Nashville ?<br \/>\nR : L'\u00e2ge minimum est de 21 ans. Toutefois, les conducteurs de moins de 25 ans peuvent \u00eatre soumis \u00e0 des frais suppl\u00e9mentaires.<\/p>\n<p>Q : Puis-je ajouter des conducteurs suppl\u00e9mentaires sur mon contrat de location ?<br \/>\nR : Oui, la plupart des entreprises vous permettent d'ajouter des conducteurs suppl\u00e9mentaires moyennant un suppl\u00e9ment. Tous les conducteurs doivent pr\u00e9senter un permis de conduire valide au moment de la prise en charge.<\/p>\n<p>En conclusion, la location d'une voiture \u00e0 Nashville TN est une excellente option pour les touristes qui souhaitent explorer cette ville dynamique et ses environs. Avec une voiture de location, vous pouvez facilement naviguer dans la ville et d\u00e9couvrir tout ce qu'elle a \u00e0 offrir, de sa riche histoire musicale \u00e0 sa cuisine all\u00e9chante. N'h\u00e9sitez donc pas \u00e0 r\u00e9server une voiture de location pour votre prochain voyage \u00e0 Nashville et d\u00e9couvrez la commodit\u00e9 et la libert\u00e9 qu'elle procure.<\/p>\n<\/div>","protected":false},"excerpt":{"rendered":"<p>Nashville, also known as the Music City, is a popular tourist destination in Tennessee. With its vibrant music scene, historic landmarks, and delicious Southern cuisine, it&#8217;s no wonder why millions of visitors flock to this city every year. And what better way to explore Nashville than with a rental car? Car rental in Nashville TN [&hellip;]<\/p>\n","protected":false},"author":1,"featured_media":3293,"parent":0,"menu_order":0,"comment_status":"closed","ping_status":"closed","template":"","meta":{"rs_blank_template":"","rs_page_bg_color":"","slide_template_v7":"","footnotes":""},"categories":[1],"tags":[],"class_list":["post-3291","page","type-page","status-publish","has-post-thumbnail","hentry","category-blog"],"_links":{"self":[{"href":"https:\/\/rental-car.company\/fr\/wp-json\/wp\/v2\/pages\/3291","targetHints":{"allow":["GET"]}}],"collection":[{"href":"https:\/\/rental-car.company\/fr\/wp-json\/wp\/v2\/pages"}],"about":[{"href":"https:\/\/rental-car.company\/fr\/wp-json\/wp\/v2\/types\/page"}],"author":[{"embeddable":true,"href":"https:\/\/rental-car.company\/fr\/wp-json\/wp\/v2\/users\/1"}],"replies":[{"embeddable":true,"href":"https:\/\/rental-car.company\/fr\/wp-json\/wp\/v2\/comments?post=3291"}],"version-history":[{"count":0,"href":"https:\/\/rental-car.company\/fr\/wp-json\/wp\/v2\/pages\/3291\/revisions"}],"wp:featuredmedia":[{"embeddable":true,"href":"https:\/\/rental-car.company\/fr\/wp-json\/wp\/v2\/media\/3293"}],"wp:attachment":[{"href":"https:\/\/rental-car.company\/fr\/wp-json\/wp\/v2\/media?parent=3291"}],"wp:term":[{"taxonomy":"category","embeddable":true,"href":"https:\/\/rental-car.company\/fr\/wp-json\/wp\/v2\/categories?post=3291"},{"taxonomy":"post_tag","embeddable":true,"href":"https:\/\/rental-car.company\/fr\/wp-json\/wp\/v2\/tags?post=3291"}],"curies":[{"name":"wp","href":"https:\/\/api.w.org\/{rel}","templated":true}]}}