{"id":3382,"date":"2024-07-30T16:05:20","date_gmt":"2024-07-30T16:05:20","guid":{"rendered":"https:\/\/rental-car.company\/?page_id=3382"},"modified":"2024-07-30T16:05:20","modified_gmt":"2024-07-30T16:05:20","slug":"location-de-voiture-aeroport-de-montreal","status":"publish","type":"page","link":"https:\/\/rental-car.company\/fr\/location-de-voiture-aeroport-de-montreal\/","title":{"rendered":"Location de voiture \u00e0 l'a\u00e9roport de Montr\u00e9al : Votre guide ultime"},"content":{"rendered":"<div class=\"wpb-content-wrapper\"><h2>Location de voiture \u00e0 l'a\u00e9roport de Montr\u00e9al : ce qu'il faut savoir<\/h2>\n<p>Si vous pr\u00e9voyez un voyage \u00e0 Montr\u00e9al, la location d'une voiture est un moyen pratique et efficace d'explorer la ville et ses environs. Et quel meilleur endroit pour louer une voiture que l'a\u00e9roport ? La location de voiture \u00e0 l'a\u00e9roport de Montr\u00e9al vous permet de r\u00e9cup\u00e9rer votre v\u00e9hicule d\u00e8s votre arriv\u00e9e, sans avoir \u00e0 vous soucier du transport depuis l'a\u00e9roport.<\/p>\n<p>Chez rental-car.company, nous proposons une large gamme de voitures \u00e0 louer \u00e0 l'a\u00e9roport de Montr\u00e9al. Des voitures compactes aux SUV spacieux, nous avons quelque chose pour tout le monde. Notre objectif est de rendre votre exp\u00e9rience de voyage agr\u00e9able et sans tracas.<\/p>\n<p>Alors pourquoi devriez-vous envisager de louer une voiture \u00e0 l'a\u00e9roport de Montr\u00e9al ? Voyons un peu plus en d\u00e9tail cette option tr\u00e8s pris\u00e9e.<\/p>\n<div class=\"vc_row wpb_row vc_row-fluid\"><div class=\"wpb_column vc_column_container vc_col-sm-12\"><div class=\"vc_column-inner\"><div class=\"wpb_wrapper\">\n\t<div class=\"wpb_text_column wpb_content_element\" >\n\t\t<div class=\"wpb_wrapper\">\n\t\t\t<p><script id=\"dchwidget\" src=\"https:\/\/www.discovercars.com\/wg.js\" async=\"\" data-dev-env=\"com\" data-location=\"\" data-lang=\"en\" data-utm-source=\"malina\" data-utm-medium=\"widget\" data-aff-code=\"a_aid\" data-autocomplete=\"on\" data-style-submit-bg-color=\"00A200\" data-style-submit-font-color=\"white\" data-style-form-bg-color=\"FAD130\" data-style-form-font-color=\"333\" data-style-submit-text=\"Search now\"><\/script><\/p>\n\n\t\t<\/div>\n\t<\/div>\n<\/div><\/div><\/div><\/div>\n<p>&nbsp;<\/p>\n<h2>D\u00e9couvrez la location de voiture \u00e0 l'a\u00e9roport de Montr\u00e9al<\/h2>\n<p><img loading=\"lazy\" decoding=\"async\" class=\"alignleft\" src=\"\/wp-content\/uploads\/images\/rent_car_988.png\" alt=\"location de voiture aeroport de montreal\" width=\"350\" height=\"350\" \/><\/p>\n<p>Lorsqu'il s'agit de louer une voiture \u00e0 l'a\u00e9roport de Montr\u00e9al, plusieurs options sont disponibles. Cependant, toutes les entreprises n'offrent pas le m\u00eame niveau de service et la m\u00eame qualit\u00e9 de v\u00e9hicules. Chez rental-car.company, nous sommes fiers de fournir \u00e0 nos clients un service de premier ordre et des v\u00e9hicules bien entretenus.<\/p>\n<p>L'un des principaux avantages de nos services est que vous pouvez r\u00e9server votre v\u00e9hicule en ligne \u00e0 l'avance. Cela signifie qu'\u00e0 votre arriv\u00e9e \u00e0 l'a\u00e9roport de Montr\u00e9al, le v\u00e9hicule choisi sera pr\u00eat \u00e0 \u00eatre pris en charge. Finies les longues files d'attente et les surprises de derni\u00e8re minute : tout est r\u00e9gl\u00e9 \u00e0 l'avance.<\/p>\n<p>Notre flotte comprend diff\u00e9rentes marques et mod\u00e8les de marques r\u00e9put\u00e9es telles que Toyota, Ford, Chevrolet, et bien d'autres encore. Vous pouvez choisir entre des berlines, des voitures \u00e0 hayon, des monospaces ou des SUV en fonction de vos besoins et de vos pr\u00e9f\u00e9rences.<\/p>\n<p>De plus, nos prix sont comp\u00e9titifs et transparents - il n'y a pas de frais cach\u00e9s. Enfin, gr\u00e2ce \u00e0 notre service client\u00e8le disponible 24 heures sur 24, 7 jours sur 7, par t\u00e9l\u00e9phone ou par courrier \u00e9lectronique, nous sommes toujours l\u00e0 pour vous aider pendant votre voyage.<\/p>\n<h3>Avantages de la location de voiture \u00e0 l'a\u00e9roport de Montr\u00e9al<\/h3>\n<p>- Commodit\u00e9 : Comme nous l'avons d\u00e9j\u00e0 mentionn\u00e9, la location d'une voiture \u00e0 l'a\u00e9roport vous permet d'\u00e9conomiser du temps et des efforts. Vous pouvez commencer votre voyage d\u00e8s votre arriv\u00e9e sans avoir \u00e0 vous soucier de trouver un moyen de transport pour vous rendre \u00e0 votre h\u00f4tel ou \u00e0 d'autres destinations.<\/p>\n<p>- Flexibilit\u00e9 : Avec une voiture de location, vous avez la libert\u00e9 de cr\u00e9er votre propre itin\u00e9raire et d'explorer Montr\u00e9al \u00e0 votre rythme. Vous n'aurez pas \u00e0 vous fier aux horaires des transports en commun ni \u00e0 payer des courses de taxi co\u00fbteuses.<\/p>\n<p>- Rentabilit\u00e9 : \u00c0 long terme, la location d'une voiture peut s'av\u00e9rer plus rentable que l'utilisation d'autres modes de transport. Elle vous permet d'\u00e9conomiser de l'argent sur plusieurs voyages et de partager les co\u00fbts avec vos compagnons de voyage.<\/p>\n<h3>Choses \u00e0 consid\u00e9rer avant de louer une voiture \u00e0 l'a\u00e9roport de Montr\u00e9al<\/h3>\n<p>Avant de r\u00e9server une voiture de location \u00e0 l'a\u00e9roport de Montr\u00e9al, il y a quelques points \u00e0 prendre en compte :<\/p>\n<p>- Restrictions d'\u00e2ge : Au Canada, l'\u00e2ge minimum pour louer une voiture est g\u00e9n\u00e9ralement de 21 ans. Toutefois, certaines soci\u00e9t\u00e9s peuvent imposer des conditions d'\u00e2ge plus \u00e9lev\u00e9es ou facturer des frais suppl\u00e9mentaires pour les conducteurs plus jeunes.<\/p>\n<p>- Permis de conduire valide : Assurez-vous d'avoir un permis de conduire valide de votre pays d'origine. S'il n'est ni en anglais ni en fran\u00e7ais, il est pr\u00e9f\u00e9rable d'obtenir un permis de conduire international avant de partir.<\/p>\n<p>- Couverture d'assurance : Bien que nos voitures de location soient couvertes par une assurance de base, il est toujours recommand\u00e9 de souscrire une assurance suppl\u00e9mentaire pour avoir l'esprit tranquille. V\u00e9rifiez aupr\u00e8s de votre assureur s'il couvre les voitures de location avant d'opter pour une couverture suppl\u00e9mentaire de notre part.<\/p>\n<h4>Avantages \/ inconv\u00e9nients<\/h4>\n<p>Pour :<\/p>\n<p>- Commodit\u00e9 de prendre et de d\u00e9poser votre v\u00e9hicule directement \u00e0 l'a\u00e9roport.<br \/>\n- Large choix de v\u00e9hicules bien entretenus.<br \/>\n- Des prix comp\u00e9titifs sans frais cach\u00e9s.<br \/>\n- Des options de paiement flexibles.<br \/>\n- Assistance \u00e0 la client\u00e8le disponible 24 heures sur 24, 7 jours sur 7.<\/p>\n<p>Cons :<\/p>\n<p>- Certaines compagnies peuvent imposer des conditions d'\u00e2ge plus \u00e9lev\u00e9es pour la location.<br \/>\n- Une couverture d'assurance suppl\u00e9mentaire peut \u00eatre n\u00e9cessaire en fonction des polices d'assurance individuelles.<\/p>\n<h4>FAQ<\/h4>\n<p><img loading=\"lazy\" decoding=\"async\" class=\"alignright\" src=\"\/wp-content\/uploads\/images\/rent_car_1496.png\" alt=\"location de voiture aeroport de montreal\" width=\"350\" height=\"350\" \/><\/p>\n<p>Q : Puis-je louer une voiture \u00e0 l'a\u00e9roport de Montr\u00e9al si j'ai moins de 25 ans ?<\/p>\n<p>R : Cela d\u00e9pend des conditions d'\u00e2ge de la soci\u00e9t\u00e9 de location. Chez rental-car.company, l'\u00e2ge minimum pour louer une voiture est de 21 ans.<\/p>\n<p>Q : Ai-je besoin d'un permis de conduire international pour louer une voiture \u00e0 l'a\u00e9roport de Montr\u00e9al ?<\/p>\n<p>R : Si votre permis de conduire n'est ni en anglais ni en fran\u00e7ais, il est pr\u00e9f\u00e9rable de vous munir d'un permis de conduire international pour \u00e9viter tout probl\u00e8me \u00e9ventuel.<\/p>\n<p>Q : Une assurance suppl\u00e9mentaire est-elle n\u00e9cessaire pour louer une voiture \u00e0 l'a\u00e9roport de Montr\u00e9al ?<\/p>\n<p>R : Bien que nos voitures de location soient couvertes par une assurance de base, il est toujours recommand\u00e9 de souscrire une assurance suppl\u00e9mentaire pour avoir l'esprit tranquille. V\u00e9rifiez aupr\u00e8s de votre assureur s'il couvre les voitures de location avant d'opter pour une couverture suppl\u00e9mentaire de notre part.<\/p>\n<p>En conclusion, louer une voiture \u00e0 l'a\u00e9roport de Montr\u00e9al est une option commode et pratique pour explorer la ville et ses environs. Chez rental-car.company, nous nous effor\u00e7ons de fournir \u00e0 nos clients un service de premier ordre et des v\u00e9hicules de qualit\u00e9 \u00e0 des prix comp\u00e9titifs. R\u00e9servez votre voiture d\u00e8s aujourd'hui et profitez au maximum de votre voyage \u00e0 Montr\u00e9al !<\/p>\n<\/div>","protected":false},"excerpt":{"rendered":"<p>Montreal Airport Car Rental: What You Need to Know If you&#8217;re planning a trip to Montreal, renting a car is a convenient and efficient way to explore the city and its surrounding areas. And what better place to rent a car than directly from the airport? Car rental montreal airport offers the convenience of picking [&hellip;]<\/p>\n","protected":false},"author":1,"featured_media":2714,"parent":0,"menu_order":0,"comment_status":"closed","ping_status":"closed","template":"","meta":{"rs_blank_template":"","rs_page_bg_color":"","slide_template_v7":"","footnotes":""},"categories":[1],"tags":[],"class_list":["post-3382","page","type-page","status-publish","has-post-thumbnail","hentry","category-blog"],"_links":{"self":[{"href":"https:\/\/rental-car.company\/fr\/wp-json\/wp\/v2\/pages\/3382","targetHints":{"allow":["GET"]}}],"collection":[{"href":"https:\/\/rental-car.company\/fr\/wp-json\/wp\/v2\/pages"}],"about":[{"href":"https:\/\/rental-car.company\/fr\/wp-json\/wp\/v2\/types\/page"}],"author":[{"embeddable":true,"href":"https:\/\/rental-car.company\/fr\/wp-json\/wp\/v2\/users\/1"}],"replies":[{"embeddable":true,"href":"https:\/\/rental-car.company\/fr\/wp-json\/wp\/v2\/comments?post=3382"}],"version-history":[{"count":0,"href":"https:\/\/rental-car.company\/fr\/wp-json\/wp\/v2\/pages\/3382\/revisions"}],"wp:featuredmedia":[{"embeddable":true,"href":"https:\/\/rental-car.company\/fr\/wp-json\/wp\/v2\/media\/2714"}],"wp:attachment":[{"href":"https:\/\/rental-car.company\/fr\/wp-json\/wp\/v2\/media?parent=3382"}],"wp:term":[{"taxonomy":"category","embeddable":true,"href":"https:\/\/rental-car.company\/fr\/wp-json\/wp\/v2\/categories?post=3382"},{"taxonomy":"post_tag","embeddable":true,"href":"https:\/\/rental-car.company\/fr\/wp-json\/wp\/v2\/tags?post=3382"}],"curies":[{"name":"wp","href":"https:\/\/api.w.org\/{rel}","templated":true}]}}