{"id":3393,"date":"2024-07-30T18:05:19","date_gmt":"2024-07-30T18:05:19","guid":{"rendered":"https:\/\/rental-car.company\/?page_id=3393"},"modified":"2024-07-30T18:05:19","modified_gmt":"2024-07-30T18:05:19","slug":"location-de-voiture-aeroport-de-savannah","status":"publish","type":"page","link":"https:\/\/rental-car.company\/fr\/location-de-voiture-aeroport-de-savannah\/","title":{"rendered":"Location de voiture \u00e0 l'a\u00e9roport de Savannah : Votre guide ultime"},"content":{"rendered":"<div class=\"wpb-content-wrapper\"><p>Si vous pr\u00e9voyez un voyage \u00e0 Savannah, en G\u00e9orgie, l'un des moyens les plus pratiques de vous d\u00e9placer est de louer une voiture \u00e0 l'a\u00e9roport. La location d'une voiture \u00e0 l'a\u00e9roport de Savannah est une option populaire pour les voyageurs car elle leur permet d'avoir leur propre moyen de transport d\u00e8s le d\u00e9but de leur voyage. Dans ce guide ultime, nous allons approfondir tout ce que vous devez savoir sur la location de voiture \u00e0 l'a\u00e9roport de Savannah.<\/p>\n<h2>Pourquoi choisir la location de voiture \u00e0 l'a\u00e9roport de Savannah ?<\/h2>\n<p>L'a\u00e9roport international de Savannah\/Hilton Head (SAV) offre de nombreuses options pour les soci\u00e9t\u00e9s de location de voitures telles que Avis, Hertz, Budget et Enterprise. Gr\u00e2ce \u00e0 ces soci\u00e9t\u00e9s r\u00e9put\u00e9es pr\u00e9sentes \u00e0 l'a\u00e9roport, la location d'une voiture \u00e0 l'arriv\u00e9e est pratique et sans souci.<\/p>\n<p>De plus, le fait d'avoir votre propre voiture de location vous donne la libert\u00e9 d'explorer la belle ville de Savannah et ses environs \u00e0 votre propre rythme. Vous n'aurez pas \u00e0 compter sur les transports publics ni \u00e0 vous soucier des frais de taxi qui s'accumulent pendant votre s\u00e9jour.<\/p>\n<div class=\"vc_row wpb_row vc_row-fluid\"><div class=\"wpb_column vc_column_container vc_col-sm-12\"><div class=\"vc_column-inner\"><div class=\"wpb_wrapper\">\n\t<div class=\"wpb_text_column wpb_content_element\" >\n\t\t<div class=\"wpb_wrapper\">\n\t\t\t<p><script id=\"dchwidget\" src=\"https:\/\/www.discovercars.com\/wg.js\" async=\"\" data-dev-env=\"com\" data-location=\"\" data-lang=\"en\" data-utm-source=\"malina\" data-utm-medium=\"widget\" data-aff-code=\"a_aid\" data-autocomplete=\"on\" data-style-submit-bg-color=\"00A200\" data-style-submit-font-color=\"white\" data-style-form-bg-color=\"FAD130\" data-style-form-font-color=\"333\" data-style-submit-text=\"Search now\"><\/script><\/p>\n\n\t\t<\/div>\n\t<\/div>\n<\/div><\/div><\/div><\/div>\n<p>&nbsp;<\/p>\n<h2>Discover Car Rental Savannah Airport<\/h2>\n<p><img loading=\"lazy\" decoding=\"async\" class=\"alignleft\" src=\"\/wp-content\/uploads\/images\/rent_car_137.png\" alt=\"location de voiture a\u00e9roport de savannah\" width=\"350\" height=\"350\" \/><\/p>\n<p>Lorsqu'il s'agit de trouver la soci\u00e9t\u00e9 de location de voitures id\u00e9ale \u00e0 l'a\u00e9roport SAV, plusieurs facteurs doivent \u00eatre pris en compte. Pour vous aider \u00e0 prendre une d\u00e9cision \u00e9clair\u00e9e, voici quelques \u00e9l\u00e9ments cl\u00e9s \u00e0 garder \u00e0 l'esprit :<\/p>\n<h3>Emplacement pratique<\/h3>\n<p>L'un des principaux avantages de la location d'une voiture \u00e0 l'a\u00e9roport SAV est son emplacement pratique. Les comptoirs de location de voitures sont situ\u00e9s \u00e0 proximit\u00e9 de la r\u00e9cup\u00e9ration des bagages dans les terminaux A et B. Cela signifie que vous pouvez facilement r\u00e9cup\u00e9rer votre v\u00e9hicule \u00e0 l'arriv\u00e9e sans avoir \u00e0 subir de transport suppl\u00e9mentaire ou de tracas.<\/p>\n<h3>Large choix de v\u00e9hicules<\/h3>\n<p>Aux comptoirs des soci\u00e9t\u00e9s de location de voitures de l'a\u00e9roport SAV, vous trouverez un large choix de v\u00e9hicules allant des voitures \u00e9conomiques pour les voyageurs \u00e0 petit budget aux voitures de luxe pour ceux qui recherchent un peu plus de confort. Que vous voyagiez seul ou avec votre famille et vos amis, vous trouverez une voiture adapt\u00e9e \u00e0 vos besoins et \u00e0 votre budget.<\/p>\n<h3>Tarifs abordables<\/h3>\n<p>La concurrence entre les soci\u00e9t\u00e9s de location de voitures \u00e0 l'a\u00e9roport SAV signifie que les prix sont g\u00e9n\u00e9ralement comp\u00e9titifs. Vous pouvez facilement comparer les tarifs en ligne et profiter des r\u00e9ductions et des offres sp\u00e9ciales pour obtenir la meilleure offre. De plus, r\u00e9server \u00e0 l'avance vous permet souvent d'\u00e9conomiser encore plus d'argent.<\/p>\n<h4>Avantages \/ inconv\u00e9nients<\/h4>\n<p>Pour :<br \/>\n- Situation pratique \u00e0 l'a\u00e9roport<br \/>\n- Large choix de v\u00e9hicules<br \/>\n- Prix comp\u00e9titifs avec possibilit\u00e9 de rabais<br \/>\n- Libert\u00e9 d'explorer Savannah et ses environs \u00e0 votre rythme<\/p>\n<p>Cons :<br \/>\n- Des frais suppl\u00e9mentaires peuvent s'appliquer pour l'assurance ou les conducteurs suppl\u00e9mentaires.<br \/>\n- Options limit\u00e9es si elles ne sont pas r\u00e9serv\u00e9es \u00e0 l'avance pendant les p\u00e9riodes de pointe.<\/p>\n<h4>FAQ<\/h4>\n<p><img loading=\"lazy\" decoding=\"async\" class=\"alignright\" src=\"\/wp-content\/uploads\/images\/rent_car_1151.png\" alt=\"location de voiture a\u00e9roport de savannah\" width=\"350\" height=\"350\" \/><\/p>\n<p>Q : Quel est l'\u00e2ge minimum pour louer une voiture \u00e0 l'a\u00e9roport de Savannah ?<br \/>\nR : L'\u00e2ge minimum requis varie selon les soci\u00e9t\u00e9s de location de voitures, mais il est g\u00e9n\u00e9ralement de 21 ans. Cependant, certaines soci\u00e9t\u00e9s peuvent exiger que les locataires aient 25 ans ou plus.<\/p>\n<p>Q : L'assurance est-elle incluse dans le prix de la location ?<br \/>\nR : La plupart des soci\u00e9t\u00e9s de location de voitures proposent une assurance facultative moyennant un suppl\u00e9ment. Il est important de v\u00e9rifier au pr\u00e9alable aupr\u00e8s de votre assurance automobile personnelle ou de votre soci\u00e9t\u00e9 de carte de cr\u00e9dit qu'ils peuvent offrir une couverture pour les voitures de location.<\/p>\n<p>Q : Puis-je rendre ma voiture de location \u00e0 un autre endroit ?<br \/>\nR : Oui, de nombreuses soci\u00e9t\u00e9s de location de voitures proposent des locations aller simple qui vous permettent de restituer votre v\u00e9hicule \u00e0 un endroit diff\u00e9rent de celui o\u00f9 vous l'avez pris. Veillez \u00e0 vous renseigner au pr\u00e9alable aupr\u00e8s de la soci\u00e9t\u00e9 de votre choix sur les \u00e9ventuels frais li\u00e9s \u00e0 cette option.<\/p>\n<p>En conclusion, louer une voiture \u00e0 l'a\u00e9roport de Savannah offre aux voyageurs commodit\u00e9, flexibilit\u00e9 et prix abordable pour explorer la belle ville de Savannah et ses environs. Avec de nombreuses soci\u00e9t\u00e9s r\u00e9put\u00e9es offrant une large s\u00e9lection de v\u00e9hicules, il n'a jamais \u00e9t\u00e9 aussi facile de trouver la voiture de location id\u00e9ale. Alors, la prochaine fois que vous pr\u00e9voyez un voyage \u00e0 Savannah, pensez \u00e0 louer une voiture \u00e0 l'a\u00e9roport SAV pour une exp\u00e9rience agr\u00e9able et sans stress.<\/p>\n<\/div>","protected":false},"excerpt":{"rendered":"<p>If you&#8217;re planning a trip to Savannah, Georgia, one of the most convenient ways to get around is by renting a car at the airport. Car rental savannah airport is a popular option for travelers as it allows them to have their own transportation right from the start of their trip. In this ultimate guide, [&hellip;]<\/p>\n","protected":false},"author":1,"featured_media":2630,"parent":0,"menu_order":0,"comment_status":"closed","ping_status":"closed","template":"","meta":{"rs_blank_template":"","rs_page_bg_color":"","slide_template_v7":"","footnotes":""},"categories":[1],"tags":[],"class_list":["post-3393","page","type-page","status-publish","has-post-thumbnail","hentry","category-blog"],"_links":{"self":[{"href":"https:\/\/rental-car.company\/fr\/wp-json\/wp\/v2\/pages\/3393","targetHints":{"allow":["GET"]}}],"collection":[{"href":"https:\/\/rental-car.company\/fr\/wp-json\/wp\/v2\/pages"}],"about":[{"href":"https:\/\/rental-car.company\/fr\/wp-json\/wp\/v2\/types\/page"}],"author":[{"embeddable":true,"href":"https:\/\/rental-car.company\/fr\/wp-json\/wp\/v2\/users\/1"}],"replies":[{"embeddable":true,"href":"https:\/\/rental-car.company\/fr\/wp-json\/wp\/v2\/comments?post=3393"}],"version-history":[{"count":0,"href":"https:\/\/rental-car.company\/fr\/wp-json\/wp\/v2\/pages\/3393\/revisions"}],"wp:featuredmedia":[{"embeddable":true,"href":"https:\/\/rental-car.company\/fr\/wp-json\/wp\/v2\/media\/2630"}],"wp:attachment":[{"href":"https:\/\/rental-car.company\/fr\/wp-json\/wp\/v2\/media?parent=3393"}],"wp:term":[{"taxonomy":"category","embeddable":true,"href":"https:\/\/rental-car.company\/fr\/wp-json\/wp\/v2\/categories?post=3393"},{"taxonomy":"post_tag","embeddable":true,"href":"https:\/\/rental-car.company\/fr\/wp-json\/wp\/v2\/tags?post=3393"}],"curies":[{"name":"wp","href":"https:\/\/api.w.org\/{rel}","templated":true}]}}