{"id":3437,"date":"2024-07-31T00:06:01","date_gmt":"2024-07-31T00:06:01","guid":{"rendered":"https:\/\/rental-car.company\/?page_id=3437"},"modified":"2024-07-31T00:06:01","modified_gmt":"2024-07-31T00:06:01","slug":"location-toyota-sienna","status":"publish","type":"page","link":"https:\/\/rental-car.company\/fr\/location-toyota-sienna\/","title":{"rendered":"Location de Toyota Sienna - La location id\u00e9ale pour les familles"},"content":{"rendered":"<div class=\"wpb-content-wrapper\"><h2>Confort et commodit\u00e9 imbattables avec la location de la Toyota Sienna<\/h2>\n<p>Vous pr\u00e9voyez des vacances en famille ou un voyage entre amis ? Ne cherchez pas plus loin qu'une location de Toyota Sienna chez rental-car.company. Ce monospace spacieux et polyvalent est le choix id\u00e9al pour tout groupe recherchant le confort, la commodit\u00e9 et la fiabilit\u00e9 lors de ses d\u00e9placements.<\/p>\n<div class=\"vc_row wpb_row vc_row-fluid\"><div class=\"wpb_column vc_column_container vc_col-sm-12\"><div class=\"vc_column-inner\"><div class=\"wpb_wrapper\">\n\t<div class=\"wpb_text_column wpb_content_element\" >\n\t\t<div class=\"wpb_wrapper\">\n\t\t\t<p><script id=\"dchwidget\" src=\"https:\/\/www.discovercars.com\/wg.js\" async=\"\" data-dev-env=\"com\" data-location=\"\" data-lang=\"en\" data-utm-source=\"malina\" data-utm-medium=\"widget\" data-aff-code=\"a_aid\" data-autocomplete=\"on\" data-style-submit-bg-color=\"00A200\" data-style-submit-font-color=\"white\" data-style-form-bg-color=\"FAD130\" data-style-form-font-color=\"333\" data-style-submit-text=\"Search now\"><\/script><\/p>\n\n\t\t<\/div>\n\t<\/div>\n<\/div><\/div><\/div><\/div>\n<p>&nbsp;<\/p>\n<h2>D\u00e9couvrez la location de la Toyota Sienna<\/h2>\n<p><img loading=\"lazy\" decoding=\"async\" class=\"alignleft\" src=\"\/wp-content\/uploads\/images\/rent_car_561.png\" alt=\"location toyota sienna\" width=\"350\" height=\"350\" \/><\/p>\n<p>Avec son design \u00e9l\u00e9gant, ses fonctions de s\u00e9curit\u00e9 avanc\u00e9es et son espace g\u00e9n\u00e9reux pour les passagers et le chargement, la Toyota Sienna est un choix de premier ordre parmi les monospaces. Et maintenant, vous pouvez profiter de tous ses avantages en en louant une aupr\u00e8s de rental-car.company.<\/p>\n<p>La Toyota Sienna peut accueillir jusqu'\u00e0 8 passagers, ce qui la rend id\u00e9ale pour les familles nombreuses ou les groupes. L'int\u00e9rieur a \u00e9t\u00e9 con\u00e7u dans un souci de confort, avec des si\u00e8ges moelleux et beaucoup d'espace pour les jambes. Gr\u00e2ce aux multiples ports de chargement et \u00e0 la connectivit\u00e9 Wi-Fi disponible, tout le monde peut rester connect\u00e9 et se divertir pendant les longs trajets.<\/p>\n<p>Mais il n'y a pas que le confort - la Toyota Sienna affiche \u00e9galement des performances impressionnantes. Son puissant moteur V6 offre une acc\u00e9l\u00e9ration en douceur et une \u00e9conomie de carburant efficace. Et gr\u00e2ce \u00e0 la transmission int\u00e9grale en option, vous pouvez affronter toutes les conditions routi\u00e8res en toute confiance.<\/p>\n<p>En mati\u00e8re de s\u00e9curit\u00e9, la Toyota Sienna ne d\u00e9\u00e7oit pas non plus. Elle est \u00e9quip\u00e9e de fonctions avanc\u00e9es telles que l'alerte de franchissement de ligne, le freinage d'urgence automatique et le r\u00e9gulateur de vitesse adaptatif pour vous aider \u00e0 rester en s\u00e9curit\u00e9 sur la route.<\/p>\n<h3>Les avantages de la location d'une Toyota Sienna<\/h3>\n<p>- Int\u00e9rieur spacieux, id\u00e9al pour les familles ou les grands groupes<br \/>\n- Des fonctions technologiques avanc\u00e9es pour divertir tout le monde<br \/>\n- Des performances fluides et une \u00e9conomie de carburant efficace<br \/>\n- Des dispositifs de s\u00e9curit\u00e9 de premier ordre pour la tranquillit\u00e9 d'esprit<\/p>\n<h3>Tarifs abordables de Rental-Car.Company<\/h3>\n<p>Chez rental-car.company, nous nous effor\u00e7ons de proposer \u00e0 nos clients des tarifs abordables sans sacrifier la qualit\u00e9. Notre flotte de Toyota Sienna est r\u00e9guli\u00e8rement entretenue et r\u00e9vis\u00e9e pour garantir une exp\u00e9rience de location fiable et agr\u00e9able. De plus, gr\u00e2ce \u00e0 notre syst\u00e8me pratique de r\u00e9servation en ligne, vous pouvez facilement r\u00e9server votre location de Toyota Sienna en quelques clics.<\/p>\n<h3>Avantages \/ inconv\u00e9nients<\/h3>\n<p>Pour :<br \/>\n- Int\u00e9rieur spacieux et confortable<br \/>\n- Caract\u00e9ristiques technologiques avanc\u00e9es<br \/>\n- Une performance sans faille<br \/>\n- Des dispositifs de s\u00e9curit\u00e9 de premier ordre<\/p>\n<p>Cons :<br \/>\n- Espace de chargement limit\u00e9 lorsque tous les si\u00e8ges sont utilis\u00e9s<br \/>\n- Ce n'est peut-\u00eatre pas l'option la plus \u00e9conome en carburant pour les voyageurs en solo.<\/p>\n<h4>FAQ<\/h4>\n<h4>Y a-t-il un \u00e2ge minimum requis pour louer une Toyota Sienna ?<\/h4>\n<p>Oui, l'\u00e2ge minimum requis pour louer une Toyota Sienna aupr\u00e8s de rental-car.company est de 21 ans.<\/p>\n<h4>Puis-je ajouter des conducteurs suppl\u00e9mentaires \u00e0 ma location de Toyota Sienna ?<\/h4>\n<p>Oui, des conducteurs suppl\u00e9mentaires peuvent \u00eatre ajout\u00e9s moyennant un suppl\u00e9ment. Il suffit de s'assurer qu'ils remplissent les conditions d'\u00e2ge et de permis de conduire.<\/p>\n<h4>Quelle est la consommation de carburant de la Toyota Sienna ?<\/h4>\n<p><img loading=\"lazy\" decoding=\"async\" class=\"alignright\" src=\"\/wp-content\/uploads\/images\/rent_car_558.png\" alt=\"location toyota sienna\" width=\"350\" height=\"350\" \/><\/p>\n<p>La consommation exacte peut varier en fonction des conditions de conduite, mais en moyenne, la Toyota Sienna affiche une consommation de 19 miles par gallon en ville et de 27 miles par gallon sur l'autoroute.<\/p>\n<p>En conclusion, si vous \u00eates \u00e0 la recherche d'une location familiale imbattable qui offre confort, commodit\u00e9, performance et s\u00e9curit\u00e9, ne cherchez pas plus loin qu'une Toyota Sienna de rental-car.company. Avec des tarifs abordables et un service de premier ordre, nous vous garantissons une exp\u00e9rience de voyage agr\u00e9able. R\u00e9servez votre location de Toyota Sienna d\u00e8s aujourd'hui !<\/p>\n<\/div>","protected":false},"excerpt":{"rendered":"<p>Unbeatable Comfort and Convenience with Toyota Sienna Rental Are you planning a family vacation or a road trip with friends? Look no further than a Toyota Sienna rental from rental-car.company. This spacious and versatile minivan is the perfect choice for any group looking for comfort, convenience, and reliability on their travels. &nbsp; Discover Toyota Sienna [&hellip;]<\/p>\n","protected":false},"author":1,"featured_media":3439,"parent":0,"menu_order":0,"comment_status":"closed","ping_status":"closed","template":"","meta":{"rs_blank_template":"","rs_page_bg_color":"","slide_template_v7":"","footnotes":""},"categories":[1],"tags":[],"class_list":["post-3437","page","type-page","status-publish","has-post-thumbnail","hentry","category-blog"],"_links":{"self":[{"href":"https:\/\/rental-car.company\/fr\/wp-json\/wp\/v2\/pages\/3437","targetHints":{"allow":["GET"]}}],"collection":[{"href":"https:\/\/rental-car.company\/fr\/wp-json\/wp\/v2\/pages"}],"about":[{"href":"https:\/\/rental-car.company\/fr\/wp-json\/wp\/v2\/types\/page"}],"author":[{"embeddable":true,"href":"https:\/\/rental-car.company\/fr\/wp-json\/wp\/v2\/users\/1"}],"replies":[{"embeddable":true,"href":"https:\/\/rental-car.company\/fr\/wp-json\/wp\/v2\/comments?post=3437"}],"version-history":[{"count":0,"href":"https:\/\/rental-car.company\/fr\/wp-json\/wp\/v2\/pages\/3437\/revisions"}],"wp:featuredmedia":[{"embeddable":true,"href":"https:\/\/rental-car.company\/fr\/wp-json\/wp\/v2\/media\/3439"}],"wp:attachment":[{"href":"https:\/\/rental-car.company\/fr\/wp-json\/wp\/v2\/media?parent=3437"}],"wp:term":[{"taxonomy":"category","embeddable":true,"href":"https:\/\/rental-car.company\/fr\/wp-json\/wp\/v2\/categories?post=3437"},{"taxonomy":"post_tag","embeddable":true,"href":"https:\/\/rental-car.company\/fr\/wp-json\/wp\/v2\/tags?post=3437"}],"curies":[{"name":"wp","href":"https:\/\/api.w.org\/{rel}","templated":true}]}}