{"id":3485,"date":"2024-07-31T09:05:49","date_gmt":"2024-07-31T09:05:49","guid":{"rendered":"https:\/\/rental-car.company\/?page_id=3485"},"modified":"2024-07-31T09:05:49","modified_gmt":"2024-07-31T09:05:49","slug":"location-de-voiture-memphis","status":"publish","type":"page","link":"https:\/\/rental-car.company\/fr\/location-de-voiture-memphis\/","title":{"rendered":"Location de voiture \u00e0 Memphis - Votre guide ultime"},"content":{"rendered":"<div class=\"wpb-content-wrapper\"><h2>Les meilleures options de location de voiture \u00e0 Memphis<\/h2>\n<p>Lorsqu'il s'agit d'explorer la ville dynamique de Memphis, il n'y a pas de meilleur moyen de se d\u00e9placer que de louer une voiture. Avec tant d'attractions populaires diss\u00e9min\u00e9es dans toute la ville, avoir son propre moyen de transport vous donne la libert\u00e9 et la commodit\u00e9 de d\u00e9couvrir tout ce que Memphis a \u00e0 offrir. Dans cet article, nous allons explorer tout ce que vous devez savoir sur la location de voiture \u00e0 Memphis.<\/p>\n<div class=\"vc_row wpb_row vc_row-fluid\"><div class=\"wpb_column vc_column_container vc_col-sm-12\"><div class=\"vc_column-inner\"><div class=\"wpb_wrapper\">\n\t<div class=\"wpb_text_column wpb_content_element\" >\n\t\t<div class=\"wpb_wrapper\">\n\t\t\t<p><script id=\"dchwidget\" src=\"https:\/\/www.discovercars.com\/wg.js\" async=\"\" data-dev-env=\"com\" data-location=\"\" data-lang=\"en\" data-utm-source=\"malina\" data-utm-medium=\"widget\" data-aff-code=\"a_aid\" data-autocomplete=\"on\" data-style-submit-bg-color=\"00A200\" data-style-submit-font-color=\"white\" data-style-form-bg-color=\"FAD130\" data-style-form-font-color=\"333\" data-style-submit-text=\"Search now\"><\/script><\/p>\n\n\t\t<\/div>\n\t<\/div>\n<\/div><\/div><\/div><\/div>\n<p>&nbsp;<\/p>\n<h2>Discover Car Rental Memphis<\/h2>\n<p><img loading=\"lazy\" decoding=\"async\" class=\"alignleft\" src=\"\/wp-content\/uploads\/images\/rent_car_1414.png\" alt=\"location de voiture memphis\" width=\"350\" height=\"350\" \/><\/p>\n<p>Memphis abrite un grand nombre de soci\u00e9t\u00e9s de location de voitures qui r\u00e9pondent \u00e0 diff\u00e9rents budgets et besoins. Les plus populaires sont les grandes cha\u00eenes telles que Hertz, Enterprise et Avis, ainsi que des soci\u00e9t\u00e9s locales comme Budget Rent-A-Car et Thrifty Car Rental.<\/p>\n<p>Si vous recherchez un type de v\u00e9hicule sp\u00e9cifique, comme une voiture de luxe ou un SUV pour votre voyage en famille, n'h\u00e9sitez pas \u00e0 consulter Alamo Rent A Car ou National Car Rental. Ces soci\u00e9t\u00e9s proposent une large gamme de v\u00e9hicules \u00e0 des prix comp\u00e9titifs.<\/p>\n<p>Que vous arriviez \u00e0 l'a\u00e9roport ou que vous ayez besoin d'une voiture pour l'ensemble de votre s\u00e9jour \u00e0 Memphis, il existe de nombreux points de ramassage pratiques dans toute la ville. Vous pouvez \u00e9galement opter pour un service de livraison o\u00f9 la soci\u00e9t\u00e9 de location apporte le v\u00e9hicule directement \u00e0 votre h\u00f4tel ou \u00e0 l'endroit souhait\u00e9.<\/p>\n<h3>Louez la voiture de vos r\u00eaves en toute simplicit\u00e9<\/h3>\n<p>Avec autant d'options disponibles, il peut \u00eatre difficile de choisir la soci\u00e9t\u00e9 de location de voitures qui vous convient le mieux. Voici quelques facteurs \u00e0 prendre en compte avant de faire votre choix :<\/p>\n<h4>Pour :<\/h4>\n<p>- Commodit\u00e9 : Le fait de disposer de votre propre moyen de transport vous permet d'explorer Memphis \u00e0 votre rythme, sans vous soucier des horaires des transports publics.<br \/>\n- Flexibilit\u00e9 : Avec une voiture de location, vous avez la libert\u00e9 de visiter plusieurs attractions en une journ\u00e9e sans vous soucier des contraintes de temps.<br \/>\n- Rentabilit\u00e9 : En fonction de la dur\u00e9e de votre s\u00e9jour \u00e0 Memphis et du nombre de personnes dans votre groupe, la location d'une voiture peut \u00eatre plus rentable que l'utilisation d'autres modes de transport.<\/p>\n<h4>Cons :<\/h4>\n<p>- Frais suppl\u00e9mentaires : Certaines soci\u00e9t\u00e9s de location peuvent facturer des frais suppl\u00e9mentaires pour l'assurance, les conducteurs suppl\u00e9mentaires ou le retour du v\u00e9hicule \u00e0 un autre endroit.<br \/>\n- Circulation : Comme toute ville, Memphis peut conna\u00eetre une circulation dense aux heures de pointe, ce qui peut affecter votre temps de trajet.<br \/>\n- Le stationnement : Il peut \u00eatre difficile de trouver un parking dans les quartiers populaires et cela peut co\u00fbter plus cher.<\/p>\n<h3>Questions fr\u00e9quemment pos\u00e9es<\/h3>\n<h4>Q : Quel est l'\u00e2ge minimum requis pour louer une voiture \u00e0 Memphis ?<\/h4>\n<p>R : L'\u00e2ge minimum requis varie selon les soci\u00e9t\u00e9s de location, mais la plupart exigent que les conducteurs aient au moins 21 ans. Les conducteurs de moins de 25 ans peuvent \u00e9galement devoir payer un suppl\u00e9ment.<\/p>\n<h4>Q : Puis-je louer une voiture sans carte de cr\u00e9dit ?<\/h4>\n<p>R : La plupart des soci\u00e9t\u00e9s de location de voitures exigent une carte de cr\u00e9dit pour des raisons de r\u00e9servation et de s\u00e9curit\u00e9. Toutefois, certaines acceptent les esp\u00e8ces ou les cartes de d\u00e9bit, sous r\u00e9serve de certaines restrictions.<\/p>\n<h4>Q : L'assurance est-elle incluse dans le prix de la location ?<\/h4>\n<p><img loading=\"lazy\" decoding=\"async\" class=\"alignright\" src=\"\/wp-content\/uploads\/images\/rent_car_390.png\" alt=\"location de voiture memphis\" width=\"350\" height=\"350\" \/><\/p>\n<p>R : L'assurance de base est g\u00e9n\u00e9ralement incluse dans le prix de la location. Toutefois, il est recommand\u00e9 de souscrire une couverture suppl\u00e9mentaire pour avoir l'esprit tranquille.<\/p>\n<p>En conclusion, louer une voiture \u00e0 Memphis est le meilleur moyen d'explorer cette ville dynamique. Gr\u00e2ce aux diff\u00e9rentes options disponibles et aux points de ramassage pratiques, vous pouvez facilement trouver le v\u00e9hicule id\u00e9al pour vos besoins. N'oubliez pas de prendre en compte tous les facteurs avant de prendre votre d\u00e9cision et profitez de votre voyage !<\/p>\n<\/div>","protected":false},"excerpt":{"rendered":"<p>The Best Car Rental Options in Memphis When it comes to exploring the vibrant city of Memphis, there is no better way to get around than by renting a car. With so many popular attractions scattered throughout the city, having your own transportation gives you the freedom and convenience to truly experience all that Memphis [&hellip;]<\/p>\n","protected":false},"author":1,"featured_media":3487,"parent":0,"menu_order":0,"comment_status":"closed","ping_status":"closed","template":"","meta":{"rs_blank_template":"","rs_page_bg_color":"","slide_template_v7":"","footnotes":""},"categories":[1],"tags":[],"class_list":["post-3485","page","type-page","status-publish","has-post-thumbnail","hentry","category-blog"],"_links":{"self":[{"href":"https:\/\/rental-car.company\/fr\/wp-json\/wp\/v2\/pages\/3485","targetHints":{"allow":["GET"]}}],"collection":[{"href":"https:\/\/rental-car.company\/fr\/wp-json\/wp\/v2\/pages"}],"about":[{"href":"https:\/\/rental-car.company\/fr\/wp-json\/wp\/v2\/types\/page"}],"author":[{"embeddable":true,"href":"https:\/\/rental-car.company\/fr\/wp-json\/wp\/v2\/users\/1"}],"replies":[{"embeddable":true,"href":"https:\/\/rental-car.company\/fr\/wp-json\/wp\/v2\/comments?post=3485"}],"version-history":[{"count":0,"href":"https:\/\/rental-car.company\/fr\/wp-json\/wp\/v2\/pages\/3485\/revisions"}],"wp:featuredmedia":[{"embeddable":true,"href":"https:\/\/rental-car.company\/fr\/wp-json\/wp\/v2\/media\/3487"}],"wp:attachment":[{"href":"https:\/\/rental-car.company\/fr\/wp-json\/wp\/v2\/media?parent=3485"}],"wp:term":[{"taxonomy":"category","embeddable":true,"href":"https:\/\/rental-car.company\/fr\/wp-json\/wp\/v2\/categories?post=3485"},{"taxonomy":"post_tag","embeddable":true,"href":"https:\/\/rental-car.company\/fr\/wp-json\/wp\/v2\/tags?post=3485"}],"curies":[{"name":"wp","href":"https:\/\/api.w.org\/{rel}","templated":true}]}}