{"id":3491,"date":"2024-07-31T10:06:46","date_gmt":"2024-07-31T10:06:46","guid":{"rendered":"https:\/\/rental-car.company\/?page_id=3491"},"modified":"2024-07-31T10:06:46","modified_gmt":"2024-07-31T10:06:46","slug":"location-de-voiture-visalia","status":"publish","type":"page","link":"https:\/\/rental-car.company\/fr\/location-de-voiture-visalia\/","title":{"rendered":"Location de voiture Visalia - Votre guide pour explorer la ville sur roues"},"content":{"rendered":"<div class=\"wpb-content-wrapper\"><h2>D\u00e9couvrez la location de voiture \u00e0 Visalia : Un moyen pratique d'explorer la ville<\/h2>\n<p>Visalia, en Californie, est une charmante ville situ\u00e9e au c\u0153ur de la vall\u00e9e de San Joaquin. Avec ses magnifiques parcs, ses sites historiques et son centre-ville anim\u00e9, les choses \u00e0 voir et \u00e0 faire ne manquent pas \u00e0 Visalia. Et quel meilleur moyen d'explorer cette ville que de louer une voiture ? \u00c0 la location de voiture Visalia, nous offrons un moyen pratique et abordable pour les visiteurs de se d\u00e9placer et de d\u00e9couvrir tout ce que cette ville a \u00e0 offrir.<\/p>\n<h3>Louer une voiture \u00e0 Visalia - Les avantages<\/h3>\n<p>Louer une voiture \u00e0 Visalia pr\u00e9sente de nombreux avantages qui peuvent am\u00e9liorer votre exp\u00e9rience de voyage. Voici quelques raisons pour lesquelles la location d'une voiture \u00e0 Visalia est la meilleure option pour explorer cette merveilleuse ville :<\/p>\n<p><strong>Flexibilit\u00e9 :<\/strong> Avec une voiture de location \u00e0 votre disposition, vous avez le contr\u00f4le total de votre itin\u00e9raire. Vous pouvez visiter les attractions \u00e0 votre rythme sans \u00eatre limit\u00e9 par les horaires des transports publics.<\/p>\n<p><strong>Abordable :<\/strong> Nos prix de location de voitures \u00e0 Visalia sont comp\u00e9titifs et adapt\u00e9s \u00e0 votre budget. Nous proposons une gamme de v\u00e9hicules allant des voitures \u00e9conomiques aux SUV de luxe, afin que vous puissiez choisir celui qui correspond \u00e0 votre budget.<\/p>\n<p><strong>Commodit\u00e9 :<\/strong> Notre emplacement dans le centre-ville de Visalia vous permet de prendre et de d\u00e9poser facilement votre voiture de location. Vous n'avez pas \u00e0 vous soucier des frais de taxi on\u00e9reux ou de la navigation dans des syst\u00e8mes de transport public peu familiers.<\/p>\n<p><strong>Vari\u00e9t\u00e9 :<\/strong> Que vous ayez besoin d'une voiture compacte pour voyager en solo ou d'un SUV pour les aventures en famille, nous disposons d'une vaste flotte de v\u00e9hicules dans notre \u00e9tablissement de Visalia.<\/p>\n<h4>Les avantages et les inconv\u00e9nients de la location d'une voiture \u00e0 Visalia<\/h4>\n<p>Pour :<br \/>\n- Flexibilit\u00e9 et commodit\u00e9<br \/>\n- Des prix abordables<br \/>\n- Grand choix de v\u00e9hicules<br \/>\n- Lieu d'embarquement et de d\u00e9barquement facile dans le centre-ville de Visalia<\/p>\n<p>Cons :<br \/>\n- Co\u00fbts suppl\u00e9mentaires pour l'assurance, le GPS et d'autres suppl\u00e9ments<br \/>\n- Des frais de stationnement peuvent \u00eatre appliqu\u00e9s dans certaines zones de la ville.<br \/>\n- Risque de congestion du trafic aux heures de pointe<\/p>\n<h4>Questions fr\u00e9quemment pos\u00e9es<\/h4>\n<p><img loading=\"lazy\" decoding=\"async\" class=\"alignright\" src=\"\/wp-content\/uploads\/images\/rent_car_158.png\" alt=\"location de voiture visalia\" width=\"350\" height=\"350\" \/><\/p>\n<p>Q : De quoi ai-je besoin pour louer une voiture \u00e0 Visalia ?<br \/>\nR : Vous aurez besoin d'un permis de conduire valide, d'une carte de cr\u00e9dit et d'une preuve d'assurance. Les visiteurs internationaux peuvent \u00e9galement avoir besoin d'un permis de conduire international.<\/p>\n<p>Q : Quel \u00e2ge dois-je avoir pour louer une voiture ?<br \/>\nR : L'\u00e2ge minimum requis pour louer une voiture \u00e0 Visalia est de 21 ans. Cependant, il peut y avoir des frais suppl\u00e9mentaires pour les conducteurs de moins de 25 ans.<\/p>\n<p>Q : Puis-je rendre ma voiture de location \u00e0 un autre endroit ?<br \/>\nR : Oui, vous pouvez rendre votre voiture de location dans n'importe quelle agence en Californie. Des frais suppl\u00e9mentaires peuvent s'appliquer.<\/p>\n<div class=\"vc_row wpb_row vc_row-fluid\"><div class=\"wpb_column vc_column_container vc_col-sm-12\"><div class=\"vc_column-inner\"><div class=\"wpb_wrapper\">\n\t<div class=\"wpb_text_column wpb_content_element\" >\n\t\t<div class=\"wpb_wrapper\">\n\t\t\t<p><script id=\"dchwidget\" src=\"https:\/\/www.discovercars.com\/wg.js\" async=\"\" data-dev-env=\"com\" data-location=\"\" data-lang=\"en\" data-utm-source=\"malina\" data-utm-medium=\"widget\" data-aff-code=\"a_aid\" data-autocomplete=\"on\" data-style-submit-bg-color=\"00A200\" data-style-submit-font-color=\"white\" data-style-form-bg-color=\"FAD130\" data-style-form-font-color=\"333\" data-style-submit-text=\"Search now\"><\/script><\/p>\n\n\t\t<\/div>\n\t<\/div>\n<\/div><\/div><\/div><\/div>\n<p>&nbsp;<\/p>\n<h2>Explorez Visalia avec votre voiture de location<\/h2>\n<p><img loading=\"lazy\" decoding=\"async\" class=\"alignleft\" src=\"\/wp-content\/uploads\/images\/rent_car_379.png\" alt=\"location de voiture visalia\" width=\"350\" height=\"350\" \/><\/p>\n<p>Maintenant que vous connaissez les avantages de la location d'une voiture \u00e0 Visalia, il est temps de prendre la route et d'explorer cette charmante ville ! Voici quelques lieux incontournables auxquels vous pouvez facilement acc\u00e9der avec votre voiture de location :<\/p>\n<h3>Parc national de Sequoia<\/h3>\n<p>\u00c0 une heure de route de Visalia se trouve le parc national de Sequoia, qui abrite certains des plus grands arbres du monde. Prenez votre voiture de location pour une promenade pittoresque \u00e0 travers le parc et admirez ces magnifiques g\u00e9ants.<\/p>\n<h3>Parc Mooney Grove<\/h3>\n<p>Situ\u00e9 dans les limites de la ville de Visalia, Mooney Grove Park est une oasis remplie de beaux jardins et d'aires de pique-nique. Faites le tour de ce parc et admirez sa beaut\u00e9 naturelle ou arr\u00eatez-vous pour pique-niquer avec vos proches.<\/p>\n<h3>Centre-ville de Visalia<\/h3>\n<p>Garez votre voiture de location et explorez le centre-ville de Visalia \u00e0 pied. Avec ses b\u00e2timents historiques, ses boutiques et ses d\u00e9licieux restaurants, il y a toujours quelque chose \u00e0 d\u00e9couvrir dans ce quartier anim\u00e9.<\/p>\n<h3>Conservatoire des fleurs<\/h3>\n<p>Situ\u00e9 \u00e0 Exeter, non loin de l\u00e0, le Conservatory of Flowers est une visite incontournable pour les amoureux de la nature. Empruntez une route pittoresque \u00e0 travers la campagne et explorez les magnifiques jardins et serres de cette merveille botanique.<\/p>\n<h2>R\u00e9flexions finales<\/h2>\n<p>Avec son emplacement pratique et ses prix abordables, la location d'une voiture \u00e0 Visalia est le moyen id\u00e9al pour explorer cette charmante ville. Alors, la prochaine fois que vous planifiez un voyage \u00e0 Visalia, assurez-vous de r\u00e9server votre voiture de location aupr\u00e8s de car rental visalia pour une exp\u00e9rience de voyage agr\u00e9able et sans tracas. Bon voyage !<\/p>\n<\/div>","protected":false},"excerpt":{"rendered":"<p>Discover Car Rental Visalia: A Convenient Way to Explore the City Visalia, California is a charming city located in the heart of the San Joaquin Valley. With its beautiful parks, historical sites, and vibrant downtown area, there is no shortage of things to see and do in Visalia. And what better way to explore this [&hellip;]<\/p>\n","protected":false},"author":1,"featured_media":3493,"parent":0,"menu_order":0,"comment_status":"closed","ping_status":"closed","template":"","meta":{"rs_blank_template":"","rs_page_bg_color":"","slide_template_v7":"","footnotes":""},"categories":[1],"tags":[],"class_list":["post-3491","page","type-page","status-publish","has-post-thumbnail","hentry","category-blog"],"_links":{"self":[{"href":"https:\/\/rental-car.company\/fr\/wp-json\/wp\/v2\/pages\/3491","targetHints":{"allow":["GET"]}}],"collection":[{"href":"https:\/\/rental-car.company\/fr\/wp-json\/wp\/v2\/pages"}],"about":[{"href":"https:\/\/rental-car.company\/fr\/wp-json\/wp\/v2\/types\/page"}],"author":[{"embeddable":true,"href":"https:\/\/rental-car.company\/fr\/wp-json\/wp\/v2\/users\/1"}],"replies":[{"embeddable":true,"href":"https:\/\/rental-car.company\/fr\/wp-json\/wp\/v2\/comments?post=3491"}],"version-history":[{"count":0,"href":"https:\/\/rental-car.company\/fr\/wp-json\/wp\/v2\/pages\/3491\/revisions"}],"wp:featuredmedia":[{"embeddable":true,"href":"https:\/\/rental-car.company\/fr\/wp-json\/wp\/v2\/media\/3493"}],"wp:attachment":[{"href":"https:\/\/rental-car.company\/fr\/wp-json\/wp\/v2\/media?parent=3491"}],"wp:term":[{"taxonomy":"category","embeddable":true,"href":"https:\/\/rental-car.company\/fr\/wp-json\/wp\/v2\/categories?post=3491"},{"taxonomy":"post_tag","embeddable":true,"href":"https:\/\/rental-car.company\/fr\/wp-json\/wp\/v2\/tags?post=3491"}],"curies":[{"name":"wp","href":"https:\/\/api.w.org\/{rel}","templated":true}]}}