{"id":3639,"date":"2024-08-01T15:06:00","date_gmt":"2024-08-01T15:06:00","guid":{"rendered":"https:\/\/rental-car.company\/?page_id=3639"},"modified":"2024-08-01T15:06:00","modified_gmt":"2024-08-01T15:06:00","slug":"location-de-voiture-pour-un-jeune-de-18-ans","status":"publish","type":"page","link":"https:\/\/rental-car.company\/fr\/location-de-voiture-pour-un-jeune-de-18-ans\/","title":{"rendered":"Location de voiture pour un jeune de 18 ans - Le guide ultime"},"content":{"rendered":"<div class=\"wpb-content-wrapper\"><h2>Options de location de voiture pour les jeunes de 18 ans<\/h2>\n<p>Si vous avez 18 ans et que vous souhaitez louer une voiture, vous vous demandez peut-\u00eatre quelles sont vos options. De nombreuses soci\u00e9t\u00e9s de location de voitures ont des restrictions d'\u00e2ge strictes et n'autorisent pas les personnes de moins de 21 ans \u00e0 louer une voiture. Cependant, il existe encore quelques options pour les personnes \u00e2g\u00e9es de 18 ans.<\/p>\n<h3>Les soci\u00e9t\u00e9s de location de voitures qui louent aux jeunes de 18 ans<\/h3>\n<p>La plupart des grandes soci\u00e9t\u00e9s de location de voitures exigent que les locataires aient au moins 21 ans, mais certaines font des exceptions pour les jeunes conducteurs. Il s'agit notamment de Hertz, Enterprise et Budget.<\/p>\n<p>Hertz autorise les locataires \u00e0 partir de 18 ans dans certaines r\u00e9gions des \u00c9tats-Unis. Cependant, ils facturent un suppl\u00e9ment de $30 par jour pour les conducteurs \u00e2g\u00e9s de 18 \u00e0 20 ans.<\/p>\n<p>Enterprise autorise \u00e9galement les locataires \u00e2g\u00e9s d'au moins 18 ans dans certaines localit\u00e9s des \u00c9tats-Unis et du Canada. Elle facture \u00e9galement un suppl\u00e9ment pour les jeunes conducteurs, allant de $20 \u00e0 $35 par jour en fonction de l'emplacement.<\/p>\n<p>Budget a une politique similaire \u00e0 celle d'Enterprise et autorise les locataires \u00e2g\u00e9s d'au moins 18 ans dans certaines r\u00e9gions des \u00c9tats-Unis et du Canada. Elle facture \u00e9galement un suppl\u00e9ment de $27 par jour pour les jeunes conducteurs.<\/p>\n<h4>Pour :<\/h4>\n<ul>\n<li>Vous pouvez louer une voiture m\u00eame si vous n'avez que 18 ans.<\/li>\n<li>Vous avez acc\u00e8s aux principales soci\u00e9t\u00e9s de location de voitures<\/li>\n<li>Vous pouvez voyager de mani\u00e8re ind\u00e9pendante sans d\u00e9pendre des transports publics ou des services de covoiturage.<\/li>\n<\/ul>\n<h4>Cons :<\/h4>\n<ul>\n<li>Vous pouvez \u00eatre amen\u00e9 \u00e0 payer des frais plus \u00e9lev\u00e9s si vous \u00eates un jeune conducteur.<\/li>\n<li>Vos possibilit\u00e9s de location peuvent \u00eatre limit\u00e9es<\/li>\n<li>Il se peut que vous deviez fournir des documents suppl\u00e9mentaires ou satisfaire \u00e0 certaines exigences.<\/li>\n<\/ul>\n<h3>Louer une voiture gr\u00e2ce \u00e0 l'autopartage Peer-to-Peer<\/h3>\n<p>Une autre option pour les jeunes de 18 ans qui cherchent \u00e0 louer une voiture est de passer par des plateformes de partage de voitures de pair \u00e0 pair telles que Turo ou Getaround. Ces plateformes permettent aux particuliers de louer leur v\u00e9hicule personnel, un peu comme Airbnb pour les voitures.<\/p>\n<p>Bien que ces plateformes n'aient pas de restrictions d'\u00e2ge, elles exigent que les locataires r\u00e9pondent \u00e0 certains crit\u00e8res et peuvent facturer des frais suppl\u00e9mentaires pour les jeunes conducteurs.<\/p>\n<h4>Pour :<\/h4>\n<ul>\n<li>Vous avez acc\u00e8s \u00e0 une plus large gamme de v\u00e9hicules<\/li>\n<li>Il se peut qu'il n'y ait pas de restrictions d'\u00e2ge ou de frais suppl\u00e9mentaires<\/li>\n<li>Vous pouvez soutenir les propri\u00e9taires de voitures et leurs entreprises<\/li>\n<\/ul>\n<h4>Cons :<\/h4>\n<p><img loading=\"lazy\" decoding=\"async\" class=\"alignright\" src=\"\/wp-content\/uploads\/images\/rent_car_1020.png\" alt=\"Location de voiture pour un jeune de 18 ans\" width=\"350\" height=\"350\" \/><\/p>\n<ul>\n<li>Les politiques de location et les frais varient en fonction du propri\u00e9taire du v\u00e9hicule.<\/li>\n<li>La proc\u00e9dure peut \u00eatre plus compliqu\u00e9e qu'une location aupr\u00e8s d'une soci\u00e9t\u00e9 de location de voitures traditionnelle.<\/li>\n<li>La couverture d'assurance et les options de protection peuvent \u00eatre limit\u00e9es par rapport aux soci\u00e9t\u00e9s de location traditionnelles. <\/li>\n<\/ul>\n<div class=\"vc_row wpb_row vc_row-fluid\"><div class=\"wpb_column vc_column_container vc_col-sm-12\"><div class=\"vc_column-inner\"><div class=\"wpb_wrapper\">\n\t<div class=\"wpb_text_column wpb_content_element\" >\n\t\t<div class=\"wpb_wrapper\">\n\t\t\t<p><script id=\"dchwidget\" src=\"https:\/\/www.discovercars.com\/wg.js\" async=\"\" data-dev-env=\"com\" data-location=\"\" data-lang=\"en\" data-utm-source=\"malina\" data-utm-medium=\"widget\" data-aff-code=\"a_aid\" data-autocomplete=\"on\" data-style-submit-bg-color=\"00A200\" data-style-submit-font-color=\"white\" data-style-form-bg-color=\"FAD130\" data-style-form-font-color=\"333\" data-style-submit-text=\"Search now\"><\/script><\/p>\n\n\t\t<\/div>\n\t<\/div>\n<\/div><\/div><\/div><\/div>\n<p>&nbsp;<\/p>\n<h2>Questions fr\u00e9quemment pos\u00e9es sur la location de voitures pour les jeunes de 18 ans <\/h2>\n<p><img loading=\"lazy\" decoding=\"async\" class=\"alignleft\" src=\"\/wp-content\/uploads\/images\/rent_car_227.png\" alt=\"Location de voiture pour un jeune de 18 ans\" width=\"350\" height=\"350\" \/><\/p>\n<h3>Q : Puis-je louer une voiture si j'ai moins de 21 ans ?<\/h3>\n<p>R : La plupart des grandes soci\u00e9t\u00e9s de location de voitures exigent que les locataires soient \u00e2g\u00e9s d'au moins 21 ans, mais il y a quelques exceptions. Hertz, Enterprise et Budget sont quelques-unes des soci\u00e9t\u00e9s qui autorisent les locataires \u00e2g\u00e9s d'au moins 18 ans dans certaines villes.<\/p>\n<h3>Q : Ai-je besoin d'une carte de cr\u00e9dit pour louer une voiture \u00e0 18 ans ?<\/h3>\n<p>R : Oui, la plupart des soci\u00e9t\u00e9s de location de voitures exigent que les locataires soient munis d'une carte de cr\u00e9dit pour louer une voiture. En effet, ils retiennent souvent la carte pour les frais accessoires et les dommages.<\/p>\n<h3>Q : Existe-t-il des exigences suppl\u00e9mentaires pour les locataires \u00e2g\u00e9s de 18 ans ?<\/h3>\n<p>R : Certaines soci\u00e9t\u00e9s de location de voitures peuvent exiger des locataires \u00e2g\u00e9s de 18 ans qu'ils fournissent des documents suppl\u00e9mentaires ou qu'ils remplissent certaines conditions, telles qu'un dossier de conduite vierge ou une couverture d'assurance suppl\u00e9mentaire.<\/p>\n<h3>Q : Puis-je louer un v\u00e9hicule de luxe ou un v\u00e9hicule sp\u00e9cialis\u00e9 si j'ai 18 ans ?<\/h3>\n<p>R : Il peut \u00eatre plus difficile pour un jeune de 18 ans de louer un v\u00e9hicule de luxe ou sp\u00e9cialis\u00e9, car ces types de v\u00e9hicules ont g\u00e9n\u00e9ralement des restrictions d'\u00e2ge plus strictes. Toutefois, certaines plateformes de covoiturage de pair \u00e0 pair peuvent offrir davantage d'options.<\/p>\n<h2>En conclusion<\/h2>\n<p>Louer une voiture quand on a 18 ans peut \u00eatre un d\u00e9fi, mais ce n'est pas impossible. En \u00e9tudiant les diff\u00e9rentes possibilit\u00e9s qui s'offrent \u00e0 vous et en vous munissant des documents et des modes de paiement n\u00e9cessaires, vous pourrez toujours profiter de la commodit\u00e9 d'avoir votre propre moyen de transport lorsque vous voyagez.<\/p>\n<p>N'oubliez pas de vous renseigner aupr\u00e8s des diff\u00e9rentes soci\u00e9t\u00e9s de location de voitures et des plateformes de covoiturage pour comparer les tarifs et les politiques avant de prendre votre d\u00e9cision. Et n'oubliez jamais de conduire de mani\u00e8re s\u00fbre et responsable lorsque vous \u00eates au volant.<\/p>\n<\/div>","protected":false},"excerpt":{"rendered":"<p>Car Rental Options for 18 Year Olds If you&#8217;re an 18 year old looking to rent a car, you may be wondering what your options are. Many car rental companies have strict age restrictions and won&#8217;t allow anyone under the age of 21 to rent a car. However, there are still some options available for [&hellip;]<\/p>\n","protected":false},"author":1,"featured_media":3641,"parent":0,"menu_order":0,"comment_status":"closed","ping_status":"closed","template":"","meta":{"rs_blank_template":"","rs_page_bg_color":"","slide_template_v7":"","footnotes":""},"categories":[1],"tags":[],"class_list":["post-3639","page","type-page","status-publish","has-post-thumbnail","hentry","category-blog"],"_links":{"self":[{"href":"https:\/\/rental-car.company\/fr\/wp-json\/wp\/v2\/pages\/3639","targetHints":{"allow":["GET"]}}],"collection":[{"href":"https:\/\/rental-car.company\/fr\/wp-json\/wp\/v2\/pages"}],"about":[{"href":"https:\/\/rental-car.company\/fr\/wp-json\/wp\/v2\/types\/page"}],"author":[{"embeddable":true,"href":"https:\/\/rental-car.company\/fr\/wp-json\/wp\/v2\/users\/1"}],"replies":[{"embeddable":true,"href":"https:\/\/rental-car.company\/fr\/wp-json\/wp\/v2\/comments?post=3639"}],"version-history":[{"count":0,"href":"https:\/\/rental-car.company\/fr\/wp-json\/wp\/v2\/pages\/3639\/revisions"}],"wp:featuredmedia":[{"embeddable":true,"href":"https:\/\/rental-car.company\/fr\/wp-json\/wp\/v2\/media\/3641"}],"wp:attachment":[{"href":"https:\/\/rental-car.company\/fr\/wp-json\/wp\/v2\/media?parent=3639"}],"wp:term":[{"taxonomy":"category","embeddable":true,"href":"https:\/\/rental-car.company\/fr\/wp-json\/wp\/v2\/categories?post=3639"},{"taxonomy":"post_tag","embeddable":true,"href":"https:\/\/rental-car.company\/fr\/wp-json\/wp\/v2\/tags?post=3639"}],"curies":[{"name":"wp","href":"https:\/\/api.w.org\/{rel}","templated":true}]}}