{"id":3695,"date":"2024-08-02T01:06:44","date_gmt":"2024-08-02T01:06:44","guid":{"rendered":"https:\/\/rental-car.company\/?page_id=3695"},"modified":"2024-08-02T01:06:44","modified_gmt":"2024-08-02T01:06:44","slug":"louer-une-voiture-bronx-ny","status":"publish","type":"page","link":"https:\/\/rental-car.company\/fr\/louer-une-voiture-bronx-ny\/","title":{"rendered":"Rent a Car Bronx NY - Explorez la ville avec commodit\u00e9 et flexibilit\u00e9"},"content":{"rendered":"<div class=\"wpb-content-wrapper\"><h2>La meilleure fa\u00e7on de voyager dans le Bronx, NY - Louer une voiture<\/h2>\n<p>Lorsqu'il s'agit d'explorer la ville anim\u00e9e de Bronx, New York, la location d'une voiture est l'option la plus pratique et la plus flexible. Avec tant d'endroits \u00e0 voir et de choses \u00e0 faire, avoir votre propre moyen de transport vous permet de profiter au maximum de votre voyage sans vous soucier des horaires ou des transports publics.<\/p>\n<div class=\"vc_row wpb_row vc_row-fluid\"><div class=\"wpb_column vc_column_container vc_col-sm-12\"><div class=\"vc_column-inner\"><div class=\"wpb_wrapper\">\n\t<div class=\"wpb_text_column wpb_content_element\" >\n\t\t<div class=\"wpb_wrapper\">\n\t\t\t<p><script id=\"dchwidget\" src=\"https:\/\/www.discovercars.com\/wg.js\" async=\"\" data-dev-env=\"com\" data-location=\"\" data-lang=\"en\" data-utm-source=\"malina\" data-utm-medium=\"widget\" data-aff-code=\"a_aid\" data-autocomplete=\"on\" data-style-submit-bg-color=\"00A200\" data-style-submit-font-color=\"white\" data-style-form-bg-color=\"FAD130\" data-style-form-font-color=\"333\" data-style-submit-text=\"Search now\"><\/script><\/p>\n\n\t\t<\/div>\n\t<\/div>\n<\/div><\/div><\/div><\/div>\n<p>&nbsp;<\/p>\n<h2>Discover Rent a Car Bronx NY<\/h2>\n<p><img loading=\"lazy\" decoding=\"async\" class=\"alignleft\" src=\"\/wp-content\/uploads\/images\/rent_car_161.png\" alt=\"louer une voiture bronx ny\" width=\"350\" height=\"350\" \/><\/p>\n<p>Avec rental-car.company, vous pouvez facilement louer une voiture \u00e0 Bronx, NY et prendre la route en un rien de temps. Notre soci\u00e9t\u00e9 propose une large gamme de v\u00e9hicules, des voitures compactes pour les voyageurs solitaires aux SUV spacieux pour les familles ou les grands groupes. Nous sommes fiers de fournir des voitures de qualit\u00e9 \u00e0 des prix abordables, ce qui permet \u00e0 nos clients d'explorer plus facilement tout ce que cette ville dynamique a \u00e0 offrir.<\/p>\n<h3>Pourquoi choisir la location plut\u00f4t que d'autres modes de transport ?<\/h3>\n<p>Il y a plusieurs avantages \u00e0 louer une voiture dans le Bronx, NY plut\u00f4t que de compter sur d'autres modes de transport tels que les taxis ou les transports en commun.<\/p>\n<ul>\n<li><strong>Commodit\u00e9 :<\/strong> Avec votre propre voiture de location, vous avez le contr\u00f4le total de votre itin\u00e9raire. Vous pouvez facilement planifier votre journ\u00e9e sans avoir \u00e0 vous soucier des horaires ou des itin\u00e9raires.<\/li>\n<li><strong>Flexibilit\u00e9 :<\/strong> Vous voulez rester plus longtemps dans une attraction ? Pas de probl\u00e8me ! Avec une voiture de location, vous avez la libert\u00e9 d'aller et venir \u00e0 votre guise.<\/li>\n<li><strong>Abordable :<\/strong> Le co\u00fbt des taxis peut vite s'av\u00e9rer \u00e9lev\u00e9 lorsque l'on se d\u00e9place en ville. La location d'une voiture vous permet d'\u00e9conomiser sur les frais de transport.<\/li>\n<li><strong>Une meilleure accessibilit\u00e9 :<\/strong> Bien que les transports en commun soient disponibles dans certaines zones du Bronx, il y a beaucoup d'endroits qui ne sont pas facilement accessibles. La location d'une voiture vous permet d'acc\u00e9der \u00e0 ces joyaux cach\u00e9s sans aucun probl\u00e8me.<\/li>\n<\/ul>\n<h3>Le processus de location d'une voiture dans le Bronx, NY<\/h3>\n<p>Louer une voiture \u00e0 Bronx, NY est un processus simple et direct avec rental-car.company. Voici comment cela fonctionne :<\/p>\n<ol>\n<li>Choisissez votre v\u00e9hicule parmi notre large s\u00e9lection de voitures.<\/li>\n<li>Fournissez-nous votre permis de conduire et vos informations de paiement.<\/li>\n<li>Signez les documents n\u00e9cessaires et recevez vos cl\u00e9s.<\/li>\n<\/ol>\n<p>C'est aussi simple que cela ! Notre personnel amical vous assistera \u00e0 chaque \u00e9tape de la proc\u00e9dure afin de garantir une exp\u00e9rience de location sans heurts.<\/p>\n<h4>Avantages \/ inconv\u00e9nients<\/h4>\n<p><img loading=\"lazy\" decoding=\"async\" class=\"alignright\" src=\"\/wp-content\/uploads\/images\/rent_car_136.png\" alt=\"louer une voiture bronx ny\" width=\"350\" height=\"350\" \/><\/p>\n<p><strong>Pour :<\/strong><\/p>\n<ul>\n<li>Mode de transport pratique et flexible<\/li>\n<li>Une option abordable pour se d\u00e9placer en ville<\/li>\n<li>Meilleure accessibilit\u00e9 \u00e0 toutes les attractions du Bronx, NY<\/li>\n<li>Pas besoin d'horaires ou d'itin\u00e9raires<\/a><\/i><\/strong><\/p>\n<\/td>\n<td style=\"width:50%;\">\n<p><strong><i class=\"icon-thumbs-up\" aria-hidden=\"true\"><\/i><\/strong><\/p>\n<p><strong>Cons :<\/strong><\/p>\n<ul class=\"\">\n<ul class=\"\">\n      <\/ul>\n<p>\n    <\/ul>\n<ul class=\"\">\n      <\/ul>\n<p>\n    <\/ul>\n<ul class=\"\">\n      <\/ul>\n<p>\n    <\/div>\n<li>Les formalit\u00e9s administratives initiales et l'obtention des cl\u00e9s prennent du temps.\n<li>Il est parfois difficile de trouver un parking.\n<p><strong>Foire aux questions (FAQ)<\/strong><\/p>\n<p>Nous comprenons que louer une voiture peut \u00eatre d\u00e9routant, surtout si c'est la premi\u00e8re fois. Voici quelques questions fr\u00e9quemment pos\u00e9es sur la location d'une voiture dans le Bronx, NY :<\/p>\n<p><strong>Q : Puis-je louer une voiture sans carte de cr\u00e9dit ?<\/strong><\/p>\n<p>R : Malheureusement, nous exigeons une carte de cr\u00e9dit valide pour toutes les locations de voitures.<\/p>\n<p><strong>Q : Y a-t-il une limite d'\u00e2ge pour louer une voiture dans le Bronx, NY ?<\/strong><\/p>\n<p>R : Oui, l'\u00e2ge minimum pour louer une voiture avec rental-car.company est de 21 ans.<\/p>\n<p><strong>Q : Existe-t-il des frais cach\u00e9s ?<\/strong><\/p>\n<p>R : Non, nous sommes fiers d'\u00eatre transparents dans nos prix. Les seuls frais suppl\u00e9mentaires peuvent concerner des options telles que le GPS ou la couverture d'assurance.<\/p>\n<h2>Louez votre voiture dans le Bronx, NY d\u00e8s aujourd'hui !<\/h2>\n<p>Ne manquez pas l'opportunit\u00e9 d'explorer Bronx, NY \u00e0 votre propre rythme. Louer une voiture avec rental-car.company est le meilleur moyen de d\u00e9couvrir tout ce que cette ville dynamique a \u00e0 offrir. R\u00e9servez votre voiture de location d\u00e8s aujourd'hui et pr\u00e9parez-vous \u00e0 un voyage inoubliable !<\/p>\n<\/div>","protected":false},"excerpt":{"rendered":"<p>The Best Way to Travel in Bronx, NY \u2013 Renting a Car When it comes to exploring the bustling city of Bronx, New York, renting a car is the most convenient and flexible option. With so many places to see and things to do, having your own means of transportation allows you to make the [&hellip;]<\/p>\n","protected":false},"author":1,"featured_media":3683,"parent":0,"menu_order":0,"comment_status":"closed","ping_status":"closed","template":"","meta":{"rs_blank_template":"","rs_page_bg_color":"","slide_template_v7":"","footnotes":""},"categories":[1],"tags":[],"class_list":["post-3695","page","type-page","status-publish","has-post-thumbnail","hentry","category-blog"],"_links":{"self":[{"href":"https:\/\/rental-car.company\/fr\/wp-json\/wp\/v2\/pages\/3695","targetHints":{"allow":["GET"]}}],"collection":[{"href":"https:\/\/rental-car.company\/fr\/wp-json\/wp\/v2\/pages"}],"about":[{"href":"https:\/\/rental-car.company\/fr\/wp-json\/wp\/v2\/types\/page"}],"author":[{"embeddable":true,"href":"https:\/\/rental-car.company\/fr\/wp-json\/wp\/v2\/users\/1"}],"replies":[{"embeddable":true,"href":"https:\/\/rental-car.company\/fr\/wp-json\/wp\/v2\/comments?post=3695"}],"version-history":[{"count":0,"href":"https:\/\/rental-car.company\/fr\/wp-json\/wp\/v2\/pages\/3695\/revisions"}],"wp:featuredmedia":[{"embeddable":true,"href":"https:\/\/rental-car.company\/fr\/wp-json\/wp\/v2\/media\/3683"}],"wp:attachment":[{"href":"https:\/\/rental-car.company\/fr\/wp-json\/wp\/v2\/media?parent=3695"}],"wp:term":[{"taxonomy":"category","embeddable":true,"href":"https:\/\/rental-car.company\/fr\/wp-json\/wp\/v2\/categories?post=3695"},{"taxonomy":"post_tag","embeddable":true,"href":"https:\/\/rental-car.company\/fr\/wp-json\/wp\/v2\/tags?post=3695"}],"curies":[{"name":"wp","href":"https:\/\/api.w.org\/{rel}","templated":true}]}}