{"id":3741,"date":"2024-08-02T11:05:22","date_gmt":"2024-08-02T11:05:22","guid":{"rendered":"https:\/\/rental-car.company\/?page_id=3741"},"modified":"2024-08-02T11:05:22","modified_gmt":"2024-08-02T11:05:22","slug":"entreprise-muskegon","status":"publish","type":"page","link":"https:\/\/rental-car.company\/fr\/entreprise-muskegon\/","title":{"rendered":"Enterprise Muskegon - Votre entreprise de location de voitures \u00e0 Muskegon"},"content":{"rendered":"<div class=\"wpb-content-wrapper\"><div class=\"vc_row wpb_row vc_row-fluid\"><div class=\"wpb_column vc_column_container vc_col-sm-12\"><div class=\"vc_column-inner\"><div class=\"wpb_wrapper\">\n\t<div class=\"wpb_text_column wpb_content_element\" >\n\t\t<div class=\"wpb_wrapper\">\n\t\t\t<p><script id=\"dchwidget\" src=\"https:\/\/www.discovercars.com\/wg.js\" async=\"\" data-dev-env=\"com\" data-location=\"\" data-lang=\"en\" data-utm-source=\"malina\" data-utm-medium=\"widget\" data-aff-code=\"a_aid\" data-autocomplete=\"on\" data-style-submit-bg-color=\"00A200\" data-style-submit-font-color=\"white\" data-style-form-bg-color=\"FAD130\" data-style-form-font-color=\"333\" data-style-submit-text=\"Search now\"><\/script><\/p>\n\n\t\t<\/div>\n\t<\/div>\n<\/div><\/div><\/div><\/div>\n<p>&nbsp;<\/p>\n<h2>D\u00e9couvrez le meilleur de Muskegon avec Enterprise Muskegon<\/h2>\n<p><img loading=\"lazy\" decoding=\"async\" class=\"alignleft\" src=\"\/wp-content\/uploads\/images\/rent_car_1450.png\" alt=\"entreprise muskegon\" width=\"350\" height=\"350\" \/><\/p>\n<p>Vous pr\u00e9voyez un voyage dans la belle ville de Muskegon, dans le Michigan ? Ne cherchez pas plus loin qu'Enterprise Muskegon, votre soci\u00e9t\u00e9 de location de voitures pour tous vos besoins de transport. Avec plus de 60 ans d'exp\u00e9rience dans le secteur de la location de voitures, Enterprise s'est impos\u00e9e comme une marque de confiance et fiable pour les voyageurs du monde entier. Gr\u00e2ce \u00e0 sa pr\u00e9sence \u00e0 Muskegon, vous pouvez explorer cette charmante ville lacustre avec facilit\u00e9 et commodit\u00e9.<\/p>\n<h3>D\u00e9couvrez la ville des lacs avec Enterprise Muskegon<\/h3>\n<p>Connue sous le nom de \"ville des lacs\", Muskegon se targue d'une beaut\u00e9 naturelle \u00e9poustouflante et d'une histoire riche. De ses plages de sable le long du lac Michigan \u00e0 son centre-ville anim\u00e9, tout le monde peut trouver son compte dans ce joyau cach\u00e9 du Michigan. Avec la large gamme de v\u00e9hicules disponibles \u00e0 la location chez Enterprise Muskegon, vous pouvez facilement naviguer dans la ville et d\u00e9couvrir tout ce qu'elle a \u00e0 offrir.<\/p>\n<h3>La commodit\u00e9 de la location aupr\u00e8s d'Enterprise<\/h3>\n<p>Enterprise est fi\u00e8re de fournir un service client\u00e8le exceptionnel et de rendre le processus de location aussi simple que possible pour ses clients. Avec plusieurs agences dans la ville, dont une \u00e0 l'a\u00e9roport international Gerald R. Ford, la prise en charge de votre voiture de location se fait sans probl\u00e8me. De plus, gr\u00e2ce \u00e0 leur programme d'assistance routi\u00e8re 24\/7 et \u00e0 leurs options de retour flexibles, vous pouvez avoir l'esprit tranquille en sachant qu'Enterprise vous couvre pendant vos voyages.<\/p>\n<h4>Pour :<\/h4>\n<p>- Large gamme de v\u00e9hicules disponibles \u00e0 la location<br \/>\n- Plusieurs sites pratiques dans toute la ville<br \/>\n- Assistance routi\u00e8re 24\/7<br \/>\n- Des options de retour flexibles<\/p>\n<h4>Cons :<\/h4>\n<p>- Disponibilit\u00e9 limit\u00e9e pendant les p\u00e9riodes de pointe<br \/>\n- Des frais suppl\u00e9mentaires peuvent \u00eatre appliqu\u00e9s pour les conducteurs de moins de 25 ans. <\/p>\n<h4>Questions fr\u00e9quemment pos\u00e9es :<\/h4>\n<p><img loading=\"lazy\" decoding=\"async\" class=\"alignright\" src=\"\/wp-content\/uploads\/images\/rent_car_273.png\" alt=\"entreprise muskegon\" width=\"350\" height=\"350\" \/><\/p>\n<p><strong>Q : Quels types de v\u00e9hicules Enterprise Muskegon propose-t-il \u00e0 la location ?<\/strong><br \/>\n<br \/>\nR : Enterprise Muskegon propose une grande vari\u00e9t\u00e9 de v\u00e9hicules, notamment des berlines, des SUV, des camions et des voitures de luxe.<\/p>\n<p><strong>Q : Puis-je r\u00e9cup\u00e9rer ma voiture de location \u00e0 l'a\u00e9roport ?<\/strong><br \/>\n<br \/>\nR : Oui, Enterprise Muskegon dispose d'un emplacement \u00e0 l'a\u00e9roport international Gerald R. Ford pour votre commodit\u00e9.<\/p>\n<p><strong>Q : Y a-t-il un \u00e2ge minimum requis pour louer aupr\u00e8s d'Enterprise Muskegon ?<\/strong><br \/>\n<br \/>\nR : Oui, les conducteurs doivent \u00eatre \u00e2g\u00e9s d'au moins 21 ans pour louer un v\u00e9hicule aupr\u00e8s d'Enterprise. Des frais suppl\u00e9mentaires peuvent s'appliquer pour les conducteurs de moins de 25 ans.<\/p>\n<h3>Mots-cl\u00e9s LSI<\/h3>\n<p>- Location de voiture \u00e0 Muskegon<br \/>\n- Meilleure soci\u00e9t\u00e9 de location de voitures \u00e0 Muskegon<br \/>\n- Louer une voiture \u00e0 Muskegon<br \/>\n- Location de voiture abordable \u00e0 Muskegon<br \/>\n- Explorer Muskegon avec Enterprise<br \/>\n- Soci\u00e9t\u00e9 de location de voitures de confiance dans le Michigan<br \/>\n- Voitures de location \u00e0 l'a\u00e9roport international Gerald R. Ford<br \/>\n- Transport fiable \u00e0 Muskegon<br \/>\n- La commodit\u00e9 de la location aupr\u00e8s d'Enterprise<br \/>\n- Service \u00e0 la client\u00e8le d'Enterprise <\/p>\n<p>En conclusion, si vous pr\u00e9voyez un voyage dans la belle cit\u00e9 des lacs - Musk<\/p>\n<\/div>","protected":false},"excerpt":{"rendered":"<p>&nbsp; Experience the Best of Muskegon with Enterprise Muskegon Are you planning a trip to beautiful Muskegon, Michigan? Look no further than Enterprise Muskegon, your go-to rental car company for all your transportation needs. With over 60 years of experience in the car rental industry, Enterprise has established itself as a trusted and reliable brand [&hellip;]<\/p>\n","protected":false},"author":1,"featured_media":3743,"parent":0,"menu_order":0,"comment_status":"closed","ping_status":"closed","template":"","meta":{"rs_blank_template":"","rs_page_bg_color":"","slide_template_v7":"","footnotes":""},"categories":[1],"tags":[],"class_list":["post-3741","page","type-page","status-publish","has-post-thumbnail","hentry","category-blog"],"_links":{"self":[{"href":"https:\/\/rental-car.company\/fr\/wp-json\/wp\/v2\/pages\/3741","targetHints":{"allow":["GET"]}}],"collection":[{"href":"https:\/\/rental-car.company\/fr\/wp-json\/wp\/v2\/pages"}],"about":[{"href":"https:\/\/rental-car.company\/fr\/wp-json\/wp\/v2\/types\/page"}],"author":[{"embeddable":true,"href":"https:\/\/rental-car.company\/fr\/wp-json\/wp\/v2\/users\/1"}],"replies":[{"embeddable":true,"href":"https:\/\/rental-car.company\/fr\/wp-json\/wp\/v2\/comments?post=3741"}],"version-history":[{"count":0,"href":"https:\/\/rental-car.company\/fr\/wp-json\/wp\/v2\/pages\/3741\/revisions"}],"wp:featuredmedia":[{"embeddable":true,"href":"https:\/\/rental-car.company\/fr\/wp-json\/wp\/v2\/media\/3743"}],"wp:attachment":[{"href":"https:\/\/rental-car.company\/fr\/wp-json\/wp\/v2\/media?parent=3741"}],"wp:term":[{"taxonomy":"category","embeddable":true,"href":"https:\/\/rental-car.company\/fr\/wp-json\/wp\/v2\/categories?post=3741"},{"taxonomy":"post_tag","embeddable":true,"href":"https:\/\/rental-car.company\/fr\/wp-json\/wp\/v2\/tags?post=3741"}],"curies":[{"name":"wp","href":"https:\/\/api.w.org\/{rel}","templated":true}]}}