{"id":3774,"date":"2024-08-02T17:05:53","date_gmt":"2024-08-02T17:05:53","guid":{"rendered":"https:\/\/rental-car.company\/?page_id=3774"},"modified":"2024-08-02T17:05:53","modified_gmt":"2024-08-02T17:05:53","slug":"louer-une-voiture-pour-un-voyage-en-voiture","status":"publish","type":"page","link":"https:\/\/rental-car.company\/fr\/louer-une-voiture-pour-un-voyage-en-voiture\/","title":{"rendered":"Louer une voiture pour un voyage - Le guide ultime"},"content":{"rendered":"<div class=\"wpb-content-wrapper\"><p>Vous pr\u00e9voyez de partir en voyage et envisagez de louer une voiture ? Vous n'\u00eates pas le seul. La location d'une voiture pour un voyage en voiture est devenue de plus en plus populaire ces derni\u00e8res ann\u00e9es, car elle offre commodit\u00e9, flexibilit\u00e9 et la possibilit\u00e9 d'explorer de nouveaux endroits \u00e0 votre propre rythme. Dans ce guide, nous aborderons tout ce que vous devez savoir sur la location d'une voiture pour un voyage en voiture.<\/p>\n<div class=\"vc_row wpb_row vc_row-fluid\"><div class=\"wpb_column vc_column_container vc_col-sm-12\"><div class=\"vc_column-inner\"><div class=\"wpb_wrapper\">\n\t<div class=\"wpb_text_column wpb_content_element\" >\n\t\t<div class=\"wpb_wrapper\">\n\t\t\t<p><script id=\"dchwidget\" src=\"https:\/\/www.discovercars.com\/wg.js\" async=\"\" data-dev-env=\"com\" data-location=\"\" data-lang=\"en\" data-utm-source=\"malina\" data-utm-medium=\"widget\" data-aff-code=\"a_aid\" data-autocomplete=\"on\" data-style-submit-bg-color=\"00A200\" data-style-submit-font-color=\"white\" data-style-form-bg-color=\"FAD130\" data-style-form-font-color=\"333\" data-style-submit-text=\"Search now\"><\/script><\/p>\n\n\t\t<\/div>\n\t<\/div>\n<\/div><\/div><\/div><\/div>\n<p>&nbsp;<\/p>\n<h2>Les avantages de la location d'une voiture pour un voyage en voiture<\/h2>\n<p><img loading=\"lazy\" decoding=\"async\" class=\"alignleft\" src=\"\/wp-content\/uploads\/images\/rent_car_820.png\" alt=\"louer une voiture pour un voyage en voiture\" width=\"350\" height=\"350\" \/><\/p>\n<p>La location d'une voiture pour votre voyage offre de nombreux avantages par rapport \u00e0 l'utilisation de votre propre v\u00e9hicule ou d'autres formes de transport. Voici quelques-uns de ces avantages :<\/p>\n<ul>\n<li>Libert\u00e9 et flexibilit\u00e9 : Lorsque vous louez une voiture, vous avez la libert\u00e9 d'aller o\u00f9 vous voulez, quand vous voulez. Vous pouvez \u00e9galement faire des arr\u00eats spontan\u00e9s en cours de route sans vous soucier des horaires ou des transports publics.<\/li>\n<li>Le confort : Les voyages en voiture peuvent \u00eatre longs et fatigants, surtout si vous conduisez votre propre voiture. Louer un v\u00e9hicule confortable et fiable peut faire toute la diff\u00e9rence pour que le voyage soit agr\u00e9able.<\/li>\n<li>Vari\u00e9t\u00e9 : Avec les voitures de location, vous avez acc\u00e8s \u00e0 diff\u00e9rents types de v\u00e9hicules en fonction de vos besoins et de vos pr\u00e9f\u00e9rences. Qu'il s'agisse d'un SUV pour les aventures tout-terrain ou d'une voiture \u00e9conomique pour les voyages \u00e0 petit budget, il y en a pour tous les go\u00fbts.<\/li>\n<li>\u00c9conomisez l'usure de votre v\u00e9hicule : La conduite sur de longues distances peut entra\u00eener une usure importante de votre v\u00e9hicule personnel. En louant un v\u00e9hicule, vous n'aurez pas \u00e0 vous soucier d'ajouter des kilom\u00e8tres suppl\u00e9mentaires ou de mettre votre moteur \u00e0 rude \u00e9preuve.<\/li>\n<\/ul>\n<h3>Le processus de location d'une voiture<\/h3>\n<p>La location d'une voiture est relativement simple, mais n\u00e9cessite une certaine pr\u00e9paration :<\/p>\n<ol>\n<li>D\u00e9terminez votre budget : La premi\u00e8re \u00e9tape consiste \u00e0 d\u00e9terminer le montant que vous \u00eates pr\u00eat \u00e0 d\u00e9penser pour votre voiture de location. Cela vous permettra de limiter vos options et d'\u00e9viter les d\u00e9penses excessives.<\/li>\n<li>Choisissez le bon v\u00e9hicule : Tenez compte de la taille, du type et des caract\u00e9ristiques de la voiture dont vous avez besoin pour votre voyage. Si vous pr\u00e9voyez de rouler sur un terrain accident\u00e9, un SUV ou un 4\u00d74 peut \u00eatre une meilleure option qu'une voiture compacte.<\/li>\n<li>R\u00e9servez \u00e0 l'avance : Il est toujours pr\u00e9f\u00e9rable de r\u00e9server votre voiture de location \u00e0 l'avance, surtout pendant les p\u00e9riodes de pointe. Vous \u00eates ainsi assur\u00e9 d'obtenir le v\u00e9hicule que vous souhaitez \u00e0 un prix raisonnable.<\/li>\n<li>Lieux de prise en charge et de restitution : D\u00e9terminez le lieu de prise en charge et de restitution de la voiture de location. Certaines soci\u00e9t\u00e9s proposent des locations \u00e0 sens unique, ce qui peut \u00eatre pratique si vous ne revenez pas \u00e0 votre point de d\u00e9part.<\/li>\n<li>Lisez attentivement les conditions g\u00e9n\u00e9rales : Avant de signer un contrat de location, lisez attentivement toutes les conditions. Faites attention aux d\u00e9tails tels que la couverture d'assurance, les frais suppl\u00e9mentaires et les politiques en mati\u00e8re de carburant.<\/li>\n<\/ol>\n<h3>Louer ou conduire sa propre voiture pour un voyage en voiture<\/h3>\n<p>Si vous h\u00e9sitez entre la location d'une voiture et l'utilisation de votre propre v\u00e9hicule pour un voyage, voici quelques points \u00e0 prendre en compte :<\/p>\n<h4>Avantages de la location d'une voiture :<\/h4>\n<ul>\n<li>Pas d'usure du v\u00e9hicule personnel<\/li>\n<li>Acc\u00e8s \u00e0 diff\u00e9rents types de v\u00e9hicules<\/li>\n<li>Pas de frais d'entretien<\/li>\n<li>Gain de temps sur les longs trajets<\/li>\n<\/ul>\n<h4>Les inconv\u00e9nients de la location d'une voiture :<\/h4>\n<p><img loading=\"lazy\" decoding=\"async\" class=\"alignright\" src=\"\/wp-content\/uploads\/images\/rent_car_1059.png\" alt=\"louer une voiture pour un voyage en voiture\" width=\"350\" height=\"350\" \/><\/p>\n<ul>\n<li>Frais suppl\u00e9mentaires (frais de location, assurance)<\/<br>\n<\/div>","protected":false},"excerpt":{"rendered":"<p>Are you planning a road trip and considering renting a car? You&#8217;re not alone. Renting a car for a road trip has become increasingly popular in recent years, as it offers convenience, flexibility, and the opportunity to explore new places at your own pace. In this guide, we&#8217;ll cover everything you need to know about [&hellip;]<\/p>\n","protected":false},"author":1,"featured_media":3776,"parent":0,"menu_order":0,"comment_status":"closed","ping_status":"closed","template":"","meta":{"rs_blank_template":"","rs_page_bg_color":"","slide_template_v7":"","footnotes":""},"categories":[1],"tags":[],"class_list":["post-3774","page","type-page","status-publish","has-post-thumbnail","hentry","category-blog"],"_links":{"self":[{"href":"https:\/\/rental-car.company\/fr\/wp-json\/wp\/v2\/pages\/3774","targetHints":{"allow":["GET"]}}],"collection":[{"href":"https:\/\/rental-car.company\/fr\/wp-json\/wp\/v2\/pages"}],"about":[{"href":"https:\/\/rental-car.company\/fr\/wp-json\/wp\/v2\/types\/page"}],"author":[{"embeddable":true,"href":"https:\/\/rental-car.company\/fr\/wp-json\/wp\/v2\/users\/1"}],"replies":[{"embeddable":true,"href":"https:\/\/rental-car.company\/fr\/wp-json\/wp\/v2\/comments?post=3774"}],"version-history":[{"count":0,"href":"https:\/\/rental-car.company\/fr\/wp-json\/wp\/v2\/pages\/3774\/revisions"}],"wp:featuredmedia":[{"embeddable":true,"href":"https:\/\/rental-car.company\/fr\/wp-json\/wp\/v2\/media\/3776"}],"wp:attachment":[{"href":"https:\/\/rental-car.company\/fr\/wp-json\/wp\/v2\/media?parent=3774"}],"wp:term":[{"taxonomy":"category","embeddable":true,"href":"https:\/\/rental-car.company\/fr\/wp-json\/wp\/v2\/categories?post=3774"},{"taxonomy":"post_tag","embeddable":true,"href":"https:\/\/rental-car.company\/fr\/wp-json\/wp\/v2\/tags?post=3774"}],"curies":[{"name":"wp","href":"https:\/\/api.w.org\/{rel}","templated":true}]}}