{"id":3789,"date":"2024-08-02T20:05:44","date_gmt":"2024-08-02T20:05:44","guid":{"rendered":"https:\/\/rental-car.company\/?page_id=3789"},"modified":"2024-08-02T20:05:44","modified_gmt":"2024-08-02T20:05:44","slug":"location-de-voiture-buffalo","status":"publish","type":"page","link":"https:\/\/rental-car.company\/fr\/location-de-voiture-buffalo\/","title":{"rendered":"location voiture buffalo - D\u00e9couvrez la meilleure fa\u00e7on de voyager \u00e0 New York"},"content":{"rendered":"<div class=\"wpb-content-wrapper\"><h2>D\u00e9couvrez les services de location de voiture abordables de Buffalo<\/h2>\n<p>Si vous pr\u00e9voyez un voyage \u00e0 Buffalo, New York, l'un des moyens les plus pratiques et les plus rentables d'explorer la ville est de louer une voiture. Avec tant de sites et d'attractions diss\u00e9min\u00e9s dans la ville et au-del\u00e0, avoir votre propre moyen de transport vous donne la libert\u00e9 de tout voir \u00e0 votre propre rythme. C'est l\u00e0 que la location d'une voiture \u00e0 Buffalo entre en jeu.<\/p>\n<h3>Les avantages de la location de voitures \u00e0 Buffalo<\/h3>\n<p>Louer une voiture \u00e0 Buffalo pr\u00e9sente de nombreux avantages. Tout d'abord, vous avez acc\u00e8s \u00e0 un moyen de transport fiable sans avoir \u00e0 recourir aux transports publics ou \u00e0 des services de taxi co\u00fbteux. Cela vous permet d'\u00e9conomiser du temps et de l'argent pendant votre voyage.<\/p>\n<p>Un autre avantage de la location de voiture \u00e0 Buffalo est qu'elle vous permet d'explorer facilement au-del\u00e0 des limites de la ville. Avec des destinations populaires comme les chutes du Niagara \u00e0 une courte distance en voiture, avoir une voiture de location vous donne l'opportunit\u00e9 de voir plus de ce que New York a \u00e0 offrir.<\/p>\n<p>En outre, de nombreuses soci\u00e9t\u00e9s de location de voitures proposent une assistance routi\u00e8re 24 heures sur 24, 7 jours sur 7, pour une plus grande tranquillit\u00e9 d'esprit lors de vos d\u00e9placements. Et gr\u00e2ce aux diff\u00e9rentes options de couverture d'assurance, vous pouvez \u00eatre s\u00fbr que tout incident inattendu sera pris en charge sans vous ruiner.<\/p>\n<h4>Pour :<\/h4>\n<p>- Commodit\u00e9 et flexibilit\u00e9<br \/>\n- Rentabilit\u00e9<br \/>\n- Transports accessibles en dehors des limites de la ville<br \/>\n- Assistance routi\u00e8re disponible 24 heures sur 24, 7 jours sur 7<\/p>\n<h4>Cons :<\/h4>\n<p><img loading=\"lazy\" decoding=\"async\" class=\"alignright\" src=\"\/wp-content\/uploads\/images\/rent_car_781.png\" alt=\"location de voiture buffalo\" width=\"350\" height=\"350\" \/><\/p>\n<p>- Frais suppl\u00e9mentaires pour la couverture d'assurance<br \/>\n- Frais suppl\u00e9mentaires \u00e9ventuels pour le kilom\u00e9trage ou les chauffeurs suppl\u00e9mentaires<\/p>\n<h3>Questions fr\u00e9quemment pos\u00e9es sur la location de voitures \u00e0 Buffalo<\/h3>\n<p><strong>Q : Quel \u00e2ge dois-je avoir pour louer une voiture \u00e0 Buffalo ?<\/strong><br \/>\nR : L'\u00e2ge minimum requis pour louer une voiture \u00e0 Buffalo est g\u00e9n\u00e9ralement de 21 ans. Cependant, certaines soci\u00e9t\u00e9s peuvent demander aux locataires de moins de 25 ans de payer un suppl\u00e9ment.<\/p>\n<p><strong>Q : Puis-je louer une voiture \u00e0 Buffalo avec une carte de d\u00e9bit ?<\/strong><br \/>\nR : Oui, de nombreuses soci\u00e9t\u00e9s de location de voitures \u00e0 Buffalo acceptent les cartes de d\u00e9bit comme mode de paiement. Cependant, v\u00e9rifiez au pr\u00e9alable aupr\u00e8s de la soci\u00e9t\u00e9 concern\u00e9e, car certaines peuvent avoir des politiques diff\u00e9rentes.<\/p>\n<p><strong>Q : Est-il possible de rendre ma voiture de location \u00e0 un autre endroit ?<\/strong><br \/>\nR : Oui, certaines soci\u00e9t\u00e9s de location de voitures offrent la possibilit\u00e9 de d\u00e9poser votre v\u00e9hicule \u00e0 un autre endroit moyennant un suppl\u00e9ment. Renseignez-vous au pr\u00e9alable aupr\u00e8s de la soci\u00e9t\u00e9 et planifiez vos d\u00e9placements en cons\u00e9quence.<\/p>\n<div class=\"vc_row wpb_row vc_row-fluid\"><div class=\"wpb_column vc_column_container vc_col-sm-12\"><div class=\"vc_column-inner\"><div class=\"wpb_wrapper\">\n\t<div class=\"wpb_text_column wpb_content_element\" >\n\t\t<div class=\"wpb_wrapper\">\n\t\t\t<p><script id=\"dchwidget\" src=\"https:\/\/www.discovercars.com\/wg.js\" async=\"\" data-dev-env=\"com\" data-location=\"\" data-lang=\"en\" data-utm-source=\"malina\" data-utm-medium=\"widget\" data-aff-code=\"a_aid\" data-autocomplete=\"on\" data-style-submit-bg-color=\"00A200\" data-style-submit-font-color=\"white\" data-style-form-bg-color=\"FAD130\" data-style-form-font-color=\"333\" data-style-submit-text=\"Search now\"><\/script><\/p>\n\n\t\t<\/div>\n\t<\/div>\n<\/div><\/div><\/div><\/div>\n<p>&nbsp;<\/p>\n<h2>Les meilleurs services de location de voitures \u00e0 Buffalo<\/h2>\n<p><img loading=\"lazy\" decoding=\"async\" class=\"alignleft\" src=\"\/wp-content\/uploads\/images\/rent_car_1182.png\" alt=\"location de voiture buffalo\" width=\"350\" height=\"350\" \/><\/p>\n<p>Lorsqu'il s'agit de trouver les meilleurs services de location de voitures, plusieurs facteurs doivent \u00eatre pris en compte. Il s'agit notamment du prix, du service \u00e0 la client\u00e8le, des options de v\u00e9hicules et de la couverture d'assurance. Pour vous aider \u00e0 prendre une d\u00e9cision \u00e9clair\u00e9e, nous avons compil\u00e9 une liste des soci\u00e9t\u00e9s de location de voitures les mieux not\u00e9es \u00e0 Buffalo :<\/p>\n<p>- Enterprise Rent-A-Car<br \/>\n- Alamo Rent A Car<br \/>\n- National Car Rental<br \/>\n- Hertz<br \/>\n- Avis<\/p>\n<p>Chacune de ces entreprises propose des tarifs comp\u00e9titifs et un excellent service \u00e0 la client\u00e8le. Elles proposent \u00e9galement diff\u00e9rentes options de v\u00e9hicules, allant des voitures compactes aux SUV, pour tous vos besoins de d\u00e9placement.<\/p>\n<h3>Conseils pour louer une voiture \u00e0 Buffalo<\/h3>\n<p>Avant de louer une voiture \u00e0 Buffalo, voici quelques conseils utiles qui peuvent rendre votre exp\u00e9rience encore plus agr\u00e9able :<\/p>\n<p>1. Faites votre r\u00e9servation \u00e0 l'avance pour b\u00e9n\u00e9ficier de meilleures offres et d'une plus grande disponibilit\u00e9.<br \/>\n2. Comparez les prix de plusieurs entreprises avant de prendre votre d\u00e9cision.<br \/>\n3. Envisager de souscrire une assurance pour une protection accrue.<br \/>\n4. Familiarisez-vous avec le code de la route et les r\u00e9glementations locales.<br \/>\n5. Planifiez votre itin\u00e9raire avant de prendre la route.<\/p>\n<p>En conclusion, louer une voiture \u00e0 Buffalo est un excellent moyen d'explorer cette ville dynamique et ses environs \u00e0 votre rythme et \u00e0 votre convenance. Avec des prix abordables et des services fiables disponibles aupr\u00e8s de diverses soci\u00e9t\u00e9s de premier plan telles que Enterprise Rent-A-Car et Hertz, vous pouvez facilement trouver la voiture de location id\u00e9ale pour r\u00e9pondre \u00e0 vos besoins. Alors pourquoi attendre ? R\u00e9servez d\u00e8s aujourd'hui votre location de voiture \u00e0 Buffalo et pr\u00e9parez-vous \u00e0 d\u00e9couvrir tout ce que New York a \u00e0 offrir.<\/p>\n<\/div>","protected":false},"excerpt":{"rendered":"<p>Discover Affordable Car Rental Buffalo Services If you&#8217;re planning a trip to Buffalo, New York, one of the most convenient and cost-effective ways to explore the city is by renting a car. With so many sights and attractions scattered throughout the city and beyond, having your own mode of transportation gives you the freedom to [&hellip;]<\/p>\n","protected":false},"author":1,"featured_media":3791,"parent":0,"menu_order":0,"comment_status":"closed","ping_status":"closed","template":"","meta":{"rs_blank_template":"","rs_page_bg_color":"","slide_template_v7":"","footnotes":""},"categories":[1],"tags":[],"class_list":["post-3789","page","type-page","status-publish","has-post-thumbnail","hentry","category-blog"],"_links":{"self":[{"href":"https:\/\/rental-car.company\/fr\/wp-json\/wp\/v2\/pages\/3789","targetHints":{"allow":["GET"]}}],"collection":[{"href":"https:\/\/rental-car.company\/fr\/wp-json\/wp\/v2\/pages"}],"about":[{"href":"https:\/\/rental-car.company\/fr\/wp-json\/wp\/v2\/types\/page"}],"author":[{"embeddable":true,"href":"https:\/\/rental-car.company\/fr\/wp-json\/wp\/v2\/users\/1"}],"replies":[{"embeddable":true,"href":"https:\/\/rental-car.company\/fr\/wp-json\/wp\/v2\/comments?post=3789"}],"version-history":[{"count":0,"href":"https:\/\/rental-car.company\/fr\/wp-json\/wp\/v2\/pages\/3789\/revisions"}],"wp:featuredmedia":[{"embeddable":true,"href":"https:\/\/rental-car.company\/fr\/wp-json\/wp\/v2\/media\/3791"}],"wp:attachment":[{"href":"https:\/\/rental-car.company\/fr\/wp-json\/wp\/v2\/media?parent=3789"}],"wp:term":[{"taxonomy":"category","embeddable":true,"href":"https:\/\/rental-car.company\/fr\/wp-json\/wp\/v2\/categories?post=3789"},{"taxonomy":"post_tag","embeddable":true,"href":"https:\/\/rental-car.company\/fr\/wp-json\/wp\/v2\/tags?post=3789"}],"curies":[{"name":"wp","href":"https:\/\/api.w.org\/{rel}","templated":true}]}}