{"id":3911,"date":"2024-08-03T21:05:19","date_gmt":"2024-08-03T21:05:19","guid":{"rendered":"https:\/\/rental-car.company\/?page_id=3911"},"modified":"2024-08-03T21:05:19","modified_gmt":"2024-08-03T21:05:19","slug":"location-de-voitures-raleigh-nc","status":"publish","type":"page","link":"https:\/\/rental-car.company\/fr\/location-de-voitures-raleigh-nc\/","title":{"rendered":"Location de voitures Raleigh NC - Transport pratique et abordable"},"content":{"rendered":"<div class=\"wpb-content-wrapper\"><div class=\"vc_row wpb_row vc_row-fluid\"><div class=\"wpb_column vc_column_container vc_col-sm-12\"><div class=\"vc_column-inner\"><div class=\"wpb_wrapper\">\n\t<div class=\"wpb_text_column wpb_content_element\" >\n\t\t<div class=\"wpb_wrapper\">\n\t\t\t<p><script id=\"dchwidget\" src=\"https:\/\/www.discovercars.com\/wg.js\" async=\"\" data-dev-env=\"com\" data-location=\"\" data-lang=\"en\" data-utm-source=\"malina\" data-utm-medium=\"widget\" data-aff-code=\"a_aid\" data-autocomplete=\"on\" data-style-submit-bg-color=\"00A200\" data-style-submit-font-color=\"white\" data-style-form-bg-color=\"FAD130\" data-style-form-font-color=\"333\" data-style-submit-text=\"Search now\"><\/script><\/p>\n\n\t\t<\/div>\n\t<\/div>\n<\/div><\/div><\/div><\/div>\n<p>&nbsp;<\/p>\n<h2>Discover Car Rentals Raleigh NC<\/h2>\n<p><img loading=\"lazy\" decoding=\"async\" class=\"alignleft\" src=\"\/wp-content\/uploads\/images\/rent_car_879.png\" alt=\"location de voitures raleigh nc\" width=\"350\" height=\"350\" \/><\/p>\n<p>Lorsque l'on visite la ville dynamique de Raleigh, en Caroline du Nord, il est essentiel de disposer d'un moyen de transport fiable pour explorer tout ce que la ville a \u00e0 offrir. Bien que les transports en commun soient une option, ils peuvent \u00eatre contraignants et prendre beaucoup de temps. C'est l\u00e0 que la location de voitures \u00e0 Raleigh NC entre en jeu.<\/p>\n<p>Louer une voiture \u00e0 Raleigh vous donne la libert\u00e9 d'aller o\u00f9 vous voulez, quand vous voulez. Vous n'aurez pas \u00e0 vous fier aux horaires de bus ou aux courses de taxi co\u00fbteuses. Avec une voiture de location de l'une des nombreuses soci\u00e9t\u00e9s r\u00e9put\u00e9es de la r\u00e9gion, vous pouvez facilement naviguer \u00e0 travers la ville et au-del\u00e0.<\/p>\n<h3>La commodit\u00e9 de la location d'une voiture \u00e0 Raleigh<\/h3>\n<p>L'un des principaux avantages de la location d'une voiture \u00e0 Raleigh est sa commodit\u00e9. Que vous arriviez \u00e0 l'a\u00e9roport ou que vous restiez dans la ville, de nombreuses soci\u00e9t\u00e9s de location de voitures sont \u00e0 votre disposition. Vous pouvez facilement r\u00e9server en ligne ou vous rendre dans l'une de leurs agences pour louer un v\u00e9hicule adapt\u00e9 \u00e0 vos besoins.<\/p>\n<p>De plus, avec votre propre voiture de location, vous n'aurez pas \u00e0 vous soucier d'attendre les transports publics ou d'organiser des covoiturages co\u00fbteux. Vous aurez \u00e9galement la libert\u00e9 de planifier votre itin\u00e9raire sans aucune restriction de temps ou de lieu.<\/p>\n<h3>Abordabilit\u00e9 et vari\u00e9t\u00e9<\/h3>\n<p>Louer une voiture \u00e0 Raleigh est \u00e9galement incroyablement abordable par rapport \u00e0 d'autres grandes villes. Diff\u00e9rentes options sont disponibles en fonction de votre budget et de vos besoins - des voitures compactes parfaites pour les voyageurs en solo ou les couples, aux SUV spacieux id\u00e9aux pour les familles ou les groupes.<\/p>\n<p>En outre, de nombreuses soci\u00e9t\u00e9s de location proposent des r\u00e9ductions et des promotions tout au long de l'ann\u00e9e, ce qui permet aux voyageurs de b\u00e9n\u00e9ficier d'un budget encore plus avantageux. Ainsi, que vous recherchiez une location \u00e0 court terme pendant votre s\u00e9jour \u00e0 Raleigh ou que vous ayez besoin d'une solution \u00e0 long terme pour rendre visite \u00e0 votre famille ou pour un voyage d'affaires, il y en a pour tous les budgets.<\/p>\n<h4>Avantages de la location d'une voiture \u00e0 Raleigh NC<\/h4>\n<p>- Commodit\u00e9 et flexibilit\u00e9<br \/>\n- Des options abordables pour tous les budgets<br \/>\n- Vari\u00e9t\u00e9 de v\u00e9hicules au choix<br \/>\n- R\u00e9ductions et promotions disponibles<\/p>\n<h4>Les inconv\u00e9nients de la location de voiture \u00e0 Raleigh NC<\/h4>\n<p><img loading=\"lazy\" decoding=\"async\" class=\"alignright\" src=\"\/wp-content\/uploads\/images\/rent_car_182.png\" alt=\"location de voitures raleigh nc\" width=\"350\" height=\"350\" \/><\/p>\n<p>- Frais suppl\u00e9mentaires pour l'assurance, le GPS, etc.<br \/>\n- La circulation et le stationnement peuvent \u00eatre difficiles aux heures de pointe<br \/>\n- Il faut \u00eatre \u00e2g\u00e9 d'au moins 21 ans pour louer une voiture (certaines compagnies peuvent exiger un suppl\u00e9ment pour les conducteurs de moins de 25 ans).<\/p>\n<h3>Questions fr\u00e9quemment pos\u00e9es sur la location de voitures \u00e0 Raleigh NC<\/h3>\n<p>Q : De quoi ai-je besoin pour louer une voiture \u00e0 Raleigh ?<br \/>\nR : Pour louer une voiture \u00e0 Raleigh, vous aurez besoin d'un permis de conduire valide, d'une carte de cr\u00e9dit et d'une preuve d'assurance. Certaines soci\u00e9t\u00e9s peuvent \u00e9galement exiger un permis de conduire international si vous n'\u00eates pas originaire des \u00c9tats-Unis.<\/p>\n<p>Q : Puis-je rendre ma voiture de location \u00e0 un autre endroit ?<br \/>\nR : Oui, de nombreuses soci\u00e9t\u00e9s de location de voitures offrent la possibilit\u00e9 de restituer votre v\u00e9hicule \u00e0 un autre endroit moyennant des frais suppl\u00e9mentaires. Renseignez-vous au pr\u00e9alable aupr\u00e8s de la compagnie.<\/p>\n<p>Q : Est-il n\u00e9cessaire de souscrire une assurance lorsque l'on loue une voiture ?<br \/>\nR : Bien que certaines polices d'assurance automobile personnelles puissent couvrir les voitures de location, il est toujours recommand\u00e9 de souscrire une assurance suppl\u00e9mentaire aupr\u00e8s de la soci\u00e9t\u00e9 de location pour une protection accrue.<\/p>\n<p>En conclusion, louer une voiture \u00e0 Raleigh NC est sans aucun doute le moyen le plus pratique et le plus abordable d'explorer cette ville anim\u00e9e. Gr\u00e2ce \u00e0 la vari\u00e9t\u00e9 des options et \u00e0 l'excellent service \u00e0 la client\u00e8le fourni par des soci\u00e9t\u00e9s r\u00e9put\u00e9es telles que Rental-Car.company, vous pouvez facilement trouver le v\u00e9hicule parfait pour vos besoins. Alors pourquoi attendre ? R\u00e9servez votre voiture de location d\u00e8s aujourd'hui et d\u00e9couvrez tout ce que Raleigh a \u00e0 offrir \u00e0 votre rythme.<\/p>\n<\/div>","protected":false},"excerpt":{"rendered":"<p>&nbsp; Discover Car Rentals Raleigh NC When visiting the vibrant city of Raleigh, North Carolina, having a reliable mode of transportation is essential for exploring all that the city has to offer. While public transportation may be an option, it can be restrictive and time-consuming. This is where car rentals in Raleigh NC come in. [&hellip;]<\/p>\n","protected":false},"author":1,"featured_media":3913,"parent":0,"menu_order":0,"comment_status":"closed","ping_status":"closed","template":"","meta":{"rs_blank_template":"","rs_page_bg_color":"","slide_template_v7":"","footnotes":""},"categories":[1],"tags":[],"class_list":["post-3911","page","type-page","status-publish","has-post-thumbnail","hentry","category-blog"],"_links":{"self":[{"href":"https:\/\/rental-car.company\/fr\/wp-json\/wp\/v2\/pages\/3911","targetHints":{"allow":["GET"]}}],"collection":[{"href":"https:\/\/rental-car.company\/fr\/wp-json\/wp\/v2\/pages"}],"about":[{"href":"https:\/\/rental-car.company\/fr\/wp-json\/wp\/v2\/types\/page"}],"author":[{"embeddable":true,"href":"https:\/\/rental-car.company\/fr\/wp-json\/wp\/v2\/users\/1"}],"replies":[{"embeddable":true,"href":"https:\/\/rental-car.company\/fr\/wp-json\/wp\/v2\/comments?post=3911"}],"version-history":[{"count":0,"href":"https:\/\/rental-car.company\/fr\/wp-json\/wp\/v2\/pages\/3911\/revisions"}],"wp:featuredmedia":[{"embeddable":true,"href":"https:\/\/rental-car.company\/fr\/wp-json\/wp\/v2\/media\/3913"}],"wp:attachment":[{"href":"https:\/\/rental-car.company\/fr\/wp-json\/wp\/v2\/media?parent=3911"}],"wp:term":[{"taxonomy":"category","embeddable":true,"href":"https:\/\/rental-car.company\/fr\/wp-json\/wp\/v2\/categories?post=3911"},{"taxonomy":"post_tag","embeddable":true,"href":"https:\/\/rental-car.company\/fr\/wp-json\/wp\/v2\/tags?post=3911"}],"curies":[{"name":"wp","href":"https:\/\/api.w.org\/{rel}","templated":true}]}}