{"id":3928,"date":"2024-08-04T01:05:18","date_gmt":"2024-08-04T01:05:18","guid":{"rendered":"https:\/\/rental-car.company\/?page_id=3928"},"modified":"2024-08-04T01:05:18","modified_gmt":"2024-08-04T01:05:18","slug":"location-de-voiture-lancaster-ca","status":"publish","type":"page","link":"https:\/\/rental-car.company\/fr\/location-de-voiture-lancaster-ca\/","title":{"rendered":"car rental lancaster ca - Introduction sur le sujet"},"content":{"rendered":"<div class=\"wpb-content-wrapper\"><p>La location d'une voiture \u00e0 Lancaster, CA est un moyen pratique et abordable d'explorer cette belle ville et ses environs. Que vous soyez en visite pour les affaires ou pour le plaisir, il est essentiel d'avoir un moyen de transport fiable pour profiter au maximum de votre voyage. Avec une location de voiture \u00e0 Lancaster, vous pouvez facilement visiter les principales attractions de la r\u00e9gion \u00e0 votre rythme et selon votre emploi du temps.<\/p>\n<h2>Meilleures options de location de voiture \u00e0 Lancaster, CA<\/h2>\n<p>Lorsqu'il s'agit de trouver les meilleures options de location de voiture, il y a plusieurs compagnies parmi lesquelles choisir. Parmi les meilleures options, citons Enterprise Rent-A-Car, Hertz Rent-A-Car, Avis Car Rental et Budget Car Rental. Ces soci\u00e9t\u00e9s proposent une large gamme de v\u00e9hicules adapt\u00e9s \u00e0 tous les budgets et \u00e0 tous les besoins. Des voitures compactes pour les voyageurs solitaires aux SUV spacieux pour les familles ou les groupes plus importants.<\/p>\n<div class=\"vc_row wpb_row vc_row-fluid\"><div class=\"wpb_column vc_column_container vc_col-sm-12\"><div class=\"vc_column-inner\"><div class=\"wpb_wrapper\">\n\t<div class=\"wpb_text_column wpb_content_element\" >\n\t\t<div class=\"wpb_wrapper\">\n\t\t\t<p><script id=\"dchwidget\" src=\"https:\/\/www.discovercars.com\/wg.js\" async=\"\" data-dev-env=\"com\" data-location=\"\" data-lang=\"en\" data-utm-source=\"malina\" data-utm-medium=\"widget\" data-aff-code=\"a_aid\" data-autocomplete=\"on\" data-style-submit-bg-color=\"00A200\" data-style-submit-font-color=\"white\" data-style-form-bg-color=\"FAD130\" data-style-form-font-color=\"333\" data-style-submit-text=\"Search now\"><\/script><\/p>\n\n\t\t<\/div>\n\t<\/div>\n<\/div><\/div><\/div><\/div>\n<p>&nbsp;<\/p>\n<h2>Discover Car Rental Lancaster CA<\/h2>\n<p><img loading=\"lazy\" decoding=\"async\" class=\"alignleft\" src=\"\/wp-content\/uploads\/images\/rent_car_634.png\" alt=\"location de voiture lancaster ca\" width=\"350\" height=\"350\" \/><\/p>\n<p>Que vous souhaitiez explorer Lancaster ou vous aventurer dans des destinations proches telles que Los Angeles ou Santa Barbara, la location d'une voiture vous donne la libert\u00e9 de le faire sans \u00eatre contraint par les horaires des transports publics ou les tarifs on\u00e9reux des taxis.<\/p>\n<p>Avec une location de voiture \u00e0 Lancaster, vous pouvez facilement visiter des attractions populaires comme le parc \u00e0 th\u00e8me Six Flags Magic Mountain ou faire une promenade pittoresque dans les champs de coquelicots de la vall\u00e9e d'Antelope au printemps. Vous pouvez \u00e9galement faire des excursions d'une journ\u00e9e dans d'autres villes voisines comme Palmdale ou Bakersfield.<\/p>\n<h3>Louer une voiture pour les voyages d'affaires \u00e0 Lancaster<\/h3>\n<p>Pour les personnes voyageant pour affaires \u00e0 Lancaster, la location d'une voiture peut s'av\u00e9rer particuli\u00e8rement avantageuse. Cela vous permet de contr\u00f4ler vos besoins en transport sans d\u00e9pendre des transports publics ou des services de covoiturage. Cela vous permet d'arriver \u00e0 l'heure aux r\u00e9unions et aux \u00e9v\u00e9nements sans aucun probl\u00e8me.<\/p>\n<p>En outre, de nombreuses soci\u00e9t\u00e9s de location de voitures proposent des r\u00e9ductions et des programmes de fid\u00e9lit\u00e9 pour les voyageurs d'affaires fr\u00e9quents, ce qui en fait une option rentable pour vos voyages d'affaires.<\/p>\n<h3>Explorez les grands espaces avec la location de voiture Lancaster CA<\/h3>\n<p>Lancaster, CA est \u00e9galement connue pour ses magnifiques paysages naturels et ses activit\u00e9s de plein air. Avec une voiture de location, vous pouvez facilement acc\u00e9der \u00e0 des sentiers de randonn\u00e9e populaires dans les montagnes de San Gabriel, situ\u00e9es \u00e0 proximit\u00e9, ou faire une promenade pittoresque dans la for\u00eat nationale d'Angeles. Vous pouvez \u00e9galement visiter le c\u00e9l\u00e8bre Vasquez Rocks Natural Area Park, connu pour ses formations rocheuses uniques et ses vues \u00e9poustouflantes.<\/p>\n<h3>Vous voyagez en famille ou entre amis ? Louez une camionnette !<\/h3>\n<p>Pour les groupes plus importants ou les familles qui voyagent ensemble, la location d'un van est une excellente option. Il offre suffisamment d'espace pour que chacun puisse voyager confortablement tout en profitant de la compagnie des autres. Vous pouvez facilement louer un van aupr\u00e8s de l'une des principales soci\u00e9t\u00e9s de location de voitures \u00e0 Lancaster, CA et choisir parmi diff\u00e9rentes tailles pour accommoder votre groupe.<\/p>\n<h4>Avantages \/ inconv\u00e9nients<\/h4>\n<p>Pour :<br \/>\n- Un moyen pratique et abordable de d\u00e9couvrir Lancaster, CA<br \/>\n- Libert\u00e9 de voyager \u00e0 son rythme<br \/>\n- Acc\u00e8s \u00e0 diff\u00e9rentes options de v\u00e9hicules en fonction de vos besoins<br \/>\n- Possibilit\u00e9 de r\u00e9ductions pour les entreprises et de programmes de fid\u00e9lisation<br \/>\n- Parfait pour les voyages en famille ou les voyages d'affaires<\/p>\n<p>Cons :<br \/>\n- Des frais suppl\u00e9mentaires tels que l'assurance et le gaz peuvent s'appliquer<br \/>\n- Disponibilit\u00e9 limit\u00e9e de certains v\u00e9hicules pendant les saisons de pointe<\/p>\n<h4>Foire aux questions (FAQ)<\/h4>\n<p><img loading=\"lazy\" decoding=\"async\" class=\"alignright\" src=\"\/wp-content\/uploads\/images\/rent_car_1482.png\" alt=\"location de voiture lancaster ca\" width=\"350\" height=\"350\" \/><\/p>\n<p>Q : Quel \u00e2ge dois-je avoir pour louer une voiture \u00e0 Lancaster, CA ?<br \/>\nR : La plupart des soci\u00e9t\u00e9s de location de voitures exigent que les conducteurs aient au moins 25 ans. Toutefois, certaines soci\u00e9t\u00e9s peuvent autoriser des conducteurs \u00e2g\u00e9s de 21 ans seulement, moyennant un suppl\u00e9ment.<\/p>\n<p>Q : Ai-je besoin d'une assurance pour louer une voiture \u00e0 Lancaster ?<br \/>\nR : Oui, la plupart des soci\u00e9t\u00e9s de location de voitures exigent que les locataires soient couverts par une assurance avant de louer un v\u00e9hicule. Vous pouvez souscrire \u00e0 leur police d'assurance ou utiliser votre propre assurance automobile si elle couvre les voitures de location.<\/p>\n<p>Q\u00a0: Puis-je restituer ma voiture de location \u00e0 un autre endroit\u00a0?<br \/>\nR : Oui, certaines soci\u00e9t\u00e9s de location de voitures offrent la possibilit\u00e9 de d\u00e9poser votre v\u00e9hicule \u00e0 un autre endroit moyennant un suppl\u00e9ment. Toutefois, cette option doit \u00eatre convenue \u00e0 l'avance avec l'entreprise.<\/p>\n<p>Q : Puis-je louer une voiture \u00e0 Lancaster si j'ai un permis de conduire \u00e9tranger ?<br \/>\nR : Oui, \u00e0 condition que votre permis de conduire soit valide et r\u00e9dig\u00e9 en anglais. S'il n'est pas en anglais, il se peut que vous ayez besoin d'un permis de conduire international (PCI) pour louer une voiture.<\/p>\n<p>En conclusion, louer une voiture \u00e0 Lancaster, CA est le meilleur moyen de profiter pleinement de tout ce que cette ville et ses environs ont \u00e0 offrir. Avec de nombreuses options disponibles et la libert\u00e9 de voyager \u00e0 votre propre rythme, la location d'une voiture rendra votre voyage encore plus m\u00e9morable et agr\u00e9able. La prochaine fois que vous planifierez un voyage \u00e0 Lancaster, pensez \u00e0 louer une voiture pour b\u00e9n\u00e9ficier d'une commodit\u00e9 et d'une flexibilit\u00e9 optimales.<\/p>\n<\/div>","protected":false},"excerpt":{"rendered":"<p>Car rental in Lancaster, CA is a convenient and affordable way to explore this beautiful city and its surrounding areas. Whether you&#8217;re visiting for business or pleasure, having a reliable mode of transportation is essential for making the most out of your trip. With car rental lancaster ca, you can easily travel to all the [&hellip;]<\/p>\n","protected":false},"author":1,"featured_media":3264,"parent":0,"menu_order":0,"comment_status":"closed","ping_status":"closed","template":"","meta":{"rs_blank_template":"","rs_page_bg_color":"","slide_template_v7":"","footnotes":""},"categories":[1],"tags":[],"class_list":["post-3928","page","type-page","status-publish","has-post-thumbnail","hentry","category-blog"],"_links":{"self":[{"href":"https:\/\/rental-car.company\/fr\/wp-json\/wp\/v2\/pages\/3928","targetHints":{"allow":["GET"]}}],"collection":[{"href":"https:\/\/rental-car.company\/fr\/wp-json\/wp\/v2\/pages"}],"about":[{"href":"https:\/\/rental-car.company\/fr\/wp-json\/wp\/v2\/types\/page"}],"author":[{"embeddable":true,"href":"https:\/\/rental-car.company\/fr\/wp-json\/wp\/v2\/users\/1"}],"replies":[{"embeddable":true,"href":"https:\/\/rental-car.company\/fr\/wp-json\/wp\/v2\/comments?post=3928"}],"version-history":[{"count":0,"href":"https:\/\/rental-car.company\/fr\/wp-json\/wp\/v2\/pages\/3928\/revisions"}],"wp:featuredmedia":[{"embeddable":true,"href":"https:\/\/rental-car.company\/fr\/wp-json\/wp\/v2\/media\/3264"}],"wp:attachment":[{"href":"https:\/\/rental-car.company\/fr\/wp-json\/wp\/v2\/media?parent=3928"}],"wp:term":[{"taxonomy":"category","embeddable":true,"href":"https:\/\/rental-car.company\/fr\/wp-json\/wp\/v2\/categories?post=3928"},{"taxonomy":"post_tag","embeddable":true,"href":"https:\/\/rental-car.company\/fr\/wp-json\/wp\/v2\/tags?post=3928"}],"curies":[{"name":"wp","href":"https:\/\/api.w.org\/{rel}","templated":true}]}}