{"id":4038,"date":"2024-08-04T23:05:19","date_gmt":"2024-08-04T23:05:19","guid":{"rendered":"https:\/\/rental-car.company\/?page_id=4038"},"modified":"2024-08-04T23:05:19","modified_gmt":"2024-08-04T23:05:19","slug":"entreprise-pasadena","status":"publish","type":"page","link":"https:\/\/rental-car.company\/fr\/entreprise-pasadena\/","title":{"rendered":"Enterprise Pasadena : Votre guide ultime pour louer une voiture"},"content":{"rendered":"<div class=\"wpb-content-wrapper\"><h2>Louer avec Enterprise Pasadena : Un choix pratique pour les voyageurs<\/h2>\n<p>Vous pr\u00e9voyez de vous rendre \u00e0 Pasadena, en Californie ? L'un des plus grands d\u00e9fis \u00e0 relever lors d'un voyage est de trouver un moyen de transport fiable. Bien que les transports en commun puissent \u00eatre une option, ils ont souvent leurs propres limites et peuvent prendre beaucoup de temps. C'est l\u00e0 qu'intervient Enterprise Pasadena, qui vous offre un moyen pratique et sans tracas d'explorer la ville \u00e0 votre rythme.<\/p>\n<p>Faisant partie de la c\u00e9l\u00e8bre soci\u00e9t\u00e9 Enterprise Rent-A-Car, Enterprise Pasadena offre des services de location de voitures de qualit\u00e9 sup\u00e9rieure qui r\u00e9pondent \u00e0 tous vos besoins de voyage. Avec sa large gamme de v\u00e9hicules et son service client exceptionnel, il n'est pas \u00e9tonnant qu'Enterprise soit devenu un choix incontournable pour les voyageurs de Pasadena.<\/p>\n<div class=\"vc_row wpb_row vc_row-fluid\"><div class=\"wpb_column vc_column_container vc_col-sm-12\"><div class=\"vc_column-inner\"><div class=\"wpb_wrapper\">\n\t<div class=\"wpb_text_column wpb_content_element\" >\n\t\t<div class=\"wpb_wrapper\">\n\t\t\t<p><script id=\"dchwidget\" src=\"https:\/\/www.discovercars.com\/wg.js\" async=\"\" data-dev-env=\"com\" data-location=\"\" data-lang=\"en\" data-utm-source=\"malina\" data-utm-medium=\"widget\" data-aff-code=\"a_aid\" data-autocomplete=\"on\" data-style-submit-bg-color=\"00A200\" data-style-submit-font-color=\"white\" data-style-form-bg-color=\"FAD130\" data-style-form-font-color=\"333\" data-style-submit-text=\"Search now\"><\/script><\/p>\n\n\t\t<\/div>\n\t<\/div>\n<\/div><\/div><\/div><\/div>\n<p>&nbsp;<\/p>\n<h2>D\u00e9couvrez les services d'Enterprise Pasadena<\/h2>\n<p><img loading=\"lazy\" decoding=\"async\" class=\"alignleft\" src=\"\/wp-content\/uploads\/images\/rent_car_1472.png\" alt=\"entreprise pasadena\" width=\"350\" height=\"350\" \/><\/p>\n<p>Que vous voyagiez seul ou en groupe, Enterprise Pasadena vous couvre avec sa flotte de v\u00e9hicules diversifi\u00e9e. Des voitures compactes pour faciliter les man\u0153uvres dans les rues de la ville aux SUV spacieux pour les voyages en famille, il y en a pour tous les go\u00fbts chez Enterprise.<\/p>\n<p>Si vous recherchez le luxe et le style, leur s\u00e9lection premium comprend des marques haut de gamme telles que Mercedes-Benz et BMW. Et si vous avez besoin d'un v\u00e9hicule plus grand pour d\u00e9m\u00e9nager des meubles ou transporter du mat\u00e9riel, ils proposent \u00e9galement des fourgonnettes et des camions.<\/p>\n<p>Que vous ayez besoin d'une voiture pour une journ\u00e9e ou pour une semaine enti\u00e8re, Enterprise propose des tarifs comp\u00e9titifs adapt\u00e9s \u00e0 tous les budgets. De plus, leurs v\u00e9hicules sont \u00e9quip\u00e9s de toutes les fonctionnalit\u00e9s n\u00e9cessaires, telles que des syst\u00e8mes de navigation GPS et des si\u00e8ges de s\u00e9curit\u00e9 pour enfants sur demande.<\/p>\n<h3>Les avantages de choisir Enterprise Pasadena<\/h3>\n<ul>\n<li>Des emplacements pratiques dans toute la ville qui facilitent la prise en charge et la restitution de votre location.<\/li>\n<li>L'assistance routi\u00e8re 24 heures sur 24 et 7 jours sur 7 garantit la tranquillit\u00e9 d'esprit sur la route.<\/li>\n<li>Des v\u00e9hicules de qualit\u00e9 sup\u00e9rieure r\u00e9guli\u00e8rement entretenus pour une conduite s\u00fbre et confortable.<\/li>\n<li>Un personnel aimable et comp\u00e9tent, toujours pr\u00eat \u00e0 r\u00e9pondre \u00e0 toute question ou pr\u00e9occupation.<\/li>\n<li>Un processus de r\u00e9servation en ligne simple, facilitant la r\u00e9servation de votre location \u00e0 l'avance.<\/li>\n<\/ul>\n<h3>Les inconv\u00e9nients potentiels du choix de l'entreprise Pasadena<\/h3>\n<ul>\n<li>S\u00e9lection limit\u00e9e de v\u00e9hicules exotiques ou sp\u00e9cialis\u00e9s par rapport \u00e0 d'autres soci\u00e9t\u00e9s de location.<\/li>\n<li>Des frais suppl\u00e9mentaires peuvent \u00eatre appliqu\u00e9s pour les conducteurs de moins de 25 ans ou pour l'ajout de conducteurs suppl\u00e9mentaires au contrat de location.<\/li>\n<\/ul>\n<h4>Questions fr\u00e9quemment pos\u00e9es sur Enterprise Pasadena<\/h4>\n<p><img loading=\"lazy\" decoding=\"async\" class=\"alignright\" src=\"\/wp-content\/uploads\/images\/rent_car_242.png\" alt=\"entreprise pasadena\" width=\"350\" height=\"350\" \/><\/p>\n<h5>Ai-je besoin d'une carte de cr\u00e9dit pour louer aupr\u00e8s d'Enterprise Pasadena ?<\/h5>\n<p>Oui, une carte de cr\u00e9dit valide est requise au moment de la location. Toutefois, si vous n'avez pas de carte de cr\u00e9dit, vous pouvez utiliser une carte de d\u00e9bit \u00e0 condition de fournir une preuve de vos projets de voyage de retour.<\/p>\n<h5>Quel est l'\u00e2ge minimum requis pour louer aupr\u00e8s d'Enterprise Pasadena ?<\/h5>\n<p>L'\u00e2ge minimum requis est de 21 ans. Toutefois, les conducteurs \u00e2g\u00e9s de 21 \u00e0 24 ans peuvent se voir appliquer une surtaxe pour mineurs.<\/p>\n<h5>Puis-je ajouter des conducteurs suppl\u00e9mentaires \u00e0 mon contrat de location ?<\/h5>\n<p>Oui, vous pouvez ajouter des conducteurs suppl\u00e9mentaires moyennant un suppl\u00e9ment par jour. Tous les conducteurs suppl\u00e9mentaires doivent r\u00e9pondre aux m\u00eames exigences que le conducteur principal.<\/p>\n<p>En conclusion, lorsqu'il s'agit de louer une voiture \u00e0 Pasadena, Enterprise offre des services fiables et pratiques qui r\u00e9pondent \u00e0 tous vos besoins de voyage. Avec sa large s\u00e9lection de v\u00e9hicules et ses tarifs comp\u00e9titifs, il n'est pas surprenant qu'elle soit devenue le premier choix des voyageurs. Alors la prochaine fois que vous planifiez un voyage \u00e0 Pasadena, pensez \u00e0 louer une voiture avec Enterprise - car pourquoi se contenter de visiter quand on peut explorer ?<\/p>\n<\/div>","protected":false},"excerpt":{"rendered":"<p>Renting with Enterprise Pasadena: A Convenient Choice for Travelers Are you planning a trip to Pasadena, California? One of the biggest challenges when traveling is finding reliable transportation. While public transportation may be an option, it often comes with its own set of limitations and can be time-consuming. This is where Enterprise Pasadena comes in [&hellip;]<\/p>\n","protected":false},"author":1,"featured_media":4040,"parent":0,"menu_order":0,"comment_status":"closed","ping_status":"closed","template":"","meta":{"rs_blank_template":"","rs_page_bg_color":"","slide_template_v7":"","footnotes":""},"categories":[1],"tags":[],"class_list":["post-4038","page","type-page","status-publish","has-post-thumbnail","hentry","category-blog"],"_links":{"self":[{"href":"https:\/\/rental-car.company\/fr\/wp-json\/wp\/v2\/pages\/4038","targetHints":{"allow":["GET"]}}],"collection":[{"href":"https:\/\/rental-car.company\/fr\/wp-json\/wp\/v2\/pages"}],"about":[{"href":"https:\/\/rental-car.company\/fr\/wp-json\/wp\/v2\/types\/page"}],"author":[{"embeddable":true,"href":"https:\/\/rental-car.company\/fr\/wp-json\/wp\/v2\/users\/1"}],"replies":[{"embeddable":true,"href":"https:\/\/rental-car.company\/fr\/wp-json\/wp\/v2\/comments?post=4038"}],"version-history":[{"count":0,"href":"https:\/\/rental-car.company\/fr\/wp-json\/wp\/v2\/pages\/4038\/revisions"}],"wp:featuredmedia":[{"embeddable":true,"href":"https:\/\/rental-car.company\/fr\/wp-json\/wp\/v2\/media\/4040"}],"wp:attachment":[{"href":"https:\/\/rental-car.company\/fr\/wp-json\/wp\/v2\/media?parent=4038"}],"wp:term":[{"taxonomy":"category","embeddable":true,"href":"https:\/\/rental-car.company\/fr\/wp-json\/wp\/v2\/categories?post=4038"},{"taxonomy":"post_tag","embeddable":true,"href":"https:\/\/rental-car.company\/fr\/wp-json\/wp\/v2\/tags?post=4038"}],"curies":[{"name":"wp","href":"https:\/\/api.w.org\/{rel}","templated":true}]}}