{"id":4195,"date":"2024-08-06T07:05:18","date_gmt":"2024-08-06T07:05:18","guid":{"rendered":"https:\/\/rental-car.company\/?page_id=4195"},"modified":"2024-08-06T07:05:18","modified_gmt":"2024-08-06T07:05:18","slug":"une-voiture-economique-ou-compacte-est-elle-plus-grande","status":"publish","type":"page","link":"https:\/\/rental-car.company\/fr\/une-voiture-economique-ou-compacte-est-elle-plus-grande\/","title":{"rendered":"La voiture \u00e9conomique ou compacte est-elle plus grande ? - Choisir la voiture de location qui convient le mieux \u00e0 vos besoins"},"content":{"rendered":"<div class=\"wpb-content-wrapper\"><p>Si vous envisagez de louer une voiture pour votre prochain voyage, vous vous demandez peut-\u00eatre quel type de voiture est le mieux adapt\u00e9 \u00e0 vos besoins. Deux options populaires viennent souvent \u00e0 l'esprit : les voitures \u00e9conomiques et les voitures compactes. Toutes deux sont r\u00e9put\u00e9es pour leur prix abordable et leur faible consommation de carburant, mais lorsqu'il s'agit de la taille, la voiture \u00e9conomique ou la voiture compacte est-elle plus grande ? Dans cet article, nous allons explorer les diff\u00e9rences entre ces deux types de voitures de location et vous aider \u00e0 choisir celle qui conviendra le mieux \u00e0 votre prochain voyage.<\/p>\n<h2>Variante de la question \"La voiture \u00e9conomique ou compacte est-elle plus grande ? Comprendre les diff\u00e9rences de taille<\/h2>\n<p>Lorsqu'il s'agit de voitures de location, la taille peut varier consid\u00e9rablement en fonction de la classification. Si les voitures \u00e9conomiques et compactes appartiennent toutes deux \u00e0 la cat\u00e9gorie des petites voitures, il existe des diff\u00e9rences essentielles dans leurs dimensions. <\/p>\n<p>Les voitures \u00e9conomiques sont g\u00e9n\u00e9ralement consid\u00e9r\u00e9es comme l'une des plus petites options disponibles dans la flotte d'une soci\u00e9t\u00e9 de location de voitures. Leur taille globale est inf\u00e9rieure \u00e0 celle des autres types de v\u00e9hicules et elles peuvent g\u00e9n\u00e9ralement accueillir jusqu'\u00e0 quatre passagers. Le coffre de ces voitures est \u00e9galement moins volumineux que celui des v\u00e9hicules plus grands.<\/p>\n<p>En revanche, les voitures compactes se situent entre les v\u00e9hicules \u00e9conomiques et les v\u00e9hicules de taille moyenne en termes de taille. Elles offrent un peu plus d'espace qu'une voiture \u00e9conomique, pouvant accueillir jusqu'\u00e0 cinq passagers, et un coffre un peu plus grand.<\/p>\n<div class=\"vc_row wpb_row vc_row-fluid\"><div class=\"wpb_column vc_column_container vc_col-sm-12\"><div class=\"vc_column-inner\"><div class=\"wpb_wrapper\">\n\t<div class=\"wpb_text_column wpb_content_element\" >\n\t\t<div class=\"wpb_wrapper\">\n\t\t\t<p><script id=\"dchwidget\" src=\"https:\/\/www.discovercars.com\/wg.js\" async=\"\" data-dev-env=\"com\" data-location=\"\" data-lang=\"en\" data-utm-source=\"malina\" data-utm-medium=\"widget\" data-aff-code=\"a_aid\" data-autocomplete=\"on\" data-style-submit-bg-color=\"00A200\" data-style-submit-font-color=\"white\" data-style-form-bg-color=\"FAD130\" data-style-form-font-color=\"333\" data-style-submit-text=\"Search now\"><\/script><\/p>\n\n\t\t<\/div>\n\t<\/div>\n<\/div><\/div><\/div><\/div>\n<p>&nbsp;<\/p>\n<h2>D\u00e9couvrez si une voiture \u00e9conomique ou compacte est plus grande<\/h2>\n<p><img loading=\"lazy\" decoding=\"async\" class=\"alignleft\" src=\"\/wp-content\/uploads\/images\/rent_car_919.png\" alt=\"Une voiture \u00e9conomique ou compacte est-elle plus grande ?\" width=\"350\" height=\"350\" \/><\/p>\n<p>Maintenant que nous comprenons les diff\u00e9rences fondamentales de taille entre ces deux types de voitures de location, examinons plus en d\u00e9tail certains facteurs sp\u00e9cifiques qui peuvent aider \u00e0 d\u00e9terminer si une voiture \u00e9conomique ou compacte est plus grande.<\/p>\n<h3>Espace int\u00e9rieur<\/h3>\n<p>L'espace int\u00e9rieur est un facteur qui joue un r\u00f4le important pour d\u00e9terminer si une voiture \u00e9conomique ou compacte est plus grande. Les voitures \u00e9conomiques ont tendance \u00e0 avoir moins d'espace pour les jambes et la t\u00eate que les voitures compactes en raison de leur taille plus petite.<\/p>\n<p>Les voitures compactes, quant \u00e0 elles, offrent un peu plus d'espace pour que les passagers puissent s'allonger et se mettre \u00e0 l'aise. Elles disposent \u00e9galement de plus d'espace de rangement pour les effets personnels et les objets volumineux.<\/p>\n<h3>Espace dans le coffre<\/h3>\n<p>Un autre facteur important \u00e0 prendre en compte pour d\u00e9terminer la taille d'une voiture de location est l'espace du coffre. Les voitures \u00e9conomiques ont g\u00e9n\u00e9ralement un coffre plus petit qui ne peut contenir que quelques valises ou sacs. Cela peut \u00eatre suffisant pour les voyageurs solitaires ou les couples, mais peut s'av\u00e9rer difficile pour les familles ou les groupes qui ont plus de bagages.<\/p>\n<p>Les voitures compactes offrent un volume de coffre l\u00e9g\u00e8rement plus important, ce qui les rend plus adapt\u00e9es au transport de plusieurs valises et sacs. Cela peut s'av\u00e9rer particuli\u00e8rement utile si vous pr\u00e9voyez de faire des achats pendant votre voyage.<\/p>\n<h3>Efficacit\u00e9 \u00e9nerg\u00e9tique<\/h3>\n<p>En mati\u00e8re de consommation de carburant, les voitures \u00e9conomiques et les voitures compactes sont toutes deux r\u00e9put\u00e9es pour leur capacit\u00e9 \u00e0 vous faire \u00e9conomiser de l'argent \u00e0 la pompe. Toutefois, il existe \u00e9galement des diff\u00e9rences entre les deux types de voitures.<\/p>\n<p>Les voitures \u00e9conomiques sont con\u00e7ues dans un souci d'efficacit\u00e9 \u00e9nerg\u00e9tique et sont souvent \u00e9quip\u00e9es de petits moteurs qui n\u00e9cessitent moins d'essence pour fonctionner. D'autre part, les voitures compactes peuvent avoir des moteurs l\u00e9g\u00e8rement plus gros, mais offrent toujours un rendement \u00e9nerg\u00e9tique impressionnant par rapport aux v\u00e9hicules plus grands.<\/p>\n<h4>Avantages \/ inconv\u00e9nients<\/h4>\n<p><b>Les pros de la voiture \u00e9conomique :<\/b><br \/>\n- Des loyers abordables<br \/>\n- Excellente efficacit\u00e9 \u00e9nerg\u00e9tique<br \/>\n- Facile \u00e0 man\u0153uvrer et \u00e0 garer dans les espaces restreints<\/p>\n<p><b>Voiture \u00e9conomique Cons :<\/b><br \/>\n- Espace limit\u00e9 dans l'habitacle et le coffre<br \/>\n- Pas id\u00e9al pour les longs trajets avec plusieurs passagers<\/p>\n<p><b>Voiture compacte Pros :<\/b><br \/>\n- Plus d'espace int\u00e9rieur et de coffre par rapport aux voitures \u00e9conomiques<br \/>\n- Bon \u00e9quilibre entre la taille et l'efficacit\u00e9 \u00e9nerg\u00e9tique<br \/>\n- Peut accueillir confortablement jusqu'\u00e0 cinq passagers<\/p>\n<p><b>Voiture compacte Cons :<\/b><br \/>\n- Tarifs de location l\u00e9g\u00e8rement plus \u00e9lev\u00e9s que ceux des voitures \u00e9conomiques<br \/>\n- Peut ne pas entrer dans les petites places de stationnement aussi facilement qu'une voiture \u00e9conomique.<\/p>\n<h4>Foire aux questions (FAQ)<\/h4>\n<p><img loading=\"lazy\" decoding=\"async\" class=\"alignright\" src=\"\/wp-content\/uploads\/images\/rent_car_560.png\" alt=\"Une voiture \u00e9conomique ou compacte est-elle plus grande ?\" width=\"350\" height=\"350\" \/><\/p>\n<p>Q : Quel type de voiture est le plus abordable \u00e0 louer, une voiture \u00e9conomique ou une voiture compacte ?<br \/>\nR : Les voitures \u00e9conomiques et compactes sont toutes deux consid\u00e9r\u00e9es comme des options abordables, mais les voitures \u00e9conomiques ont g\u00e9n\u00e9ralement des tarifs de location plus bas.<\/p>\n<p>Q : Une famille de quatre personnes peut-elle prendre place confortablement dans une voiture \u00e9conomique ?<br \/>\nR : C'est peut-\u00eatre un peu difficile, mais c'est possible. Toutefois, une voiture compacte offrirait plus d'espace et de confort \u00e0 une famille de quatre personnes.<\/p>\n<p>Q : Outre la taille, existe-t-il d'autres diff\u00e9rences entre les voitures \u00e9conomiques et les voitures compactes ?<br \/>\nR : Oui, il peut y avoir des diff\u00e9rences de caract\u00e9ristiques et d'\u00e9quipements entre les diff\u00e9rents mod\u00e8les de voitures \u00e9conomiques et compactes. Il est pr\u00e9f\u00e9rable de se renseigner aupr\u00e8s de la soci\u00e9t\u00e9 de location de voitures pour obtenir des d\u00e9tails pr\u00e9cis.<\/p>\n<h2>Conclusion<\/h2>\n<p>Alors, une voiture \u00e9conomique ou compacte est-elle plus grande ? Bien que les deux types de voitures de location appartiennent \u00e0 la cat\u00e9gorie des petites voitures, il existe quelques diff\u00e9rences cl\u00e9s dans leur taille qui peuvent influencer votre d\u00e9cision. Les voitures \u00e9conomiques sont les plus petites options disponibles, avec moins d'espace int\u00e9rieur et de coffre que les voitures compactes. Cependant, elles offrent un excellent rendement \u00e9nerg\u00e9tique et un prix abordable. Les voitures compactes offrent un peu plus d'espace pour les passagers et les bagages tout en conservant un bon rendement \u00e9nerg\u00e9tique.<\/p>\n<p>En fin de compte, le choix entre une voiture \u00e9conomique et une voiture compacte d\u00e9pendra de vos besoins sp\u00e9cifiques pour votre voyage. Prenez en compte des facteurs tels que le nombre de passagers, la quantit\u00e9 de bagages et le type de conduite que vous allez effectuer avant de faire votre choix final. Et n'oubliez pas de toujours louer aupr\u00e8s d'une soci\u00e9t\u00e9 de location de voitures r\u00e9put\u00e9e comme la n\u00f4tre pour vous assurer un voyage s\u00fbr et agr\u00e9able !<\/p>\n<\/div>","protected":false},"excerpt":{"rendered":"<p>If you&#8217;re planning on renting a car for your next trip, you may be wondering which type of car is best suited for your needs. Two popular options that often come to mind are economy and compact cars. Both are known for their affordability and fuel efficiency, but when it comes to size, is economy [&hellip;]<\/p>\n","protected":false},"author":1,"featured_media":4197,"parent":0,"menu_order":0,"comment_status":"closed","ping_status":"closed","template":"","meta":{"rs_blank_template":"","rs_page_bg_color":"","slide_template_v7":"","footnotes":""},"categories":[1],"tags":[],"class_list":["post-4195","page","type-page","status-publish","has-post-thumbnail","hentry","category-blog"],"_links":{"self":[{"href":"https:\/\/rental-car.company\/fr\/wp-json\/wp\/v2\/pages\/4195","targetHints":{"allow":["GET"]}}],"collection":[{"href":"https:\/\/rental-car.company\/fr\/wp-json\/wp\/v2\/pages"}],"about":[{"href":"https:\/\/rental-car.company\/fr\/wp-json\/wp\/v2\/types\/page"}],"author":[{"embeddable":true,"href":"https:\/\/rental-car.company\/fr\/wp-json\/wp\/v2\/users\/1"}],"replies":[{"embeddable":true,"href":"https:\/\/rental-car.company\/fr\/wp-json\/wp\/v2\/comments?post=4195"}],"version-history":[{"count":0,"href":"https:\/\/rental-car.company\/fr\/wp-json\/wp\/v2\/pages\/4195\/revisions"}],"wp:featuredmedia":[{"embeddable":true,"href":"https:\/\/rental-car.company\/fr\/wp-json\/wp\/v2\/media\/4197"}],"wp:attachment":[{"href":"https:\/\/rental-car.company\/fr\/wp-json\/wp\/v2\/media?parent=4195"}],"wp:term":[{"taxonomy":"category","embeddable":true,"href":"https:\/\/rental-car.company\/fr\/wp-json\/wp\/v2\/categories?post=4195"},{"taxonomy":"post_tag","embeddable":true,"href":"https:\/\/rental-car.company\/fr\/wp-json\/wp\/v2\/tags?post=4195"}],"curies":[{"name":"wp","href":"https:\/\/api.w.org\/{rel}","templated":true}]}}