{"id":4203,"date":"2024-08-06T08:05:18","date_gmt":"2024-08-06T08:05:18","guid":{"rendered":"https:\/\/rental-car.company\/?page_id=4203"},"modified":"2024-08-06T08:05:18","modified_gmt":"2024-08-06T08:05:18","slug":"location-de-voitures-a-sacramento","status":"publish","type":"page","link":"https:\/\/rental-car.company\/fr\/location-de-voitures-a-sacramento\/","title":{"rendered":"Location de voitures \u00e0 Sacramento : Le guide ultime"},"content":{"rendered":"<div class=\"wpb-content-wrapper\"><h2>Louer une voiture \u00e0 Sacramento pour votre prochain voyage<\/h2>\n<p>Sacramento, la capitale de la Californie, est connue pour sa riche histoire, sa belle architecture et sa culture dynamique. C'est une destination populaire pour les voyageurs d'affaires et de loisirs, avec beaucoup de choses \u00e0 voir et \u00e0 faire dans la ville et ses environs. Pour profiter pleinement de tout ce que Sacramento a \u00e0 offrir, il est fortement recommand\u00e9 de louer une voiture.<\/p>\n<p>Chez rental-car.company, nous comprenons l'importance d'avoir un moyen de transport fiable pendant vos voyages. C'est pourquoi nous offrons une large s\u00e9lection de voitures de location de qualit\u00e9 \u00e0 des prix abordables. Que vous soyez en visite pour un week-end ou pour un s\u00e9jour prolong\u00e9, nos voitures de location vous apporteront la commodit\u00e9 et la flexibilit\u00e9 n\u00e9cessaires pour explorer cette belle ville \u00e0 votre propre rythme.<\/p>\n<div class=\"vc_row wpb_row vc_row-fluid\"><div class=\"wpb_column vc_column_container vc_col-sm-12\"><div class=\"vc_column-inner\"><div class=\"wpb_wrapper\">\n\t<div class=\"wpb_text_column wpb_content_element\" >\n\t\t<div class=\"wpb_wrapper\">\n\t\t\t<p><script id=\"dchwidget\" src=\"https:\/\/www.discovercars.com\/wg.js\" async=\"\" data-dev-env=\"com\" data-location=\"\" data-lang=\"en\" data-utm-source=\"malina\" data-utm-medium=\"widget\" data-aff-code=\"a_aid\" data-autocomplete=\"on\" data-style-submit-bg-color=\"00A200\" data-style-submit-font-color=\"white\" data-style-form-bg-color=\"FAD130\" data-style-form-font-color=\"333\" data-style-submit-text=\"Search now\"><\/script><\/p>\n\n\t\t<\/div>\n\t<\/div>\n<\/div><\/div><\/div><\/div>\n<p>&nbsp;<\/p>\n<h2>D\u00e9couvrez Sacramento avec votre voiture de location<\/h2>\n<p><img loading=\"lazy\" decoding=\"async\" class=\"alignleft\" src=\"\/wp-content\/uploads\/images\/rent_car_173.png\" alt=\"Location de voitures \u00e0 Sacramento\" width=\"350\" height=\"350\" \/><\/p>\n<p>Avoir sa propre voiture de location \u00e0 Sacramento ouvre d'infinies possibilit\u00e9s d'exploration. Vous pouvez facilement visiter des attractions touristiques populaires telles que le California State Capitol Museum ou faire une promenade pittoresque le long de l'American River Parkway. Avec votre propre moyen de transport, vous pouvez \u00e9galement vous aventurer vers des destinations proches comme la Napa Valley ou le lac Tahoe.<\/p>\n<p>Mais il ne s'agit pas seulement de se rendre d'un endroit \u00e0 un autre : louer une voiture vous permet \u00e9galement de vous immerger dans la culture locale et de d\u00e9couvrir des joyaux cach\u00e9s qui ne sont peut-\u00eatre pas facilement accessibles par les transports publics. Faites un tour dans Midtown Sacramento et d\u00e9couvrez des boutiques uniques, des galeries d'art et de d\u00e9licieux restaurants locaux. Vous pouvez \u00e9galement vous rendre \u00e0 Old Town Sacramento pour prendre des le\u00e7ons d'histoire tout en faisant du shopping et en d\u00e9gustant des sp\u00e9cialit\u00e9s culinaires.<\/p>\n<h3>Mots-cl\u00e9s connexes : 'sacramento airport car rental'<\/h3>\n<p>Si vous arrivez \u00e0 l'a\u00e9roport international de Sacramento (SMF), louer une voiture chez nous est encore plus pratique. Notre soci\u00e9t\u00e9 propose des services de prise en charge et de restitution \u00e0 l'a\u00e9roport afin que vous puissiez facilement acc\u00e9der \u00e0 votre voiture de location \u00e0 votre arriv\u00e9e ou la restituer avant votre d\u00e9part.<\/p>\n<h3>Mots-cl\u00e9s connexes : 'cheap sacramento rental cars'<\/h3>\n<p>Chez rental-car.company, nous nous effor\u00e7ons d'offrir \u00e0 nos clients le meilleur rapport qualit\u00e9-prix. C'est pourquoi nous proposons des prix comp\u00e9titifs et diverses r\u00e9ductions sur nos voitures de location \u00e0 Sacramento. Vous pouvez choisir parmi une vari\u00e9t\u00e9 de types de voitures, y compris les voitures \u00e9conomiques, compactes, de grande taille et les SUV, en fonction de votre budget et de vos besoins.<\/p>\n<h3>Mots-cl\u00e9s connexes : 'location de voiture \u00e0 long terme sacramento'<\/h3>\n<p>Si vous pr\u00e9voyez un s\u00e9jour prolong\u00e9 \u00e0 Sacramento ou si vous avez besoin d'une voiture pour des raisons professionnelles, nos options de location \u00e0 long terme sont parfaites pour vous. Nos conditions flexibles et nos tarifs abordables vous permettent de disposer facilement d'une voiture fiable tout au long de votre s\u00e9jour.<\/p>\n<h4>Avantages \/ inconv\u00e9nients<\/h4>\n<p>Pour :<br \/>\n- Commodit\u00e9 et flexibilit\u00e9 pour explorer Sacramento et ses environs<br \/>\n- Plus rentable que les transports publics ou les services de covoiturage<br \/>\n- Capacit\u00e9 \u00e0 d\u00e9couvrir des joyaux cach\u00e9s hors des sentiers battus<br \/>\n- Large choix de v\u00e9hicules de qualit\u00e9 \u00e0 des prix abordables<\/p>\n<p>Cons :<br \/>\n- Les co\u00fbts suppl\u00e9mentaires tels que l'assurance et l'essence peuvent s'additionner<br \/>\n- La circulation dans la ville peut \u00eatre mouvement\u00e9e aux heures de pointe<\/p>\n<h4>FAQ<\/h4>\n<p><img loading=\"lazy\" decoding=\"async\" class=\"alignright\" src=\"\/wp-content\/uploads\/images\/rent_car_641.png\" alt=\"Location de voitures \u00e0 Sacramento\" width=\"350\" height=\"350\" \/><\/p>\n<p>Q : De quoi ai-je besoin pour louer une voiture \u00e0 Sacramento ?<br \/>\nR : Pour louer une voiture \u00e0 Sacramento, vous aurez besoin d'un permis de conduire valide, d'une carte de cr\u00e9dit et d'une preuve d'assurance.<\/p>\n<p>Q : Puis-je rendre ma voiture de location \u00e0 un autre endroit ?<br \/>\nR : Oui, nous proposons des locations aller simple o\u00f9 vous pouvez prendre votre voiture de location \u00e0 un endroit et la rendre \u00e0 un autre en Californie.<\/p>\n<p>Q : Dois-je avoir un certain \u00e2ge pour louer une voiture ?<br \/>\nR : La plupart des soci\u00e9t\u00e9s de location exigent que les conducteurs soient \u00e2g\u00e9s de 21 ans ou plus. Cependant, certaines soci\u00e9t\u00e9s peuvent imposer des restrictions d'\u00e2ge ou des frais suppl\u00e9mentaires pour les conducteurs de moins de 25 ans.<\/p>\n<p>En conclusion, louer une voiture \u00e0 Sacramento est le meilleur moyen de profiter pleinement de tout ce que cette ville dynamique a \u00e0 offrir. Chez rental-car.company, nous faisons en sorte qu'il soit facile et abordable pour vous d'avoir votre propre moyen de transport pendant vos voyages. Choisissez-nous pour votre location de voiture \u00e0 Sacramento et pr\u00e9parez-vous \u00e0 un voyage inoubliable.<\/p>\n<\/div>","protected":false},"excerpt":{"rendered":"<p>Rent a Car in Sacramento for Your Next Trip Sacramento, the capital city of California, is known for its rich history, beautiful architecture, and vibrant culture. It&#8217;s a popular destination for both business and leisure travelers, with plenty to see and do in the city and its surrounding areas. To fully experience all that Sacramento [&hellip;]<\/p>\n","protected":false},"author":1,"featured_media":4205,"parent":0,"menu_order":0,"comment_status":"closed","ping_status":"closed","template":"","meta":{"rs_blank_template":"","rs_page_bg_color":"","slide_template_v7":"","footnotes":""},"categories":[1],"tags":[],"class_list":["post-4203","page","type-page","status-publish","has-post-thumbnail","hentry","category-blog"],"_links":{"self":[{"href":"https:\/\/rental-car.company\/fr\/wp-json\/wp\/v2\/pages\/4203","targetHints":{"allow":["GET"]}}],"collection":[{"href":"https:\/\/rental-car.company\/fr\/wp-json\/wp\/v2\/pages"}],"about":[{"href":"https:\/\/rental-car.company\/fr\/wp-json\/wp\/v2\/types\/page"}],"author":[{"embeddable":true,"href":"https:\/\/rental-car.company\/fr\/wp-json\/wp\/v2\/users\/1"}],"replies":[{"embeddable":true,"href":"https:\/\/rental-car.company\/fr\/wp-json\/wp\/v2\/comments?post=4203"}],"version-history":[{"count":0,"href":"https:\/\/rental-car.company\/fr\/wp-json\/wp\/v2\/pages\/4203\/revisions"}],"wp:featuredmedia":[{"embeddable":true,"href":"https:\/\/rental-car.company\/fr\/wp-json\/wp\/v2\/media\/4205"}],"wp:attachment":[{"href":"https:\/\/rental-car.company\/fr\/wp-json\/wp\/v2\/media?parent=4203"}],"wp:term":[{"taxonomy":"category","embeddable":true,"href":"https:\/\/rental-car.company\/fr\/wp-json\/wp\/v2\/categories?post=4203"},{"taxonomy":"post_tag","embeddable":true,"href":"https:\/\/rental-car.company\/fr\/wp-json\/wp\/v2\/tags?post=4203"}],"curies":[{"name":"wp","href":"https:\/\/api.w.org\/{rel}","templated":true}]}}