{"id":4298,"date":"2024-08-07T04:08:09","date_gmt":"2024-08-07T04:08:09","guid":{"rendered":"https:\/\/rental-car.company\/?page_id=4298"},"modified":"2024-08-07T04:08:09","modified_gmt":"2024-08-07T04:08:09","slug":"entreprise-shawnee","status":"publish","type":"page","link":"https:\/\/rental-car.company\/fr\/entreprise-shawnee\/","title":{"rendered":"Enterprise Shawnee - Votre guide ultime pour louer une voiture \u00e0 Shawnee"},"content":{"rendered":"<div class=\"wpb-content-wrapper\"><h2>Louer une voiture \u00e0 Enterprise Shawnee<\/h2>\n<p>Vous pr\u00e9voyez un voyage \u00e0 Shawnee, Oklahoma, et vous avez besoin d'un moyen de transport fiable ? Ne cherchez pas plus loin qu'Enterprise Shawnee. Faisant partie de la soci\u00e9t\u00e9 mondiale de location de voitures Enterprise Holdings, Enterprise Shawnee offre des services de location de voitures de premier ordre pour les voyageurs d'affaires et de loisirs.<\/p>\n<div class=\"vc_row wpb_row vc_row-fluid\"><div class=\"wpb_column vc_column_container vc_col-sm-12\"><div class=\"vc_column-inner\"><div class=\"wpb_wrapper\">\n\t<div class=\"wpb_text_column wpb_content_element\" >\n\t\t<div class=\"wpb_wrapper\">\n\t\t\t<p><script id=\"dchwidget\" src=\"https:\/\/www.discovercars.com\/wg.js\" async=\"\" data-dev-env=\"com\" data-location=\"\" data-lang=\"en\" data-utm-source=\"malina\" data-utm-medium=\"widget\" data-aff-code=\"a_aid\" data-autocomplete=\"on\" data-style-submit-bg-color=\"00A200\" data-style-submit-font-color=\"white\" data-style-form-bg-color=\"FAD130\" data-style-form-font-color=\"333\" data-style-submit-text=\"Search now\"><\/script><\/p>\n\n\t\t<\/div>\n\t<\/div>\n<\/div><\/div><\/div><\/div>\n<p>&nbsp;<\/p>\n<h2>D\u00e9couvrir Enterprise Shawnee<\/h2>\n<p><img loading=\"lazy\" decoding=\"async\" class=\"alignleft\" src=\"\/wp-content\/uploads\/images\/rent_car_997.png\" alt=\"entreprise shawnee\" width=\"350\" height=\"350\" \/><\/p>\n<p>Situ\u00e9 \u00e0 proximit\u00e9 du centre-ville de Shawnee, Enterprise Shawnee offre \u00e0 ses clients un large choix de v\u00e9hicules. Des voitures compactes aux SUV, il y en a pour tous les besoins et tous les budgets. De plus, son personnel amical et comp\u00e9tent est toujours pr\u00eat \u00e0 aider les clients pour toute question ou pr\u00e9occupation.<\/p>\n<p>La particularit\u00e9 de cette agence est qu'elle propose des services de ramassage et de d\u00e9p\u00f4t dans les limites de la ville. Cela signifie que si vous n'\u00eates pas en mesure de vous rendre sur place, ils viendront directement chez vous ! Il vous suffit de les appeler ou de faire une r\u00e9servation en ligne pour qu'ils s'occupent du reste.<\/p>\n<h3>Les avantages de choisir Enterprise Shawnee<\/h3>\n<p>Lorsqu'il s'agit de louer une voiture \u00e0 Shawnee, de nombreuses options sont disponibles. Cependant, voici quelques raisons pour lesquelles Enterprise Shawnee est votre meilleur choix :<\/p>\n<p>- Des tarifs comp\u00e9titifs : Avec des tarifs abordables \u00e0 partir de seulement $35 par jour pour les voitures \u00e9conomiques, Enterprise Shawnee rend la location d'une voiture \u00e9conomique.<br \/>\n- Des v\u00e9hicules de qualit\u00e9 : Tous les v\u00e9hicules de cette agence font l'objet de contr\u00f4les d'entretien r\u00e9guliers et sont soigneusement nettoy\u00e9s avant chaque location.<br \/>\n- Options de location flexibles : Que vous ayez besoin d'un v\u00e9hicule pour une journ\u00e9e ou pour une p\u00e9riode prolong\u00e9e, Enterprise Shawnee propose des options de location flexibles pour r\u00e9pondre \u00e0 vos besoins.<br \/>\n- Assistance routi\u00e8re 24\/7 : En cas d'incident inattendu sur la route, soyez rassur\u00e9 en sachant qu'il suffit d'un coup de fil pour obtenir de l'aide gr\u00e2ce au service d'assistance routi\u00e8re 24\/7.<\/p>\n<h4>Avantages \/ inconv\u00e9nients<\/h4>\n<p>Pour :<br \/>\n- Tarifs abordables<br \/>\n- Large choix de v\u00e9hicules<br \/>\n- Options de location flexibles<br \/>\n- Services de ramassage et de d\u00e9p\u00f4t disponibles<\/p>\n<p>Cons :<br \/>\n- Emplacement limit\u00e9 pour les services de ramassage et de d\u00e9p\u00f4t (uniquement dans les limites de la ville)<\/p>\n<h4>Questions fr\u00e9quemment pos\u00e9es<\/h4>\n<p><img loading=\"lazy\" decoding=\"async\" class=\"alignright\" src=\"\/wp-content\/uploads\/images\/rent_car_1225.png\" alt=\"entreprise shawnee\" width=\"350\" height=\"350\" \/><\/p>\n<p>Q : Quel \u00e2ge dois-je avoir pour louer une voiture chez Enterprise Shawnee ?<br \/>\nR : L'\u00e2ge minimum requis est de 21 ans avec un permis de conduire valide. Toutefois, des frais suppl\u00e9mentaires peuvent s'appliquer pour les conducteurs de moins de 25 ans.<\/p>\n<p>Q : Quels documents dois-je apporter pour louer une voiture ?<br \/>\nR : Vous aurez besoin d'un permis de conduire valide, d'une carte de cr\u00e9dit ou de d\u00e9bit et d'une preuve d'assurance (si vous choisissez de ne pas souscrire \u00e0 l'assurance facultative).<\/p>\n<p>Q : Puis-je annuler ma r\u00e9servation si mes projets changent ?<br \/>\nR : Oui, vous pouvez annuler votre r\u00e9servation \u00e0 tout moment sans frais de p\u00e9nalit\u00e9.<\/p>\n<p>En conclusion, Enterprise Shawnee est votre destination de choix pour des locations de voitures fiables et abordables dans la r\u00e9gion de Shawnee. Gr\u00e2ce \u00e0 son emplacement pratique, \u00e0 sa large s\u00e9lection de v\u00e9hicules et \u00e0 son service client\u00e8le exceptionnel, vous pouvez lui faire confiance pour que votre voyage se d\u00e9roule sans encombre. Alors pourquoi attendre ? Louez chez Enterprise Shawnee d\u00e8s aujourd'hui et d\u00e9couvrez le meilleur de ce que cette charmante ville a \u00e0 offrir.<\/p>\n<\/div>","protected":false},"excerpt":{"rendered":"<p>Renting a Car in Enterprise Shawnee Are you planning a trip to Shawnee, Oklahoma and need a reliable mode of transportation? Look no further than Enterprise Shawnee. As part of the global rental car company, Enterprise Holdings, Enterprise Shawnee offers top-notch car rental services for both business and leisure travelers. &nbsp; Discover Enterprise Shawnee Located [&hellip;]<\/p>\n","protected":false},"author":1,"featured_media":4300,"parent":0,"menu_order":0,"comment_status":"closed","ping_status":"closed","template":"","meta":{"rs_blank_template":"","rs_page_bg_color":"","slide_template_v7":"","footnotes":""},"categories":[1],"tags":[],"class_list":["post-4298","page","type-page","status-publish","has-post-thumbnail","hentry","category-blog"],"_links":{"self":[{"href":"https:\/\/rental-car.company\/fr\/wp-json\/wp\/v2\/pages\/4298","targetHints":{"allow":["GET"]}}],"collection":[{"href":"https:\/\/rental-car.company\/fr\/wp-json\/wp\/v2\/pages"}],"about":[{"href":"https:\/\/rental-car.company\/fr\/wp-json\/wp\/v2\/types\/page"}],"author":[{"embeddable":true,"href":"https:\/\/rental-car.company\/fr\/wp-json\/wp\/v2\/users\/1"}],"replies":[{"embeddable":true,"href":"https:\/\/rental-car.company\/fr\/wp-json\/wp\/v2\/comments?post=4298"}],"version-history":[{"count":0,"href":"https:\/\/rental-car.company\/fr\/wp-json\/wp\/v2\/pages\/4298\/revisions"}],"wp:featuredmedia":[{"embeddable":true,"href":"https:\/\/rental-car.company\/fr\/wp-json\/wp\/v2\/media\/4300"}],"wp:attachment":[{"href":"https:\/\/rental-car.company\/fr\/wp-json\/wp\/v2\/media?parent=4298"}],"wp:term":[{"taxonomy":"category","embeddable":true,"href":"https:\/\/rental-car.company\/fr\/wp-json\/wp\/v2\/categories?post=4298"},{"taxonomy":"post_tag","embeddable":true,"href":"https:\/\/rental-car.company\/fr\/wp-json\/wp\/v2\/tags?post=4298"}],"curies":[{"name":"wp","href":"https:\/\/api.w.org\/{rel}","templated":true}]}}