{"id":4524,"date":"2024-08-09T01:05:35","date_gmt":"2024-08-09T01:05:35","guid":{"rendered":"https:\/\/rental-car.company\/?page_id=4524"},"modified":"2024-08-09T01:05:35","modified_gmt":"2024-08-09T01:05:35","slug":"entreprise-nashua-nh","status":"publish","type":"page","link":"https:\/\/rental-car.company\/fr\/entreprise-nashua-nh\/","title":{"rendered":"enterprise nashua nh - Introduction sur le sujet"},"content":{"rendered":"<div class=\"wpb-content-wrapper\"><p>Si vous planifiez un voyage \u00e0 Nashua, NH, vous \u00eates peut-\u00eatre \u00e0 la recherche d'options de transport fiables. Une soci\u00e9t\u00e9 qui se distingue dans l'industrie de la location de voitures est enterprise nashua nh. Avec une r\u00e9putation de longue date pour un service exceptionnel et une large gamme d'options de v\u00e9hicules, enterprise nashua nh est devenu un choix de premier ordre pour les voyageurs et les habitants de la r\u00e9gion. Dans cet article, nous allons explorer les tenants et les aboutissants d'enterprise nashua nh pour vous aider \u00e0 prendre une d\u00e9cision \u00e9clair\u00e9e concernant votre prochaine voiture de location.<\/p>\n<h2>Location avec entreprise nashua nh<\/h2>\n<p>Louer une voiture avec enterprise nashua nh est un processus simple. Avec plus de 7 600 agences dans le monde, dont une \u00e0 Nashua m\u00eame, il est facile de trouver une agence pr\u00e8s de chez vous. Il vous suffit de visiter leur site Web ou de les appeler pour r\u00e9server le v\u00e9hicule de votre choix.<\/p>\n<p>L'un des avantages de la location avec Enterprise Nashua Nh est leur vaste flotte. Des voitures compactes pour les voyageurs solitaires aux SUV spacieux pour les familles ou les groupes, il y en a pour tous les go\u00fbts. L'entreprise propose \u00e9galement des v\u00e9hicules haut de gamme tels que des berlines de luxe et des cabriolets pour ceux qui recherchent une touche suppl\u00e9mentaire de confort et de style.<\/p>\n<p>Une fois que vous avez choisi votre v\u00e9hicule, vous pouvez s\u00e9lectionner diff\u00e9rentes options de location, telles que des tarifs journaliers ou hebdomadaires. Vous pouvez \u00e9galement ajouter des options suppl\u00e9mentaires telles que des syst\u00e8mes de navigation GPS ou des si\u00e8ges de s\u00e9curit\u00e9 pour enfants si n\u00e9cessaire.<\/p>\n<h3>Mots-cl\u00e9s associ\u00e9s : Enterprise Car Rental Nashua NH<\/h3>\n<p>Pour ceux qui voyagent pour affaires ou qui ont besoin de solutions de transport \u00e0 plus long terme, enterprise nashua nh propose des programmes sp\u00e9ciaux tels que le programme de location Enterprise Business et le programme de location Month-Or-More.<\/p>\n<h4>Avantages \/ inconv\u00e9nients<\/h4>\n<p>Comme pour toute entreprise, il y a des avantages et des inconv\u00e9nients \u00e0 louer une entreprise nashua nh.<\/p>\n<ul>\n<li><strong>Pour :<\/strong><\/li>\n<ul>\n<li>Large gamme d'options de v\u00e9hicules<\/li>\n<li>Emplacements pratiques<\/li>\n<li>R\u00e9ductions et promotions fr\u00e9quentes<\/li>\n<li>Programmes sp\u00e9ciaux pour les entreprises et les locations \u00e0 long terme<\/li>\n<\/ul>\n<p><\/p>\n<li><strong>Cons :<\/strong><\/li>\n<ul>\n<li>Prix l\u00e9g\u00e8rement plus \u00e9lev\u00e9s que ceux pratiqu\u00e9s par d'autres soci\u00e9t\u00e9s de location<\/li>\n<li>Limit\u00e9 \u00e0 la location de v\u00e9hicules, pas d'autres options de transport disponibles<\/a><\/a><\/p>\n<\/ul>\n<h4>Questions fr\u00e9quemment pos\u00e9es sur l'entreprise nashua nh<\/h4>\n<p><img loading=\"lazy\" decoding=\"async\" class=\"alignright\" src=\"\/wp-content\/uploads\/images\/rent_car_482.png\" alt=\"entreprise nashua nh\" width=\"350\" height=\"350\" \/><\/p>\n<p><strong>Q : Y a-t-il un \u00e2ge minimum requis pour louer avec enterprise nashua nh ?<\/strong><br \/>R : Oui, vous devez \u00eatre \u00e2g\u00e9 d'au moins 21 ans pour louer une voiture avec Enterprise nashua nh. Les conducteurs de moins de 25 ans peuvent \u00e9galement \u00eatre soumis \u00e0 des frais de jeune locataire.<\/p>\n<p><strong>Q\u00a0: Puis-je restituer ma voiture de location \u00e0 un autre endroit\u00a0?<\/strong><br \/>R : Oui, vous pouvez restituer votre voiture de location dans l'un des 7 600 points de location dans le monde. Cependant, des frais suppl\u00e9mentaires peuvent s'appliquer.<\/p>\n<p><strong>Q : Quelles sont les conditions d'annulation pour les r\u00e9servations effectu\u00e9es aupr\u00e8s de Enterprise Nashua Nh ?<\/strong><br \/>R : Les r\u00e9servations peuvent \u00eatre annul\u00e9es jusqu'au jour de la prise en charge du v\u00e9hicule sans frais. Cependant, si vous annulez le jour de la prise en charge ou si vous ne prenez pas en charge votre voiture de location, vous devrez payer des frais \u00e9quivalents \u00e0 une journ\u00e9e de location.<\/p>\n<div class=\"vc_row wpb_row vc_row-fluid\"><div class=\"wpb_column vc_column_container vc_col-sm-12\"><div class=\"vc_column-inner\"><div class=\"wpb_wrapper\">\n\t<div class=\"wpb_text_column wpb_content_element\" >\n\t\t<div class=\"wpb_wrapper\">\n\t\t\t<p><script id=\"dchwidget\" src=\"https:\/\/www.discovercars.com\/wg.js\" async=\"\" data-dev-env=\"com\" data-location=\"\" data-lang=\"en\" data-utm-source=\"malina\" data-utm-medium=\"widget\" data-aff-code=\"a_aid\" data-autocomplete=\"on\" data-style-submit-bg-color=\"00A200\" data-style-submit-font-color=\"white\" data-style-form-bg-color=\"FAD130\" data-style-form-font-color=\"333\" data-style-submit-text=\"Search now\"><\/script><\/p>\n\n\t\t<\/div>\n\t<\/div>\n<\/div><\/div><\/div><\/div>\n<p>&nbsp;<\/p>\n<h2>En conclusion<\/h2>\n<p><img loading=\"lazy\" decoding=\"async\" class=\"alignleft\" src=\"\/wp-content\/uploads\/images\/rent_car_306.png\" alt=\"entreprise nashua nh\" width=\"350\" height=\"350\" \/><\/p>\n<p>Enterprise nashua nh offre une option fiable et pratique pour ceux qui ont besoin de transport \u00e0 Nashua et au-del\u00e0. Avec sa flotte \u00e9tendue, ses options de location flexibles et son excellent service \u00e0 la client\u00e8le, il n'est pas surprenant qu'elle soit devenue un choix de premier ordre pour les services de location de voitures. Que vous voyagiez pour les affaires ou pour le plaisir, enterprise nashua nh vaut la peine d'\u00eatre consid\u00e9r\u00e9e pour votre prochain voyage.<\/p>\n<\/div>","protected":false},"excerpt":{"rendered":"<p>If you&#8217;re planning a trip to Nashua, NH, you may be looking for reliable transportation options. One company that stands out in the rental car industry is enterprise nashua nh. With a long-standing reputation for exceptional service and a wide range of vehicle options, enterprise nashua nh has become a go-to choice for travelers and [&hellip;]<\/p>\n","protected":false},"author":1,"featured_media":4526,"parent":0,"menu_order":0,"comment_status":"closed","ping_status":"closed","template":"","meta":{"rs_blank_template":"","rs_page_bg_color":"","slide_template_v7":"","footnotes":""},"categories":[1],"tags":[],"class_list":["post-4524","page","type-page","status-publish","has-post-thumbnail","hentry","category-blog"],"_links":{"self":[{"href":"https:\/\/rental-car.company\/fr\/wp-json\/wp\/v2\/pages\/4524","targetHints":{"allow":["GET"]}}],"collection":[{"href":"https:\/\/rental-car.company\/fr\/wp-json\/wp\/v2\/pages"}],"about":[{"href":"https:\/\/rental-car.company\/fr\/wp-json\/wp\/v2\/types\/page"}],"author":[{"embeddable":true,"href":"https:\/\/rental-car.company\/fr\/wp-json\/wp\/v2\/users\/1"}],"replies":[{"embeddable":true,"href":"https:\/\/rental-car.company\/fr\/wp-json\/wp\/v2\/comments?post=4524"}],"version-history":[{"count":0,"href":"https:\/\/rental-car.company\/fr\/wp-json\/wp\/v2\/pages\/4524\/revisions"}],"wp:featuredmedia":[{"embeddable":true,"href":"https:\/\/rental-car.company\/fr\/wp-json\/wp\/v2\/media\/4526"}],"wp:attachment":[{"href":"https:\/\/rental-car.company\/fr\/wp-json\/wp\/v2\/media?parent=4524"}],"wp:term":[{"taxonomy":"category","embeddable":true,"href":"https:\/\/rental-car.company\/fr\/wp-json\/wp\/v2\/categories?post=4524"},{"taxonomy":"post_tag","embeddable":true,"href":"https:\/\/rental-car.company\/fr\/wp-json\/wp\/v2\/tags?post=4524"}],"curies":[{"name":"wp","href":"https:\/\/api.w.org\/{rel}","templated":true}]}}