{"id":4527,"date":"2024-08-09T01:05:35","date_gmt":"2024-08-09T01:05:35","guid":{"rendered":"https:\/\/rental-car.company\/?page_id=4527"},"modified":"2024-08-09T01:05:35","modified_gmt":"2024-08-09T01:05:35","slug":"entreprise-buell-rd","status":"publish","type":"page","link":"https:\/\/rental-car.company\/fr\/entreprise-buell-rd\/","title":{"rendered":"Enterprise Buell Rd : Le choix ultime pour vos besoins en mati\u00e8re de location de voitures"},"content":{"rendered":"<div class=\"wpb-content-wrapper\"><h2>La commodit\u00e9 de l'entreprise Buell Rd<\/h2>\n<p>Lorsqu'il s'agit de louer une voiture, la commodit\u00e9 est essentielle. Vous voulez une soci\u00e9t\u00e9 de location de voitures qui offre un acc\u00e8s facile, un excellent service \u00e0 la client\u00e8le et une grande vari\u00e9t\u00e9 d'options. C'est l\u00e0 qu'intervient Enterprise Buell Rd.<\/p>\n<p>Avec plusieurs sites \u00e0 travers le pays, Enterprise Buell Rd est un choix de premier ordre pour les voyageurs et les habitants. Son engagement \u00e0 fournir un excellent service et des v\u00e9hicules de qualit\u00e9 en a fait l'un des noms les plus fiables de l'industrie de la location de voitures.<\/p>\n<div class=\"vc_row wpb_row vc_row-fluid\"><div class=\"wpb_column vc_column_container vc_col-sm-12\"><div class=\"vc_column-inner\"><div class=\"wpb_wrapper\">\n\t<div class=\"wpb_text_column wpb_content_element\" >\n\t\t<div class=\"wpb_wrapper\">\n\t\t\t<p><script id=\"dchwidget\" src=\"https:\/\/www.discovercars.com\/wg.js\" async=\"\" data-dev-env=\"com\" data-location=\"\" data-lang=\"en\" data-utm-source=\"malina\" data-utm-medium=\"widget\" data-aff-code=\"a_aid\" data-autocomplete=\"on\" data-style-submit-bg-color=\"00A200\" data-style-submit-font-color=\"white\" data-style-form-bg-color=\"FAD130\" data-style-form-font-color=\"333\" data-style-submit-text=\"Search now\"><\/script><\/p>\n\n\t\t<\/div>\n\t<\/div>\n<\/div><\/div><\/div><\/div>\n<p>&nbsp;<\/p>\n<h2>D\u00e9couvrir l'entreprise Buell Rd<\/h2>\n<p><img loading=\"lazy\" decoding=\"async\" class=\"alignleft\" src=\"\/wp-content\/uploads\/images\/rent_car_1019.png\" alt=\"entreprise buell rd\" width=\"350\" height=\"350\" \/><\/p>\n<p>Que vous voyagiez pour le travail ou pour le plaisir, Enterprise Buell Rd vous couvre avec sa large s\u00e9lection de v\u00e9hicules. Des voitures compactes aux SUV et tout ce qui se trouve entre les deux, ils ont quelque chose pour chaque type de voyageur.<\/p>\n<p>L'un des plus grands avantages de choisir Enterprise Buell Rd est leur emplacement pratique \u00e0 proximit\u00e9 des principaux a\u00e9roports et des destinations touristiques populaires. Il est donc facile pour les clients de r\u00e9cup\u00e9rer leur voiture de location d\u00e8s leur arriv\u00e9e \u00e0 destination.<\/p>\n<p>En outre, Enterprise Buell Rd offre des options de location flexibles avec des tarifs journaliers, hebdomadaires et mensuels. Ils ont \u00e9galement un programme de fid\u00e9lit\u00e9 qui permet aux clients de gagner des points pour des locations gratuites ou des surclassements.<\/p>\n<h3>Avantages \/ inconv\u00e9nients<\/h3>\n<p><strong>Pour :<\/strong><\/p>\n<ul>\n<li>Emplacement pratique \u00e0 proximit\u00e9 des a\u00e9roports et des destinations populaires<\/li>\n<li>Large choix de v\u00e9hicules<\/li>\n<li>Options de location flexibles avec des tarifs journaliers, hebdomadaires et mensuels.<\/li>\n<li>Programme de fid\u00e9lisation permettant aux clients de gagner des points pour des locations gratuites ou des surclassements<\/li>\n<li>Excellent service \u00e0 la client\u00e8le<\/li>\n<li>Des v\u00e9hicules propres et bien entretenus<\/li>\n<p><strong>Cons :<\/strong><\/p>\n<ul>\n<li>Prix l\u00e9g\u00e8rement plus \u00e9lev\u00e9s que ceux pratiqu\u00e9s par d'autres soci\u00e9t\u00e9s de location de voitures (mais cela vaut la peine pour la commodit\u00e9 et la qualit\u00e9 du service).<\/li>\n<\/ul>\n<h3>FAQ<\/h3>\n<p><img loading=\"lazy\" decoding=\"async\" class=\"alignright\" src=\"\/wp-content\/uploads\/images\/rent_car_1006.png\" alt=\"entreprise buell rd\" width=\"350\" height=\"350\" \/><\/p>\n<ul>\n<li><strong>Q : Puis-je louer une voiture chez Enterprise Buell Rd sans carte de cr\u00e9dit ?<\/strong><\/li>\n<p>R : Oui, vous pouvez utiliser une carte de d\u00e9bit pour louer une voiture chez Enterprise Buell Rd. Cependant, veuillez noter qu'il peut y avoir des exigences et des restrictions suppl\u00e9mentaires.<\/p>\n<li><strong>Q : Dois-je souscrire une assurance lorsque je loue une voiture chez Enterprise Buell Rd ?<\/strong><\/li>\n<p>R : Il est recommand\u00e9 de souscrire une assurance lorsque vous louez une voiture, mais ce n'est pas obligatoire. Si vous avez votre propre couverture d'assurance, elle peut s'\u00e9tendre \u00e0 votre voiture de location. Cependant, il est toujours pr\u00e9f\u00e9rable de v\u00e9rifier aupr\u00e8s de votre assureur.<\/p>\n<li><strong>Q : Puis-je rendre ma voiture de location en dehors des heures d'ouverture de l'agence Enterprise Buell Rd ?<\/strong><\/li>\n<p>R : Oui, la plupart des sites proposent des options de d\u00e9p\u00f4t en dehors des heures de bureau. Veillez simplement \u00e0 vous renseigner au pr\u00e9alable sur les politiques et les proc\u00e9dures de l'\u00e9tablissement concern\u00e9.<\/p>\n<\/ul>\n<p>Avec ses emplacements pratiques, sa large s\u00e9lection de v\u00e9hicules et son excellent service \u00e0 la client\u00e8le, Enterprise Buell Rd est le meilleur choix pour tous vos besoins en mati\u00e8re de location de voiture. R\u00e9servez avec eux d\u00e8s aujourd'hui et faites l'exp\u00e9rience de la commodit\u00e9 et de la qualit\u00e9 qui les distinguent des autres soci\u00e9t\u00e9s de location de voitures.<\/p>\n<\/div>","protected":false},"excerpt":{"rendered":"<p>The Convenience of Enterprise Buell Rd When it comes to renting a car, convenience is key. You want a rental car company that offers easy access, great customer service, and a variety of options to choose from. That&#8217;s where Enterprise Buell Rd comes in. With multiple locations across the country, Enterprise Buell Rd is a [&hellip;]<\/p>\n","protected":false},"author":1,"featured_media":3453,"parent":0,"menu_order":0,"comment_status":"closed","ping_status":"closed","template":"","meta":{"rs_blank_template":"","rs_page_bg_color":"","slide_template_v7":"","footnotes":""},"categories":[1],"tags":[],"class_list":["post-4527","page","type-page","status-publish","has-post-thumbnail","hentry","category-blog"],"_links":{"self":[{"href":"https:\/\/rental-car.company\/fr\/wp-json\/wp\/v2\/pages\/4527","targetHints":{"allow":["GET"]}}],"collection":[{"href":"https:\/\/rental-car.company\/fr\/wp-json\/wp\/v2\/pages"}],"about":[{"href":"https:\/\/rental-car.company\/fr\/wp-json\/wp\/v2\/types\/page"}],"author":[{"embeddable":true,"href":"https:\/\/rental-car.company\/fr\/wp-json\/wp\/v2\/users\/1"}],"replies":[{"embeddable":true,"href":"https:\/\/rental-car.company\/fr\/wp-json\/wp\/v2\/comments?post=4527"}],"version-history":[{"count":0,"href":"https:\/\/rental-car.company\/fr\/wp-json\/wp\/v2\/pages\/4527\/revisions"}],"wp:featuredmedia":[{"embeddable":true,"href":"https:\/\/rental-car.company\/fr\/wp-json\/wp\/v2\/media\/3453"}],"wp:attachment":[{"href":"https:\/\/rental-car.company\/fr\/wp-json\/wp\/v2\/media?parent=4527"}],"wp:term":[{"taxonomy":"category","embeddable":true,"href":"https:\/\/rental-car.company\/fr\/wp-json\/wp\/v2\/categories?post=4527"},{"taxonomy":"post_tag","embeddable":true,"href":"https:\/\/rental-car.company\/fr\/wp-json\/wp\/v2\/tags?post=4527"}],"curies":[{"name":"wp","href":"https:\/\/api.w.org\/{rel}","templated":true}]}}