{"id":4877,"date":"2024-08-12T04:06:18","date_gmt":"2024-08-12T04:06:18","guid":{"rendered":"https:\/\/rental-car.company\/?page_id=4877"},"modified":"2024-08-12T04:06:18","modified_gmt":"2024-08-12T04:06:18","slug":"louer-une-voiture-greensboro-nc","status":"publish","type":"page","link":"https:\/\/rental-car.company\/fr\/louer-une-voiture-greensboro-nc\/","title":{"rendered":"Louer une voiture \u00e0 Greensboro NC - Votre guide ultime"},"content":{"rendered":"<div class=\"wpb-content-wrapper\"><h2>Explorer les options de location de voiture \u00e0 Greensboro, Caroline du Nord<\/h2>\n<p>Vous pr\u00e9voyez un voyage \u00e0 Greensboro, en Caroline du Nord, et vous vous demandez comment vous d\u00e9placer ? Ne cherchez pas plus loin que la location d'une voiture. Louer une voiture \u00e0 Greensboro, NC est un moyen facile et pratique d'explorer tout ce que cette ville dynamique a \u00e0 offrir. Avec rental-car.company, vous pouvez choisir parmi une vari\u00e9t\u00e9 de voitures de location qui conviennent \u00e0 vos besoins et \u00e0 votre budget.<\/p>\n<div class=\"vc_row wpb_row vc_row-fluid\"><div class=\"wpb_column vc_column_container vc_col-sm-12\"><div class=\"vc_column-inner\"><div class=\"wpb_wrapper\">\n\t<div class=\"wpb_text_column wpb_content_element\" >\n\t\t<div class=\"wpb_wrapper\">\n\t\t\t<p><script id=\"dchwidget\" src=\"https:\/\/www.discovercars.com\/wg.js\" async=\"\" data-dev-env=\"com\" data-location=\"\" data-lang=\"en\" data-utm-source=\"malina\" data-utm-medium=\"widget\" data-aff-code=\"a_aid\" data-autocomplete=\"on\" data-style-submit-bg-color=\"00A200\" data-style-submit-font-color=\"white\" data-style-form-bg-color=\"FAD130\" data-style-form-font-color=\"333\" data-style-submit-text=\"Search now\"><\/script><\/p>\n\n\t\t<\/div>\n\t<\/div>\n<\/div><\/div><\/div><\/div>\n<p>&nbsp;<\/p>\n<h2>Discover Rent a Car Greensboro NC<\/h2>\n<p><img loading=\"lazy\" decoding=\"async\" class=\"alignleft\" src=\"\/wp-content\/uploads\/images\/rent_car_281.png\" alt=\"louer une voiture greensboro nc\" width=\"350\" height=\"350\" \/><\/p>\n<p>Louer une voiture \u00e0 Greensboro, NC, vous donne la libert\u00e9 de voyager \u00e0 votre rythme et \u00e0 votre convenance. Que vous soyez en visite pour affaires ou pour le plaisir, le fait d'avoir vos propres roues rendra votre voyage plus agr\u00e9able. Avec la large s\u00e9lection de voitures de rental-car.company, allant des voitures compactes aux SUV de luxe, vous pouvez trouver le v\u00e9hicule parfait pour votre voyage.<\/p>\n<h3>Les avantages de la location de voiture \u00e0 Greensboro NC<\/h3>\n<p>- Commodit\u00e9 : Avec votre propre voiture de location, vous pouvez facilement vous rendre dans les diff\u00e9rents quartiers de la ville sans avoir \u00e0 recourir aux transports publics ou aux services de covoiturage.<br \/>\n- Rentabilit\u00e9 : La location d'une voiture est souvent moins ch\u00e8re que l'utilisation d'autres modes de transport si vous pr\u00e9voyez de parcourir de longues distances.<br \/>\n- Le confort : Vous pouvez choisir le type de v\u00e9hicule qui correspond \u00e0 vos besoins et qui vous offre un certain confort lors de vos d\u00e9placements.<br \/>\n- Flexibilit\u00e9 : Sans horaires ni itin\u00e9raires fixes, la location d'une voiture vous permet d'explorer \u00e0 votre rythme.<\/p>\n<h3>Choses \u00e0 consid\u00e9rer lors de la location d'une voiture \u00e0 Greensboro NC<\/h3>\n<p>Avant de louer une voiture \u00e0 Greensboro, vous devez garder \u00e0 l'esprit certaines choses :<\/p>\n<p>- Restrictions d'\u00e2ge : La plupart des soci\u00e9t\u00e9s de location exigent que les conducteurs soient \u00e2g\u00e9s d'au moins 21 ans, et certaines d'entre elles exigent qu'ils soient \u00e2g\u00e9s de 25 ans.<br \/>\n- Permis de conduire : Vous aurez besoin d'un permis de conduire valide pour louer une voiture \u00e0 Greensboro, NC.<br \/>\n- Assurance : Assurez-vous d'avoir une couverture d'assurance ad\u00e9quate avant de louer une voiture. Certaines soci\u00e9t\u00e9s de location proposent leurs propres polices d'assurance moyennant un suppl\u00e9ment.<br \/>\n- Options de paiement : Renseignez-vous aupr\u00e8s de l'entreprise de location sur ses options de paiement et sur les \u00e9ventuels frais ou d\u00e9p\u00f4ts suppl\u00e9mentaires exig\u00e9s.<\/p>\n<h4>Avantages de la location d'une voiture \u00e0 Greensboro NC<\/h4>\n<p>- Flexibilit\u00e9 et commodit\u00e9<br \/>\n- Rentable pour les longues distances<br \/>\n- Possibilit\u00e9 de choisir parmi une vari\u00e9t\u00e9 de v\u00e9hicules<br \/>\n- Pas d'horaires ni d'itin\u00e9raires fixes<\/p>\n<h4>Les inconv\u00e9nients de la location de voiture \u00e0 Greensboro NC<\/h4>\n<p>- Des frais et des d\u00e9p\u00f4ts suppl\u00e9mentaires peuvent \u00eatre exig\u00e9s<br \/>\n- Limitation des restrictions d'\u00e2ge pour les conducteurs<br \/>\n- Co\u00fbts potentiels de la couverture d'assurance<\/p>\n<h3>Questions fr\u00e9quemment pos\u00e9es sur la location d'une voiture \u00e0 Greensboro NC<\/h3>\n<h4>Quel type de voiture dois-je louer \u00e0 Greensboro ?<\/h4>\n<p>Le type de voiture \u00e0 louer d\u00e9pend de vos besoins et de votre budget. Si vous voyagez seul, une voiture compacte sera suffisante. Pour les groupes plus importants ou les familles, envisagez de louer un SUV ou un monospace.<\/p>\n<h4>Dois-je souscrire une assurance lorsque je loue une voiture ?<\/h4>\n<p>La plupart des soci\u00e9t\u00e9s de location exigent une certaine forme de couverture d'assurance, mais vous pouvez \u00e9galement utiliser votre propre police d'assurance automobile. Il est toujours pr\u00e9f\u00e9rable de se renseigner au pr\u00e9alable aupr\u00e8s de la soci\u00e9t\u00e9 de location.<\/p>\n<h4>Puis-je rendre ma voiture de location \u00e0 un autre endroit ?<\/h4>\n<p><img loading=\"lazy\" decoding=\"async\" class=\"alignright\" src=\"\/wp-content\/uploads\/images\/rent_car_425.png\" alt=\"louer une voiture greensboro nc\" width=\"350\" height=\"350\" \/><\/p>\n<p>Certaines soci\u00e9t\u00e9s de location autorisent cette option, mais elle peut entra\u00eener des frais suppl\u00e9mentaires. Renseignez-vous aupr\u00e8s de la soci\u00e9t\u00e9 avant de faire votre r\u00e9servation.<\/p>\n<h2>Louez votre voiture aujourd'hui avec Rental-Car.Company<\/h2>\n<p>\u00cates-vous pr\u00eat \u00e0 explorer tout ce que Greensboro a \u00e0 offrir ? R\u00e9servez votre voiture de location d\u00e8s aujourd'hui avec rental-car.company ! Avec notre large s\u00e9lection de v\u00e9hicules et notre processus de r\u00e9servation facile, nous rendons simple et pratique la location d'une voiture \u00e0 Greensboro, NC. Profitez de votre voyage sans vous soucier du transport en choisissant rental-car.company pour tous vos besoins de location de voiture.<\/p>\n<\/div>","protected":false},"excerpt":{"rendered":"<p>Explore the Options for Renting a Car in Greensboro, North Carolina Are you planning a trip to Greensboro, North Carolina and wondering how to get around? Look no further than renting a car. Renting a car in Greensboro, NC is an easy and convenient way to explore all that this vibrant city has to offer. [&hellip;]<\/p>\n","protected":false},"author":1,"featured_media":2290,"parent":0,"menu_order":0,"comment_status":"closed","ping_status":"closed","template":"","meta":{"rs_blank_template":"","rs_page_bg_color":"","slide_template_v7":"","footnotes":""},"categories":[1],"tags":[],"class_list":["post-4877","page","type-page","status-publish","has-post-thumbnail","hentry","category-blog"],"_links":{"self":[{"href":"https:\/\/rental-car.company\/fr\/wp-json\/wp\/v2\/pages\/4877","targetHints":{"allow":["GET"]}}],"collection":[{"href":"https:\/\/rental-car.company\/fr\/wp-json\/wp\/v2\/pages"}],"about":[{"href":"https:\/\/rental-car.company\/fr\/wp-json\/wp\/v2\/types\/page"}],"author":[{"embeddable":true,"href":"https:\/\/rental-car.company\/fr\/wp-json\/wp\/v2\/users\/1"}],"replies":[{"embeddable":true,"href":"https:\/\/rental-car.company\/fr\/wp-json\/wp\/v2\/comments?post=4877"}],"version-history":[{"count":0,"href":"https:\/\/rental-car.company\/fr\/wp-json\/wp\/v2\/pages\/4877\/revisions"}],"wp:featuredmedia":[{"embeddable":true,"href":"https:\/\/rental-car.company\/fr\/wp-json\/wp\/v2\/media\/2290"}],"wp:attachment":[{"href":"https:\/\/rental-car.company\/fr\/wp-json\/wp\/v2\/media?parent=4877"}],"wp:term":[{"taxonomy":"category","embeddable":true,"href":"https:\/\/rental-car.company\/fr\/wp-json\/wp\/v2\/categories?post=4877"},{"taxonomy":"post_tag","embeddable":true,"href":"https:\/\/rental-car.company\/fr\/wp-json\/wp\/v2\/tags?post=4877"}],"curies":[{"name":"wp","href":"https:\/\/api.w.org\/{rel}","templated":true}]}}