{"id":4990,"date":"2024-08-13T04:06:44","date_gmt":"2024-08-13T04:06:44","guid":{"rendered":"https:\/\/rental-car.company\/?page_id=4990"},"modified":"2024-08-13T04:06:44","modified_gmt":"2024-08-13T04:06:44","slug":"entreprise-rosedale","status":"publish","type":"page","link":"https:\/\/rental-car.company\/fr\/entreprise-rosedale\/","title":{"rendered":"Enterprise Rosedale : Votre solution ultime pour louer une voiture"},"content":{"rendered":"<div class=\"wpb-content-wrapper\"><h2>Louer avec Enterprise Rosedale : Un choix pratique et fiable<\/h2>\n<p>Lorsqu'il s'agit de louer une voiture, de nombreuses options sont disponibles sur le march\u00e9. Cependant, si vous recherchez la commodit\u00e9, la fiabilit\u00e9 et un service de qualit\u00e9, Enterprise Rosedale est la solution \u00e0 retenir. Faisant partie du groupe Enterprise Rent-A-Car, Enterprise Rosedale propose des services de location de voitures de premier ordre au c\u0153ur de l'un des quartiers les plus anim\u00e9s de Toronto.<\/p>\n<p>Avec sa situation privil\u00e9gi\u00e9e et son large choix de v\u00e9hicules, Enterprise Rosedale est la solution id\u00e9ale pour tous vos besoins en mati\u00e8re de location de voitures.<\/p>\n<div class=\"vc_row wpb_row vc_row-fluid\"><div class=\"wpb_column vc_column_container vc_col-sm-12\"><div class=\"vc_column-inner\"><div class=\"wpb_wrapper\">\n\t<div class=\"wpb_text_column wpb_content_element\" >\n\t\t<div class=\"wpb_wrapper\">\n\t\t\t<p><script id=\"dchwidget\" src=\"https:\/\/www.discovercars.com\/wg.js\" async=\"\" data-dev-env=\"com\" data-location=\"\" data-lang=\"en\" data-utm-source=\"malina\" data-utm-medium=\"widget\" data-aff-code=\"a_aid\" data-autocomplete=\"on\" data-style-submit-bg-color=\"00A200\" data-style-submit-font-color=\"white\" data-style-form-bg-color=\"FAD130\" data-style-form-font-color=\"333\" data-style-submit-text=\"Search now\"><\/script><\/p>\n\n\t\t<\/div>\n\t<\/div>\n<\/div><\/div><\/div><\/div>\n<p>&nbsp;<\/p>\n<h2>D\u00e9couvrez Enterprise Rosedale<\/h2>\n<p><img loading=\"lazy\" decoding=\"async\" class=\"alignleft\" src=\"\/wp-content\/uploads\/images\/rent_car_964.png\" alt=\"entreprise rosedale\" width=\"350\" height=\"350\" \/><\/p>\n<h3>Un large choix de v\u00e9hicules<\/h3>\n<p>Chez Enterprise Rosedale, vous trouverez une gamme vari\u00e9e de v\u00e9hicules pour r\u00e9pondre \u00e0 vos besoins sp\u00e9cifiques. Des voitures compactes pour les d\u00e9placements en ville aux SUV spacieux pour les voyages en famille, ils ont tout ce qu'il faut. Vous pouvez \u00e9galement choisir des voitures de luxe ou des v\u00e9hicules hybrides si vous pr\u00e9f\u00e9rez un v\u00e9hicule plus respectueux de l'environnement.<\/p>\n<p>Leur flotte bien entretenue vous garantit une conduite s\u00fbre et confortable \u00e0 chaque fois que vous louez un v\u00e9hicule avec eux. Gr\u00e2ce \u00e0 des contr\u00f4les d'entretien fr\u00e9quents et \u00e0 des mises \u00e0 niveau r\u00e9guli\u00e8res, vous pouvez \u00eatre s\u00fbr que vous conduirez un v\u00e9hicule fiable pendant votre p\u00e9riode de location.<\/p>\n<h3>Emplacement pratique<\/h3>\n<p>Situ\u00e9 dans le quartier anim\u00e9 de Yorkville, au centre de Toronto, Enterprise Rosedale est facilement accessible aux habitants et aux touristes. Vous pouvez facilement rejoindre ses bureaux par les transports en commun ou profiter de son service de navette gratuit depuis les h\u00f4tels voisins.<\/p>\n<p>Leur situation centrale est \u00e9galement pratique pour ceux qui souhaitent explorer la ville \u00e0 pied apr\u00e8s avoir pris leur voiture de location.<\/p>\n<h3>Un service client\u00e8le amical<\/h3>\n<p>L'un des aspects qui distingue Enterprise Rosedale des autres soci\u00e9t\u00e9s de location de voitures est son service client\u00e8le exceptionnel. Son \u00e9quipe d'employ\u00e9s sympathiques et comp\u00e9tents est toujours pr\u00eate \u00e0 vous aider \u00e0 trouver le v\u00e9hicule id\u00e9al pour vos besoins. Elle offre \u00e9galement une assistance routi\u00e8re 24 heures sur 24, 7 jours sur 7, afin de vous garantir une exp\u00e9rience de location sans stress.<\/p>\n<h4>Avantages \/ inconv\u00e9nients<\/h4>\n<p>Pour :<br \/>\n- Situation pratique dans le centre-ville de Toronto<br \/>\n- Une gamme vari\u00e9e de v\u00e9hicules \u00e0 choisir<br \/>\n- Un service client\u00e8le aimable et efficace<br \/>\n- Assistance routi\u00e8re 24\/7<\/p>\n<p>Cons :<br \/>\n- Possibilit\u00e9s de stationnement limit\u00e9es sur le lieu de travail<\/p>\n<h4>FAQ<\/h4>\n<p><img loading=\"lazy\" decoding=\"async\" class=\"alignright\" src=\"\/wp-content\/uploads\/images\/rent_car_705.png\" alt=\"entreprise rosedale\" width=\"350\" height=\"350\" \/><\/p>\n<p>Q : Ai-je besoin d'une carte de cr\u00e9dit pour louer une voiture avec Enterprise Rosedale ?<br \/>\nR : Oui, une carte de cr\u00e9dit valide est requise pour toutes les locations.<\/p>\n<p>Q : Quel est l'\u00e2ge minimum requis pour louer une voiture avec Enterprise Rosedale ?<br \/>\nR : L'\u00e2ge minimum pour louer une voiture est de 21 ans. Toutefois, les conducteurs de moins de 25 ans peuvent \u00eatre soumis \u00e0 des frais suppl\u00e9mentaires.<\/p>\n<p>Q\u00a0: Puis-je restituer ma voiture de location \u00e0 un autre endroit\u00a0?<br \/>\nR : Oui, vous pouvez d\u00e9poser votre voiture de location dans n'importe quelle agence Enterprise au Canada.<\/p>\n<p>En conclusion, Enterprise Rosedale offre tout ce que l'on peut attendre d'une soci\u00e9t\u00e9 de location de voitures : commodit\u00e9, fiabilit\u00e9 et excellent service \u00e0 la client\u00e8le. Alors, la prochaine fois que vous serez \u00e0 Toronto et que vous aurez besoin d'un moyen de transport fiable, ne manquez pas de vous rendre chez Enterprise Rosedale pour vivre une exp\u00e9rience de location exceptionnelle. Louer n'a jamais \u00e9t\u00e9 aussi facile avec Enterprise Rosedale \u00e0 vos c\u00f4t\u00e9s.<\/p>\n<\/div>","protected":false},"excerpt":{"rendered":"<p>Renting with Enterprise Rosedale: A Convenient and Reliable Choice When it comes to renting a car, there are many options available in the market. However, if you want convenience, reliability, and quality service, then Enterprise Rosedale is the way to go. As part of the larger Enterprise Rent-A-Car company, Enterprise Rosedale offers top-notch car rental [&hellip;]<\/p>\n","protected":false},"author":1,"featured_media":4992,"parent":0,"menu_order":0,"comment_status":"closed","ping_status":"closed","template":"","meta":{"rs_blank_template":"","rs_page_bg_color":"","slide_template_v7":"","footnotes":""},"categories":[1],"tags":[],"class_list":["post-4990","page","type-page","status-publish","has-post-thumbnail","hentry","category-blog"],"_links":{"self":[{"href":"https:\/\/rental-car.company\/fr\/wp-json\/wp\/v2\/pages\/4990","targetHints":{"allow":["GET"]}}],"collection":[{"href":"https:\/\/rental-car.company\/fr\/wp-json\/wp\/v2\/pages"}],"about":[{"href":"https:\/\/rental-car.company\/fr\/wp-json\/wp\/v2\/types\/page"}],"author":[{"embeddable":true,"href":"https:\/\/rental-car.company\/fr\/wp-json\/wp\/v2\/users\/1"}],"replies":[{"embeddable":true,"href":"https:\/\/rental-car.company\/fr\/wp-json\/wp\/v2\/comments?post=4990"}],"version-history":[{"count":0,"href":"https:\/\/rental-car.company\/fr\/wp-json\/wp\/v2\/pages\/4990\/revisions"}],"wp:featuredmedia":[{"embeddable":true,"href":"https:\/\/rental-car.company\/fr\/wp-json\/wp\/v2\/media\/4992"}],"wp:attachment":[{"href":"https:\/\/rental-car.company\/fr\/wp-json\/wp\/v2\/media?parent=4990"}],"wp:term":[{"taxonomy":"category","embeddable":true,"href":"https:\/\/rental-car.company\/fr\/wp-json\/wp\/v2\/categories?post=4990"},{"taxonomy":"post_tag","embeddable":true,"href":"https:\/\/rental-car.company\/fr\/wp-json\/wp\/v2\/tags?post=4990"}],"curies":[{"name":"wp","href":"https:\/\/api.w.org\/{rel}","templated":true}]}}