{"id":5001,"date":"2024-08-13T06:06:43","date_gmt":"2024-08-13T06:06:43","guid":{"rendered":"https:\/\/rental-car.company\/?page_id=5001"},"modified":"2024-08-13T06:06:43","modified_gmt":"2024-08-13T06:06:43","slug":"entreprise-wixom","status":"publish","type":"page","link":"https:\/\/rental-car.company\/fr\/entreprise-wixom\/","title":{"rendered":"Enterprise Wixom - Un guide complet"},"content":{"rendered":"<div class=\"wpb-content-wrapper\"><h2>D\u00e9couvrez les avantages d'Enterprise Wixom pour votre entreprise<\/h2>\n<div class=\"vc_row wpb_row vc_row-fluid\"><div class=\"wpb_column vc_column_container vc_col-sm-12\"><div class=\"vc_column-inner\"><div class=\"wpb_wrapper\">\n\t<div class=\"wpb_text_column wpb_content_element\" >\n\t\t<div class=\"wpb_wrapper\">\n\t\t\t<p><script id=\"dchwidget\" src=\"https:\/\/www.discovercars.com\/wg.js\" async=\"\" data-dev-env=\"com\" data-location=\"\" data-lang=\"en\" data-utm-source=\"malina\" data-utm-medium=\"widget\" data-aff-code=\"a_aid\" data-autocomplete=\"on\" data-style-submit-bg-color=\"00A200\" data-style-submit-font-color=\"white\" data-style-form-bg-color=\"FAD130\" data-style-form-font-color=\"333\" data-style-submit-text=\"Search now\"><\/script><\/p>\n\n\t\t<\/div>\n\t<\/div>\n<\/div><\/div><\/div><\/div>\n<p>&nbsp;<\/p>\n<h2>D\u00e9couvrir Enterprise Wixom<\/h2>\n<p><img loading=\"lazy\" decoding=\"async\" class=\"alignleft\" src=\"\/wp-content\/uploads\/images\/rent_car_191.png\" alt=\"entreprise wixom\" width=\"350\" height=\"350\" \/><\/p>\n<p>Enterprise Wixom est un quartier d'affaires populaire situ\u00e9 dans le Michigan, \u00e0 seulement 30 miles au nord-ouest de Detroit. Cette communaut\u00e9 prosp\u00e8re accueille de nombreuses grandes soci\u00e9t\u00e9s et de petites entreprises, ce qui en fait un lieu id\u00e9al pour les activit\u00e9s des entreprises.<\/p>\n<p>L'un des principaux avantages d'Enterprise Wixom est sa situation strat\u00e9gique. Il est situ\u00e9 \u00e0 proximit\u00e9 des grands axes routiers, notamment l'I-96 et l'I-275, ce qui lui permet d'acc\u00e9der facilement \u00e0 d'autres villes et \u00c9tats. Il s'agit donc d'un emplacement de choix pour les entreprises qui ont besoin de d\u00e9placements fr\u00e9quents ou de services de transport.<\/p>\n<p>En plus de son emplacement pratique, Enterprise Wixom offre une vari\u00e9t\u00e9 de commodit\u00e9s qui s'adressent sp\u00e9cifiquement aux entreprises. Des espaces de bureaux ultramodernes aux infrastructures technologiques de pointe, ce quartier dispose de tout ce dont les entreprises ont besoin pour prosp\u00e9rer sur le march\u00e9 concurrentiel d'aujourd'hui.<\/p>\n<h3>Les avantages de l'installation d'une entreprise \u00e0 Wixom<\/h3>\n<p>Si vous envisagez de d\u00e9velopper votre entreprise ou de transf\u00e9rer votre si\u00e8ge social, voici quelques avantages cl\u00e9s qui font d'Enterprise Wixom un choix int\u00e9ressant :<\/p>\n<ul>\n<li><strong>Proximit\u00e9 des grandes villes :<\/strong> Comme nous l'avons d\u00e9j\u00e0 mentionn\u00e9, la proximit\u00e9 des grands axes routiers permet d'acc\u00e9der facilement aux villes voisines telles que Detroit et Ann Arbor.<\/li>\n<li><strong>Immobilier abordable :<\/strong> Le co\u00fbt de la vie et des affaires \u00e0 Enterprise Wixom est relativement moins \u00e9lev\u00e9 que dans d'autres grandes villes.<\/li>\n<li><strong>Une main-d'\u0153uvre diversifi\u00e9e :<\/strong> Avec une population de plus de 13 000 personnes d'origines et de comp\u00e9tences diff\u00e9rentes, les entreprises peuvent puiser dans un vivier de talents diversifi\u00e9.<\/li>\n<li><strong>Une \u00e9conomie en plein essor :<\/strong> L'\u00e9conomie d'Enterprise Wixom continue de se d\u00e9velopper avec l'installation de nouvelles entreprises et l'expansion des entreprises existantes.<\/li>\n<li><strong>Acc\u00e8s aux ressources :<\/strong> Le district dispose d'une vari\u00e9t\u00e9 de ressources pour les entreprises, telles que des \u00e9v\u00e9nements de mise en r\u00e9seau, des ateliers et des programmes de mentorat.<\/li>\n<\/ul>\n<h3>Inconv\u00e9nients potentiels de Enterprise Wixom<\/h3>\n<p>Si Enterprise Wixom offre de nombreux avantages aux entreprises, il est \u00e9galement essentiel de prendre en compte certains inconv\u00e9nients potentiels. Ces inconv\u00e9nients sont les suivants<\/p>\n<ul>\n<li><strong>Congestion du trafic :<\/strong> Le fait d'\u00eatre situ\u00e9 \u00e0 proximit\u00e9 de grands axes routiers peut \u00e9galement signifier qu'il faut faire face \u00e0 une circulation dense aux heures de pointe.<\/li>\n<li><strong>Des imp\u00f4ts plus \u00e9lev\u00e9s :<\/strong> Les entreprises peuvent \u00eatre amen\u00e9es \u00e0 payer des imp\u00f4ts plus \u00e9lev\u00e9s que dans d'autres villes du Michigan.<\/li>\n<li><strong>Un vivier de talents \u00e9troit :<\/strong> Si la main-d'\u0153uvre est diversifi\u00e9e, il peut \u00eatre plus difficile de trouver des talents sp\u00e9cialis\u00e9s dans des secteurs sp\u00e9cifiques.<\/li>\n<\/ul>\n<h4>Questions fr\u00e9quemment pos\u00e9es sur Enterprise Wixom<\/h4>\n<h4>1. Comment cr\u00e9er mon entreprise dans Enterprise Wixom ?<\/h4>\n<p>La cr\u00e9ation d'une entreprise \u00e0 Enterprise Wixom est relativement simple. Vous devrez enregistrer votre entreprise aupr\u00e8s de l'\u00c9tat du Michigan et obtenir les permis et licences n\u00e9cessaires. Vous pouvez \u00e9galement consulter les autorit\u00e9s locales ou demander l'aide de prestataires de services professionnels.<\/p>\n<h4>2. Existe-t-il des mesures d'incitation pour les entreprises d'Enterprise Wixom ?<\/h4>\n<p>Oui, la ville de Wixom propose diverses incitations fiscales et programmes de d\u00e9veloppement \u00e9conomique pour attirer de nouvelles entreprises.<\/p>\n<h4>3. Puis-je trouver un espace de bureau abordable \u00e0 Enterprise Wixom ?<\/h4>\n<p><img loading=\"lazy\" decoding=\"async\" class=\"alignright\" src=\"\/wp-content\/uploads\/images\/rent_car_563.png\" alt=\"entreprise wixom\" width=\"350\" height=\"350\" \/><\/p>\n<p>Oui, il existe de nombreuses options d'espaces de bureaux disponibles \u00e0 des prix variables en fonction de votre budget et de vos besoins.<\/p>\n<p>En conclusion, Enterprise Wixom offre de nombreux avantages aux entreprises qui cherchent \u00e0 s'\u00e9tablir ou \u00e0 \u00e9tendre leurs activit\u00e9s. Son emplacement strat\u00e9gique, ses options immobili\u00e8res abordables et son acc\u00e8s aux ressources en font un choix de premier ordre pour les entreprises. Toutefois, il est essentiel de prendre en compte les inconv\u00e9nients potentiels et de mener des recherches approfondies avant de prendre toute d\u00e9cision commerciale.<\/p>\n<\/div>","protected":false},"excerpt":{"rendered":"<p>Experience the Benefits of Enterprise Wixom for Your Business &nbsp; Discover Enterprise Wixom Enterprise Wixom is a popular business district located in Michigan, just 30 miles northwest of Detroit. This thriving community is home to many large corporations and small businesses alike, making it an ideal location for enterprise-level operations. One of the main advantages [&hellip;]<\/p>\n","protected":false},"author":1,"featured_media":3368,"parent":0,"menu_order":0,"comment_status":"closed","ping_status":"closed","template":"","meta":{"rs_blank_template":"","rs_page_bg_color":"","slide_template_v7":"","footnotes":""},"categories":[1],"tags":[],"class_list":["post-5001","page","type-page","status-publish","has-post-thumbnail","hentry","category-blog"],"_links":{"self":[{"href":"https:\/\/rental-car.company\/fr\/wp-json\/wp\/v2\/pages\/5001","targetHints":{"allow":["GET"]}}],"collection":[{"href":"https:\/\/rental-car.company\/fr\/wp-json\/wp\/v2\/pages"}],"about":[{"href":"https:\/\/rental-car.company\/fr\/wp-json\/wp\/v2\/types\/page"}],"author":[{"embeddable":true,"href":"https:\/\/rental-car.company\/fr\/wp-json\/wp\/v2\/users\/1"}],"replies":[{"embeddable":true,"href":"https:\/\/rental-car.company\/fr\/wp-json\/wp\/v2\/comments?post=5001"}],"version-history":[{"count":0,"href":"https:\/\/rental-car.company\/fr\/wp-json\/wp\/v2\/pages\/5001\/revisions"}],"wp:featuredmedia":[{"embeddable":true,"href":"https:\/\/rental-car.company\/fr\/wp-json\/wp\/v2\/media\/3368"}],"wp:attachment":[{"href":"https:\/\/rental-car.company\/fr\/wp-json\/wp\/v2\/media?parent=5001"}],"wp:term":[{"taxonomy":"category","embeddable":true,"href":"https:\/\/rental-car.company\/fr\/wp-json\/wp\/v2\/categories?post=5001"},{"taxonomy":"post_tag","embeddable":true,"href":"https:\/\/rental-car.company\/fr\/wp-json\/wp\/v2\/tags?post=5001"}],"curies":[{"name":"wp","href":"https:\/\/api.w.org\/{rel}","templated":true}]}}