{"id":5008,"date":"2024-08-13T08:06:21","date_gmt":"2024-08-13T08:06:21","guid":{"rendered":"https:\/\/rental-car.company\/?page_id=5008"},"modified":"2024-08-13T08:06:21","modified_gmt":"2024-08-13T08:06:21","slug":"entreprise-brooklyn-center","status":"publish","type":"page","link":"https:\/\/rental-car.company\/fr\/entreprise-brooklyn-center\/","title":{"rendered":"Enterprise Brooklyn Center : L'entreprise de location de voitures par excellence"},"content":{"rendered":"<div class=\"wpb-content-wrapper\"><h2>Lib\u00e9rer le potentiel du Centre d'entreprises de Brooklyn<\/h2>\n<p>Lorsqu'il s'agit de louer une voiture, de nombreuses options sont disponibles sur le march\u00e9. Cependant, si vous voulez une exp\u00e9rience de location de voiture fiable et efficace, Enterprise Brooklyn Center est votre meilleur choix. Avec plus de 60 ans d'exp\u00e9rience dans le secteur, Enterprise s'est impos\u00e9 comme un leader dans le domaine de la location de voitures. Dans cet article, nous allons explorer ce qui diff\u00e9rencie Enterprise Brooklyn Center de ses concurrents.<\/p>\n<div class=\"vc_row wpb_row vc_row-fluid\"><div class=\"wpb_column vc_column_container vc_col-sm-12\"><div class=\"vc_column-inner\"><div class=\"wpb_wrapper\">\n\t<div class=\"wpb_text_column wpb_content_element\" >\n\t\t<div class=\"wpb_wrapper\">\n\t\t\t<p><script id=\"dchwidget\" src=\"https:\/\/www.discovercars.com\/wg.js\" async=\"\" data-dev-env=\"com\" data-location=\"\" data-lang=\"en\" data-utm-source=\"malina\" data-utm-medium=\"widget\" data-aff-code=\"a_aid\" data-autocomplete=\"on\" data-style-submit-bg-color=\"00A200\" data-style-submit-font-color=\"white\" data-style-form-bg-color=\"FAD130\" data-style-form-font-color=\"333\" data-style-submit-text=\"Search now\"><\/script><\/p>\n\n\t\t<\/div>\n\t<\/div>\n<\/div><\/div><\/div><\/div>\n<p>&nbsp;<\/p>\n<h2>D\u00e9couvrez Enterprise Brooklyn Center<\/h2>\n<p><img loading=\"lazy\" decoding=\"async\" class=\"alignleft\" src=\"\/wp-content\/uploads\/images\/rent_car_1422.png\" alt=\"entreprise brooklyn center\" width=\"350\" height=\"350\" \/><\/p>\n<p>Enterprise Brooklyn Center propose une large gamme de v\u00e9hicules pour r\u00e9pondre \u00e0 tous vos besoins en mati\u00e8re de transport. Que vous ayez besoin d'une petite voiture compacte pour la ville ou d'un SUV spacieux pour les voyages en famille, ils ont tout ce qu'il vous faut. Leur flotte comprend des berlines, des SUV, des camions et m\u00eame des voitures de luxe pour les occasions sp\u00e9ciales. De plus, leurs v\u00e9hicules sont bien entretenus et r\u00e9guli\u00e8rement r\u00e9vis\u00e9s afin de garantir une conduite fluide et s\u00fbre.<\/p>\n<p>En plus de sa vaste s\u00e9lection de v\u00e9hicules, Enterprise propose \u00e9galement des services pratiques de prise en charge et de restitution \u00e0 diff\u00e9rents endroits de Brooklyn Center. Cela signifie que vous pouvez facilement louer une voiture pr\u00e8s de votre domicile ou de votre bureau sans avoir \u00e0 parcourir de longues distances.<\/p>\n<h3>Locations tous usages<\/h3>\n<p>Enterprise comprend que chaque client a des besoins diff\u00e9rents lorsqu'il s'agit de louer une voiture. C'est pourquoi elle propose des options de location flexibles qui r\u00e9pondent \u00e0 tous les besoins et \u00e0 toutes les dur\u00e9es. Que vous ayez besoin d'un v\u00e9hicule pour un usage personnel ou pour un voyage d'affaires, Enterprise vous couvre avec ses locations journali\u00e8res, hebdomadaires ou mensuelles.<\/p>\n<p>De plus, si vous pr\u00e9voyez de d\u00e9m\u00e9nager ou si vous avez besoin d'un v\u00e9hicule suppl\u00e9mentaire pour le travail, Enterprise propose \u00e9galement des locations de camions \u00e0 des prix comp\u00e9titifs.<\/p>\n<h3>Des prix abordables pour un service de qualit\u00e9<\/h3>\n<p>L'un des principaux avantages de choisir Enterprise est de b\u00e9n\u00e9ficier de prix abordables sans compromettre la qualit\u00e9 du service. Ils proposent des tarifs comp\u00e9titifs qui incluent l'assurance et les taxes, ce qui permet aux clients de budg\u00e9tiser plus facilement leurs d\u00e9penses de location.<\/p>\n<p>En outre, Enterprise propose des r\u00e9ductions et des promotions pour les locataires fr\u00e9quents et les entreprises clientes. Gr\u00e2ce au programme Enterprise Plus, vous pouvez gagner des points \u00e0 chaque location et les \u00e9changer contre des locations gratuites \u00e0 l'avenir.<\/p>\n<h4>Pour :<\/h4>\n<p>- Large choix de v\u00e9hicules<br \/>\n- Services pratiques de prise en charge et de d\u00e9p\u00f4t<br \/>\n- Options de location flexibles<br \/>\n- Des prix abordables pour un service de qualit\u00e9<br \/>\n- R\u00e9ductions et promotions<\/p>\n<h4>Cons :<\/h4>\n<p>- Nombre limit\u00e9 de sites \u00e0 Brooklyn Center<\/p>\n<h4>Questions fr\u00e9quemment pos\u00e9es<\/h4>\n<p><img loading=\"lazy\" decoding=\"async\" class=\"alignright\" src=\"\/wp-content\/uploads\/images\/rent_car_1078.png\" alt=\"entreprise brooklyn center\" width=\"350\" height=\"350\" \/><\/p>\n<p><strong>Q : Puis-je louer une voiture chez Enterprise si j'ai moins de 25 ans ?<\/strong><br \/>\nR : Oui, Enterprise autorise la location \u00e0 des clients \u00e2g\u00e9s de 21 ans ou plus et titulaires d'un permis de conduire valide.<\/p>\n<p><strong>Q : De quoi ai-je besoin pour louer une voiture aupr\u00e8s d'Enterprise ?<\/strong><br \/>\nR : Vous aurez besoin d'un permis de conduire valide, d'une carte de cr\u00e9dit ou de d\u00e9bit et d'une preuve d'assurance (si vous ne souscrivez pas de couverture aupr\u00e8s d'Enterprise).<\/p>\n<p><strong>Q : Puis-je rendre mon v\u00e9hicule de location en dehors des heures d'ouverture ?<\/strong><br \/>\nR : Oui, la plupart des sites proposent des services de d\u00e9p\u00f4t en dehors des heures de bureau. Toutefois, il est recommand\u00e9 de le confirmer \u00e0 l'avance aupr\u00e8s de l'\u00e9tablissement concern\u00e9.<\/p>\n<p>En conclusion, lorsqu'il s'agit de louer une voiture \u00e0 Brooklyn Center, il n'y a pas de meilleure option qu'Enterprise. Avec leur large s\u00e9lection de v\u00e9hicules, leurs options de location flexibles, leurs prix abordables et leur service de qualit\u00e9, ils ont tout ce qu'il faut pour vous offrir une exp\u00e9rience sans tracas. Alors la prochaine fois que vous aurez besoin d'une soci\u00e9t\u00e9 de location de voitures fiable \u00e0 Brooklyn Center, pensez \u00e0 Enterprise Brooklyn Center !<\/p>\n<\/div>","protected":false},"excerpt":{"rendered":"<p>Unleash the Potential of Enterprise Brooklyn Center When it comes to renting a car, there are numerous options available in the market. However, if you want a reliable and efficient rental car experience, Enterprise Brooklyn Center is your best bet. With over 60 years of experience in the industry, Enterprise has established itself as a [&hellip;]<\/p>\n","protected":false},"author":1,"featured_media":3066,"parent":0,"menu_order":0,"comment_status":"closed","ping_status":"closed","template":"","meta":{"rs_blank_template":"","rs_page_bg_color":"","slide_template_v7":"","footnotes":""},"categories":[1],"tags":[],"class_list":["post-5008","page","type-page","status-publish","has-post-thumbnail","hentry","category-blog"],"_links":{"self":[{"href":"https:\/\/rental-car.company\/fr\/wp-json\/wp\/v2\/pages\/5008","targetHints":{"allow":["GET"]}}],"collection":[{"href":"https:\/\/rental-car.company\/fr\/wp-json\/wp\/v2\/pages"}],"about":[{"href":"https:\/\/rental-car.company\/fr\/wp-json\/wp\/v2\/types\/page"}],"author":[{"embeddable":true,"href":"https:\/\/rental-car.company\/fr\/wp-json\/wp\/v2\/users\/1"}],"replies":[{"embeddable":true,"href":"https:\/\/rental-car.company\/fr\/wp-json\/wp\/v2\/comments?post=5008"}],"version-history":[{"count":0,"href":"https:\/\/rental-car.company\/fr\/wp-json\/wp\/v2\/pages\/5008\/revisions"}],"wp:featuredmedia":[{"embeddable":true,"href":"https:\/\/rental-car.company\/fr\/wp-json\/wp\/v2\/media\/3066"}],"wp:attachment":[{"href":"https:\/\/rental-car.company\/fr\/wp-json\/wp\/v2\/media?parent=5008"}],"wp:term":[{"taxonomy":"category","embeddable":true,"href":"https:\/\/rental-car.company\/fr\/wp-json\/wp\/v2\/categories?post=5008"},{"taxonomy":"post_tag","embeddable":true,"href":"https:\/\/rental-car.company\/fr\/wp-json\/wp\/v2\/tags?post=5008"}],"curies":[{"name":"wp","href":"https:\/\/api.w.org\/{rel}","templated":true}]}}