{"id":5013,"date":"2024-08-13T09:05:24","date_gmt":"2024-08-13T09:05:24","guid":{"rendered":"https:\/\/rental-car.company\/?page_id=5013"},"modified":"2024-08-13T09:05:24","modified_gmt":"2024-08-13T09:05:24","slug":"louer-une-voiture-aeroport-guadalajara","status":"publish","type":"page","link":"https:\/\/rental-car.company\/fr\/louer-une-voiture-aeroport-guadalajara\/","title":{"rendered":"Louer une voiture \u00e0 l'a\u00e9roport de Guadalajara - Le meilleur moyen d'explorer la capitale culturelle du Mexique"},"content":{"rendered":"<div class=\"wpb-content-wrapper\"><h2>Louer une voiture \u00e0 l'a\u00e9roport de Guadalajara : L'ultime commodit\u00e9 pour les voyageurs<\/h2>\n<p>Voyager dans une nouvelle ville peut \u00eatre une exp\u00e9rience passionnante et aventureuse, surtout s'il s'agit d'une destination culturellement riche comme Guadalajara, au Mexique. Cependant, se d\u00e9placer dans la ville peut parfois \u00eatre un d\u00e9fi, surtout si vous n'\u00eates pas familier avec le syst\u00e8me de transport local. C'est l\u00e0 que la location d'une voiture \u00e0 l'a\u00e9roport de Guadalajara s'av\u00e8re la solution la plus pratique pour les voyageurs.<\/p>\n<p>Gr\u00e2ce aux nombreuses soci\u00e9t\u00e9s de location de voitures pr\u00e9sentes \u00e0 l'a\u00e9roport, il est facile de mettre la main sur le v\u00e9hicule de votre choix. De plus, le fait d'avoir votre propre voiture de location vous donne la libert\u00e9 d'explorer cette ville dynamique \u00e0 votre rythme et \u00e0 votre convenance.<\/p>\n<div class=\"vc_row wpb_row vc_row-fluid\"><div class=\"wpb_column vc_column_container vc_col-sm-12\"><div class=\"vc_column-inner\"><div class=\"wpb_wrapper\">\n\t<div class=\"wpb_text_column wpb_content_element\" >\n\t\t<div class=\"wpb_wrapper\">\n\t\t\t<p><script id=\"dchwidget\" src=\"https:\/\/www.discovercars.com\/wg.js\" async=\"\" data-dev-env=\"com\" data-location=\"\" data-lang=\"en\" data-utm-source=\"malina\" data-utm-medium=\"widget\" data-aff-code=\"a_aid\" data-autocomplete=\"on\" data-style-submit-bg-color=\"00A200\" data-style-submit-font-color=\"white\" data-style-form-bg-color=\"FAD130\" data-style-form-font-color=\"333\" data-style-submit-text=\"Search now\"><\/script><\/p>\n\n\t\t<\/div>\n\t<\/div>\n<\/div><\/div><\/div><\/div>\n<p>&nbsp;<\/p>\n<h2>Discover Rent a Car Guadalajara Airport<\/h2>\n<p><img loading=\"lazy\" decoding=\"async\" class=\"alignleft\" src=\"\/wp-content\/uploads\/images\/rent_car_636.png\" alt=\"louer une voiture a\u00e9roport guadalajara\" width=\"350\" height=\"350\" \/><\/p>\n<p>Lorsqu'il s'agit de louer une voiture \u00e0 l'a\u00e9roport de Guadalajara, de nombreuses options sont disponibles aupr\u00e8s de soci\u00e9t\u00e9s r\u00e9put\u00e9es telles que Hertz, Avis, Thrifty et Budget. Vous pouvez facilement effectuer des r\u00e9servations en ligne ou directement \u00e0 votre arriv\u00e9e \u00e0 l'a\u00e9roport.<\/p>\n<p>L'un des principaux avantages de louer une voiture \u00e0 l'a\u00e9roport de Guadalajara est que vous avez acc\u00e8s \u00e0 diff\u00e9rents types de v\u00e9hicules, allant des voitures compactes aux SUV de luxe. Cela vous permet de choisir le v\u00e9hicule id\u00e9al qui correspond \u00e0 votre budget et \u00e0 vos besoins de voyage.<\/p>\n<p>De plus, la plupart des voitures de location sont \u00e9quip\u00e9es de syst\u00e8mes de navigation GPS qui permettent aux voyageurs de s'orienter plus facilement sur les routes peu famili\u00e8res de la ville. De cette fa\u00e7on, vous pouvez facilement atteindre des attractions populaires comme la Plaza de Armas ou l'Instituto Cultural Caba\u00f1as sans aucun probl\u00e8me.<\/p>\n<h3>Les avantages et les inconv\u00e9nients de la location d'une voiture \u00e0 l'a\u00e9roport de Guadalajara<\/h3>\n<p>Pour :<br \/>\n- Acc\u00e8s facile : Plusieurs soci\u00e9t\u00e9s de location de voitures \u00e9tant install\u00e9es \u00e0 proximit\u00e9 les unes des autres dans le terminal de l'a\u00e9roport, il est facile et rapide de trouver une voiture \u00e0 louer.<br \/>\n- Libert\u00e9 d'explorer : Le fait d'avoir votre propre voiture de location vous donne la libert\u00e9 d'explorer Guadalajara et ses environs \u00e0 votre propre rythme, sans d\u00e9pendre des horaires des transports publics.<br \/>\n- Commodit\u00e9 : Louer une voiture \u00e0 l'a\u00e9roport signifie que vous pouvez commencer votre voyage d\u00e8s votre arriv\u00e9e, sans avoir \u00e0 attendre dans les longues files d'attente des taxis ou \u00e0 comprendre les itin\u00e9raires des bus.<\/p>\n<p>Cons :<br \/>\n- Frais suppl\u00e9mentaires : Certaines soci\u00e9t\u00e9s de location de voitures peuvent facturer des frais suppl\u00e9mentaires pour les services de prise en charge ou de d\u00e9pose \u00e0 l'a\u00e9roport.<br \/>\n- Frais d'assurance : Il est important de lire attentivement les polices d'assurance propos\u00e9es par les soci\u00e9t\u00e9s de location de voitures, car elles peuvent s'accompagner de frais suppl\u00e9mentaires susceptibles d'augmenter consid\u00e9rablement le prix total de votre location.<br \/>\n- Frais de stationnement : Si la location d'une voiture est un gage de commodit\u00e9, elle implique aussi de devoir payer des frais de stationnement dans les h\u00f4tels ou les attractions.<\/p>\n<h3>FAQ sur la location d'une voiture \u00e0 l'a\u00e9roport de Guadalajara<\/h3>\n<p><img loading=\"lazy\" decoding=\"async\" class=\"alignright\" src=\"\/wp-content\/uploads\/images\/rent_car_531.png\" alt=\"louer une voiture a\u00e9roport guadalajara\" width=\"350\" height=\"350\" \/><\/p>\n<p>Q : De quels documents ai-je besoin pour louer une voiture \u00e0 l'a\u00e9roport de Guadalajara ?<br \/>\nR : Vous aurez besoin d'un permis de conduire valide, d'une carte de cr\u00e9dit et d'un passeport.<\/p>\n<p>Q : Peut-on conduire en toute s\u00e9curit\u00e9 \u00e0 Guadalajara ?<br \/>\nR : Comme dans toutes les grandes villes, la conduite \u00e0 Guadalajara pr\u00e9sente quelques difficult\u00e9s, telles qu'une circulation dense et des rues \u00e9troites. Toutefois, en prenant les pr\u00e9cautions n\u00e9cessaires et en respectant le code de la route, il est g\u00e9n\u00e9ralement possible de conduire en toute s\u00e9curit\u00e9 dans la ville.<\/p>\n<p>Q : Y a-t-il des restrictions d'\u00e2ge pour louer une voiture \u00e0 l'a\u00e9roport de Guadalajara ?<br \/>\nR : La plupart des soci\u00e9t\u00e9s de location exigent que les conducteurs soient \u00e2g\u00e9s de 21 ans ou plus. Certaines peuvent appliquer des frais suppl\u00e9mentaires pour les conducteurs de moins de 25 ans.<\/p>\n<p>Q : Puis-je rendre ma voiture de location \u00e0 un autre endroit ?<br \/>\nR : Oui, la plupart des soci\u00e9t\u00e9s de location proposent cette option, mais elle peut \u00eatre assortie d'un suppl\u00e9ment.<\/p>\n<p>En conclusion, louer une voiture \u00e0 l'a\u00e9roport de Guadalajara est sans aucun doute le meilleur moyen d'explorer la capitale culturelle du Mexique. La facilit\u00e9 d'acc\u00e8s, la libert\u00e9 d'exploration et la commodit\u00e9 de la location en font une option pratique et sans tracas pour les voyageurs. N'oubliez pas de lire attentivement les politiques de location et de vous pr\u00e9parer \u00e0 tout frais suppl\u00e9mentaire. Alors, pourquoi attendre ? R\u00e9servez votre voiture de location \u00e0 l'a\u00e9roport de Guadalajara d\u00e8s aujourd'hui et pr\u00e9parez-vous \u00e0 vous immerger dans la culture vibrante de cette belle ville.<\/p>\n<\/div>","protected":false},"excerpt":{"rendered":"<p>Renting a Car at Guadalajara Airport: The Ultimate Convenience for Travelers Traveling to a new city can be an exciting and adventurous experience, especially if it&#8217;s a culturally rich destination like Guadalajara, Mexico. However, getting around the city can sometimes be a challenge, especially if you&#8217;re not familiar with the local transportation system. That&#8217;s where [&hellip;]<\/p>\n","protected":false},"author":1,"featured_media":3815,"parent":0,"menu_order":0,"comment_status":"closed","ping_status":"closed","template":"","meta":{"rs_blank_template":"","rs_page_bg_color":"","slide_template_v7":"","footnotes":""},"categories":[1],"tags":[],"class_list":["post-5013","page","type-page","status-publish","has-post-thumbnail","hentry","category-blog"],"_links":{"self":[{"href":"https:\/\/rental-car.company\/fr\/wp-json\/wp\/v2\/pages\/5013","targetHints":{"allow":["GET"]}}],"collection":[{"href":"https:\/\/rental-car.company\/fr\/wp-json\/wp\/v2\/pages"}],"about":[{"href":"https:\/\/rental-car.company\/fr\/wp-json\/wp\/v2\/types\/page"}],"author":[{"embeddable":true,"href":"https:\/\/rental-car.company\/fr\/wp-json\/wp\/v2\/users\/1"}],"replies":[{"embeddable":true,"href":"https:\/\/rental-car.company\/fr\/wp-json\/wp\/v2\/comments?post=5013"}],"version-history":[{"count":0,"href":"https:\/\/rental-car.company\/fr\/wp-json\/wp\/v2\/pages\/5013\/revisions"}],"wp:featuredmedia":[{"embeddable":true,"href":"https:\/\/rental-car.company\/fr\/wp-json\/wp\/v2\/media\/3815"}],"wp:attachment":[{"href":"https:\/\/rental-car.company\/fr\/wp-json\/wp\/v2\/media?parent=5013"}],"wp:term":[{"taxonomy":"category","embeddable":true,"href":"https:\/\/rental-car.company\/fr\/wp-json\/wp\/v2\/categories?post=5013"},{"taxonomy":"post_tag","embeddable":true,"href":"https:\/\/rental-car.company\/fr\/wp-json\/wp\/v2\/tags?post=5013"}],"curies":[{"name":"wp","href":"https:\/\/api.w.org\/{rel}","templated":true}]}}